{"id":38126,"date":"2024-02-08T09:16:12","date_gmt":"2024-02-08T08:16:12","guid":{"rendered":"https:\/\/librairie7l.com\/?post_type=product&#038;p=38126"},"modified":"2026-04-27T02:06:29","modified_gmt":"2026-04-27T00:06:29","slug":"little-book-of-versace-lhistoire-dune-maison-de-mode-mythique","status":"publish","type":"product","link":"https:\/\/librairie7l.com\/en\/produit\/little-book-of-versace-lhistoire-dune-maison-de-mode-mythique\/","title":{"rendered":"LITTLE BOOK OF VERSACE : L&#8217;HISTOIRE D&#8217;UNE MAISON DE MODE MYTHIQUE"},"content":{"rendered":"<p>D\u00e9couvrez les coulisses de la maison Versace et les grands noms qui ont fait sa l\u00e9gende dans un livre richement illustr\u00e9.<br \/>\nNe vous laissez pas influencer par les tendances. La mode ne doit pas vous appartenir, mais c&#8217;est vous qui d\u00e9cidez de ce que vous \u00eates, de ce que vous voulez exprimer par votre fac?on de vous habiller&#8230;&#8221; &#8211; Gianni Versace<br \/>\nDe la robe \u00e0 \u00e9pingles \u00e0 nourrice d&#8217;Elizabeth Hurley \u00e0 la robe verte plongeante de Jennifer Lopez, Versace a toujours \u00e9t\u00e9 une marque \u00e0 la pointe de la mode. Avec un pied fermement ancr\u00e9 dans la culture pop, Versace est aim\u00e9e des fashionistas et des c\u00e9l\u00e9brit\u00e9s, offrant des moments iconiques comme l&#8217;armure en or de Lil Nas X au Met Gala 2021, de nombreuses tenues \u00e9clectiques de la tourn\u00e9e d&#8217;Elton John et la robe port\u00e9e par Lady Diana lors de son hommage posthume dans le Harper&#8217;s Bazaar.<\/p>\n<p>Exquis\u00e9ment illustr\u00e9 et r\u00e9dig\u00e9 par des experts, ce livre explore l&#8217;histoire de la marque, depuis sa cr\u00e9ation en 1978 par Gianni Versace jusqu&#8217;\u00e0 son statut d&#8217;ic\u00f4ne aujourd&#8217;hui. Avec des images de moments sur le tapis rouge, de pi\u00e8ces cl\u00e9s et de d\u00e9fil\u00e9s \u00e9poustouflants, ce livre est une fabuleuse collection de tout ce qui concerne Versace.<\/p>\n","protected":false},"excerpt":{"rendered":"<p>D\u00e9couvrez les coulisses de la maison Versace et les grands noms qui ont fait sa l\u00e9gende dans un livre richement illustr\u00e9. Ne vous laissez pas influencer par les tendances. La mode ne doit pas vous appartenir, mais c&#8217;est vous qui d\u00e9cidez de ce que vous \u00eates, de ce que vous voulez exprimer par votre fac?on [&hellip;]<\/p>\n","protected":false},"featured_media":38124,"template":"","meta":[],"product_cat":[55,2948,2957,19],"product_tag":[],"acf":[],"yoast_head":"<!-- This site is optimized with the Yoast SEO plugin v20.11 - https:\/\/yoast.com\/wordpress\/plugins\/seo\/ -->\n<title>Little book of Versace : L&#039;histoire d&#039;une maison de mode mythique - Librairie 7L<\/title>\n<meta name=\"robots\" content=\"index, follow, max-snippet:-1, max-image-preview:large, max-video-preview:-1\" \/>\n<link rel=\"canonical\" href=\"https:\/\/librairie7l.com\/en\/produit\/little-book-of-versace-lhistoire-dune-maison-de-mode-mythique\/\" \/>\n<meta property=\"og:locale\" content=\"en_US\" \/>\n<meta property=\"og:type\" content=\"article\" \/>\n<meta property=\"og:title\" content=\"Little book of Versace : L&#039;histoire d&#039;une maison de mode mythique - Librairie 7L\" \/>\n<meta property=\"og:description\" content=\"D\u00e9couvrez les coulisses de la maison Versace et les grands noms qui ont fait sa l\u00e9gende dans un livre richement illustr\u00e9. Ne vous laissez pas influencer par les tendances. La mode ne doit pas vous appartenir, mais c&#8217;est vous qui d\u00e9cidez de ce que vous \u00eates, de ce que vous voulez exprimer par votre fac?on [&hellip;]\" \/>\n<meta property=\"og:url\" content=\"https:\/\/librairie7l.com\/en\/produit\/little-book-of-versace-lhistoire-dune-maison-de-mode-mythique\/\" \/>\n<meta property=\"og:site_name\" content=\"Librairie 7L\" \/>\n<meta property=\"article:modified_time\" content=\"2026-04-27T00:06:29+00:00\" \/>\n<meta property=\"og:image\" content=\"https:\/\/librairie7l.com\/wp-content\/uploads\/2023\/10\/9782809920284_1_75.jpg\" \/>\n\t<meta property=\"og:image:width\" content=\"600\" \/>\n\t<meta property=\"og:image:height\" content=\"836\" \/>\n\t<meta property=\"og:image:type\" content=\"image\/jpeg\" \/>\n<meta name=\"twitter:card\" content=\"summary_large_image\" \/>\n<meta name=\"twitter:label1\" content=\"Est. reading time\" \/>\n\t<meta name=\"twitter:data1\" content=\"1 minute\" \/>\n<script type=\"application\/ld+json\" class=\"yoast-schema-graph\">{\"@context\":\"https:\/\/schema.org\",\"@graph\":[{\"@type\":\"WebPage\",\"@id\":\"https:\/\/librairie7l.com\/en\/produit\/little-book-of-versace-lhistoire-dune-maison-de-mode-mythique\/\",\"url\":\"https:\/\/librairie7l.com\/en\/produit\/little-book-of-versace-lhistoire-dune-maison-de-mode-mythique\/\",\"name\":\"Little book of Versace : L'histoire d'une maison de mode mythique - Librairie 7L\",\"isPartOf\":{\"@id\":\"https:\/\/librairie7l.com\/en\/#website\"},\"datePublished\":\"2024-02-08T08:16:12+00:00\",\"dateModified\":\"2026-04-27T00:06:29+00:00\",\"breadcrumb\":{\"@id\":\"https:\/\/librairie7l.com\/en\/produit\/little-book-of-versace-lhistoire-dune-maison-de-mode-mythique\/#breadcrumb\"},\"inLanguage\":\"en-US\",\"potentialAction\":[{\"@type\":\"ReadAction\",\"target\":[\"https:\/\/librairie7l.com\/en\/produit\/little-book-of-versace-lhistoire-dune-maison-de-mode-mythique\/\"]}]},{\"@type\":\"BreadcrumbList\",\"@id\":\"https:\/\/librairie7l.com\/en\/produit\/little-book-of-versace-lhistoire-dune-maison-de-mode-mythique\/#breadcrumb\",\"itemListElement\":[{\"@type\":\"ListItem\",\"position\":1,\"name\":\"Accueil\",\"item\":\"https:\/\/librairie7l.com\/en\/\"},{\"@type\":\"ListItem\",\"position\":2,\"name\":\"Shop\",\"item\":\"https:\/\/librairie7l.com\/en\/shop\/\"},{\"@type\":\"ListItem\",\"position\":3,\"name\":\"LITTLE BOOK OF VERSACE : L&#8217;HISTOIRE D&#8217;UNE MAISON DE MODE MYTHIQUE\"}]},{\"@type\":\"WebSite\",\"@id\":\"https:\/\/librairie7l.com\/en\/#website\",\"url\":\"https:\/\/librairie7l.com\/en\/\",\"name\":\"Librairie 7L\",\"description\":\"Librairie fond\u00e9e en 1999 par Karl Lagerfeld \u00e0 Paris\",\"publisher\":{\"@id\":\"https:\/\/librairie7l.com\/en\/#organization\"},\"potentialAction\":[{\"@type\":\"SearchAction\",\"target\":{\"@type\":\"EntryPoint\",\"urlTemplate\":\"https:\/\/librairie7l.com\/en\/?s={search_term_string}\"},\"query-input\":\"required name=search_term_string\"}],\"inLanguage\":\"en-US\"},{\"@type\":\"Organization\",\"@id\":\"https:\/\/librairie7l.com\/en\/#organization\",\"name\":\"Librairie 7L\",\"url\":\"https:\/\/librairie7l.com\/en\/\",\"logo\":{\"@type\":\"ImageObject\",\"inLanguage\":\"en-US\",\"@id\":\"https:\/\/librairie7l.com\/en\/#\/schema\/logo\/image\/\",\"url\":\"https:\/\/librairie7l.com\/wp-content\/uploads\/2022\/08\/logo-1.png\",\"contentUrl\":\"https:\/\/librairie7l.com\/wp-content\/uploads\/2022\/08\/logo-1.png\",\"width\":227,\"height\":301,\"caption\":\"Librairie 7L\"},\"image\":{\"@id\":\"https:\/\/librairie7l.com\/en\/#\/schema\/logo\/image\/\"}}]}<\/script>\n<!-- \/ Yoast SEO plugin. -->","yoast_head_json":{"title":"Little book of Versace : L'histoire d'une maison de mode mythique - Librairie 7L","robots":{"index":"index","follow":"follow","max-snippet":"max-snippet:-1","max-image-preview":"max-image-preview:large","max-video-preview":"max-video-preview:-1"},"canonical":"https:\/\/librairie7l.com\/en\/produit\/little-book-of-versace-lhistoire-dune-maison-de-mode-mythique\/","og_locale":"en_US","og_type":"article","og_title":"Little book of Versace : L'histoire d'une maison de mode mythique - Librairie 7L","og_description":"D\u00e9couvrez les coulisses de la maison Versace et les grands noms qui ont fait sa l\u00e9gende dans un livre richement illustr\u00e9. Ne vous laissez pas influencer par les tendances. La mode ne doit pas vous appartenir, mais c&#8217;est vous qui d\u00e9cidez de ce que vous \u00eates, de ce que vous voulez exprimer par votre fac?on [&hellip;]","og_url":"https:\/\/librairie7l.com\/en\/produit\/little-book-of-versace-lhistoire-dune-maison-de-mode-mythique\/","og_site_name":"Librairie 7L","article_modified_time":"2026-04-27T00:06:29+00:00","og_image":[{"width":600,"height":836,"url":"https:\/\/librairie7l.com\/wp-content\/uploads\/2023\/10\/9782809920284_1_75.jpg","type":"image\/jpeg"}],"twitter_card":"summary_large_image","twitter_misc":{"Est. reading time":"1 minute"},"schema":{"@context":"https:\/\/schema.org","@graph":[{"@type":"WebPage","@id":"https:\/\/librairie7l.com\/en\/produit\/little-book-of-versace-lhistoire-dune-maison-de-mode-mythique\/","url":"https:\/\/librairie7l.com\/en\/produit\/little-book-of-versace-lhistoire-dune-maison-de-mode-mythique\/","name":"Little book of Versace : L'histoire d'une maison de mode mythique - Librairie 7L","isPartOf":{"@id":"https:\/\/librairie7l.com\/en\/#website"},"datePublished":"2024-02-08T08:16:12+00:00","dateModified":"2026-04-27T00:06:29+00:00","breadcrumb":{"@id":"https:\/\/librairie7l.com\/en\/produit\/little-book-of-versace-lhistoire-dune-maison-de-mode-mythique\/#breadcrumb"},"inLanguage":"en-US","potentialAction":[{"@type":"ReadAction","target":["https:\/\/librairie7l.com\/en\/produit\/little-book-of-versace-lhistoire-dune-maison-de-mode-mythique\/"]}]},{"@type":"BreadcrumbList","@id":"https:\/\/librairie7l.com\/en\/produit\/little-book-of-versace-lhistoire-dune-maison-de-mode-mythique\/#breadcrumb","itemListElement":[{"@type":"ListItem","position":1,"name":"Accueil","item":"https:\/\/librairie7l.com\/en\/"},{"@type":"ListItem","position":2,"name":"Shop","item":"https:\/\/librairie7l.com\/en\/shop\/"},{"@type":"ListItem","position":3,"name":"LITTLE BOOK OF VERSACE : L&#8217;HISTOIRE D&#8217;UNE MAISON DE MODE MYTHIQUE"}]},{"@type":"WebSite","@id":"https:\/\/librairie7l.com\/en\/#website","url":"https:\/\/librairie7l.com\/en\/","name":"Librairie 7L","description":"Librairie fond\u00e9e en 1999 par Karl Lagerfeld \u00e0 Paris","publisher":{"@id":"https:\/\/librairie7l.com\/en\/#organization"},"potentialAction":[{"@type":"SearchAction","target":{"@type":"EntryPoint","urlTemplate":"https:\/\/librairie7l.com\/en\/?s={search_term_string}"},"query-input":"required name=search_term_string"}],"inLanguage":"en-US"},{"@type":"Organization","@id":"https:\/\/librairie7l.com\/en\/#organization","name":"Librairie 7L","url":"https:\/\/librairie7l.com\/en\/","logo":{"@type":"ImageObject","inLanguage":"en-US","@id":"https:\/\/librairie7l.com\/en\/#\/schema\/logo\/image\/","url":"https:\/\/librairie7l.com\/wp-content\/uploads\/2022\/08\/logo-1.png","contentUrl":"https:\/\/librairie7l.com\/wp-content\/uploads\/2022\/08\/logo-1.png","width":227,"height":301,"caption":"Librairie 7L"},"image":{"@id":"https:\/\/librairie7l.com\/en\/#\/schema\/logo\/image\/"}}]}},"_links":{"self":[{"href":"https:\/\/librairie7l.com\/en\/wp-json\/wp\/v2\/product\/38126"}],"collection":[{"href":"https:\/\/librairie7l.com\/en\/wp-json\/wp\/v2\/product"}],"about":[{"href":"https:\/\/librairie7l.com\/en\/wp-json\/wp\/v2\/types\/product"}],"wp:featuredmedia":[{"embeddable":true,"href":"https:\/\/librairie7l.com\/en\/wp-json\/wp\/v2\/media\/38124"}],"wp:attachment":[{"href":"https:\/\/librairie7l.com\/en\/wp-json\/wp\/v2\/media?parent=38126"}],"wp:term":[{"taxonomy":"product_cat","embeddable":true,"href":"https:\/\/librairie7l.com\/en\/wp-json\/wp\/v2\/product_cat?post=38126"},{"taxonomy":"product_tag","embeddable":true,"href":"https:\/\/librairie7l.com\/en\/wp-json\/wp\/v2\/product_tag?post=38126"}],"curies":[{"name":"wp","href":"https:\/\/api.w.org\/{rel}","templated":true}]}}