{"id":38156,"date":"2024-01-04T09:16:24","date_gmt":"2024-01-04T08:16:24","guid":{"rendered":"https:\/\/librairie7l.com\/?post_type=product&#038;p=38156"},"modified":"2026-04-15T17:05:56","modified_gmt":"2026-04-15T15:05:56","slug":"de-la-vida-mia","status":"publish","type":"product","link":"https:\/\/librairie7l.com\/en\/produit\/de-la-vida-mia\/","title":{"rendered":"DE LA VIDA MIA"},"content":{"rendered":"<p>De la vida mia est un voyage dans la vie et l&#8217;oeuvre de Miquel Barcel\u00f3, peintre catalan foisonnant et internationalement reconnu. Ce pourrait \u00eatre le titre d&#8217;un de ses tableaux. Pour la premi\u00e8re fois, il se raconte et construit son autoportrait \u00e0 travers ses carnets, ses peintures, ses dessins, ses diff\u00e9rents ateliers : \u00e0 Paris, \u00e0 Majorque et pendant longtemps au Mali, en pays dogon. On y trouve des couleurs et de la terre, des visages, des poissons, des fruits, du sable, des animaux, des grottes, des livres, des objets, un rhinoc\u00e9ros. Et aussi la M\u00e9diterran\u00e9e, un corps et sa m\u00e9moire, un enfant et son bateau, un peintre questionnant ses gestes et son art. Miquel Barcel\u00f3 nous invite \u00e0 entrer dans les coulisses de son oeuvre : \u00abMajorque est mon \u00eele de naissance, je suis n\u00e9 d&#8217;elle. J&#8217;ai tout appris de mon enfance. La mer, c&#8217;est ma respiration. Mon corps fait partie de la nature.\u00bb<\/p>\n","protected":false},"excerpt":{"rendered":"<p>De la vida mia est un voyage dans la vie et l&#8217;oeuvre de Miquel Barcel\u00f3, peintre catalan foisonnant et internationalement reconnu. Ce pourrait \u00eatre le titre d&#8217;un de ses tableaux. Pour la premi\u00e8re fois, il se raconte et construit son autoportrait \u00e0 travers ses carnets, ses peintures, ses dessins, ses diff\u00e9rents ateliers : \u00e0 Paris, [&hellip;]<\/p>\n","protected":false},"featured_media":38154,"template":"","meta":[],"product_cat":[2948,2953],"product_tag":[],"acf":[],"yoast_head":"<!-- This site is optimized with the Yoast SEO plugin v20.11 - https:\/\/yoast.com\/wordpress\/plugins\/seo\/ -->\n<title>De la vida mia - Librairie 7L<\/title>\n<meta name=\"robots\" content=\"index, follow, max-snippet:-1, max-image-preview:large, max-video-preview:-1\" \/>\n<link rel=\"canonical\" href=\"https:\/\/librairie7l.com\/en\/produit\/de-la-vida-mia\/\" \/>\n<meta property=\"og:locale\" content=\"en_US\" \/>\n<meta property=\"og:type\" content=\"article\" \/>\n<meta property=\"og:title\" content=\"De la vida mia - Librairie 7L\" \/>\n<meta property=\"og:description\" content=\"De la vida mia est un voyage dans la vie et l&#8217;oeuvre de Miquel Barcel\u00f3, peintre catalan foisonnant et internationalement reconnu. Ce pourrait \u00eatre le titre d&#8217;un de ses tableaux. Pour la premi\u00e8re fois, il se raconte et construit son autoportrait \u00e0 travers ses carnets, ses peintures, ses dessins, ses diff\u00e9rents ateliers : \u00e0 Paris, [&hellip;]\" \/>\n<meta property=\"og:url\" content=\"https:\/\/librairie7l.com\/en\/produit\/de-la-vida-mia\/\" \/>\n<meta property=\"og:site_name\" content=\"Librairie 7L\" \/>\n<meta property=\"article:modified_time\" content=\"2026-04-15T15:05:56+00:00\" \/>\n<meta property=\"og:image\" content=\"https:\/\/librairie7l.com\/wp-content\/uploads\/2023\/09\/9782715262270_1_75.jpg\" \/>\n\t<meta property=\"og:image:width\" content=\"600\" \/>\n\t<meta property=\"og:image:height\" content=\"831\" \/>\n\t<meta property=\"og:image:type\" content=\"image\/jpeg\" \/>\n<meta name=\"twitter:card\" content=\"summary_large_image\" \/>\n<meta name=\"twitter:label1\" content=\"Est. reading time\" \/>\n\t<meta name=\"twitter:data1\" content=\"1 minute\" \/>\n<script type=\"application\/ld+json\" class=\"yoast-schema-graph\">{\"@context\":\"https:\/\/schema.org\",\"@graph\":[{\"@type\":\"WebPage\",\"@id\":\"https:\/\/librairie7l.com\/en\/produit\/de-la-vida-mia\/\",\"url\":\"https:\/\/librairie7l.com\/en\/produit\/de-la-vida-mia\/\",\"name\":\"De la vida mia - Librairie 7L\",\"isPartOf\":{\"@id\":\"https:\/\/librairie7l.com\/en\/#website\"},\"datePublished\":\"2024-01-04T08:16:24+00:00\",\"dateModified\":\"2026-04-15T15:05:56+00:00\",\"breadcrumb\":{\"@id\":\"https:\/\/librairie7l.com\/en\/produit\/de-la-vida-mia\/#breadcrumb\"},\"inLanguage\":\"en-US\",\"potentialAction\":[{\"@type\":\"ReadAction\",\"target\":[\"https:\/\/librairie7l.com\/en\/produit\/de-la-vida-mia\/\"]}]},{\"@type\":\"BreadcrumbList\",\"@id\":\"https:\/\/librairie7l.com\/en\/produit\/de-la-vida-mia\/#breadcrumb\",\"itemListElement\":[{\"@type\":\"ListItem\",\"position\":1,\"name\":\"Accueil\",\"item\":\"https:\/\/librairie7l.com\/en\/\"},{\"@type\":\"ListItem\",\"position\":2,\"name\":\"Shop\",\"item\":\"https:\/\/librairie7l.com\/en\/shop\/\"},{\"@type\":\"ListItem\",\"position\":3,\"name\":\"DE LA VIDA MIA\"}]},{\"@type\":\"WebSite\",\"@id\":\"https:\/\/librairie7l.com\/en\/#website\",\"url\":\"https:\/\/librairie7l.com\/en\/\",\"name\":\"Librairie 7L\",\"description\":\"Librairie fond\u00e9e en 1999 par Karl Lagerfeld \u00e0 Paris\",\"publisher\":{\"@id\":\"https:\/\/librairie7l.com\/en\/#organization\"},\"potentialAction\":[{\"@type\":\"SearchAction\",\"target\":{\"@type\":\"EntryPoint\",\"urlTemplate\":\"https:\/\/librairie7l.com\/en\/?s={search_term_string}\"},\"query-input\":\"required name=search_term_string\"}],\"inLanguage\":\"en-US\"},{\"@type\":\"Organization\",\"@id\":\"https:\/\/librairie7l.com\/en\/#organization\",\"name\":\"Librairie 7L\",\"url\":\"https:\/\/librairie7l.com\/en\/\",\"logo\":{\"@type\":\"ImageObject\",\"inLanguage\":\"en-US\",\"@id\":\"https:\/\/librairie7l.com\/en\/#\/schema\/logo\/image\/\",\"url\":\"https:\/\/librairie7l.com\/wp-content\/uploads\/2022\/08\/logo-1.png\",\"contentUrl\":\"https:\/\/librairie7l.com\/wp-content\/uploads\/2022\/08\/logo-1.png\",\"width\":227,\"height\":301,\"caption\":\"Librairie 7L\"},\"image\":{\"@id\":\"https:\/\/librairie7l.com\/en\/#\/schema\/logo\/image\/\"}}]}<\/script>\n<!-- \/ Yoast SEO plugin. -->","yoast_head_json":{"title":"De la vida mia - Librairie 7L","robots":{"index":"index","follow":"follow","max-snippet":"max-snippet:-1","max-image-preview":"max-image-preview:large","max-video-preview":"max-video-preview:-1"},"canonical":"https:\/\/librairie7l.com\/en\/produit\/de-la-vida-mia\/","og_locale":"en_US","og_type":"article","og_title":"De la vida mia - Librairie 7L","og_description":"De la vida mia est un voyage dans la vie et l&#8217;oeuvre de Miquel Barcel\u00f3, peintre catalan foisonnant et internationalement reconnu. Ce pourrait \u00eatre le titre d&#8217;un de ses tableaux. Pour la premi\u00e8re fois, il se raconte et construit son autoportrait \u00e0 travers ses carnets, ses peintures, ses dessins, ses diff\u00e9rents ateliers : \u00e0 Paris, [&hellip;]","og_url":"https:\/\/librairie7l.com\/en\/produit\/de-la-vida-mia\/","og_site_name":"Librairie 7L","article_modified_time":"2026-04-15T15:05:56+00:00","og_image":[{"width":600,"height":831,"url":"https:\/\/librairie7l.com\/wp-content\/uploads\/2023\/09\/9782715262270_1_75.jpg","type":"image\/jpeg"}],"twitter_card":"summary_large_image","twitter_misc":{"Est. reading time":"1 minute"},"schema":{"@context":"https:\/\/schema.org","@graph":[{"@type":"WebPage","@id":"https:\/\/librairie7l.com\/en\/produit\/de-la-vida-mia\/","url":"https:\/\/librairie7l.com\/en\/produit\/de-la-vida-mia\/","name":"De la vida mia - Librairie 7L","isPartOf":{"@id":"https:\/\/librairie7l.com\/en\/#website"},"datePublished":"2024-01-04T08:16:24+00:00","dateModified":"2026-04-15T15:05:56+00:00","breadcrumb":{"@id":"https:\/\/librairie7l.com\/en\/produit\/de-la-vida-mia\/#breadcrumb"},"inLanguage":"en-US","potentialAction":[{"@type":"ReadAction","target":["https:\/\/librairie7l.com\/en\/produit\/de-la-vida-mia\/"]}]},{"@type":"BreadcrumbList","@id":"https:\/\/librairie7l.com\/en\/produit\/de-la-vida-mia\/#breadcrumb","itemListElement":[{"@type":"ListItem","position":1,"name":"Accueil","item":"https:\/\/librairie7l.com\/en\/"},{"@type":"ListItem","position":2,"name":"Shop","item":"https:\/\/librairie7l.com\/en\/shop\/"},{"@type":"ListItem","position":3,"name":"DE LA VIDA MIA"}]},{"@type":"WebSite","@id":"https:\/\/librairie7l.com\/en\/#website","url":"https:\/\/librairie7l.com\/en\/","name":"Librairie 7L","description":"Librairie fond\u00e9e en 1999 par Karl Lagerfeld \u00e0 Paris","publisher":{"@id":"https:\/\/librairie7l.com\/en\/#organization"},"potentialAction":[{"@type":"SearchAction","target":{"@type":"EntryPoint","urlTemplate":"https:\/\/librairie7l.com\/en\/?s={search_term_string}"},"query-input":"required name=search_term_string"}],"inLanguage":"en-US"},{"@type":"Organization","@id":"https:\/\/librairie7l.com\/en\/#organization","name":"Librairie 7L","url":"https:\/\/librairie7l.com\/en\/","logo":{"@type":"ImageObject","inLanguage":"en-US","@id":"https:\/\/librairie7l.com\/en\/#\/schema\/logo\/image\/","url":"https:\/\/librairie7l.com\/wp-content\/uploads\/2022\/08\/logo-1.png","contentUrl":"https:\/\/librairie7l.com\/wp-content\/uploads\/2022\/08\/logo-1.png","width":227,"height":301,"caption":"Librairie 7L"},"image":{"@id":"https:\/\/librairie7l.com\/en\/#\/schema\/logo\/image\/"}}]}},"_links":{"self":[{"href":"https:\/\/librairie7l.com\/en\/wp-json\/wp\/v2\/product\/38156"}],"collection":[{"href":"https:\/\/librairie7l.com\/en\/wp-json\/wp\/v2\/product"}],"about":[{"href":"https:\/\/librairie7l.com\/en\/wp-json\/wp\/v2\/types\/product"}],"wp:featuredmedia":[{"embeddable":true,"href":"https:\/\/librairie7l.com\/en\/wp-json\/wp\/v2\/media\/38154"}],"wp:attachment":[{"href":"https:\/\/librairie7l.com\/en\/wp-json\/wp\/v2\/media?parent=38156"}],"wp:term":[{"taxonomy":"product_cat","embeddable":true,"href":"https:\/\/librairie7l.com\/en\/wp-json\/wp\/v2\/product_cat?post=38156"},{"taxonomy":"product_tag","embeddable":true,"href":"https:\/\/librairie7l.com\/en\/wp-json\/wp\/v2\/product_tag?post=38156"}],"curies":[{"name":"wp","href":"https:\/\/api.w.org\/{rel}","templated":true}]}}