{"id":38168,"date":"2024-01-05T09:16:34","date_gmt":"2024-01-05T08:16:34","guid":{"rendered":"https:\/\/librairie7l.com\/?post_type=product&#038;p=38168"},"modified":"2026-04-29T11:06:51","modified_gmt":"2026-04-29T09:06:51","slug":"revelation-art-contemporain-du-benin","status":"publish","type":"product","link":"https:\/\/librairie7l.com\/en\/produit\/revelation-art-contemporain-du-benin\/","title":{"rendered":"R\u00c9V\u00c9LATION ! ART CONTEMPORAIN DU B\u00c9NIN"},"content":{"rendered":"<p>Catalogue de l&#8217;exposition &#8221; R\u00e9v\u00e9lation ! Art contemporain du B\u00e9nin &#8221; en Martinique.<br \/>\nL&#8217;exposition &#8221; R\u00e9v\u00e9lation ! Art contemporain du B\u00e9nin &#8221; r\u00e9unit 42 artistes contemporains et plus d&#8217;une centaine d&#8217;oeuvres, d\u00e9ployant toute la vitalit\u00e9 de la sc\u00e8ne artistique du B\u00e9nin et de sa diaspora \u00e0 travers une diversit\u00e9 de m\u00e9diums et de supports : peinture, sculpture, installation, art vid\u00e9o, dessin, art num\u00e9rique, performance&#8230; Pr\u00e9sent\u00e9e \u00e0 La Fondation Cl\u00e9ment (Martinique) en partenariat avec l&#8217;Agence de d\u00e9veloppement des arts et de la culture du B\u00e9nin (ADAC), cette exposition vient renforcer la volont\u00e9 de rencontres artistiques entre les sc\u00e8nes africaines et carib\u00e9ennes et met un coup de projecteur in\u00e9dit sur la cr\u00e9ation contemporaine des artistes majeurs et \u00e9mergents du B\u00e9nin.<br \/>\nCe catalogue officiel de l&#8217;exposition \u00e0 la Fondation Cl\u00e9ment honore le retour au B\u00e9nin des 26 tr\u00e9sors royaux apr\u00e8s 130 ann\u00e9es d&#8217;exil et offre un parcours entre art classique et art contemporain sur trois si\u00e8cles d&#8217;histoire de l&#8217;art du B\u00e9nin?; une fa\u00e7on particuli\u00e8re de raconter la soci\u00e9t\u00e9, le B\u00e9nin, le monde, la vie, l&#8217;histoire.<\/p>\n","protected":false},"excerpt":{"rendered":"<p>Catalogue de l&#8217;exposition &#8221; R\u00e9v\u00e9lation ! Art contemporain du B\u00e9nin &#8221; en Martinique. L&#8217;exposition &#8221; R\u00e9v\u00e9lation ! Art contemporain du B\u00e9nin &#8221; r\u00e9unit 42 artistes contemporains et plus d&#8217;une centaine d&#8217;oeuvres, d\u00e9ployant toute la vitalit\u00e9 de la sc\u00e8ne artistique du B\u00e9nin et de sa diaspora \u00e0 travers une diversit\u00e9 de m\u00e9diums et de supports : [&hellip;]<\/p>\n","protected":false},"featured_media":38166,"template":"","meta":[],"product_cat":[2948,2953],"product_tag":[],"acf":[],"yoast_head":"<!-- This site is optimized with the Yoast SEO plugin v20.11 - https:\/\/yoast.com\/wordpress\/plugins\/seo\/ -->\n<title>R\u00e9v\u00e9lation ! Art contemporain du B\u00e9nin - Librairie 7L<\/title>\n<meta name=\"robots\" content=\"index, follow, max-snippet:-1, max-image-preview:large, max-video-preview:-1\" \/>\n<link rel=\"canonical\" href=\"https:\/\/librairie7l.com\/en\/produit\/revelation-art-contemporain-du-benin\/\" \/>\n<meta property=\"og:locale\" content=\"en_US\" \/>\n<meta property=\"og:type\" content=\"article\" \/>\n<meta property=\"og:title\" content=\"R\u00e9v\u00e9lation ! Art contemporain du B\u00e9nin - Librairie 7L\" \/>\n<meta property=\"og:description\" content=\"Catalogue de l&#8217;exposition &#8221; R\u00e9v\u00e9lation ! Art contemporain du B\u00e9nin &#8221; en Martinique. L&#8217;exposition &#8221; R\u00e9v\u00e9lation ! Art contemporain du B\u00e9nin &#8221; r\u00e9unit 42 artistes contemporains et plus d&#8217;une centaine d&#8217;oeuvres, d\u00e9ployant toute la vitalit\u00e9 de la sc\u00e8ne artistique du B\u00e9nin et de sa diaspora \u00e0 travers une diversit\u00e9 de m\u00e9diums et de supports : [&hellip;]\" \/>\n<meta property=\"og:url\" content=\"https:\/\/librairie7l.com\/en\/produit\/revelation-art-contemporain-du-benin\/\" \/>\n<meta property=\"og:site_name\" content=\"Librairie 7L\" \/>\n<meta property=\"article:modified_time\" content=\"2026-04-29T09:06:51+00:00\" \/>\n<meta property=\"og:image\" content=\"https:\/\/librairie7l.com\/wp-content\/uploads\/2023\/10\/9782357207769_1_75.jpg\" \/>\n\t<meta property=\"og:image:width\" content=\"600\" \/>\n\t<meta property=\"og:image:height\" content=\"777\" \/>\n\t<meta property=\"og:image:type\" content=\"image\/jpeg\" \/>\n<meta name=\"twitter:card\" content=\"summary_large_image\" \/>\n<meta name=\"twitter:label1\" content=\"Est. reading time\" \/>\n\t<meta name=\"twitter:data1\" content=\"1 minute\" \/>\n<script type=\"application\/ld+json\" class=\"yoast-schema-graph\">{\"@context\":\"https:\/\/schema.org\",\"@graph\":[{\"@type\":\"WebPage\",\"@id\":\"https:\/\/librairie7l.com\/en\/produit\/revelation-art-contemporain-du-benin\/\",\"url\":\"https:\/\/librairie7l.com\/en\/produit\/revelation-art-contemporain-du-benin\/\",\"name\":\"R\u00e9v\u00e9lation ! Art contemporain du B\u00e9nin - Librairie 7L\",\"isPartOf\":{\"@id\":\"https:\/\/librairie7l.com\/en\/#website\"},\"datePublished\":\"2024-01-05T08:16:34+00:00\",\"dateModified\":\"2026-04-29T09:06:51+00:00\",\"breadcrumb\":{\"@id\":\"https:\/\/librairie7l.com\/en\/produit\/revelation-art-contemporain-du-benin\/#breadcrumb\"},\"inLanguage\":\"en-US\",\"potentialAction\":[{\"@type\":\"ReadAction\",\"target\":[\"https:\/\/librairie7l.com\/en\/produit\/revelation-art-contemporain-du-benin\/\"]}]},{\"@type\":\"BreadcrumbList\",\"@id\":\"https:\/\/librairie7l.com\/en\/produit\/revelation-art-contemporain-du-benin\/#breadcrumb\",\"itemListElement\":[{\"@type\":\"ListItem\",\"position\":1,\"name\":\"Accueil\",\"item\":\"https:\/\/librairie7l.com\/en\/\"},{\"@type\":\"ListItem\",\"position\":2,\"name\":\"Shop\",\"item\":\"https:\/\/librairie7l.com\/en\/shop\/\"},{\"@type\":\"ListItem\",\"position\":3,\"name\":\"R\u00c9V\u00c9LATION ! ART CONTEMPORAIN DU B\u00c9NIN\"}]},{\"@type\":\"WebSite\",\"@id\":\"https:\/\/librairie7l.com\/en\/#website\",\"url\":\"https:\/\/librairie7l.com\/en\/\",\"name\":\"Librairie 7L\",\"description\":\"Librairie fond\u00e9e en 1999 par Karl Lagerfeld \u00e0 Paris\",\"publisher\":{\"@id\":\"https:\/\/librairie7l.com\/en\/#organization\"},\"potentialAction\":[{\"@type\":\"SearchAction\",\"target\":{\"@type\":\"EntryPoint\",\"urlTemplate\":\"https:\/\/librairie7l.com\/en\/?s={search_term_string}\"},\"query-input\":\"required name=search_term_string\"}],\"inLanguage\":\"en-US\"},{\"@type\":\"Organization\",\"@id\":\"https:\/\/librairie7l.com\/en\/#organization\",\"name\":\"Librairie 7L\",\"url\":\"https:\/\/librairie7l.com\/en\/\",\"logo\":{\"@type\":\"ImageObject\",\"inLanguage\":\"en-US\",\"@id\":\"https:\/\/librairie7l.com\/en\/#\/schema\/logo\/image\/\",\"url\":\"https:\/\/librairie7l.com\/wp-content\/uploads\/2022\/08\/logo-1.png\",\"contentUrl\":\"https:\/\/librairie7l.com\/wp-content\/uploads\/2022\/08\/logo-1.png\",\"width\":227,\"height\":301,\"caption\":\"Librairie 7L\"},\"image\":{\"@id\":\"https:\/\/librairie7l.com\/en\/#\/schema\/logo\/image\/\"}}]}<\/script>\n<!-- \/ Yoast SEO plugin. -->","yoast_head_json":{"title":"R\u00e9v\u00e9lation ! Art contemporain du B\u00e9nin - Librairie 7L","robots":{"index":"index","follow":"follow","max-snippet":"max-snippet:-1","max-image-preview":"max-image-preview:large","max-video-preview":"max-video-preview:-1"},"canonical":"https:\/\/librairie7l.com\/en\/produit\/revelation-art-contemporain-du-benin\/","og_locale":"en_US","og_type":"article","og_title":"R\u00e9v\u00e9lation ! Art contemporain du B\u00e9nin - Librairie 7L","og_description":"Catalogue de l&#8217;exposition &#8221; R\u00e9v\u00e9lation ! Art contemporain du B\u00e9nin &#8221; en Martinique. L&#8217;exposition &#8221; R\u00e9v\u00e9lation ! Art contemporain du B\u00e9nin &#8221; r\u00e9unit 42 artistes contemporains et plus d&#8217;une centaine d&#8217;oeuvres, d\u00e9ployant toute la vitalit\u00e9 de la sc\u00e8ne artistique du B\u00e9nin et de sa diaspora \u00e0 travers une diversit\u00e9 de m\u00e9diums et de supports : [&hellip;]","og_url":"https:\/\/librairie7l.com\/en\/produit\/revelation-art-contemporain-du-benin\/","og_site_name":"Librairie 7L","article_modified_time":"2026-04-29T09:06:51+00:00","og_image":[{"width":600,"height":777,"url":"https:\/\/librairie7l.com\/wp-content\/uploads\/2023\/10\/9782357207769_1_75.jpg","type":"image\/jpeg"}],"twitter_card":"summary_large_image","twitter_misc":{"Est. reading time":"1 minute"},"schema":{"@context":"https:\/\/schema.org","@graph":[{"@type":"WebPage","@id":"https:\/\/librairie7l.com\/en\/produit\/revelation-art-contemporain-du-benin\/","url":"https:\/\/librairie7l.com\/en\/produit\/revelation-art-contemporain-du-benin\/","name":"R\u00e9v\u00e9lation ! Art contemporain du B\u00e9nin - Librairie 7L","isPartOf":{"@id":"https:\/\/librairie7l.com\/en\/#website"},"datePublished":"2024-01-05T08:16:34+00:00","dateModified":"2026-04-29T09:06:51+00:00","breadcrumb":{"@id":"https:\/\/librairie7l.com\/en\/produit\/revelation-art-contemporain-du-benin\/#breadcrumb"},"inLanguage":"en-US","potentialAction":[{"@type":"ReadAction","target":["https:\/\/librairie7l.com\/en\/produit\/revelation-art-contemporain-du-benin\/"]}]},{"@type":"BreadcrumbList","@id":"https:\/\/librairie7l.com\/en\/produit\/revelation-art-contemporain-du-benin\/#breadcrumb","itemListElement":[{"@type":"ListItem","position":1,"name":"Accueil","item":"https:\/\/librairie7l.com\/en\/"},{"@type":"ListItem","position":2,"name":"Shop","item":"https:\/\/librairie7l.com\/en\/shop\/"},{"@type":"ListItem","position":3,"name":"R\u00c9V\u00c9LATION ! ART CONTEMPORAIN DU B\u00c9NIN"}]},{"@type":"WebSite","@id":"https:\/\/librairie7l.com\/en\/#website","url":"https:\/\/librairie7l.com\/en\/","name":"Librairie 7L","description":"Librairie fond\u00e9e en 1999 par Karl Lagerfeld \u00e0 Paris","publisher":{"@id":"https:\/\/librairie7l.com\/en\/#organization"},"potentialAction":[{"@type":"SearchAction","target":{"@type":"EntryPoint","urlTemplate":"https:\/\/librairie7l.com\/en\/?s={search_term_string}"},"query-input":"required name=search_term_string"}],"inLanguage":"en-US"},{"@type":"Organization","@id":"https:\/\/librairie7l.com\/en\/#organization","name":"Librairie 7L","url":"https:\/\/librairie7l.com\/en\/","logo":{"@type":"ImageObject","inLanguage":"en-US","@id":"https:\/\/librairie7l.com\/en\/#\/schema\/logo\/image\/","url":"https:\/\/librairie7l.com\/wp-content\/uploads\/2022\/08\/logo-1.png","contentUrl":"https:\/\/librairie7l.com\/wp-content\/uploads\/2022\/08\/logo-1.png","width":227,"height":301,"caption":"Librairie 7L"},"image":{"@id":"https:\/\/librairie7l.com\/en\/#\/schema\/logo\/image\/"}}]}},"_links":{"self":[{"href":"https:\/\/librairie7l.com\/en\/wp-json\/wp\/v2\/product\/38168"}],"collection":[{"href":"https:\/\/librairie7l.com\/en\/wp-json\/wp\/v2\/product"}],"about":[{"href":"https:\/\/librairie7l.com\/en\/wp-json\/wp\/v2\/types\/product"}],"wp:featuredmedia":[{"embeddable":true,"href":"https:\/\/librairie7l.com\/en\/wp-json\/wp\/v2\/media\/38166"}],"wp:attachment":[{"href":"https:\/\/librairie7l.com\/en\/wp-json\/wp\/v2\/media?parent=38168"}],"wp:term":[{"taxonomy":"product_cat","embeddable":true,"href":"https:\/\/librairie7l.com\/en\/wp-json\/wp\/v2\/product_cat?post=38168"},{"taxonomy":"product_tag","embeddable":true,"href":"https:\/\/librairie7l.com\/en\/wp-json\/wp\/v2\/product_tag?post=38168"}],"curies":[{"name":"wp","href":"https:\/\/api.w.org\/{rel}","templated":true}]}}