{"id":38176,"date":"2024-01-11T09:16:15","date_gmt":"2024-01-11T08:16:15","guid":{"rendered":"https:\/\/librairie7l.com\/?post_type=product&#038;p=38176"},"modified":"2026-04-30T08:25:03","modified_gmt":"2026-04-30T06:25:03","slug":"les-personnes-les-animaux-les-choses","status":"publish","type":"product","link":"https:\/\/librairie7l.com\/en\/produit\/les-personnes-les-animaux-les-choses\/","title":{"rendered":"LES PERSONNES, LES ANIMAUX, LES CHOSES"},"content":{"rendered":"<p>N\u00e9 en 1946 \u00e0 Mirbeau-sur-B\u00e8ze  (C\u00f4te d&#8217;or). Vit et travaille \u00e0 Paris.<br \/>\nPendant un premier temps Marc  Couturier pr\u00e9sente des barques  remplies d&#8217;eau bleue aquarell\u00e9e  qui refl\u00e8te le ciel et cr\u00e9e des pi\u00e8ces  en verre qui \u00e9voquent la liturgie  chr\u00e9tienne. Depuis 1991, il poursuite  l&#8217;ensemble des Dessins du troisi\u00e8me  jour, \u00e0 la mine de plomb, dans tous  les formats, parfois s\u00e9rigraphi\u00e9s sur  b\u00e2che ou pr\u00e9sent\u00e9s en installation. Ils  \u00e9voquent la cr\u00e9ation dans la Gen\u00e8se:<br \/>\n\u00abC&#8217;est toujours l&#8217;infini sur terre dans  un espace donn\u00e9. M\u00eame s&#8217;il s&#8217;agit de  paysage, ce n&#8217;est pas la nature qui  est repr\u00e9sent\u00e9e, c&#8217;est la cr\u00e9ation.\u00bb  Il r\u00e9alise \u00e9galement des  Wall drawings et la s\u00e9rie des  Redressements ou d&#8217;autres  sculptures avec des lames de pierre  ou de bois recouvertes de feuilles  d&#8217;or et fich\u00e9es dans les murs.<br \/>\nMarc Couturier a r\u00e9alis\u00e9 la Croix du  choeur de la cath\u00e9drale Notre-Dame  de Paris et l&#8217;autel de l&#8217;\u00e9glise de SaintDenys du Saint-Sacrement \u00e0 Paris.<br \/>\nLes 400 dessins r\u00e9unis dans cet  ouvrage appartiennent \u00e0 l&#8217;ensemble  des Dessins du troisi\u00e8me jour<\/p>\n","protected":false},"excerpt":{"rendered":"<p>N\u00e9 en 1946 \u00e0 Mirbeau-sur-B\u00e8ze (C\u00f4te d&#8217;or). Vit et travaille \u00e0 Paris. Pendant un premier temps Marc Couturier pr\u00e9sente des barques remplies d&#8217;eau bleue aquarell\u00e9e qui refl\u00e8te le ciel et cr\u00e9e des pi\u00e8ces en verre qui \u00e9voquent la liturgie chr\u00e9tienne. Depuis 1991, il poursuite l&#8217;ensemble des Dessins du troisi\u00e8me jour, \u00e0 la mine de plomb, [&hellip;]<\/p>\n","protected":false},"featured_media":41138,"template":"","meta":[],"product_cat":[55,2948,47,2953],"product_tag":[],"acf":[],"yoast_head":"<!-- This site is optimized with the Yoast SEO plugin v20.11 - https:\/\/yoast.com\/wordpress\/plugins\/seo\/ -->\n<title>Les personnes, les animaux, les choses - Librairie 7L<\/title>\n<meta name=\"robots\" content=\"index, follow, max-snippet:-1, max-image-preview:large, max-video-preview:-1\" \/>\n<link rel=\"canonical\" href=\"https:\/\/librairie7l.com\/en\/produit\/les-personnes-les-animaux-les-choses\/\" \/>\n<meta property=\"og:locale\" content=\"en_US\" \/>\n<meta property=\"og:type\" content=\"article\" \/>\n<meta property=\"og:title\" content=\"Les personnes, les animaux, les choses - Librairie 7L\" \/>\n<meta property=\"og:description\" content=\"N\u00e9 en 1946 \u00e0 Mirbeau-sur-B\u00e8ze (C\u00f4te d&#8217;or). Vit et travaille \u00e0 Paris. Pendant un premier temps Marc Couturier pr\u00e9sente des barques remplies d&#8217;eau bleue aquarell\u00e9e qui refl\u00e8te le ciel et cr\u00e9e des pi\u00e8ces en verre qui \u00e9voquent la liturgie chr\u00e9tienne. Depuis 1991, il poursuite l&#8217;ensemble des Dessins du troisi\u00e8me jour, \u00e0 la mine de plomb, [&hellip;]\" \/>\n<meta property=\"og:url\" content=\"https:\/\/librairie7l.com\/en\/produit\/les-personnes-les-animaux-les-choses\/\" \/>\n<meta property=\"og:site_name\" content=\"Librairie 7L\" \/>\n<meta property=\"article:modified_time\" content=\"2026-04-30T06:25:03+00:00\" \/>\n<meta property=\"og:image\" content=\"https:\/\/librairie7l.com\/wp-content\/uploads\/2024\/05\/9782840567974_1_75.jpg\" \/>\n\t<meta property=\"og:image:width\" content=\"600\" \/>\n\t<meta property=\"og:image:height\" content=\"757\" \/>\n\t<meta property=\"og:image:type\" content=\"image\/jpeg\" \/>\n<meta name=\"twitter:card\" content=\"summary_large_image\" \/>\n<meta name=\"twitter:label1\" content=\"Est. reading time\" \/>\n\t<meta name=\"twitter:data1\" content=\"1 minute\" \/>\n<script type=\"application\/ld+json\" class=\"yoast-schema-graph\">{\"@context\":\"https:\/\/schema.org\",\"@graph\":[{\"@type\":\"WebPage\",\"@id\":\"https:\/\/librairie7l.com\/en\/produit\/les-personnes-les-animaux-les-choses\/\",\"url\":\"https:\/\/librairie7l.com\/en\/produit\/les-personnes-les-animaux-les-choses\/\",\"name\":\"Les personnes, les animaux, les choses - Librairie 7L\",\"isPartOf\":{\"@id\":\"https:\/\/librairie7l.com\/en\/#website\"},\"datePublished\":\"2024-01-11T08:16:15+00:00\",\"dateModified\":\"2026-04-30T06:25:03+00:00\",\"breadcrumb\":{\"@id\":\"https:\/\/librairie7l.com\/en\/produit\/les-personnes-les-animaux-les-choses\/#breadcrumb\"},\"inLanguage\":\"en-US\",\"potentialAction\":[{\"@type\":\"ReadAction\",\"target\":[\"https:\/\/librairie7l.com\/en\/produit\/les-personnes-les-animaux-les-choses\/\"]}]},{\"@type\":\"BreadcrumbList\",\"@id\":\"https:\/\/librairie7l.com\/en\/produit\/les-personnes-les-animaux-les-choses\/#breadcrumb\",\"itemListElement\":[{\"@type\":\"ListItem\",\"position\":1,\"name\":\"Accueil\",\"item\":\"https:\/\/librairie7l.com\/en\/\"},{\"@type\":\"ListItem\",\"position\":2,\"name\":\"Shop\",\"item\":\"https:\/\/librairie7l.com\/en\/shop\/\"},{\"@type\":\"ListItem\",\"position\":3,\"name\":\"LES PERSONNES, LES ANIMAUX, LES CHOSES\"}]},{\"@type\":\"WebSite\",\"@id\":\"https:\/\/librairie7l.com\/en\/#website\",\"url\":\"https:\/\/librairie7l.com\/en\/\",\"name\":\"Librairie 7L\",\"description\":\"Librairie fond\u00e9e en 1999 par Karl Lagerfeld \u00e0 Paris\",\"publisher\":{\"@id\":\"https:\/\/librairie7l.com\/en\/#organization\"},\"potentialAction\":[{\"@type\":\"SearchAction\",\"target\":{\"@type\":\"EntryPoint\",\"urlTemplate\":\"https:\/\/librairie7l.com\/en\/?s={search_term_string}\"},\"query-input\":\"required name=search_term_string\"}],\"inLanguage\":\"en-US\"},{\"@type\":\"Organization\",\"@id\":\"https:\/\/librairie7l.com\/en\/#organization\",\"name\":\"Librairie 7L\",\"url\":\"https:\/\/librairie7l.com\/en\/\",\"logo\":{\"@type\":\"ImageObject\",\"inLanguage\":\"en-US\",\"@id\":\"https:\/\/librairie7l.com\/en\/#\/schema\/logo\/image\/\",\"url\":\"https:\/\/librairie7l.com\/wp-content\/uploads\/2022\/08\/logo-1.png\",\"contentUrl\":\"https:\/\/librairie7l.com\/wp-content\/uploads\/2022\/08\/logo-1.png\",\"width\":227,\"height\":301,\"caption\":\"Librairie 7L\"},\"image\":{\"@id\":\"https:\/\/librairie7l.com\/en\/#\/schema\/logo\/image\/\"}}]}<\/script>\n<!-- \/ Yoast SEO plugin. -->","yoast_head_json":{"title":"Les personnes, les animaux, les choses - Librairie 7L","robots":{"index":"index","follow":"follow","max-snippet":"max-snippet:-1","max-image-preview":"max-image-preview:large","max-video-preview":"max-video-preview:-1"},"canonical":"https:\/\/librairie7l.com\/en\/produit\/les-personnes-les-animaux-les-choses\/","og_locale":"en_US","og_type":"article","og_title":"Les personnes, les animaux, les choses - Librairie 7L","og_description":"N\u00e9 en 1946 \u00e0 Mirbeau-sur-B\u00e8ze (C\u00f4te d&#8217;or). Vit et travaille \u00e0 Paris. Pendant un premier temps Marc Couturier pr\u00e9sente des barques remplies d&#8217;eau bleue aquarell\u00e9e qui refl\u00e8te le ciel et cr\u00e9e des pi\u00e8ces en verre qui \u00e9voquent la liturgie chr\u00e9tienne. Depuis 1991, il poursuite l&#8217;ensemble des Dessins du troisi\u00e8me jour, \u00e0 la mine de plomb, [&hellip;]","og_url":"https:\/\/librairie7l.com\/en\/produit\/les-personnes-les-animaux-les-choses\/","og_site_name":"Librairie 7L","article_modified_time":"2026-04-30T06:25:03+00:00","og_image":[{"width":600,"height":757,"url":"https:\/\/librairie7l.com\/wp-content\/uploads\/2024\/05\/9782840567974_1_75.jpg","type":"image\/jpeg"}],"twitter_card":"summary_large_image","twitter_misc":{"Est. reading time":"1 minute"},"schema":{"@context":"https:\/\/schema.org","@graph":[{"@type":"WebPage","@id":"https:\/\/librairie7l.com\/en\/produit\/les-personnes-les-animaux-les-choses\/","url":"https:\/\/librairie7l.com\/en\/produit\/les-personnes-les-animaux-les-choses\/","name":"Les personnes, les animaux, les choses - Librairie 7L","isPartOf":{"@id":"https:\/\/librairie7l.com\/en\/#website"},"datePublished":"2024-01-11T08:16:15+00:00","dateModified":"2026-04-30T06:25:03+00:00","breadcrumb":{"@id":"https:\/\/librairie7l.com\/en\/produit\/les-personnes-les-animaux-les-choses\/#breadcrumb"},"inLanguage":"en-US","potentialAction":[{"@type":"ReadAction","target":["https:\/\/librairie7l.com\/en\/produit\/les-personnes-les-animaux-les-choses\/"]}]},{"@type":"BreadcrumbList","@id":"https:\/\/librairie7l.com\/en\/produit\/les-personnes-les-animaux-les-choses\/#breadcrumb","itemListElement":[{"@type":"ListItem","position":1,"name":"Accueil","item":"https:\/\/librairie7l.com\/en\/"},{"@type":"ListItem","position":2,"name":"Shop","item":"https:\/\/librairie7l.com\/en\/shop\/"},{"@type":"ListItem","position":3,"name":"LES PERSONNES, LES ANIMAUX, LES CHOSES"}]},{"@type":"WebSite","@id":"https:\/\/librairie7l.com\/en\/#website","url":"https:\/\/librairie7l.com\/en\/","name":"Librairie 7L","description":"Librairie fond\u00e9e en 1999 par Karl Lagerfeld \u00e0 Paris","publisher":{"@id":"https:\/\/librairie7l.com\/en\/#organization"},"potentialAction":[{"@type":"SearchAction","target":{"@type":"EntryPoint","urlTemplate":"https:\/\/librairie7l.com\/en\/?s={search_term_string}"},"query-input":"required name=search_term_string"}],"inLanguage":"en-US"},{"@type":"Organization","@id":"https:\/\/librairie7l.com\/en\/#organization","name":"Librairie 7L","url":"https:\/\/librairie7l.com\/en\/","logo":{"@type":"ImageObject","inLanguage":"en-US","@id":"https:\/\/librairie7l.com\/en\/#\/schema\/logo\/image\/","url":"https:\/\/librairie7l.com\/wp-content\/uploads\/2022\/08\/logo-1.png","contentUrl":"https:\/\/librairie7l.com\/wp-content\/uploads\/2022\/08\/logo-1.png","width":227,"height":301,"caption":"Librairie 7L"},"image":{"@id":"https:\/\/librairie7l.com\/en\/#\/schema\/logo\/image\/"}}]}},"_links":{"self":[{"href":"https:\/\/librairie7l.com\/en\/wp-json\/wp\/v2\/product\/38176"}],"collection":[{"href":"https:\/\/librairie7l.com\/en\/wp-json\/wp\/v2\/product"}],"about":[{"href":"https:\/\/librairie7l.com\/en\/wp-json\/wp\/v2\/types\/product"}],"wp:featuredmedia":[{"embeddable":true,"href":"https:\/\/librairie7l.com\/en\/wp-json\/wp\/v2\/media\/41138"}],"wp:attachment":[{"href":"https:\/\/librairie7l.com\/en\/wp-json\/wp\/v2\/media?parent=38176"}],"wp:term":[{"taxonomy":"product_cat","embeddable":true,"href":"https:\/\/librairie7l.com\/en\/wp-json\/wp\/v2\/product_cat?post=38176"},{"taxonomy":"product_tag","embeddable":true,"href":"https:\/\/librairie7l.com\/en\/wp-json\/wp\/v2\/product_tag?post=38176"}],"curies":[{"name":"wp","href":"https:\/\/api.w.org\/{rel}","templated":true}]}}