{"id":38180,"date":"2024-01-11T09:16:19","date_gmt":"2024-01-11T08:16:19","guid":{"rendered":"https:\/\/librairie7l.com\/?post_type=product&#038;p=38180"},"modified":"2026-04-08T10:51:06","modified_gmt":"2026-04-08T08:51:06","slug":"labyrinthes-le-labyrinthe-dans-la-litterature-livres-de-prestige-de-la-fonda","status":"publish","type":"product","link":"https:\/\/librairie7l.com\/en\/produit\/labyrinthes-le-labyrinthe-dans-la-litterature-livres-de-prestige-de-la-fonda\/","title":{"rendered":"LABYRINTHES : LE LABYRINTHE DANS LA LITT\u00c9RATURE &AMP; LIVRES DE PRESTIGE DE LA FONDATION MARTIN BODMER"},"content":{"rendered":"<p>Des labyrinthes antiques aux figures mythologiques, des embl\u00e8mes d&#8217;Alciat \u00e0 ceux de Quarles, des all\u00e9gories d\u00e9dal\u00e9ennes de Piran\u00e8se \u00e0 la repr\u00e9sentation \u00e9rotique du Minotaure chez Picasso, de la &#8220;Divine Com\u00e9die&#8221; au &#8220;Nom de la rose&#8221;, cet ouvrage invite \u00e0 l&#8217;exploration d&#8217;une biblioth\u00e8que-labyrinthe dont l&#8217;exceptionnelle richesse n&#8217;a d&#8217;\u00e9gal que l&#8217;absolue beaut\u00e9. Profond\u00e9ment ancr\u00e9 dans de nombreuses civilisations depuis des temps imm\u00e9moriaux, le labyrinthe n&#8217;a jamais cess\u00e9 d&#8217;interpeler et de fasciner les humains, qu&#8217;ils fussent \u00e9crivains, artistes, scientifiques ou p\u00e8lerins. Mais parler de labyrinthe au singulier serait oublier un peu vite sa polys\u00e9mie. Car il repr\u00e9sente tout \u00e0 la fois un mythe, un lieu, une architecture, une m\u00e9taphore. S&#8217;il est un arch\u00e9type de l&#8217;\u00e9garement, de l&#8217;errance, de l&#8217;obstacle et du danger, il repr\u00e9sente \u00e9galement la recherche de connaissance de soi et cristallise la qu\u00eate spirituelle et initiatique de l&#8217;\u00eatre humain. Sa nature bivalente (lieu d&#8217;exploration et de perdition, espace structur\u00e9 mais source de confusion, dont les chemins au trac\u00e9 r\u00e9gulier conduisent pourtant \u00e0 l&#8217;\u00e9garement) se refl\u00e8te dans le Minotaure, cr\u00e9ature double mi-homme mi-animal qu&#8217;il h\u00e9berge en son coeur et en fait une figure embl\u00e9matique de repr\u00e9sentation et d&#8217;interpr\u00e9tation du monde.<\/p>\n","protected":false},"excerpt":{"rendered":"<p>Des labyrinthes antiques aux figures mythologiques, des embl\u00e8mes d&#8217;Alciat \u00e0 ceux de Quarles, des all\u00e9gories d\u00e9dal\u00e9ennes de Piran\u00e8se \u00e0 la repr\u00e9sentation \u00e9rotique du Minotaure chez Picasso, de la &#8220;Divine Com\u00e9die&#8221; au &#8220;Nom de la rose&#8221;, cet ouvrage invite \u00e0 l&#8217;exploration d&#8217;une biblioth\u00e8que-labyrinthe dont l&#8217;exceptionnelle richesse n&#8217;a d&#8217;\u00e9gal que l&#8217;absolue beaut\u00e9. Profond\u00e9ment ancr\u00e9 dans de nombreuses [&hellip;]<\/p>\n","protected":false},"featured_media":38178,"template":"","meta":[],"product_cat":[2948,2953],"product_tag":[],"acf":[],"yoast_head":"<!-- This site is optimized with the Yoast SEO plugin v20.11 - https:\/\/yoast.com\/wordpress\/plugins\/seo\/ -->\n<title>Labyrinthes : le labyrinthe dans la litt\u00e9rature &amp; livres de prestige de la Fondation Martin Bodmer - Librairie 7L<\/title>\n<meta name=\"robots\" content=\"index, follow, max-snippet:-1, max-image-preview:large, max-video-preview:-1\" \/>\n<link rel=\"canonical\" href=\"https:\/\/librairie7l.com\/en\/produit\/labyrinthes-le-labyrinthe-dans-la-litterature-livres-de-prestige-de-la-fonda\/\" \/>\n<meta property=\"og:locale\" content=\"en_US\" \/>\n<meta property=\"og:type\" content=\"article\" \/>\n<meta property=\"og:title\" content=\"Labyrinthes : le labyrinthe dans la litt\u00e9rature &amp; livres de prestige de la Fondation Martin Bodmer - Librairie 7L\" \/>\n<meta property=\"og:description\" content=\"Des labyrinthes antiques aux figures mythologiques, des embl\u00e8mes d&#8217;Alciat \u00e0 ceux de Quarles, des all\u00e9gories d\u00e9dal\u00e9ennes de Piran\u00e8se \u00e0 la repr\u00e9sentation \u00e9rotique du Minotaure chez Picasso, de la &#8220;Divine Com\u00e9die&#8221; au &#8220;Nom de la rose&#8221;, cet ouvrage invite \u00e0 l&#8217;exploration d&#8217;une biblioth\u00e8que-labyrinthe dont l&#8217;exceptionnelle richesse n&#8217;a d&#8217;\u00e9gal que l&#8217;absolue beaut\u00e9. Profond\u00e9ment ancr\u00e9 dans de nombreuses [&hellip;]\" \/>\n<meta property=\"og:url\" content=\"https:\/\/librairie7l.com\/en\/produit\/labyrinthes-le-labyrinthe-dans-la-litterature-livres-de-prestige-de-la-fonda\/\" \/>\n<meta property=\"og:site_name\" content=\"Librairie 7L\" \/>\n<meta property=\"article:modified_time\" content=\"2026-04-08T08:51:06+00:00\" \/>\n<meta property=\"og:image\" content=\"https:\/\/librairie7l.com\/wp-content\/uploads\/2023\/04\/9782940617500_1_75.jpg\" \/>\n\t<meta property=\"og:image:width\" content=\"382\" \/>\n\t<meta property=\"og:image:height\" content=\"600\" \/>\n\t<meta property=\"og:image:type\" content=\"image\/jpeg\" \/>\n<meta name=\"twitter:card\" content=\"summary_large_image\" \/>\n<meta name=\"twitter:label1\" content=\"Est. reading time\" \/>\n\t<meta name=\"twitter:data1\" content=\"1 minute\" \/>\n<script type=\"application\/ld+json\" class=\"yoast-schema-graph\">{\"@context\":\"https:\/\/schema.org\",\"@graph\":[{\"@type\":\"WebPage\",\"@id\":\"https:\/\/librairie7l.com\/en\/produit\/labyrinthes-le-labyrinthe-dans-la-litterature-livres-de-prestige-de-la-fonda\/\",\"url\":\"https:\/\/librairie7l.com\/en\/produit\/labyrinthes-le-labyrinthe-dans-la-litterature-livres-de-prestige-de-la-fonda\/\",\"name\":\"Labyrinthes : le labyrinthe dans la litt\u00e9rature &amp; livres de prestige de la Fondation Martin Bodmer - Librairie 7L\",\"isPartOf\":{\"@id\":\"https:\/\/librairie7l.com\/en\/#website\"},\"datePublished\":\"2024-01-11T08:16:19+00:00\",\"dateModified\":\"2026-04-08T08:51:06+00:00\",\"breadcrumb\":{\"@id\":\"https:\/\/librairie7l.com\/en\/produit\/labyrinthes-le-labyrinthe-dans-la-litterature-livres-de-prestige-de-la-fonda\/#breadcrumb\"},\"inLanguage\":\"en-US\",\"potentialAction\":[{\"@type\":\"ReadAction\",\"target\":[\"https:\/\/librairie7l.com\/en\/produit\/labyrinthes-le-labyrinthe-dans-la-litterature-livres-de-prestige-de-la-fonda\/\"]}]},{\"@type\":\"BreadcrumbList\",\"@id\":\"https:\/\/librairie7l.com\/en\/produit\/labyrinthes-le-labyrinthe-dans-la-litterature-livres-de-prestige-de-la-fonda\/#breadcrumb\",\"itemListElement\":[{\"@type\":\"ListItem\",\"position\":1,\"name\":\"Accueil\",\"item\":\"https:\/\/librairie7l.com\/en\/\"},{\"@type\":\"ListItem\",\"position\":2,\"name\":\"Shop\",\"item\":\"https:\/\/librairie7l.com\/en\/shop\/\"},{\"@type\":\"ListItem\",\"position\":3,\"name\":\"LABYRINTHES : LE LABYRINTHE DANS LA LITT\u00c9RATURE &AMP; LIVRES DE PRESTIGE DE LA FONDATION MARTIN BODMER\"}]},{\"@type\":\"WebSite\",\"@id\":\"https:\/\/librairie7l.com\/en\/#website\",\"url\":\"https:\/\/librairie7l.com\/en\/\",\"name\":\"Librairie 7L\",\"description\":\"Librairie fond\u00e9e en 1999 par Karl Lagerfeld \u00e0 Paris\",\"publisher\":{\"@id\":\"https:\/\/librairie7l.com\/en\/#organization\"},\"potentialAction\":[{\"@type\":\"SearchAction\",\"target\":{\"@type\":\"EntryPoint\",\"urlTemplate\":\"https:\/\/librairie7l.com\/en\/?s={search_term_string}\"},\"query-input\":\"required name=search_term_string\"}],\"inLanguage\":\"en-US\"},{\"@type\":\"Organization\",\"@id\":\"https:\/\/librairie7l.com\/en\/#organization\",\"name\":\"Librairie 7L\",\"url\":\"https:\/\/librairie7l.com\/en\/\",\"logo\":{\"@type\":\"ImageObject\",\"inLanguage\":\"en-US\",\"@id\":\"https:\/\/librairie7l.com\/en\/#\/schema\/logo\/image\/\",\"url\":\"https:\/\/librairie7l.com\/wp-content\/uploads\/2022\/08\/logo-1.png\",\"contentUrl\":\"https:\/\/librairie7l.com\/wp-content\/uploads\/2022\/08\/logo-1.png\",\"width\":227,\"height\":301,\"caption\":\"Librairie 7L\"},\"image\":{\"@id\":\"https:\/\/librairie7l.com\/en\/#\/schema\/logo\/image\/\"}}]}<\/script>\n<!-- \/ Yoast SEO plugin. -->","yoast_head_json":{"title":"Labyrinthes : le labyrinthe dans la litt\u00e9rature &amp; livres de prestige de la Fondation Martin Bodmer - Librairie 7L","robots":{"index":"index","follow":"follow","max-snippet":"max-snippet:-1","max-image-preview":"max-image-preview:large","max-video-preview":"max-video-preview:-1"},"canonical":"https:\/\/librairie7l.com\/en\/produit\/labyrinthes-le-labyrinthe-dans-la-litterature-livres-de-prestige-de-la-fonda\/","og_locale":"en_US","og_type":"article","og_title":"Labyrinthes : le labyrinthe dans la litt\u00e9rature &amp; livres de prestige de la Fondation Martin Bodmer - Librairie 7L","og_description":"Des labyrinthes antiques aux figures mythologiques, des embl\u00e8mes d&#8217;Alciat \u00e0 ceux de Quarles, des all\u00e9gories d\u00e9dal\u00e9ennes de Piran\u00e8se \u00e0 la repr\u00e9sentation \u00e9rotique du Minotaure chez Picasso, de la &#8220;Divine Com\u00e9die&#8221; au &#8220;Nom de la rose&#8221;, cet ouvrage invite \u00e0 l&#8217;exploration d&#8217;une biblioth\u00e8que-labyrinthe dont l&#8217;exceptionnelle richesse n&#8217;a d&#8217;\u00e9gal que l&#8217;absolue beaut\u00e9. Profond\u00e9ment ancr\u00e9 dans de nombreuses [&hellip;]","og_url":"https:\/\/librairie7l.com\/en\/produit\/labyrinthes-le-labyrinthe-dans-la-litterature-livres-de-prestige-de-la-fonda\/","og_site_name":"Librairie 7L","article_modified_time":"2026-04-08T08:51:06+00:00","og_image":[{"width":382,"height":600,"url":"https:\/\/librairie7l.com\/wp-content\/uploads\/2023\/04\/9782940617500_1_75.jpg","type":"image\/jpeg"}],"twitter_card":"summary_large_image","twitter_misc":{"Est. reading time":"1 minute"},"schema":{"@context":"https:\/\/schema.org","@graph":[{"@type":"WebPage","@id":"https:\/\/librairie7l.com\/en\/produit\/labyrinthes-le-labyrinthe-dans-la-litterature-livres-de-prestige-de-la-fonda\/","url":"https:\/\/librairie7l.com\/en\/produit\/labyrinthes-le-labyrinthe-dans-la-litterature-livres-de-prestige-de-la-fonda\/","name":"Labyrinthes : le labyrinthe dans la litt\u00e9rature &amp; livres de prestige de la Fondation Martin Bodmer - Librairie 7L","isPartOf":{"@id":"https:\/\/librairie7l.com\/en\/#website"},"datePublished":"2024-01-11T08:16:19+00:00","dateModified":"2026-04-08T08:51:06+00:00","breadcrumb":{"@id":"https:\/\/librairie7l.com\/en\/produit\/labyrinthes-le-labyrinthe-dans-la-litterature-livres-de-prestige-de-la-fonda\/#breadcrumb"},"inLanguage":"en-US","potentialAction":[{"@type":"ReadAction","target":["https:\/\/librairie7l.com\/en\/produit\/labyrinthes-le-labyrinthe-dans-la-litterature-livres-de-prestige-de-la-fonda\/"]}]},{"@type":"BreadcrumbList","@id":"https:\/\/librairie7l.com\/en\/produit\/labyrinthes-le-labyrinthe-dans-la-litterature-livres-de-prestige-de-la-fonda\/#breadcrumb","itemListElement":[{"@type":"ListItem","position":1,"name":"Accueil","item":"https:\/\/librairie7l.com\/en\/"},{"@type":"ListItem","position":2,"name":"Shop","item":"https:\/\/librairie7l.com\/en\/shop\/"},{"@type":"ListItem","position":3,"name":"LABYRINTHES : LE LABYRINTHE DANS LA LITT\u00c9RATURE &AMP; LIVRES DE PRESTIGE DE LA FONDATION MARTIN BODMER"}]},{"@type":"WebSite","@id":"https:\/\/librairie7l.com\/en\/#website","url":"https:\/\/librairie7l.com\/en\/","name":"Librairie 7L","description":"Librairie fond\u00e9e en 1999 par Karl Lagerfeld \u00e0 Paris","publisher":{"@id":"https:\/\/librairie7l.com\/en\/#organization"},"potentialAction":[{"@type":"SearchAction","target":{"@type":"EntryPoint","urlTemplate":"https:\/\/librairie7l.com\/en\/?s={search_term_string}"},"query-input":"required name=search_term_string"}],"inLanguage":"en-US"},{"@type":"Organization","@id":"https:\/\/librairie7l.com\/en\/#organization","name":"Librairie 7L","url":"https:\/\/librairie7l.com\/en\/","logo":{"@type":"ImageObject","inLanguage":"en-US","@id":"https:\/\/librairie7l.com\/en\/#\/schema\/logo\/image\/","url":"https:\/\/librairie7l.com\/wp-content\/uploads\/2022\/08\/logo-1.png","contentUrl":"https:\/\/librairie7l.com\/wp-content\/uploads\/2022\/08\/logo-1.png","width":227,"height":301,"caption":"Librairie 7L"},"image":{"@id":"https:\/\/librairie7l.com\/en\/#\/schema\/logo\/image\/"}}]}},"_links":{"self":[{"href":"https:\/\/librairie7l.com\/en\/wp-json\/wp\/v2\/product\/38180"}],"collection":[{"href":"https:\/\/librairie7l.com\/en\/wp-json\/wp\/v2\/product"}],"about":[{"href":"https:\/\/librairie7l.com\/en\/wp-json\/wp\/v2\/types\/product"}],"wp:featuredmedia":[{"embeddable":true,"href":"https:\/\/librairie7l.com\/en\/wp-json\/wp\/v2\/media\/38178"}],"wp:attachment":[{"href":"https:\/\/librairie7l.com\/en\/wp-json\/wp\/v2\/media?parent=38180"}],"wp:term":[{"taxonomy":"product_cat","embeddable":true,"href":"https:\/\/librairie7l.com\/en\/wp-json\/wp\/v2\/product_cat?post=38180"},{"taxonomy":"product_tag","embeddable":true,"href":"https:\/\/librairie7l.com\/en\/wp-json\/wp\/v2\/product_tag?post=38180"}],"curies":[{"name":"wp","href":"https:\/\/api.w.org\/{rel}","templated":true}]}}