{"id":38188,"date":"2024-01-11T09:16:25","date_gmt":"2024-01-11T08:16:25","guid":{"rendered":"https:\/\/librairie7l.com\/?post_type=product&#038;p=38188"},"modified":"2026-04-23T20:07:51","modified_gmt":"2026-04-23T18:07:51","slug":"jean-mayodon-terres-precieuses","status":"publish","type":"product","link":"https:\/\/librairie7l.com\/en\/produit\/jean-mayodon-terres-precieuses\/","title":{"rendered":"JEAN MAYODON : TERRES PR\u00c9CIEUSES"},"content":{"rendered":"<p>Ean Mayodon (1893-1967) est l&#8217;un des grands c\u00e9ramistes du xxe si\u00e8cle.<br \/>\n\u00c0 S\u00e8vres, il rencontre le graveur F\u00e9lix Bracquemond (1833-1914), Auguste  Rodin (1840-1917), \u00c9mile-Antoine Bourdelle (1861-1929), Claude Monet  (1840-1926), Henri-Edmond Cross (1856-1910) et la c\u00e9l\u00e8bre danseuse Isadora  Duncan (1877-1927), dont il dessinera les danses sur ses vases. C&#8217;est \u00e0 S\u00e8vres,  dans la maison familiale, qu&#8217;il installe son atelier et construit un four.<br \/>\nAu cours de ses ann\u00e9es de recherche, il peint avec des oxydes m\u00e9talliques,  cherchant \u00e0 dominer parfaitement les techniques de cuisson et les secrets du  feu. Dans la lign\u00e9e d&#8217;Andr\u00e9 Metthey (1871-1920) qu&#8217;il qualifie de \u00ab magicien  de la couleur et de l&#8217;or \u00bb, ses recherches l&#8217;am\u00e8nent \u00e0 la ma\u00eetrise de la cuisson  de l&#8217;or pour mettre en lumi\u00e8re les couleurs les plus raffin\u00e9es.<br \/>\nPassionn\u00e9 par les poteries pr\u00e9colombiennes, l&#8217;art persan, l&#8217;Antiquit\u00e9 grecque  et \u00e9trusque, les \u00c9gyptiens, les fresques italiennes, il remet au go\u00fbt du jour  les histoires antiques et les l\u00e9gendes mythologiques : il dessine et d\u00e9core  ses pi\u00e8ces avec des rondes de nymphes, de centaures, de sir\u00e8nes, de tritons,  de dieux et des danseuses. \u00c0 partir de 1930, il confie le tournage \u00e0 l&#8217;un des  meilleurs tourneurs de la Manufacture de S\u00e8vres.<br \/>\nJean Mayodon a expos\u00e9 dans de nombreux salons (Salon d&#8217;automne,  Exposition internationale des Arts d\u00e9coratifs&#8230;). Conseiller artistique  de la Manufacture de S\u00e8vres, nomm\u00e9 au conseil d&#8217;administration de  l&#8217;Institut fran\u00e7ais de la c\u00e9ramique, il devient en 1940 directeur artistique  de la Manufacture de S\u00e8vres, fonction dont il est d\u00e9mis en 1942. Pendant  cette p\u00e9riode, il cr\u00e9e pour la Manufacture plus de quatre-vingts formes de  vases. S&#8217;il abandonne alors la fa\u00efence, son mat\u00e9riau de pr\u00e9dilection, pour la  porcelaine, il reste fid\u00e8le dans les d\u00e9c<\/p>\n","protected":false},"excerpt":{"rendered":"<p>Ean Mayodon (1893-1967) est l&#8217;un des grands c\u00e9ramistes du xxe si\u00e8cle. \u00c0 S\u00e8vres, il rencontre le graveur F\u00e9lix Bracquemond (1833-1914), Auguste Rodin (1840-1917), \u00c9mile-Antoine Bourdelle (1861-1929), Claude Monet (1840-1926), Henri-Edmond Cross (1856-1910) et la c\u00e9l\u00e8bre danseuse Isadora Duncan (1877-1927), dont il dessinera les danses sur ses vases. C&#8217;est \u00e0 S\u00e8vres, dans la maison familiale, qu&#8217;il [&hellip;]<\/p>\n","protected":false},"featured_media":38186,"template":"","meta":[],"product_cat":[55,2948,18,2952],"product_tag":[],"acf":[],"yoast_head":"<!-- This site is optimized with the Yoast SEO plugin v20.11 - https:\/\/yoast.com\/wordpress\/plugins\/seo\/ -->\n<title>Jean Mayodon : terres pr\u00e9cieuses - Librairie 7L<\/title>\n<meta name=\"robots\" content=\"index, follow, max-snippet:-1, max-image-preview:large, max-video-preview:-1\" \/>\n<link rel=\"canonical\" href=\"https:\/\/librairie7l.com\/en\/produit\/jean-mayodon-terres-precieuses\/\" \/>\n<meta property=\"og:locale\" content=\"en_US\" \/>\n<meta property=\"og:type\" content=\"article\" \/>\n<meta property=\"og:title\" content=\"Jean Mayodon : terres pr\u00e9cieuses - Librairie 7L\" \/>\n<meta property=\"og:description\" content=\"Ean Mayodon (1893-1967) est l&#8217;un des grands c\u00e9ramistes du xxe si\u00e8cle. \u00c0 S\u00e8vres, il rencontre le graveur F\u00e9lix Bracquemond (1833-1914), Auguste Rodin (1840-1917), \u00c9mile-Antoine Bourdelle (1861-1929), Claude Monet (1840-1926), Henri-Edmond Cross (1856-1910) et la c\u00e9l\u00e8bre danseuse Isadora Duncan (1877-1927), dont il dessinera les danses sur ses vases. C&#8217;est \u00e0 S\u00e8vres, dans la maison familiale, qu&#8217;il [&hellip;]\" \/>\n<meta property=\"og:url\" content=\"https:\/\/librairie7l.com\/en\/produit\/jean-mayodon-terres-precieuses\/\" \/>\n<meta property=\"og:site_name\" content=\"Librairie 7L\" \/>\n<meta property=\"article:modified_time\" content=\"2026-04-23T18:07:51+00:00\" \/>\n<meta property=\"og:image\" content=\"https:\/\/librairie7l.com\/wp-content\/uploads\/2023\/06\/9782878443554_1_75.jpg\" \/>\n\t<meta property=\"og:image:width\" content=\"550\" \/>\n\t<meta property=\"og:image:height\" content=\"550\" \/>\n\t<meta property=\"og:image:type\" content=\"image\/jpeg\" \/>\n<meta name=\"twitter:card\" content=\"summary_large_image\" \/>\n<meta name=\"twitter:label1\" content=\"Est. reading time\" \/>\n\t<meta name=\"twitter:data1\" content=\"2 minutes\" \/>\n<script type=\"application\/ld+json\" class=\"yoast-schema-graph\">{\"@context\":\"https:\/\/schema.org\",\"@graph\":[{\"@type\":\"WebPage\",\"@id\":\"https:\/\/librairie7l.com\/en\/produit\/jean-mayodon-terres-precieuses\/\",\"url\":\"https:\/\/librairie7l.com\/en\/produit\/jean-mayodon-terres-precieuses\/\",\"name\":\"Jean Mayodon : terres pr\u00e9cieuses - Librairie 7L\",\"isPartOf\":{\"@id\":\"https:\/\/librairie7l.com\/en\/#website\"},\"datePublished\":\"2024-01-11T08:16:25+00:00\",\"dateModified\":\"2026-04-23T18:07:51+00:00\",\"breadcrumb\":{\"@id\":\"https:\/\/librairie7l.com\/en\/produit\/jean-mayodon-terres-precieuses\/#breadcrumb\"},\"inLanguage\":\"en-US\",\"potentialAction\":[{\"@type\":\"ReadAction\",\"target\":[\"https:\/\/librairie7l.com\/en\/produit\/jean-mayodon-terres-precieuses\/\"]}]},{\"@type\":\"BreadcrumbList\",\"@id\":\"https:\/\/librairie7l.com\/en\/produit\/jean-mayodon-terres-precieuses\/#breadcrumb\",\"itemListElement\":[{\"@type\":\"ListItem\",\"position\":1,\"name\":\"Accueil\",\"item\":\"https:\/\/librairie7l.com\/en\/\"},{\"@type\":\"ListItem\",\"position\":2,\"name\":\"Shop\",\"item\":\"https:\/\/librairie7l.com\/en\/shop\/\"},{\"@type\":\"ListItem\",\"position\":3,\"name\":\"JEAN MAYODON : TERRES PR\u00c9CIEUSES\"}]},{\"@type\":\"WebSite\",\"@id\":\"https:\/\/librairie7l.com\/en\/#website\",\"url\":\"https:\/\/librairie7l.com\/en\/\",\"name\":\"Librairie 7L\",\"description\":\"Librairie fond\u00e9e en 1999 par Karl Lagerfeld \u00e0 Paris\",\"publisher\":{\"@id\":\"https:\/\/librairie7l.com\/en\/#organization\"},\"potentialAction\":[{\"@type\":\"SearchAction\",\"target\":{\"@type\":\"EntryPoint\",\"urlTemplate\":\"https:\/\/librairie7l.com\/en\/?s={search_term_string}\"},\"query-input\":\"required name=search_term_string\"}],\"inLanguage\":\"en-US\"},{\"@type\":\"Organization\",\"@id\":\"https:\/\/librairie7l.com\/en\/#organization\",\"name\":\"Librairie 7L\",\"url\":\"https:\/\/librairie7l.com\/en\/\",\"logo\":{\"@type\":\"ImageObject\",\"inLanguage\":\"en-US\",\"@id\":\"https:\/\/librairie7l.com\/en\/#\/schema\/logo\/image\/\",\"url\":\"https:\/\/librairie7l.com\/wp-content\/uploads\/2022\/08\/logo-1.png\",\"contentUrl\":\"https:\/\/librairie7l.com\/wp-content\/uploads\/2022\/08\/logo-1.png\",\"width\":227,\"height\":301,\"caption\":\"Librairie 7L\"},\"image\":{\"@id\":\"https:\/\/librairie7l.com\/en\/#\/schema\/logo\/image\/\"}}]}<\/script>\n<!-- \/ Yoast SEO plugin. -->","yoast_head_json":{"title":"Jean Mayodon : terres pr\u00e9cieuses - Librairie 7L","robots":{"index":"index","follow":"follow","max-snippet":"max-snippet:-1","max-image-preview":"max-image-preview:large","max-video-preview":"max-video-preview:-1"},"canonical":"https:\/\/librairie7l.com\/en\/produit\/jean-mayodon-terres-precieuses\/","og_locale":"en_US","og_type":"article","og_title":"Jean Mayodon : terres pr\u00e9cieuses - Librairie 7L","og_description":"Ean Mayodon (1893-1967) est l&#8217;un des grands c\u00e9ramistes du xxe si\u00e8cle. \u00c0 S\u00e8vres, il rencontre le graveur F\u00e9lix Bracquemond (1833-1914), Auguste Rodin (1840-1917), \u00c9mile-Antoine Bourdelle (1861-1929), Claude Monet (1840-1926), Henri-Edmond Cross (1856-1910) et la c\u00e9l\u00e8bre danseuse Isadora Duncan (1877-1927), dont il dessinera les danses sur ses vases. C&#8217;est \u00e0 S\u00e8vres, dans la maison familiale, qu&#8217;il [&hellip;]","og_url":"https:\/\/librairie7l.com\/en\/produit\/jean-mayodon-terres-precieuses\/","og_site_name":"Librairie 7L","article_modified_time":"2026-04-23T18:07:51+00:00","og_image":[{"width":550,"height":550,"url":"https:\/\/librairie7l.com\/wp-content\/uploads\/2023\/06\/9782878443554_1_75.jpg","type":"image\/jpeg"}],"twitter_card":"summary_large_image","twitter_misc":{"Est. reading time":"2 minutes"},"schema":{"@context":"https:\/\/schema.org","@graph":[{"@type":"WebPage","@id":"https:\/\/librairie7l.com\/en\/produit\/jean-mayodon-terres-precieuses\/","url":"https:\/\/librairie7l.com\/en\/produit\/jean-mayodon-terres-precieuses\/","name":"Jean Mayodon : terres pr\u00e9cieuses - Librairie 7L","isPartOf":{"@id":"https:\/\/librairie7l.com\/en\/#website"},"datePublished":"2024-01-11T08:16:25+00:00","dateModified":"2026-04-23T18:07:51+00:00","breadcrumb":{"@id":"https:\/\/librairie7l.com\/en\/produit\/jean-mayodon-terres-precieuses\/#breadcrumb"},"inLanguage":"en-US","potentialAction":[{"@type":"ReadAction","target":["https:\/\/librairie7l.com\/en\/produit\/jean-mayodon-terres-precieuses\/"]}]},{"@type":"BreadcrumbList","@id":"https:\/\/librairie7l.com\/en\/produit\/jean-mayodon-terres-precieuses\/#breadcrumb","itemListElement":[{"@type":"ListItem","position":1,"name":"Accueil","item":"https:\/\/librairie7l.com\/en\/"},{"@type":"ListItem","position":2,"name":"Shop","item":"https:\/\/librairie7l.com\/en\/shop\/"},{"@type":"ListItem","position":3,"name":"JEAN MAYODON : TERRES PR\u00c9CIEUSES"}]},{"@type":"WebSite","@id":"https:\/\/librairie7l.com\/en\/#website","url":"https:\/\/librairie7l.com\/en\/","name":"Librairie 7L","description":"Librairie fond\u00e9e en 1999 par Karl Lagerfeld \u00e0 Paris","publisher":{"@id":"https:\/\/librairie7l.com\/en\/#organization"},"potentialAction":[{"@type":"SearchAction","target":{"@type":"EntryPoint","urlTemplate":"https:\/\/librairie7l.com\/en\/?s={search_term_string}"},"query-input":"required name=search_term_string"}],"inLanguage":"en-US"},{"@type":"Organization","@id":"https:\/\/librairie7l.com\/en\/#organization","name":"Librairie 7L","url":"https:\/\/librairie7l.com\/en\/","logo":{"@type":"ImageObject","inLanguage":"en-US","@id":"https:\/\/librairie7l.com\/en\/#\/schema\/logo\/image\/","url":"https:\/\/librairie7l.com\/wp-content\/uploads\/2022\/08\/logo-1.png","contentUrl":"https:\/\/librairie7l.com\/wp-content\/uploads\/2022\/08\/logo-1.png","width":227,"height":301,"caption":"Librairie 7L"},"image":{"@id":"https:\/\/librairie7l.com\/en\/#\/schema\/logo\/image\/"}}]}},"_links":{"self":[{"href":"https:\/\/librairie7l.com\/en\/wp-json\/wp\/v2\/product\/38188"}],"collection":[{"href":"https:\/\/librairie7l.com\/en\/wp-json\/wp\/v2\/product"}],"about":[{"href":"https:\/\/librairie7l.com\/en\/wp-json\/wp\/v2\/types\/product"}],"wp:featuredmedia":[{"embeddable":true,"href":"https:\/\/librairie7l.com\/en\/wp-json\/wp\/v2\/media\/38186"}],"wp:attachment":[{"href":"https:\/\/librairie7l.com\/en\/wp-json\/wp\/v2\/media?parent=38188"}],"wp:term":[{"taxonomy":"product_cat","embeddable":true,"href":"https:\/\/librairie7l.com\/en\/wp-json\/wp\/v2\/product_cat?post=38188"},{"taxonomy":"product_tag","embeddable":true,"href":"https:\/\/librairie7l.com\/en\/wp-json\/wp\/v2\/product_tag?post=38188"}],"curies":[{"name":"wp","href":"https:\/\/api.w.org\/{rel}","templated":true}]}}