{"id":38223,"date":"2024-01-19T09:16:12","date_gmt":"2024-01-19T08:16:12","guid":{"rendered":"https:\/\/librairie7l.com\/?post_type=product&#038;p=38223"},"modified":"2026-04-23T21:47:49","modified_gmt":"2026-04-23T19:47:49","slug":"a-linterieur","status":"publish","type":"product","link":"https:\/\/librairie7l.com\/en\/produit\/a-linterieur\/","title":{"rendered":"\u00c0 L&#8217;INT\u00c9RIEUR"},"content":{"rendered":"<p>Victor Cadene, artiste aux multiples pratiques, r\u00e9alise des sc\u00e8nes d\u00e9coratives en deux dimensions \u00e0 partir de ses dessins qu&#8217;il d\u00e9coupe et assemble en collages. Plus que la pr\u00e9cision du trait, c&#8217;est la spontan\u00e9it\u00e9 de la composition qu&#8217;il recherche et l&#8217;\u00e9motion de la couleur, essentielle \u00e0 son travail. Il la veut opulente et th\u00e9\u00e2trale, oscillant entre exub\u00e9rance et harmonie. Une profusion de d\u00e9tails animent ses oeuvres qui traduisent son int\u00e9r\u00eat pour les arts d\u00e9coratifs au sens large. On y devine notamment l&#8217;influence de la peinture baroque et du style Rococo, des Nabis et de Matisse ou encore des productions de l&#8217;Atelier Martine de Paul Poiret. Il travaille depuis son atelier pr\u00e8s de Fontainebleau, o\u00f9 chaque \u00e9l\u00e9ment est r\u00e9alis\u00e9 \u00e0 la main, du dessin \u00e0 la mise en couleur, en passant par le d\u00e9coupage et le collage. Victor Cadene invite Arthur Teboul, \u00e9crivain et interpr\u00e8te du groupe Feu ! Chatterton, \u00e0 dialoguer avec ses cr\u00e9ations \u00e0 travers une s\u00e9rie d&#8217;aphorismes po\u00e9tiques, \u00e9chos lettr\u00e9s \u00e0 ses oeuvres de papier. Un hymne \u00e0 la beaut\u00e9 au rythme des mots et des couleurs.<\/p>\n","protected":false},"excerpt":{"rendered":"<p>Victor Cadene, artiste aux multiples pratiques, r\u00e9alise des sc\u00e8nes d\u00e9coratives en deux dimensions \u00e0 partir de ses dessins qu&#8217;il d\u00e9coupe et assemble en collages. Plus que la pr\u00e9cision du trait, c&#8217;est la spontan\u00e9it\u00e9 de la composition qu&#8217;il recherche et l&#8217;\u00e9motion de la couleur, essentielle \u00e0 son travail. Il la veut opulente et th\u00e9\u00e2trale, oscillant entre [&hellip;]<\/p>\n","protected":false},"featured_media":38221,"template":"","meta":[],"product_cat":[55,2948,18,2952],"product_tag":[],"acf":[],"yoast_head":"<!-- This site is optimized with the Yoast SEO plugin v20.11 - https:\/\/yoast.com\/wordpress\/plugins\/seo\/ -->\n<title>\u00c0 l&#039;int\u00e9rieur - Librairie 7L<\/title>\n<meta name=\"robots\" content=\"index, follow, max-snippet:-1, max-image-preview:large, max-video-preview:-1\" \/>\n<link rel=\"canonical\" href=\"https:\/\/librairie7l.com\/en\/produit\/a-linterieur\/\" \/>\n<meta property=\"og:locale\" content=\"en_US\" \/>\n<meta property=\"og:type\" content=\"article\" \/>\n<meta property=\"og:title\" content=\"\u00c0 l&#039;int\u00e9rieur - Librairie 7L\" \/>\n<meta property=\"og:description\" content=\"Victor Cadene, artiste aux multiples pratiques, r\u00e9alise des sc\u00e8nes d\u00e9coratives en deux dimensions \u00e0 partir de ses dessins qu&#8217;il d\u00e9coupe et assemble en collages. Plus que la pr\u00e9cision du trait, c&#8217;est la spontan\u00e9it\u00e9 de la composition qu&#8217;il recherche et l&#8217;\u00e9motion de la couleur, essentielle \u00e0 son travail. Il la veut opulente et th\u00e9\u00e2trale, oscillant entre [&hellip;]\" \/>\n<meta property=\"og:url\" content=\"https:\/\/librairie7l.com\/en\/produit\/a-linterieur\/\" \/>\n<meta property=\"og:site_name\" content=\"Librairie 7L\" \/>\n<meta property=\"article:modified_time\" content=\"2026-04-23T19:47:49+00:00\" \/>\n<meta property=\"og:image\" content=\"https:\/\/librairie7l.com\/wp-content\/uploads\/2023\/10\/9782382031643_1_75.jpg\" \/>\n\t<meta property=\"og:image:width\" content=\"600\" \/>\n\t<meta property=\"og:image:height\" content=\"807\" \/>\n\t<meta property=\"og:image:type\" content=\"image\/jpeg\" \/>\n<meta name=\"twitter:card\" content=\"summary_large_image\" \/>\n<meta name=\"twitter:label1\" content=\"Est. reading time\" \/>\n\t<meta name=\"twitter:data1\" content=\"1 minute\" \/>\n<script type=\"application\/ld+json\" class=\"yoast-schema-graph\">{\"@context\":\"https:\/\/schema.org\",\"@graph\":[{\"@type\":\"WebPage\",\"@id\":\"https:\/\/librairie7l.com\/en\/produit\/a-linterieur\/\",\"url\":\"https:\/\/librairie7l.com\/en\/produit\/a-linterieur\/\",\"name\":\"\u00c0 l'int\u00e9rieur - Librairie 7L\",\"isPartOf\":{\"@id\":\"https:\/\/librairie7l.com\/en\/#website\"},\"datePublished\":\"2024-01-19T08:16:12+00:00\",\"dateModified\":\"2026-04-23T19:47:49+00:00\",\"breadcrumb\":{\"@id\":\"https:\/\/librairie7l.com\/en\/produit\/a-linterieur\/#breadcrumb\"},\"inLanguage\":\"en-US\",\"potentialAction\":[{\"@type\":\"ReadAction\",\"target\":[\"https:\/\/librairie7l.com\/en\/produit\/a-linterieur\/\"]}]},{\"@type\":\"BreadcrumbList\",\"@id\":\"https:\/\/librairie7l.com\/en\/produit\/a-linterieur\/#breadcrumb\",\"itemListElement\":[{\"@type\":\"ListItem\",\"position\":1,\"name\":\"Accueil\",\"item\":\"https:\/\/librairie7l.com\/en\/\"},{\"@type\":\"ListItem\",\"position\":2,\"name\":\"Shop\",\"item\":\"https:\/\/librairie7l.com\/en\/shop\/\"},{\"@type\":\"ListItem\",\"position\":3,\"name\":\"\u00c0 L&#8217;INT\u00c9RIEUR\"}]},{\"@type\":\"WebSite\",\"@id\":\"https:\/\/librairie7l.com\/en\/#website\",\"url\":\"https:\/\/librairie7l.com\/en\/\",\"name\":\"Librairie 7L\",\"description\":\"Librairie fond\u00e9e en 1999 par Karl Lagerfeld \u00e0 Paris\",\"publisher\":{\"@id\":\"https:\/\/librairie7l.com\/en\/#organization\"},\"potentialAction\":[{\"@type\":\"SearchAction\",\"target\":{\"@type\":\"EntryPoint\",\"urlTemplate\":\"https:\/\/librairie7l.com\/en\/?s={search_term_string}\"},\"query-input\":\"required name=search_term_string\"}],\"inLanguage\":\"en-US\"},{\"@type\":\"Organization\",\"@id\":\"https:\/\/librairie7l.com\/en\/#organization\",\"name\":\"Librairie 7L\",\"url\":\"https:\/\/librairie7l.com\/en\/\",\"logo\":{\"@type\":\"ImageObject\",\"inLanguage\":\"en-US\",\"@id\":\"https:\/\/librairie7l.com\/en\/#\/schema\/logo\/image\/\",\"url\":\"https:\/\/librairie7l.com\/wp-content\/uploads\/2022\/08\/logo-1.png\",\"contentUrl\":\"https:\/\/librairie7l.com\/wp-content\/uploads\/2022\/08\/logo-1.png\",\"width\":227,\"height\":301,\"caption\":\"Librairie 7L\"},\"image\":{\"@id\":\"https:\/\/librairie7l.com\/en\/#\/schema\/logo\/image\/\"}}]}<\/script>\n<!-- \/ Yoast SEO plugin. -->","yoast_head_json":{"title":"\u00c0 l'int\u00e9rieur - Librairie 7L","robots":{"index":"index","follow":"follow","max-snippet":"max-snippet:-1","max-image-preview":"max-image-preview:large","max-video-preview":"max-video-preview:-1"},"canonical":"https:\/\/librairie7l.com\/en\/produit\/a-linterieur\/","og_locale":"en_US","og_type":"article","og_title":"\u00c0 l'int\u00e9rieur - Librairie 7L","og_description":"Victor Cadene, artiste aux multiples pratiques, r\u00e9alise des sc\u00e8nes d\u00e9coratives en deux dimensions \u00e0 partir de ses dessins qu&#8217;il d\u00e9coupe et assemble en collages. Plus que la pr\u00e9cision du trait, c&#8217;est la spontan\u00e9it\u00e9 de la composition qu&#8217;il recherche et l&#8217;\u00e9motion de la couleur, essentielle \u00e0 son travail. Il la veut opulente et th\u00e9\u00e2trale, oscillant entre [&hellip;]","og_url":"https:\/\/librairie7l.com\/en\/produit\/a-linterieur\/","og_site_name":"Librairie 7L","article_modified_time":"2026-04-23T19:47:49+00:00","og_image":[{"width":600,"height":807,"url":"https:\/\/librairie7l.com\/wp-content\/uploads\/2023\/10\/9782382031643_1_75.jpg","type":"image\/jpeg"}],"twitter_card":"summary_large_image","twitter_misc":{"Est. reading time":"1 minute"},"schema":{"@context":"https:\/\/schema.org","@graph":[{"@type":"WebPage","@id":"https:\/\/librairie7l.com\/en\/produit\/a-linterieur\/","url":"https:\/\/librairie7l.com\/en\/produit\/a-linterieur\/","name":"\u00c0 l'int\u00e9rieur - Librairie 7L","isPartOf":{"@id":"https:\/\/librairie7l.com\/en\/#website"},"datePublished":"2024-01-19T08:16:12+00:00","dateModified":"2026-04-23T19:47:49+00:00","breadcrumb":{"@id":"https:\/\/librairie7l.com\/en\/produit\/a-linterieur\/#breadcrumb"},"inLanguage":"en-US","potentialAction":[{"@type":"ReadAction","target":["https:\/\/librairie7l.com\/en\/produit\/a-linterieur\/"]}]},{"@type":"BreadcrumbList","@id":"https:\/\/librairie7l.com\/en\/produit\/a-linterieur\/#breadcrumb","itemListElement":[{"@type":"ListItem","position":1,"name":"Accueil","item":"https:\/\/librairie7l.com\/en\/"},{"@type":"ListItem","position":2,"name":"Shop","item":"https:\/\/librairie7l.com\/en\/shop\/"},{"@type":"ListItem","position":3,"name":"\u00c0 L&#8217;INT\u00c9RIEUR"}]},{"@type":"WebSite","@id":"https:\/\/librairie7l.com\/en\/#website","url":"https:\/\/librairie7l.com\/en\/","name":"Librairie 7L","description":"Librairie fond\u00e9e en 1999 par Karl Lagerfeld \u00e0 Paris","publisher":{"@id":"https:\/\/librairie7l.com\/en\/#organization"},"potentialAction":[{"@type":"SearchAction","target":{"@type":"EntryPoint","urlTemplate":"https:\/\/librairie7l.com\/en\/?s={search_term_string}"},"query-input":"required name=search_term_string"}],"inLanguage":"en-US"},{"@type":"Organization","@id":"https:\/\/librairie7l.com\/en\/#organization","name":"Librairie 7L","url":"https:\/\/librairie7l.com\/en\/","logo":{"@type":"ImageObject","inLanguage":"en-US","@id":"https:\/\/librairie7l.com\/en\/#\/schema\/logo\/image\/","url":"https:\/\/librairie7l.com\/wp-content\/uploads\/2022\/08\/logo-1.png","contentUrl":"https:\/\/librairie7l.com\/wp-content\/uploads\/2022\/08\/logo-1.png","width":227,"height":301,"caption":"Librairie 7L"},"image":{"@id":"https:\/\/librairie7l.com\/en\/#\/schema\/logo\/image\/"}}]}},"_links":{"self":[{"href":"https:\/\/librairie7l.com\/en\/wp-json\/wp\/v2\/product\/38223"}],"collection":[{"href":"https:\/\/librairie7l.com\/en\/wp-json\/wp\/v2\/product"}],"about":[{"href":"https:\/\/librairie7l.com\/en\/wp-json\/wp\/v2\/types\/product"}],"wp:featuredmedia":[{"embeddable":true,"href":"https:\/\/librairie7l.com\/en\/wp-json\/wp\/v2\/media\/38221"}],"wp:attachment":[{"href":"https:\/\/librairie7l.com\/en\/wp-json\/wp\/v2\/media?parent=38223"}],"wp:term":[{"taxonomy":"product_cat","embeddable":true,"href":"https:\/\/librairie7l.com\/en\/wp-json\/wp\/v2\/product_cat?post=38223"},{"taxonomy":"product_tag","embeddable":true,"href":"https:\/\/librairie7l.com\/en\/wp-json\/wp\/v2\/product_tag?post=38223"}],"curies":[{"name":"wp","href":"https:\/\/api.w.org\/{rel}","templated":true}]}}