{"id":38278,"date":"2024-01-24T09:16:13","date_gmt":"2024-01-24T08:16:13","guid":{"rendered":"https:\/\/librairie7l.com\/?post_type=product&#038;p=38278"},"modified":"2026-04-07T14:31:16","modified_gmt":"2026-04-07T12:31:16","slug":"concrete-architecture","status":"publish","type":"product","link":"https:\/\/librairie7l.com\/en\/produit\/concrete-architecture\/","title":{"rendered":"CONCRETE ARCHITECTURE"},"content":{"rendered":"<p>Concrete Architecture est une exploration \u00e9tonnante des possibilit\u00e9s de construction industrialis\u00e9e modulaire avec structure en b\u00e9ton, offrant une solution innovante et une approche durable de l&#8217;architecture moderne. Ce livre pr\u00e9sente 30 projets qui d\u00e9montrent l&#8217;efficacit\u00e9 \u00e9nerg\u00e9tique exceptionnelle, la s\u00e9curit\u00e9, la flexibilit\u00e9 et la fonctionnalit\u00e9 de structures en b\u00e9ton. Avec des performances thermiques sup\u00e9rieures et acoustiques \u00e9tonnantes, ces technirques de construction offrent des solutions abordables et de haute qualit\u00e9.<br \/>\nConcrete Architecture que l&#8217;on pourrait appeler Architecture en b\u00e9ton est un guide indispensable pour les professionnels soucieux de l&#8217;environnement ainsi que pour les propri\u00e9taires appr\u00e9ciant la beaut\u00e9 et la fonctionnalit\u00e9 de l&#8217;architecture d&#8217;avant-garde.<\/p>\n","protected":false},"excerpt":{"rendered":"<p>Concrete Architecture est une exploration \u00e9tonnante des possibilit\u00e9s de construction industrialis\u00e9e modulaire avec structure en b\u00e9ton, offrant une solution innovante et une approche durable de l&#8217;architecture moderne. Ce livre pr\u00e9sente 30 projets qui d\u00e9montrent l&#8217;efficacit\u00e9 \u00e9nerg\u00e9tique exceptionnelle, la s\u00e9curit\u00e9, la flexibilit\u00e9 et la fonctionnalit\u00e9 de structures en b\u00e9ton. Avec des performances thermiques sup\u00e9rieures et acoustiques [&hellip;]<\/p>\n","protected":false},"featured_media":38276,"template":"","meta":[],"product_cat":[55,2948,22,2950],"product_tag":[],"acf":[],"yoast_head":"<!-- This site is optimized with the Yoast SEO plugin v20.11 - https:\/\/yoast.com\/wordpress\/plugins\/seo\/ -->\n<title>Concrete Architecture - Librairie 7L<\/title>\n<meta name=\"robots\" content=\"index, follow, max-snippet:-1, max-image-preview:large, max-video-preview:-1\" \/>\n<link rel=\"canonical\" href=\"https:\/\/librairie7l.com\/en\/produit\/concrete-architecture\/\" \/>\n<meta property=\"og:locale\" content=\"en_US\" \/>\n<meta property=\"og:type\" content=\"article\" \/>\n<meta property=\"og:title\" content=\"Concrete Architecture - Librairie 7L\" \/>\n<meta property=\"og:description\" content=\"Concrete Architecture est une exploration \u00e9tonnante des possibilit\u00e9s de construction industrialis\u00e9e modulaire avec structure en b\u00e9ton, offrant une solution innovante et une approche durable de l&#8217;architecture moderne. Ce livre pr\u00e9sente 30 projets qui d\u00e9montrent l&#8217;efficacit\u00e9 \u00e9nerg\u00e9tique exceptionnelle, la s\u00e9curit\u00e9, la flexibilit\u00e9 et la fonctionnalit\u00e9 de structures en b\u00e9ton. Avec des performances thermiques sup\u00e9rieures et acoustiques [&hellip;]\" \/>\n<meta property=\"og:url\" content=\"https:\/\/librairie7l.com\/en\/produit\/concrete-architecture\/\" \/>\n<meta property=\"og:site_name\" content=\"Librairie 7L\" \/>\n<meta property=\"article:modified_time\" content=\"2026-04-07T12:31:16+00:00\" \/>\n<meta property=\"og:image\" content=\"https:\/\/librairie7l.com\/wp-content\/uploads\/2023\/10\/9782383780595_1_75.jpg\" \/>\n\t<meta property=\"og:image:width\" content=\"600\" \/>\n\t<meta property=\"og:image:height\" content=\"692\" \/>\n\t<meta property=\"og:image:type\" content=\"image\/jpeg\" \/>\n<meta name=\"twitter:card\" content=\"summary_large_image\" \/>\n<meta name=\"twitter:label1\" content=\"Est. reading time\" \/>\n\t<meta name=\"twitter:data1\" content=\"1 minute\" \/>\n<script type=\"application\/ld+json\" class=\"yoast-schema-graph\">{\"@context\":\"https:\/\/schema.org\",\"@graph\":[{\"@type\":\"WebPage\",\"@id\":\"https:\/\/librairie7l.com\/en\/produit\/concrete-architecture\/\",\"url\":\"https:\/\/librairie7l.com\/en\/produit\/concrete-architecture\/\",\"name\":\"Concrete Architecture - Librairie 7L\",\"isPartOf\":{\"@id\":\"https:\/\/librairie7l.com\/en\/#website\"},\"datePublished\":\"2024-01-24T08:16:13+00:00\",\"dateModified\":\"2026-04-07T12:31:16+00:00\",\"breadcrumb\":{\"@id\":\"https:\/\/librairie7l.com\/en\/produit\/concrete-architecture\/#breadcrumb\"},\"inLanguage\":\"en-US\",\"potentialAction\":[{\"@type\":\"ReadAction\",\"target\":[\"https:\/\/librairie7l.com\/en\/produit\/concrete-architecture\/\"]}]},{\"@type\":\"BreadcrumbList\",\"@id\":\"https:\/\/librairie7l.com\/en\/produit\/concrete-architecture\/#breadcrumb\",\"itemListElement\":[{\"@type\":\"ListItem\",\"position\":1,\"name\":\"Accueil\",\"item\":\"https:\/\/librairie7l.com\/en\/\"},{\"@type\":\"ListItem\",\"position\":2,\"name\":\"Shop\",\"item\":\"https:\/\/librairie7l.com\/en\/shop\/\"},{\"@type\":\"ListItem\",\"position\":3,\"name\":\"CONCRETE ARCHITECTURE\"}]},{\"@type\":\"WebSite\",\"@id\":\"https:\/\/librairie7l.com\/en\/#website\",\"url\":\"https:\/\/librairie7l.com\/en\/\",\"name\":\"Librairie 7L\",\"description\":\"Librairie fond\u00e9e en 1999 par Karl Lagerfeld \u00e0 Paris\",\"publisher\":{\"@id\":\"https:\/\/librairie7l.com\/en\/#organization\"},\"potentialAction\":[{\"@type\":\"SearchAction\",\"target\":{\"@type\":\"EntryPoint\",\"urlTemplate\":\"https:\/\/librairie7l.com\/en\/?s={search_term_string}\"},\"query-input\":\"required name=search_term_string\"}],\"inLanguage\":\"en-US\"},{\"@type\":\"Organization\",\"@id\":\"https:\/\/librairie7l.com\/en\/#organization\",\"name\":\"Librairie 7L\",\"url\":\"https:\/\/librairie7l.com\/en\/\",\"logo\":{\"@type\":\"ImageObject\",\"inLanguage\":\"en-US\",\"@id\":\"https:\/\/librairie7l.com\/en\/#\/schema\/logo\/image\/\",\"url\":\"https:\/\/librairie7l.com\/wp-content\/uploads\/2022\/08\/logo-1.png\",\"contentUrl\":\"https:\/\/librairie7l.com\/wp-content\/uploads\/2022\/08\/logo-1.png\",\"width\":227,\"height\":301,\"caption\":\"Librairie 7L\"},\"image\":{\"@id\":\"https:\/\/librairie7l.com\/en\/#\/schema\/logo\/image\/\"}}]}<\/script>\n<!-- \/ Yoast SEO plugin. -->","yoast_head_json":{"title":"Concrete Architecture - Librairie 7L","robots":{"index":"index","follow":"follow","max-snippet":"max-snippet:-1","max-image-preview":"max-image-preview:large","max-video-preview":"max-video-preview:-1"},"canonical":"https:\/\/librairie7l.com\/en\/produit\/concrete-architecture\/","og_locale":"en_US","og_type":"article","og_title":"Concrete Architecture - Librairie 7L","og_description":"Concrete Architecture est une exploration \u00e9tonnante des possibilit\u00e9s de construction industrialis\u00e9e modulaire avec structure en b\u00e9ton, offrant une solution innovante et une approche durable de l&#8217;architecture moderne. Ce livre pr\u00e9sente 30 projets qui d\u00e9montrent l&#8217;efficacit\u00e9 \u00e9nerg\u00e9tique exceptionnelle, la s\u00e9curit\u00e9, la flexibilit\u00e9 et la fonctionnalit\u00e9 de structures en b\u00e9ton. Avec des performances thermiques sup\u00e9rieures et acoustiques [&hellip;]","og_url":"https:\/\/librairie7l.com\/en\/produit\/concrete-architecture\/","og_site_name":"Librairie 7L","article_modified_time":"2026-04-07T12:31:16+00:00","og_image":[{"width":600,"height":692,"url":"https:\/\/librairie7l.com\/wp-content\/uploads\/2023\/10\/9782383780595_1_75.jpg","type":"image\/jpeg"}],"twitter_card":"summary_large_image","twitter_misc":{"Est. reading time":"1 minute"},"schema":{"@context":"https:\/\/schema.org","@graph":[{"@type":"WebPage","@id":"https:\/\/librairie7l.com\/en\/produit\/concrete-architecture\/","url":"https:\/\/librairie7l.com\/en\/produit\/concrete-architecture\/","name":"Concrete Architecture - Librairie 7L","isPartOf":{"@id":"https:\/\/librairie7l.com\/en\/#website"},"datePublished":"2024-01-24T08:16:13+00:00","dateModified":"2026-04-07T12:31:16+00:00","breadcrumb":{"@id":"https:\/\/librairie7l.com\/en\/produit\/concrete-architecture\/#breadcrumb"},"inLanguage":"en-US","potentialAction":[{"@type":"ReadAction","target":["https:\/\/librairie7l.com\/en\/produit\/concrete-architecture\/"]}]},{"@type":"BreadcrumbList","@id":"https:\/\/librairie7l.com\/en\/produit\/concrete-architecture\/#breadcrumb","itemListElement":[{"@type":"ListItem","position":1,"name":"Accueil","item":"https:\/\/librairie7l.com\/en\/"},{"@type":"ListItem","position":2,"name":"Shop","item":"https:\/\/librairie7l.com\/en\/shop\/"},{"@type":"ListItem","position":3,"name":"CONCRETE ARCHITECTURE"}]},{"@type":"WebSite","@id":"https:\/\/librairie7l.com\/en\/#website","url":"https:\/\/librairie7l.com\/en\/","name":"Librairie 7L","description":"Librairie fond\u00e9e en 1999 par Karl Lagerfeld \u00e0 Paris","publisher":{"@id":"https:\/\/librairie7l.com\/en\/#organization"},"potentialAction":[{"@type":"SearchAction","target":{"@type":"EntryPoint","urlTemplate":"https:\/\/librairie7l.com\/en\/?s={search_term_string}"},"query-input":"required name=search_term_string"}],"inLanguage":"en-US"},{"@type":"Organization","@id":"https:\/\/librairie7l.com\/en\/#organization","name":"Librairie 7L","url":"https:\/\/librairie7l.com\/en\/","logo":{"@type":"ImageObject","inLanguage":"en-US","@id":"https:\/\/librairie7l.com\/en\/#\/schema\/logo\/image\/","url":"https:\/\/librairie7l.com\/wp-content\/uploads\/2022\/08\/logo-1.png","contentUrl":"https:\/\/librairie7l.com\/wp-content\/uploads\/2022\/08\/logo-1.png","width":227,"height":301,"caption":"Librairie 7L"},"image":{"@id":"https:\/\/librairie7l.com\/en\/#\/schema\/logo\/image\/"}}]}},"_links":{"self":[{"href":"https:\/\/librairie7l.com\/en\/wp-json\/wp\/v2\/product\/38278"}],"collection":[{"href":"https:\/\/librairie7l.com\/en\/wp-json\/wp\/v2\/product"}],"about":[{"href":"https:\/\/librairie7l.com\/en\/wp-json\/wp\/v2\/types\/product"}],"wp:featuredmedia":[{"embeddable":true,"href":"https:\/\/librairie7l.com\/en\/wp-json\/wp\/v2\/media\/38276"}],"wp:attachment":[{"href":"https:\/\/librairie7l.com\/en\/wp-json\/wp\/v2\/media?parent=38278"}],"wp:term":[{"taxonomy":"product_cat","embeddable":true,"href":"https:\/\/librairie7l.com\/en\/wp-json\/wp\/v2\/product_cat?post=38278"},{"taxonomy":"product_tag","embeddable":true,"href":"https:\/\/librairie7l.com\/en\/wp-json\/wp\/v2\/product_tag?post=38278"}],"curies":[{"name":"wp","href":"https:\/\/api.w.org\/{rel}","templated":true}]}}