{"id":38289,"date":"2024-02-01T09:16:13","date_gmt":"2024-02-01T08:16:13","guid":{"rendered":"https:\/\/librairie7l.com\/?post_type=product&#038;p=38289"},"modified":"2026-04-18T06:53:59","modified_gmt":"2026-04-18T04:53:59","slug":"tina-modotti","status":"publish","type":"product","link":"https:\/\/librairie7l.com\/en\/produit\/tina-modotti\/","title":{"rendered":"TINA MODOTTI"},"content":{"rendered":"<p>Fa\u00e7onn\u00e9 par son activisme militant et son mode de vie nomade qui la m\u00e8ne de son Italie natale \u00e0 la Russie, le parcours incandescent de Tina Modotti (1896-1942) suscite la fascination. Essentiellement produite entre 1923 et 1930, son oeuvre frappe par son caract\u00e8re fulgurant, de la photographie d&#8217;art de ses d\u00e9buts \u00e0 une approche plus personnelle tourn\u00e9e vers la d\u00e9nonciation des conditions de vie des d\u00e9favoris\u00e9s. C&#8217;est au sein du Mexique postr\u00e9volutionnaire que se forgent tant sa conscience politique que le style particulier, \u00e0 la fois sensible et critique, avec lequel elle saisit sur le vif les mouvements sociaux et les in\u00e9galit\u00e9s sans jamais n\u00e9gliger la qualit\u00e9 de la photographie. Ses images fortes, parfois teint\u00e9es de propagande, de la pr\u00e9carit\u00e9 des travailleurs, des symboles de l&#8217;\u00e9mancipation de la classe ouvri\u00e8re, de la mis\u00e8re des zones urbaines, ainsi que des femmes et de leur r\u00f4le au sein de la communaut\u00e9, en font l&#8217;instigatrice du photojournalisme dans le pays. Croisant l&#8217;analyse du travail de Tina Modotti avec les mouvements historiques qu&#8217;elle a travers\u00e9s et l&#8217;\u00e9tude de la diffusion de ses tirages dans les revues illustr\u00e9es de l&#8217;\u00e9poque, cet ouvrage entend rompre avec le r\u00e9cit romanc\u00e9 que certaines biographies ont v\u00e9hicul\u00e9 \u00e0 son sujet pour r\u00e9v\u00e9ler le regard pr\u00e9curseur dont est dot\u00e9e cette citoyenne du monde engag\u00e9e dans les luttes de son temps.<\/p>\n","protected":false},"excerpt":{"rendered":"<p>Fa\u00e7onn\u00e9 par son activisme militant et son mode de vie nomade qui la m\u00e8ne de son Italie natale \u00e0 la Russie, le parcours incandescent de Tina Modotti (1896-1942) suscite la fascination. Essentiellement produite entre 1923 et 1930, son oeuvre frappe par son caract\u00e8re fulgurant, de la photographie d&#8217;art de ses d\u00e9buts \u00e0 une approche plus [&hellip;]<\/p>\n","protected":false},"featured_media":38287,"template":"","meta":[],"product_cat":[55,2948,2958,17],"product_tag":[],"acf":[],"yoast_head":"<!-- This site is optimized with the Yoast SEO plugin v20.11 - https:\/\/yoast.com\/wordpress\/plugins\/seo\/ -->\n<title>Tina Modotti - Librairie 7L<\/title>\n<meta name=\"robots\" content=\"index, follow, max-snippet:-1, max-image-preview:large, max-video-preview:-1\" \/>\n<link rel=\"canonical\" href=\"https:\/\/librairie7l.com\/en\/produit\/tina-modotti\/\" \/>\n<meta property=\"og:locale\" content=\"en_US\" \/>\n<meta property=\"og:type\" content=\"article\" \/>\n<meta property=\"og:title\" content=\"Tina Modotti - Librairie 7L\" \/>\n<meta property=\"og:description\" content=\"Fa\u00e7onn\u00e9 par son activisme militant et son mode de vie nomade qui la m\u00e8ne de son Italie natale \u00e0 la Russie, le parcours incandescent de Tina Modotti (1896-1942) suscite la fascination. Essentiellement produite entre 1923 et 1930, son oeuvre frappe par son caract\u00e8re fulgurant, de la photographie d&#8217;art de ses d\u00e9buts \u00e0 une approche plus [&hellip;]\" \/>\n<meta property=\"og:url\" content=\"https:\/\/librairie7l.com\/en\/produit\/tina-modotti\/\" \/>\n<meta property=\"og:site_name\" content=\"Librairie 7L\" \/>\n<meta property=\"article:modified_time\" content=\"2026-04-18T04:53:59+00:00\" \/>\n<meta property=\"og:image\" content=\"https:\/\/librairie7l.com\/wp-content\/uploads\/2023\/09\/9782080431820_1_75.jpg\" \/>\n\t<meta property=\"og:image:width\" content=\"600\" \/>\n\t<meta property=\"og:image:height\" content=\"710\" \/>\n\t<meta property=\"og:image:type\" content=\"image\/jpeg\" \/>\n<meta name=\"twitter:card\" content=\"summary_large_image\" \/>\n<meta name=\"twitter:label1\" content=\"Est. reading time\" \/>\n\t<meta name=\"twitter:data1\" content=\"1 minute\" \/>\n<script type=\"application\/ld+json\" class=\"yoast-schema-graph\">{\"@context\":\"https:\/\/schema.org\",\"@graph\":[{\"@type\":\"WebPage\",\"@id\":\"https:\/\/librairie7l.com\/en\/produit\/tina-modotti\/\",\"url\":\"https:\/\/librairie7l.com\/en\/produit\/tina-modotti\/\",\"name\":\"Tina Modotti - Librairie 7L\",\"isPartOf\":{\"@id\":\"https:\/\/librairie7l.com\/en\/#website\"},\"datePublished\":\"2024-02-01T08:16:13+00:00\",\"dateModified\":\"2026-04-18T04:53:59+00:00\",\"breadcrumb\":{\"@id\":\"https:\/\/librairie7l.com\/en\/produit\/tina-modotti\/#breadcrumb\"},\"inLanguage\":\"en-US\",\"potentialAction\":[{\"@type\":\"ReadAction\",\"target\":[\"https:\/\/librairie7l.com\/en\/produit\/tina-modotti\/\"]}]},{\"@type\":\"BreadcrumbList\",\"@id\":\"https:\/\/librairie7l.com\/en\/produit\/tina-modotti\/#breadcrumb\",\"itemListElement\":[{\"@type\":\"ListItem\",\"position\":1,\"name\":\"Accueil\",\"item\":\"https:\/\/librairie7l.com\/en\/\"},{\"@type\":\"ListItem\",\"position\":2,\"name\":\"Shop\",\"item\":\"https:\/\/librairie7l.com\/en\/shop\/\"},{\"@type\":\"ListItem\",\"position\":3,\"name\":\"TINA MODOTTI\"}]},{\"@type\":\"WebSite\",\"@id\":\"https:\/\/librairie7l.com\/en\/#website\",\"url\":\"https:\/\/librairie7l.com\/en\/\",\"name\":\"Librairie 7L\",\"description\":\"Librairie fond\u00e9e en 1999 par Karl Lagerfeld \u00e0 Paris\",\"publisher\":{\"@id\":\"https:\/\/librairie7l.com\/en\/#organization\"},\"potentialAction\":[{\"@type\":\"SearchAction\",\"target\":{\"@type\":\"EntryPoint\",\"urlTemplate\":\"https:\/\/librairie7l.com\/en\/?s={search_term_string}\"},\"query-input\":\"required name=search_term_string\"}],\"inLanguage\":\"en-US\"},{\"@type\":\"Organization\",\"@id\":\"https:\/\/librairie7l.com\/en\/#organization\",\"name\":\"Librairie 7L\",\"url\":\"https:\/\/librairie7l.com\/en\/\",\"logo\":{\"@type\":\"ImageObject\",\"inLanguage\":\"en-US\",\"@id\":\"https:\/\/librairie7l.com\/en\/#\/schema\/logo\/image\/\",\"url\":\"https:\/\/librairie7l.com\/wp-content\/uploads\/2022\/08\/logo-1.png\",\"contentUrl\":\"https:\/\/librairie7l.com\/wp-content\/uploads\/2022\/08\/logo-1.png\",\"width\":227,\"height\":301,\"caption\":\"Librairie 7L\"},\"image\":{\"@id\":\"https:\/\/librairie7l.com\/en\/#\/schema\/logo\/image\/\"}}]}<\/script>\n<!-- \/ Yoast SEO plugin. -->","yoast_head_json":{"title":"Tina Modotti - Librairie 7L","robots":{"index":"index","follow":"follow","max-snippet":"max-snippet:-1","max-image-preview":"max-image-preview:large","max-video-preview":"max-video-preview:-1"},"canonical":"https:\/\/librairie7l.com\/en\/produit\/tina-modotti\/","og_locale":"en_US","og_type":"article","og_title":"Tina Modotti - Librairie 7L","og_description":"Fa\u00e7onn\u00e9 par son activisme militant et son mode de vie nomade qui la m\u00e8ne de son Italie natale \u00e0 la Russie, le parcours incandescent de Tina Modotti (1896-1942) suscite la fascination. Essentiellement produite entre 1923 et 1930, son oeuvre frappe par son caract\u00e8re fulgurant, de la photographie d&#8217;art de ses d\u00e9buts \u00e0 une approche plus [&hellip;]","og_url":"https:\/\/librairie7l.com\/en\/produit\/tina-modotti\/","og_site_name":"Librairie 7L","article_modified_time":"2026-04-18T04:53:59+00:00","og_image":[{"width":600,"height":710,"url":"https:\/\/librairie7l.com\/wp-content\/uploads\/2023\/09\/9782080431820_1_75.jpg","type":"image\/jpeg"}],"twitter_card":"summary_large_image","twitter_misc":{"Est. reading time":"1 minute"},"schema":{"@context":"https:\/\/schema.org","@graph":[{"@type":"WebPage","@id":"https:\/\/librairie7l.com\/en\/produit\/tina-modotti\/","url":"https:\/\/librairie7l.com\/en\/produit\/tina-modotti\/","name":"Tina Modotti - Librairie 7L","isPartOf":{"@id":"https:\/\/librairie7l.com\/en\/#website"},"datePublished":"2024-02-01T08:16:13+00:00","dateModified":"2026-04-18T04:53:59+00:00","breadcrumb":{"@id":"https:\/\/librairie7l.com\/en\/produit\/tina-modotti\/#breadcrumb"},"inLanguage":"en-US","potentialAction":[{"@type":"ReadAction","target":["https:\/\/librairie7l.com\/en\/produit\/tina-modotti\/"]}]},{"@type":"BreadcrumbList","@id":"https:\/\/librairie7l.com\/en\/produit\/tina-modotti\/#breadcrumb","itemListElement":[{"@type":"ListItem","position":1,"name":"Accueil","item":"https:\/\/librairie7l.com\/en\/"},{"@type":"ListItem","position":2,"name":"Shop","item":"https:\/\/librairie7l.com\/en\/shop\/"},{"@type":"ListItem","position":3,"name":"TINA MODOTTI"}]},{"@type":"WebSite","@id":"https:\/\/librairie7l.com\/en\/#website","url":"https:\/\/librairie7l.com\/en\/","name":"Librairie 7L","description":"Librairie fond\u00e9e en 1999 par Karl Lagerfeld \u00e0 Paris","publisher":{"@id":"https:\/\/librairie7l.com\/en\/#organization"},"potentialAction":[{"@type":"SearchAction","target":{"@type":"EntryPoint","urlTemplate":"https:\/\/librairie7l.com\/en\/?s={search_term_string}"},"query-input":"required name=search_term_string"}],"inLanguage":"en-US"},{"@type":"Organization","@id":"https:\/\/librairie7l.com\/en\/#organization","name":"Librairie 7L","url":"https:\/\/librairie7l.com\/en\/","logo":{"@type":"ImageObject","inLanguage":"en-US","@id":"https:\/\/librairie7l.com\/en\/#\/schema\/logo\/image\/","url":"https:\/\/librairie7l.com\/wp-content\/uploads\/2022\/08\/logo-1.png","contentUrl":"https:\/\/librairie7l.com\/wp-content\/uploads\/2022\/08\/logo-1.png","width":227,"height":301,"caption":"Librairie 7L"},"image":{"@id":"https:\/\/librairie7l.com\/en\/#\/schema\/logo\/image\/"}}]}},"_links":{"self":[{"href":"https:\/\/librairie7l.com\/en\/wp-json\/wp\/v2\/product\/38289"}],"collection":[{"href":"https:\/\/librairie7l.com\/en\/wp-json\/wp\/v2\/product"}],"about":[{"href":"https:\/\/librairie7l.com\/en\/wp-json\/wp\/v2\/types\/product"}],"wp:featuredmedia":[{"embeddable":true,"href":"https:\/\/librairie7l.com\/en\/wp-json\/wp\/v2\/media\/38287"}],"wp:attachment":[{"href":"https:\/\/librairie7l.com\/en\/wp-json\/wp\/v2\/media?parent=38289"}],"wp:term":[{"taxonomy":"product_cat","embeddable":true,"href":"https:\/\/librairie7l.com\/en\/wp-json\/wp\/v2\/product_cat?post=38289"},{"taxonomy":"product_tag","embeddable":true,"href":"https:\/\/librairie7l.com\/en\/wp-json\/wp\/v2\/product_tag?post=38289"}],"curies":[{"name":"wp","href":"https:\/\/api.w.org\/{rel}","templated":true}]}}