{"id":38293,"date":"2024-02-01T09:16:17","date_gmt":"2024-02-01T08:16:17","guid":{"rendered":"https:\/\/librairie7l.com\/?post_type=product&#038;p=38293"},"modified":"2026-04-30T07:11:14","modified_gmt":"2026-04-30T05:11:14","slug":"une-breve-histoire-du-droit-dauteur-de-lantiquite-a-lintelligence-artificielle","status":"publish","type":"product","link":"https:\/\/librairie7l.com\/en\/produit\/une-breve-histoire-du-droit-dauteur-de-lantiquite-a-lintelligence-artificielle\/","title":{"rendered":"UNE BR\u00c8VE HISTOIRE DU DROIT D&#8217;AUTEUR : DE L&#8217;ANTIQUIT\u00c9 \u00c0 L&#8217;INTELLIGENCE ARTIFICIELLE"},"content":{"rendered":"<p>Intelligence artificielle, NFT, impression 3D&#8230; Les r\u00e9volutions technologiques contemporaines mettent au d\u00e9fi le statut des oeuvres d&#8217;art et la d\u00e9fense des droits des artistes. Afin d&#8217;appr\u00e9hender ces enjeux du XXI? si\u00e8cle, il est capital de comprendre la longue lutte men\u00e9e par les artistes pour la protection de leurs oeuvres. S&#8217;appuyant sur les moments les plus significatifs qui ont \u00e9maill\u00e9 la sc\u00e8ne politique, juridique et culturelle fran\u00e7aise et internationale, ce livre propose une plong\u00e9e savante et passionnante dans l&#8217;histoire du droit d&#8217;auteur et permet ainsi de comprendre comment s&#8217;est progressivement forg\u00e9e la propri\u00e9t\u00e9 artistique.<\/p>\n","protected":false},"excerpt":{"rendered":"<p>Intelligence artificielle, NFT, impression 3D&#8230; Les r\u00e9volutions technologiques contemporaines mettent au d\u00e9fi le statut des oeuvres d&#8217;art et la d\u00e9fense des droits des artistes. Afin d&#8217;appr\u00e9hender ces enjeux du XXI? si\u00e8cle, il est capital de comprendre la longue lutte men\u00e9e par les artistes pour la protection de leurs oeuvres. S&#8217;appuyant sur les moments les plus [&hellip;]<\/p>\n","protected":false},"featured_media":38291,"template":"","meta":[],"product_cat":[55,2948,47,2953],"product_tag":[],"acf":[],"yoast_head":"<!-- This site is optimized with the Yoast SEO plugin v20.11 - https:\/\/yoast.com\/wordpress\/plugins\/seo\/ -->\n<title>Une br\u00e8ve histoire du droit d&#039;auteur : de l&#039;Antiquit\u00e9 \u00e0 l&#039;intelligence artificielle - Librairie 7L<\/title>\n<meta name=\"robots\" content=\"index, follow, max-snippet:-1, max-image-preview:large, max-video-preview:-1\" \/>\n<link rel=\"canonical\" href=\"https:\/\/librairie7l.com\/en\/produit\/une-breve-histoire-du-droit-dauteur-de-lantiquite-a-lintelligence-artificielle\/\" \/>\n<meta property=\"og:locale\" content=\"en_US\" \/>\n<meta property=\"og:type\" content=\"article\" \/>\n<meta property=\"og:title\" content=\"Une br\u00e8ve histoire du droit d&#039;auteur : de l&#039;Antiquit\u00e9 \u00e0 l&#039;intelligence artificielle - Librairie 7L\" \/>\n<meta property=\"og:description\" content=\"Intelligence artificielle, NFT, impression 3D&#8230; Les r\u00e9volutions technologiques contemporaines mettent au d\u00e9fi le statut des oeuvres d&#8217;art et la d\u00e9fense des droits des artistes. Afin d&#8217;appr\u00e9hender ces enjeux du XXI? si\u00e8cle, il est capital de comprendre la longue lutte men\u00e9e par les artistes pour la protection de leurs oeuvres. S&#8217;appuyant sur les moments les plus [&hellip;]\" \/>\n<meta property=\"og:url\" content=\"https:\/\/librairie7l.com\/en\/produit\/une-breve-histoire-du-droit-dauteur-de-lantiquite-a-lintelligence-artificielle\/\" \/>\n<meta property=\"og:site_name\" content=\"Librairie 7L\" \/>\n<meta property=\"article:modified_time\" content=\"2026-04-30T05:11:14+00:00\" \/>\n<meta property=\"og:image\" content=\"https:\/\/librairie7l.com\/wp-content\/uploads\/2023\/09\/9782080435293_1_75.jpg\" \/>\n\t<meta property=\"og:image:width\" content=\"600\" \/>\n\t<meta property=\"og:image:height\" content=\"829\" \/>\n\t<meta property=\"og:image:type\" content=\"image\/jpeg\" \/>\n<meta name=\"twitter:card\" content=\"summary_large_image\" \/>\n<meta name=\"twitter:label1\" content=\"Est. reading time\" \/>\n\t<meta name=\"twitter:data1\" content=\"1 minute\" \/>\n<script type=\"application\/ld+json\" class=\"yoast-schema-graph\">{\"@context\":\"https:\/\/schema.org\",\"@graph\":[{\"@type\":\"WebPage\",\"@id\":\"https:\/\/librairie7l.com\/en\/produit\/une-breve-histoire-du-droit-dauteur-de-lantiquite-a-lintelligence-artificielle\/\",\"url\":\"https:\/\/librairie7l.com\/en\/produit\/une-breve-histoire-du-droit-dauteur-de-lantiquite-a-lintelligence-artificielle\/\",\"name\":\"Une br\u00e8ve histoire du droit d'auteur : de l'Antiquit\u00e9 \u00e0 l'intelligence artificielle - Librairie 7L\",\"isPartOf\":{\"@id\":\"https:\/\/librairie7l.com\/en\/#website\"},\"datePublished\":\"2024-02-01T08:16:17+00:00\",\"dateModified\":\"2026-04-30T05:11:14+00:00\",\"breadcrumb\":{\"@id\":\"https:\/\/librairie7l.com\/en\/produit\/une-breve-histoire-du-droit-dauteur-de-lantiquite-a-lintelligence-artificielle\/#breadcrumb\"},\"inLanguage\":\"en-US\",\"potentialAction\":[{\"@type\":\"ReadAction\",\"target\":[\"https:\/\/librairie7l.com\/en\/produit\/une-breve-histoire-du-droit-dauteur-de-lantiquite-a-lintelligence-artificielle\/\"]}]},{\"@type\":\"BreadcrumbList\",\"@id\":\"https:\/\/librairie7l.com\/en\/produit\/une-breve-histoire-du-droit-dauteur-de-lantiquite-a-lintelligence-artificielle\/#breadcrumb\",\"itemListElement\":[{\"@type\":\"ListItem\",\"position\":1,\"name\":\"Accueil\",\"item\":\"https:\/\/librairie7l.com\/en\/\"},{\"@type\":\"ListItem\",\"position\":2,\"name\":\"Shop\",\"item\":\"https:\/\/librairie7l.com\/en\/shop\/\"},{\"@type\":\"ListItem\",\"position\":3,\"name\":\"UNE BR\u00c8VE HISTOIRE DU DROIT D&#8217;AUTEUR : DE L&#8217;ANTIQUIT\u00c9 \u00c0 L&#8217;INTELLIGENCE ARTIFICIELLE\"}]},{\"@type\":\"WebSite\",\"@id\":\"https:\/\/librairie7l.com\/en\/#website\",\"url\":\"https:\/\/librairie7l.com\/en\/\",\"name\":\"Librairie 7L\",\"description\":\"Librairie fond\u00e9e en 1999 par Karl Lagerfeld \u00e0 Paris\",\"publisher\":{\"@id\":\"https:\/\/librairie7l.com\/en\/#organization\"},\"potentialAction\":[{\"@type\":\"SearchAction\",\"target\":{\"@type\":\"EntryPoint\",\"urlTemplate\":\"https:\/\/librairie7l.com\/en\/?s={search_term_string}\"},\"query-input\":\"required name=search_term_string\"}],\"inLanguage\":\"en-US\"},{\"@type\":\"Organization\",\"@id\":\"https:\/\/librairie7l.com\/en\/#organization\",\"name\":\"Librairie 7L\",\"url\":\"https:\/\/librairie7l.com\/en\/\",\"logo\":{\"@type\":\"ImageObject\",\"inLanguage\":\"en-US\",\"@id\":\"https:\/\/librairie7l.com\/en\/#\/schema\/logo\/image\/\",\"url\":\"https:\/\/librairie7l.com\/wp-content\/uploads\/2022\/08\/logo-1.png\",\"contentUrl\":\"https:\/\/librairie7l.com\/wp-content\/uploads\/2022\/08\/logo-1.png\",\"width\":227,\"height\":301,\"caption\":\"Librairie 7L\"},\"image\":{\"@id\":\"https:\/\/librairie7l.com\/en\/#\/schema\/logo\/image\/\"}}]}<\/script>\n<!-- \/ Yoast SEO plugin. -->","yoast_head_json":{"title":"Une br\u00e8ve histoire du droit d'auteur : de l'Antiquit\u00e9 \u00e0 l'intelligence artificielle - Librairie 7L","robots":{"index":"index","follow":"follow","max-snippet":"max-snippet:-1","max-image-preview":"max-image-preview:large","max-video-preview":"max-video-preview:-1"},"canonical":"https:\/\/librairie7l.com\/en\/produit\/une-breve-histoire-du-droit-dauteur-de-lantiquite-a-lintelligence-artificielle\/","og_locale":"en_US","og_type":"article","og_title":"Une br\u00e8ve histoire du droit d'auteur : de l'Antiquit\u00e9 \u00e0 l'intelligence artificielle - Librairie 7L","og_description":"Intelligence artificielle, NFT, impression 3D&#8230; Les r\u00e9volutions technologiques contemporaines mettent au d\u00e9fi le statut des oeuvres d&#8217;art et la d\u00e9fense des droits des artistes. Afin d&#8217;appr\u00e9hender ces enjeux du XXI? si\u00e8cle, il est capital de comprendre la longue lutte men\u00e9e par les artistes pour la protection de leurs oeuvres. S&#8217;appuyant sur les moments les plus [&hellip;]","og_url":"https:\/\/librairie7l.com\/en\/produit\/une-breve-histoire-du-droit-dauteur-de-lantiquite-a-lintelligence-artificielle\/","og_site_name":"Librairie 7L","article_modified_time":"2026-04-30T05:11:14+00:00","og_image":[{"width":600,"height":829,"url":"https:\/\/librairie7l.com\/wp-content\/uploads\/2023\/09\/9782080435293_1_75.jpg","type":"image\/jpeg"}],"twitter_card":"summary_large_image","twitter_misc":{"Est. reading time":"1 minute"},"schema":{"@context":"https:\/\/schema.org","@graph":[{"@type":"WebPage","@id":"https:\/\/librairie7l.com\/en\/produit\/une-breve-histoire-du-droit-dauteur-de-lantiquite-a-lintelligence-artificielle\/","url":"https:\/\/librairie7l.com\/en\/produit\/une-breve-histoire-du-droit-dauteur-de-lantiquite-a-lintelligence-artificielle\/","name":"Une br\u00e8ve histoire du droit d'auteur : de l'Antiquit\u00e9 \u00e0 l'intelligence artificielle - Librairie 7L","isPartOf":{"@id":"https:\/\/librairie7l.com\/en\/#website"},"datePublished":"2024-02-01T08:16:17+00:00","dateModified":"2026-04-30T05:11:14+00:00","breadcrumb":{"@id":"https:\/\/librairie7l.com\/en\/produit\/une-breve-histoire-du-droit-dauteur-de-lantiquite-a-lintelligence-artificielle\/#breadcrumb"},"inLanguage":"en-US","potentialAction":[{"@type":"ReadAction","target":["https:\/\/librairie7l.com\/en\/produit\/une-breve-histoire-du-droit-dauteur-de-lantiquite-a-lintelligence-artificielle\/"]}]},{"@type":"BreadcrumbList","@id":"https:\/\/librairie7l.com\/en\/produit\/une-breve-histoire-du-droit-dauteur-de-lantiquite-a-lintelligence-artificielle\/#breadcrumb","itemListElement":[{"@type":"ListItem","position":1,"name":"Accueil","item":"https:\/\/librairie7l.com\/en\/"},{"@type":"ListItem","position":2,"name":"Shop","item":"https:\/\/librairie7l.com\/en\/shop\/"},{"@type":"ListItem","position":3,"name":"UNE BR\u00c8VE HISTOIRE DU DROIT D&#8217;AUTEUR : DE L&#8217;ANTIQUIT\u00c9 \u00c0 L&#8217;INTELLIGENCE ARTIFICIELLE"}]},{"@type":"WebSite","@id":"https:\/\/librairie7l.com\/en\/#website","url":"https:\/\/librairie7l.com\/en\/","name":"Librairie 7L","description":"Librairie fond\u00e9e en 1999 par Karl Lagerfeld \u00e0 Paris","publisher":{"@id":"https:\/\/librairie7l.com\/en\/#organization"},"potentialAction":[{"@type":"SearchAction","target":{"@type":"EntryPoint","urlTemplate":"https:\/\/librairie7l.com\/en\/?s={search_term_string}"},"query-input":"required name=search_term_string"}],"inLanguage":"en-US"},{"@type":"Organization","@id":"https:\/\/librairie7l.com\/en\/#organization","name":"Librairie 7L","url":"https:\/\/librairie7l.com\/en\/","logo":{"@type":"ImageObject","inLanguage":"en-US","@id":"https:\/\/librairie7l.com\/en\/#\/schema\/logo\/image\/","url":"https:\/\/librairie7l.com\/wp-content\/uploads\/2022\/08\/logo-1.png","contentUrl":"https:\/\/librairie7l.com\/wp-content\/uploads\/2022\/08\/logo-1.png","width":227,"height":301,"caption":"Librairie 7L"},"image":{"@id":"https:\/\/librairie7l.com\/en\/#\/schema\/logo\/image\/"}}]}},"_links":{"self":[{"href":"https:\/\/librairie7l.com\/en\/wp-json\/wp\/v2\/product\/38293"}],"collection":[{"href":"https:\/\/librairie7l.com\/en\/wp-json\/wp\/v2\/product"}],"about":[{"href":"https:\/\/librairie7l.com\/en\/wp-json\/wp\/v2\/types\/product"}],"wp:featuredmedia":[{"embeddable":true,"href":"https:\/\/librairie7l.com\/en\/wp-json\/wp\/v2\/media\/38291"}],"wp:attachment":[{"href":"https:\/\/librairie7l.com\/en\/wp-json\/wp\/v2\/media?parent=38293"}],"wp:term":[{"taxonomy":"product_cat","embeddable":true,"href":"https:\/\/librairie7l.com\/en\/wp-json\/wp\/v2\/product_cat?post=38293"},{"taxonomy":"product_tag","embeddable":true,"href":"https:\/\/librairie7l.com\/en\/wp-json\/wp\/v2\/product_tag?post=38293"}],"curies":[{"name":"wp","href":"https:\/\/api.w.org\/{rel}","templated":true}]}}