{"id":38297,"date":"2024-02-01T09:16:21","date_gmt":"2024-02-01T08:16:21","guid":{"rendered":"https:\/\/librairie7l.com\/?post_type=product&#038;p=38297"},"modified":"2026-04-10T17:48:53","modified_gmt":"2026-04-10T15:48:53","slug":"salvador-dali","status":"publish","type":"product","link":"https:\/\/librairie7l.com\/en\/produit\/salvador-dali\/","title":{"rendered":"SALVADOR DALI"},"content":{"rendered":"<p>Dali d\u00e9poussi\u00e9r\u00e9. Dali dans la proximit\u00e9 de Warhol et de Duchamp, voil\u00e0 ce que ce livre s&#8217;attache \u00e0 faire d\u00e9couvrir ici plut\u00f4t &#8211; ou tout autant &#8211; qu&#8217;un Dali en ic\u00f4ne surr\u00e9aliste, ce qu&#8217;il fut peu de temps, finalement : de 1929 \u00e0 1939. Un Dali fascin\u00e9 par la physique quantique et la th\u00e9orie des catastrophes autant que par la toute-puissance du r\u00eave et de l&#8217;inconscient. Un Dali qui doit plus \u00e0 Lorca qu&#8217;\u00e0 Gala. M\u00eame amoureusement. Un Dali qui \u00e9crit une autobiographie, un roman, des po\u00e8mes, cr\u00e9e des d\u00e9cors, \u00e9crit des sc\u00e9narios, fait de la pub. Un Dali chez qui, tr\u00e8s vite, l&#8217;attitude prend le pas sur la forme. Un Dali moderne, qui traverse l&#8217;art conceptuel, annonce l&#8217;hyperr\u00e9alisme, ose \u00eatre litt\u00e9raire dans sa peinture. Adore Roussel. Invente l&#8217;objet. Dali comme il faut le r\u00e9examiner aujourd&#8217;hui. Comme le fait ici Michel Nuridsany dans la nouvelle \u00e9dition de cette biographie amus\u00e9e et allante qui va \u00e0 la fois au nerf et dans les d\u00e9tails. Avec un plaisir communicatif.<\/p>\n","protected":false},"excerpt":{"rendered":"<p>Dali d\u00e9poussi\u00e9r\u00e9. Dali dans la proximit\u00e9 de Warhol et de Duchamp, voil\u00e0 ce que ce livre s&#8217;attache \u00e0 faire d\u00e9couvrir ici plut\u00f4t &#8211; ou tout autant &#8211; qu&#8217;un Dali en ic\u00f4ne surr\u00e9aliste, ce qu&#8217;il fut peu de temps, finalement : de 1929 \u00e0 1939. Un Dali fascin\u00e9 par la physique quantique et la th\u00e9orie des [&hellip;]<\/p>\n","protected":false},"featured_media":38295,"template":"","meta":[],"product_cat":[55,2948,47,2953],"product_tag":[],"acf":[],"yoast_head":"<!-- This site is optimized with the Yoast SEO plugin v20.11 - https:\/\/yoast.com\/wordpress\/plugins\/seo\/ -->\n<title>Salvador Dali - Librairie 7L<\/title>\n<meta name=\"robots\" content=\"index, follow, max-snippet:-1, max-image-preview:large, max-video-preview:-1\" \/>\n<link rel=\"canonical\" href=\"https:\/\/librairie7l.com\/en\/produit\/salvador-dali\/\" \/>\n<meta property=\"og:locale\" content=\"en_US\" \/>\n<meta property=\"og:type\" content=\"article\" \/>\n<meta property=\"og:title\" content=\"Salvador Dali - Librairie 7L\" \/>\n<meta property=\"og:description\" content=\"Dali d\u00e9poussi\u00e9r\u00e9. Dali dans la proximit\u00e9 de Warhol et de Duchamp, voil\u00e0 ce que ce livre s&#8217;attache \u00e0 faire d\u00e9couvrir ici plut\u00f4t &#8211; ou tout autant &#8211; qu&#8217;un Dali en ic\u00f4ne surr\u00e9aliste, ce qu&#8217;il fut peu de temps, finalement : de 1929 \u00e0 1939. Un Dali fascin\u00e9 par la physique quantique et la th\u00e9orie des [&hellip;]\" \/>\n<meta property=\"og:url\" content=\"https:\/\/librairie7l.com\/en\/produit\/salvador-dali\/\" \/>\n<meta property=\"og:site_name\" content=\"Librairie 7L\" \/>\n<meta property=\"article:modified_time\" content=\"2026-04-10T15:48:53+00:00\" \/>\n<meta property=\"og:image\" content=\"https:\/\/librairie7l.com\/wp-content\/uploads\/2023\/09\/9782080439048_1_75.jpg\" \/>\n\t<meta property=\"og:image:width\" content=\"600\" \/>\n\t<meta property=\"og:image:height\" content=\"935\" \/>\n\t<meta property=\"og:image:type\" content=\"image\/jpeg\" \/>\n<meta name=\"twitter:card\" content=\"summary_large_image\" \/>\n<meta name=\"twitter:label1\" content=\"Est. reading time\" \/>\n\t<meta name=\"twitter:data1\" content=\"1 minute\" \/>\n<script type=\"application\/ld+json\" class=\"yoast-schema-graph\">{\"@context\":\"https:\/\/schema.org\",\"@graph\":[{\"@type\":\"WebPage\",\"@id\":\"https:\/\/librairie7l.com\/en\/produit\/salvador-dali\/\",\"url\":\"https:\/\/librairie7l.com\/en\/produit\/salvador-dali\/\",\"name\":\"Salvador Dali - Librairie 7L\",\"isPartOf\":{\"@id\":\"https:\/\/librairie7l.com\/en\/#website\"},\"datePublished\":\"2024-02-01T08:16:21+00:00\",\"dateModified\":\"2026-04-10T15:48:53+00:00\",\"breadcrumb\":{\"@id\":\"https:\/\/librairie7l.com\/en\/produit\/salvador-dali\/#breadcrumb\"},\"inLanguage\":\"en-US\",\"potentialAction\":[{\"@type\":\"ReadAction\",\"target\":[\"https:\/\/librairie7l.com\/en\/produit\/salvador-dali\/\"]}]},{\"@type\":\"BreadcrumbList\",\"@id\":\"https:\/\/librairie7l.com\/en\/produit\/salvador-dali\/#breadcrumb\",\"itemListElement\":[{\"@type\":\"ListItem\",\"position\":1,\"name\":\"Accueil\",\"item\":\"https:\/\/librairie7l.com\/en\/\"},{\"@type\":\"ListItem\",\"position\":2,\"name\":\"Shop\",\"item\":\"https:\/\/librairie7l.com\/en\/shop\/\"},{\"@type\":\"ListItem\",\"position\":3,\"name\":\"SALVADOR DALI\"}]},{\"@type\":\"WebSite\",\"@id\":\"https:\/\/librairie7l.com\/en\/#website\",\"url\":\"https:\/\/librairie7l.com\/en\/\",\"name\":\"Librairie 7L\",\"description\":\"Librairie fond\u00e9e en 1999 par Karl Lagerfeld \u00e0 Paris\",\"publisher\":{\"@id\":\"https:\/\/librairie7l.com\/en\/#organization\"},\"potentialAction\":[{\"@type\":\"SearchAction\",\"target\":{\"@type\":\"EntryPoint\",\"urlTemplate\":\"https:\/\/librairie7l.com\/en\/?s={search_term_string}\"},\"query-input\":\"required name=search_term_string\"}],\"inLanguage\":\"en-US\"},{\"@type\":\"Organization\",\"@id\":\"https:\/\/librairie7l.com\/en\/#organization\",\"name\":\"Librairie 7L\",\"url\":\"https:\/\/librairie7l.com\/en\/\",\"logo\":{\"@type\":\"ImageObject\",\"inLanguage\":\"en-US\",\"@id\":\"https:\/\/librairie7l.com\/en\/#\/schema\/logo\/image\/\",\"url\":\"https:\/\/librairie7l.com\/wp-content\/uploads\/2022\/08\/logo-1.png\",\"contentUrl\":\"https:\/\/librairie7l.com\/wp-content\/uploads\/2022\/08\/logo-1.png\",\"width\":227,\"height\":301,\"caption\":\"Librairie 7L\"},\"image\":{\"@id\":\"https:\/\/librairie7l.com\/en\/#\/schema\/logo\/image\/\"}}]}<\/script>\n<!-- \/ Yoast SEO plugin. -->","yoast_head_json":{"title":"Salvador Dali - Librairie 7L","robots":{"index":"index","follow":"follow","max-snippet":"max-snippet:-1","max-image-preview":"max-image-preview:large","max-video-preview":"max-video-preview:-1"},"canonical":"https:\/\/librairie7l.com\/en\/produit\/salvador-dali\/","og_locale":"en_US","og_type":"article","og_title":"Salvador Dali - Librairie 7L","og_description":"Dali d\u00e9poussi\u00e9r\u00e9. Dali dans la proximit\u00e9 de Warhol et de Duchamp, voil\u00e0 ce que ce livre s&#8217;attache \u00e0 faire d\u00e9couvrir ici plut\u00f4t &#8211; ou tout autant &#8211; qu&#8217;un Dali en ic\u00f4ne surr\u00e9aliste, ce qu&#8217;il fut peu de temps, finalement : de 1929 \u00e0 1939. Un Dali fascin\u00e9 par la physique quantique et la th\u00e9orie des [&hellip;]","og_url":"https:\/\/librairie7l.com\/en\/produit\/salvador-dali\/","og_site_name":"Librairie 7L","article_modified_time":"2026-04-10T15:48:53+00:00","og_image":[{"width":600,"height":935,"url":"https:\/\/librairie7l.com\/wp-content\/uploads\/2023\/09\/9782080439048_1_75.jpg","type":"image\/jpeg"}],"twitter_card":"summary_large_image","twitter_misc":{"Est. reading time":"1 minute"},"schema":{"@context":"https:\/\/schema.org","@graph":[{"@type":"WebPage","@id":"https:\/\/librairie7l.com\/en\/produit\/salvador-dali\/","url":"https:\/\/librairie7l.com\/en\/produit\/salvador-dali\/","name":"Salvador Dali - Librairie 7L","isPartOf":{"@id":"https:\/\/librairie7l.com\/en\/#website"},"datePublished":"2024-02-01T08:16:21+00:00","dateModified":"2026-04-10T15:48:53+00:00","breadcrumb":{"@id":"https:\/\/librairie7l.com\/en\/produit\/salvador-dali\/#breadcrumb"},"inLanguage":"en-US","potentialAction":[{"@type":"ReadAction","target":["https:\/\/librairie7l.com\/en\/produit\/salvador-dali\/"]}]},{"@type":"BreadcrumbList","@id":"https:\/\/librairie7l.com\/en\/produit\/salvador-dali\/#breadcrumb","itemListElement":[{"@type":"ListItem","position":1,"name":"Accueil","item":"https:\/\/librairie7l.com\/en\/"},{"@type":"ListItem","position":2,"name":"Shop","item":"https:\/\/librairie7l.com\/en\/shop\/"},{"@type":"ListItem","position":3,"name":"SALVADOR DALI"}]},{"@type":"WebSite","@id":"https:\/\/librairie7l.com\/en\/#website","url":"https:\/\/librairie7l.com\/en\/","name":"Librairie 7L","description":"Librairie fond\u00e9e en 1999 par Karl Lagerfeld \u00e0 Paris","publisher":{"@id":"https:\/\/librairie7l.com\/en\/#organization"},"potentialAction":[{"@type":"SearchAction","target":{"@type":"EntryPoint","urlTemplate":"https:\/\/librairie7l.com\/en\/?s={search_term_string}"},"query-input":"required name=search_term_string"}],"inLanguage":"en-US"},{"@type":"Organization","@id":"https:\/\/librairie7l.com\/en\/#organization","name":"Librairie 7L","url":"https:\/\/librairie7l.com\/en\/","logo":{"@type":"ImageObject","inLanguage":"en-US","@id":"https:\/\/librairie7l.com\/en\/#\/schema\/logo\/image\/","url":"https:\/\/librairie7l.com\/wp-content\/uploads\/2022\/08\/logo-1.png","contentUrl":"https:\/\/librairie7l.com\/wp-content\/uploads\/2022\/08\/logo-1.png","width":227,"height":301,"caption":"Librairie 7L"},"image":{"@id":"https:\/\/librairie7l.com\/en\/#\/schema\/logo\/image\/"}}]}},"_links":{"self":[{"href":"https:\/\/librairie7l.com\/en\/wp-json\/wp\/v2\/product\/38297"}],"collection":[{"href":"https:\/\/librairie7l.com\/en\/wp-json\/wp\/v2\/product"}],"about":[{"href":"https:\/\/librairie7l.com\/en\/wp-json\/wp\/v2\/types\/product"}],"wp:featuredmedia":[{"embeddable":true,"href":"https:\/\/librairie7l.com\/en\/wp-json\/wp\/v2\/media\/38295"}],"wp:attachment":[{"href":"https:\/\/librairie7l.com\/en\/wp-json\/wp\/v2\/media?parent=38297"}],"wp:term":[{"taxonomy":"product_cat","embeddable":true,"href":"https:\/\/librairie7l.com\/en\/wp-json\/wp\/v2\/product_cat?post=38297"},{"taxonomy":"product_tag","embeddable":true,"href":"https:\/\/librairie7l.com\/en\/wp-json\/wp\/v2\/product_tag?post=38297"}],"curies":[{"name":"wp","href":"https:\/\/api.w.org\/{rel}","templated":true}]}}