{"id":38307,"date":"2024-02-06T09:07:25","date_gmt":"2024-02-06T08:07:25","guid":{"rendered":"https:\/\/librairie7l.com\/?post_type=product&#038;p=38307"},"modified":"2026-04-08T13:29:37","modified_gmt":"2026-04-08T11:29:37","slug":"die-flache-design-and-lettering-of-the-vienna-secession-1902-1911","status":"publish","type":"product","link":"https:\/\/librairie7l.com\/en\/produit\/die-flache-design-and-lettering-of-the-vienna-secession-1902-1911\/","title":{"rendered":"DIE FLACHE DESIGN AND LETTERING OF THE VIENNA SECESSION, 1902-1911"},"content":{"rendered":"<p>Point de rep\u00e8re du modernisme graphique, le magazine de la S\u00e9cession viennoise a \u00e9t\u00e9 fond\u00e9 entre autres par Koloman Moser, Alfred Roller, Josef Hoffmann, Bertold Loffler, figures embl\u00e9matiques de la S\u00e9cession viennoise et de la Wiener Werkst\u00e4tte &#8211; Die Fl\u00e4che (La Surface). Cette revue a pr\u00e9sent\u00e9 au fil des num\u00e9ro une vision de groupe extraordinaire du design graphique \u00e0 travers des projets aventureux r\u00e9alis\u00e9s par ces professeurs-designers et par plus de 100 de leurs \u00e9tudiants. Rempli d&#8217;id\u00e9es audacieuses pour des affiches, des publicit\u00e9s, des couvertures de livres, des gravures sur bois et bien plus encore, le r\u00e9sultat est un recueil in\u00e9puisable de formes graphiques, d&#8217;id\u00e9es modernes et d&#8217;exp\u00e9riences techniques, refl\u00e9tant toutes une r\u00e9orientation de la pratique et de l&#8217;enseignement du design qui trouverait un \u00e9cho dans le monde entier. Ce fac-simil\u00e9 grandeur nature des 14 num\u00e9ros de Die Fl\u00e4che permet de d\u00e9couvrir ces archives rares, enrichies de nouveaux essais et de traductions in\u00e9dites.<\/p>\n","protected":false},"excerpt":{"rendered":"<p>Point de rep\u00e8re du modernisme graphique, le magazine de la S\u00e9cession viennoise a \u00e9t\u00e9 fond\u00e9 entre autres par Koloman Moser, Alfred Roller, Josef Hoffmann, Bertold Loffler, figures embl\u00e9matiques de la S\u00e9cession viennoise et de la Wiener Werkst\u00e4tte &#8211; Die Fl\u00e4che (La Surface). Cette revue a pr\u00e9sent\u00e9 au fil des num\u00e9ro une vision de groupe extraordinaire [&hellip;]<\/p>\n","protected":false},"featured_media":38305,"template":"","meta":[],"product_cat":[55,2948,18,2952],"product_tag":[],"acf":[],"yoast_head":"<!-- This site is optimized with the Yoast SEO plugin v20.11 - https:\/\/yoast.com\/wordpress\/plugins\/seo\/ -->\n<title>Die flache design and lettering of the Vienna secession, 1902-1911 - Librairie 7L<\/title>\n<meta name=\"robots\" content=\"index, follow, max-snippet:-1, max-image-preview:large, max-video-preview:-1\" \/>\n<link rel=\"canonical\" href=\"https:\/\/librairie7l.com\/en\/produit\/die-flache-design-and-lettering-of-the-vienna-secession-1902-1911\/\" \/>\n<meta property=\"og:locale\" content=\"en_US\" \/>\n<meta property=\"og:type\" content=\"article\" \/>\n<meta property=\"og:title\" content=\"Die flache design and lettering of the Vienna secession, 1902-1911 - Librairie 7L\" \/>\n<meta property=\"og:description\" content=\"Point de rep\u00e8re du modernisme graphique, le magazine de la S\u00e9cession viennoise a \u00e9t\u00e9 fond\u00e9 entre autres par Koloman Moser, Alfred Roller, Josef Hoffmann, Bertold Loffler, figures embl\u00e9matiques de la S\u00e9cession viennoise et de la Wiener Werkst\u00e4tte &#8211; Die Fl\u00e4che (La Surface). Cette revue a pr\u00e9sent\u00e9 au fil des num\u00e9ro une vision de groupe extraordinaire [&hellip;]\" \/>\n<meta property=\"og:url\" content=\"https:\/\/librairie7l.com\/en\/produit\/die-flache-design-and-lettering-of-the-vienna-secession-1902-1911\/\" \/>\n<meta property=\"og:site_name\" content=\"Librairie 7L\" \/>\n<meta property=\"article:modified_time\" content=\"2026-04-08T11:29:37+00:00\" \/>\n<meta property=\"og:image\" content=\"https:\/\/librairie7l.com\/wp-content\/uploads\/2022\/06\/9781736863312_1_75.jpg\" \/>\n\t<meta property=\"og:image:width\" content=\"329\" \/>\n\t<meta property=\"og:image:height\" content=\"500\" \/>\n\t<meta property=\"og:image:type\" content=\"image\/jpeg\" \/>\n<meta name=\"twitter:card\" content=\"summary_large_image\" \/>\n<meta name=\"twitter:label1\" content=\"Est. reading time\" \/>\n\t<meta name=\"twitter:data1\" content=\"1 minute\" \/>\n<script type=\"application\/ld+json\" class=\"yoast-schema-graph\">{\"@context\":\"https:\/\/schema.org\",\"@graph\":[{\"@type\":\"WebPage\",\"@id\":\"https:\/\/librairie7l.com\/en\/produit\/die-flache-design-and-lettering-of-the-vienna-secession-1902-1911\/\",\"url\":\"https:\/\/librairie7l.com\/en\/produit\/die-flache-design-and-lettering-of-the-vienna-secession-1902-1911\/\",\"name\":\"Die flache design and lettering of the Vienna secession, 1902-1911 - Librairie 7L\",\"isPartOf\":{\"@id\":\"https:\/\/librairie7l.com\/en\/#website\"},\"datePublished\":\"2024-02-06T08:07:25+00:00\",\"dateModified\":\"2026-04-08T11:29:37+00:00\",\"breadcrumb\":{\"@id\":\"https:\/\/librairie7l.com\/en\/produit\/die-flache-design-and-lettering-of-the-vienna-secession-1902-1911\/#breadcrumb\"},\"inLanguage\":\"en-US\",\"potentialAction\":[{\"@type\":\"ReadAction\",\"target\":[\"https:\/\/librairie7l.com\/en\/produit\/die-flache-design-and-lettering-of-the-vienna-secession-1902-1911\/\"]}]},{\"@type\":\"BreadcrumbList\",\"@id\":\"https:\/\/librairie7l.com\/en\/produit\/die-flache-design-and-lettering-of-the-vienna-secession-1902-1911\/#breadcrumb\",\"itemListElement\":[{\"@type\":\"ListItem\",\"position\":1,\"name\":\"Accueil\",\"item\":\"https:\/\/librairie7l.com\/en\/\"},{\"@type\":\"ListItem\",\"position\":2,\"name\":\"Shop\",\"item\":\"https:\/\/librairie7l.com\/en\/shop\/\"},{\"@type\":\"ListItem\",\"position\":3,\"name\":\"DIE FLACHE DESIGN AND LETTERING OF THE VIENNA SECESSION, 1902-1911\"}]},{\"@type\":\"WebSite\",\"@id\":\"https:\/\/librairie7l.com\/en\/#website\",\"url\":\"https:\/\/librairie7l.com\/en\/\",\"name\":\"Librairie 7L\",\"description\":\"Librairie fond\u00e9e en 1999 par Karl Lagerfeld \u00e0 Paris\",\"publisher\":{\"@id\":\"https:\/\/librairie7l.com\/en\/#organization\"},\"potentialAction\":[{\"@type\":\"SearchAction\",\"target\":{\"@type\":\"EntryPoint\",\"urlTemplate\":\"https:\/\/librairie7l.com\/en\/?s={search_term_string}\"},\"query-input\":\"required name=search_term_string\"}],\"inLanguage\":\"en-US\"},{\"@type\":\"Organization\",\"@id\":\"https:\/\/librairie7l.com\/en\/#organization\",\"name\":\"Librairie 7L\",\"url\":\"https:\/\/librairie7l.com\/en\/\",\"logo\":{\"@type\":\"ImageObject\",\"inLanguage\":\"en-US\",\"@id\":\"https:\/\/librairie7l.com\/en\/#\/schema\/logo\/image\/\",\"url\":\"https:\/\/librairie7l.com\/wp-content\/uploads\/2022\/08\/logo-1.png\",\"contentUrl\":\"https:\/\/librairie7l.com\/wp-content\/uploads\/2022\/08\/logo-1.png\",\"width\":227,\"height\":301,\"caption\":\"Librairie 7L\"},\"image\":{\"@id\":\"https:\/\/librairie7l.com\/en\/#\/schema\/logo\/image\/\"}}]}<\/script>\n<!-- \/ Yoast SEO plugin. -->","yoast_head_json":{"title":"Die flache design and lettering of the Vienna secession, 1902-1911 - Librairie 7L","robots":{"index":"index","follow":"follow","max-snippet":"max-snippet:-1","max-image-preview":"max-image-preview:large","max-video-preview":"max-video-preview:-1"},"canonical":"https:\/\/librairie7l.com\/en\/produit\/die-flache-design-and-lettering-of-the-vienna-secession-1902-1911\/","og_locale":"en_US","og_type":"article","og_title":"Die flache design and lettering of the Vienna secession, 1902-1911 - Librairie 7L","og_description":"Point de rep\u00e8re du modernisme graphique, le magazine de la S\u00e9cession viennoise a \u00e9t\u00e9 fond\u00e9 entre autres par Koloman Moser, Alfred Roller, Josef Hoffmann, Bertold Loffler, figures embl\u00e9matiques de la S\u00e9cession viennoise et de la Wiener Werkst\u00e4tte &#8211; Die Fl\u00e4che (La Surface). Cette revue a pr\u00e9sent\u00e9 au fil des num\u00e9ro une vision de groupe extraordinaire [&hellip;]","og_url":"https:\/\/librairie7l.com\/en\/produit\/die-flache-design-and-lettering-of-the-vienna-secession-1902-1911\/","og_site_name":"Librairie 7L","article_modified_time":"2026-04-08T11:29:37+00:00","og_image":[{"width":329,"height":500,"url":"https:\/\/librairie7l.com\/wp-content\/uploads\/2022\/06\/9781736863312_1_75.jpg","type":"image\/jpeg"}],"twitter_card":"summary_large_image","twitter_misc":{"Est. reading time":"1 minute"},"schema":{"@context":"https:\/\/schema.org","@graph":[{"@type":"WebPage","@id":"https:\/\/librairie7l.com\/en\/produit\/die-flache-design-and-lettering-of-the-vienna-secession-1902-1911\/","url":"https:\/\/librairie7l.com\/en\/produit\/die-flache-design-and-lettering-of-the-vienna-secession-1902-1911\/","name":"Die flache design and lettering of the Vienna secession, 1902-1911 - Librairie 7L","isPartOf":{"@id":"https:\/\/librairie7l.com\/en\/#website"},"datePublished":"2024-02-06T08:07:25+00:00","dateModified":"2026-04-08T11:29:37+00:00","breadcrumb":{"@id":"https:\/\/librairie7l.com\/en\/produit\/die-flache-design-and-lettering-of-the-vienna-secession-1902-1911\/#breadcrumb"},"inLanguage":"en-US","potentialAction":[{"@type":"ReadAction","target":["https:\/\/librairie7l.com\/en\/produit\/die-flache-design-and-lettering-of-the-vienna-secession-1902-1911\/"]}]},{"@type":"BreadcrumbList","@id":"https:\/\/librairie7l.com\/en\/produit\/die-flache-design-and-lettering-of-the-vienna-secession-1902-1911\/#breadcrumb","itemListElement":[{"@type":"ListItem","position":1,"name":"Accueil","item":"https:\/\/librairie7l.com\/en\/"},{"@type":"ListItem","position":2,"name":"Shop","item":"https:\/\/librairie7l.com\/en\/shop\/"},{"@type":"ListItem","position":3,"name":"DIE FLACHE DESIGN AND LETTERING OF THE VIENNA SECESSION, 1902-1911"}]},{"@type":"WebSite","@id":"https:\/\/librairie7l.com\/en\/#website","url":"https:\/\/librairie7l.com\/en\/","name":"Librairie 7L","description":"Librairie fond\u00e9e en 1999 par Karl Lagerfeld \u00e0 Paris","publisher":{"@id":"https:\/\/librairie7l.com\/en\/#organization"},"potentialAction":[{"@type":"SearchAction","target":{"@type":"EntryPoint","urlTemplate":"https:\/\/librairie7l.com\/en\/?s={search_term_string}"},"query-input":"required name=search_term_string"}],"inLanguage":"en-US"},{"@type":"Organization","@id":"https:\/\/librairie7l.com\/en\/#organization","name":"Librairie 7L","url":"https:\/\/librairie7l.com\/en\/","logo":{"@type":"ImageObject","inLanguage":"en-US","@id":"https:\/\/librairie7l.com\/en\/#\/schema\/logo\/image\/","url":"https:\/\/librairie7l.com\/wp-content\/uploads\/2022\/08\/logo-1.png","contentUrl":"https:\/\/librairie7l.com\/wp-content\/uploads\/2022\/08\/logo-1.png","width":227,"height":301,"caption":"Librairie 7L"},"image":{"@id":"https:\/\/librairie7l.com\/en\/#\/schema\/logo\/image\/"}}]}},"_links":{"self":[{"href":"https:\/\/librairie7l.com\/en\/wp-json\/wp\/v2\/product\/38307"}],"collection":[{"href":"https:\/\/librairie7l.com\/en\/wp-json\/wp\/v2\/product"}],"about":[{"href":"https:\/\/librairie7l.com\/en\/wp-json\/wp\/v2\/types\/product"}],"wp:featuredmedia":[{"embeddable":true,"href":"https:\/\/librairie7l.com\/en\/wp-json\/wp\/v2\/media\/38305"}],"wp:attachment":[{"href":"https:\/\/librairie7l.com\/en\/wp-json\/wp\/v2\/media?parent=38307"}],"wp:term":[{"taxonomy":"product_cat","embeddable":true,"href":"https:\/\/librairie7l.com\/en\/wp-json\/wp\/v2\/product_cat?post=38307"},{"taxonomy":"product_tag","embeddable":true,"href":"https:\/\/librairie7l.com\/en\/wp-json\/wp\/v2\/product_tag?post=38307"}],"curies":[{"name":"wp","href":"https:\/\/api.w.org\/{rel}","templated":true}]}}