{"id":38347,"date":"2024-02-08T09:16:21","date_gmt":"2024-02-08T08:16:21","guid":{"rendered":"https:\/\/librairie7l.com\/?post_type=product&#038;p=38347"},"modified":"2026-04-08T16:44:15","modified_gmt":"2026-04-08T14:44:15","slug":"parquet-art-et-techniques","status":"publish","type":"product","link":"https:\/\/librairie7l.com\/en\/produit\/parquet-art-et-techniques\/","title":{"rendered":"PARQUET : ART ET TECHNIQUES"},"content":{"rendered":"<p>Appr\u00e9ci\u00e9 pour son \u00e9l\u00e9gance et sa sobri\u00e9t\u00e9, le parquet est un mat\u00e9riau \u00e0 la fois traditionnel et moderne, qui s&#8217;adapte \u00e0 tous les d\u00e9cors et met en valeur l&#8217;espace. Massif \u00e0 clouer, \u00e0 coller, flottant, contrecoll\u00e9, pos\u00e9 sur lambourdes ou faux plancher&#8230; les types de parquet sont nombreux et diff\u00e8rent tant par les techniques de mise en oeuvre que par les mat\u00e9riaux employ\u00e9s. \u00c9crit par un professionnel averti, cet ouvrage aborde tous les aspects de cet art, qu&#8217;ils soient esth\u00e9tiques ou techniques, \u00e0 des fins de cr\u00e9ation et de restauration. Apr\u00e8s avoir retrac\u00e9 son histoire de la Renaissance \u00e0 nos jours, il en d\u00e9taille les diff\u00e9rents mod\u00e8les et leurs usages, ainsi que les m\u00e9thodes de pose correspondantes et les essences de bois utilis\u00e9es.<\/p>\n","protected":false},"excerpt":{"rendered":"<p>Appr\u00e9ci\u00e9 pour son \u00e9l\u00e9gance et sa sobri\u00e9t\u00e9, le parquet est un mat\u00e9riau \u00e0 la fois traditionnel et moderne, qui s&#8217;adapte \u00e0 tous les d\u00e9cors et met en valeur l&#8217;espace. Massif \u00e0 clouer, \u00e0 coller, flottant, contrecoll\u00e9, pos\u00e9 sur lambourdes ou faux plancher&#8230; les types de parquet sont nombreux et diff\u00e8rent tant par les techniques de [&hellip;]<\/p>\n","protected":false},"featured_media":38345,"template":"","meta":[],"product_cat":[2948,2952],"product_tag":[],"acf":[],"yoast_head":"<!-- This site is optimized with the Yoast SEO plugin v20.11 - https:\/\/yoast.com\/wordpress\/plugins\/seo\/ -->\n<title>Parquet : Art et techniques - Librairie 7L<\/title>\n<meta name=\"robots\" content=\"index, follow, max-snippet:-1, max-image-preview:large, max-video-preview:-1\" \/>\n<link rel=\"canonical\" href=\"https:\/\/librairie7l.com\/en\/produit\/parquet-art-et-techniques\/\" \/>\n<meta property=\"og:locale\" content=\"en_US\" \/>\n<meta property=\"og:type\" content=\"article\" \/>\n<meta property=\"og:title\" content=\"Parquet : Art et techniques - Librairie 7L\" \/>\n<meta property=\"og:description\" content=\"Appr\u00e9ci\u00e9 pour son \u00e9l\u00e9gance et sa sobri\u00e9t\u00e9, le parquet est un mat\u00e9riau \u00e0 la fois traditionnel et moderne, qui s&#8217;adapte \u00e0 tous les d\u00e9cors et met en valeur l&#8217;espace. Massif \u00e0 clouer, \u00e0 coller, flottant, contrecoll\u00e9, pos\u00e9 sur lambourdes ou faux plancher&#8230; les types de parquet sont nombreux et diff\u00e8rent tant par les techniques de [&hellip;]\" \/>\n<meta property=\"og:url\" content=\"https:\/\/librairie7l.com\/en\/produit\/parquet-art-et-techniques\/\" \/>\n<meta property=\"og:site_name\" content=\"Librairie 7L\" \/>\n<meta property=\"article:modified_time\" content=\"2026-04-08T14:44:15+00:00\" \/>\n<meta property=\"og:image\" content=\"https:\/\/librairie7l.com\/wp-content\/uploads\/2023\/06\/9782851012647_1_75.jpg\" \/>\n\t<meta property=\"og:image:width\" content=\"400\" \/>\n\t<meta property=\"og:image:height\" content=\"489\" \/>\n\t<meta property=\"og:image:type\" content=\"image\/jpeg\" \/>\n<meta name=\"twitter:card\" content=\"summary_large_image\" \/>\n<meta name=\"twitter:label1\" content=\"Est. reading time\" \/>\n\t<meta name=\"twitter:data1\" content=\"1 minute\" \/>\n<script type=\"application\/ld+json\" class=\"yoast-schema-graph\">{\"@context\":\"https:\/\/schema.org\",\"@graph\":[{\"@type\":\"WebPage\",\"@id\":\"https:\/\/librairie7l.com\/en\/produit\/parquet-art-et-techniques\/\",\"url\":\"https:\/\/librairie7l.com\/en\/produit\/parquet-art-et-techniques\/\",\"name\":\"Parquet : Art et techniques - Librairie 7L\",\"isPartOf\":{\"@id\":\"https:\/\/librairie7l.com\/en\/#website\"},\"datePublished\":\"2024-02-08T08:16:21+00:00\",\"dateModified\":\"2026-04-08T14:44:15+00:00\",\"breadcrumb\":{\"@id\":\"https:\/\/librairie7l.com\/en\/produit\/parquet-art-et-techniques\/#breadcrumb\"},\"inLanguage\":\"en-US\",\"potentialAction\":[{\"@type\":\"ReadAction\",\"target\":[\"https:\/\/librairie7l.com\/en\/produit\/parquet-art-et-techniques\/\"]}]},{\"@type\":\"BreadcrumbList\",\"@id\":\"https:\/\/librairie7l.com\/en\/produit\/parquet-art-et-techniques\/#breadcrumb\",\"itemListElement\":[{\"@type\":\"ListItem\",\"position\":1,\"name\":\"Accueil\",\"item\":\"https:\/\/librairie7l.com\/en\/\"},{\"@type\":\"ListItem\",\"position\":2,\"name\":\"Shop\",\"item\":\"https:\/\/librairie7l.com\/en\/shop\/\"},{\"@type\":\"ListItem\",\"position\":3,\"name\":\"PARQUET : ART ET TECHNIQUES\"}]},{\"@type\":\"WebSite\",\"@id\":\"https:\/\/librairie7l.com\/en\/#website\",\"url\":\"https:\/\/librairie7l.com\/en\/\",\"name\":\"Librairie 7L\",\"description\":\"Librairie fond\u00e9e en 1999 par Karl Lagerfeld \u00e0 Paris\",\"publisher\":{\"@id\":\"https:\/\/librairie7l.com\/en\/#organization\"},\"potentialAction\":[{\"@type\":\"SearchAction\",\"target\":{\"@type\":\"EntryPoint\",\"urlTemplate\":\"https:\/\/librairie7l.com\/en\/?s={search_term_string}\"},\"query-input\":\"required name=search_term_string\"}],\"inLanguage\":\"en-US\"},{\"@type\":\"Organization\",\"@id\":\"https:\/\/librairie7l.com\/en\/#organization\",\"name\":\"Librairie 7L\",\"url\":\"https:\/\/librairie7l.com\/en\/\",\"logo\":{\"@type\":\"ImageObject\",\"inLanguage\":\"en-US\",\"@id\":\"https:\/\/librairie7l.com\/en\/#\/schema\/logo\/image\/\",\"url\":\"https:\/\/librairie7l.com\/wp-content\/uploads\/2022\/08\/logo-1.png\",\"contentUrl\":\"https:\/\/librairie7l.com\/wp-content\/uploads\/2022\/08\/logo-1.png\",\"width\":227,\"height\":301,\"caption\":\"Librairie 7L\"},\"image\":{\"@id\":\"https:\/\/librairie7l.com\/en\/#\/schema\/logo\/image\/\"}}]}<\/script>\n<!-- \/ Yoast SEO plugin. -->","yoast_head_json":{"title":"Parquet : Art et techniques - Librairie 7L","robots":{"index":"index","follow":"follow","max-snippet":"max-snippet:-1","max-image-preview":"max-image-preview:large","max-video-preview":"max-video-preview:-1"},"canonical":"https:\/\/librairie7l.com\/en\/produit\/parquet-art-et-techniques\/","og_locale":"en_US","og_type":"article","og_title":"Parquet : Art et techniques - Librairie 7L","og_description":"Appr\u00e9ci\u00e9 pour son \u00e9l\u00e9gance et sa sobri\u00e9t\u00e9, le parquet est un mat\u00e9riau \u00e0 la fois traditionnel et moderne, qui s&#8217;adapte \u00e0 tous les d\u00e9cors et met en valeur l&#8217;espace. Massif \u00e0 clouer, \u00e0 coller, flottant, contrecoll\u00e9, pos\u00e9 sur lambourdes ou faux plancher&#8230; les types de parquet sont nombreux et diff\u00e8rent tant par les techniques de [&hellip;]","og_url":"https:\/\/librairie7l.com\/en\/produit\/parquet-art-et-techniques\/","og_site_name":"Librairie 7L","article_modified_time":"2026-04-08T14:44:15+00:00","og_image":[{"width":400,"height":489,"url":"https:\/\/librairie7l.com\/wp-content\/uploads\/2023\/06\/9782851012647_1_75.jpg","type":"image\/jpeg"}],"twitter_card":"summary_large_image","twitter_misc":{"Est. reading time":"1 minute"},"schema":{"@context":"https:\/\/schema.org","@graph":[{"@type":"WebPage","@id":"https:\/\/librairie7l.com\/en\/produit\/parquet-art-et-techniques\/","url":"https:\/\/librairie7l.com\/en\/produit\/parquet-art-et-techniques\/","name":"Parquet : Art et techniques - Librairie 7L","isPartOf":{"@id":"https:\/\/librairie7l.com\/en\/#website"},"datePublished":"2024-02-08T08:16:21+00:00","dateModified":"2026-04-08T14:44:15+00:00","breadcrumb":{"@id":"https:\/\/librairie7l.com\/en\/produit\/parquet-art-et-techniques\/#breadcrumb"},"inLanguage":"en-US","potentialAction":[{"@type":"ReadAction","target":["https:\/\/librairie7l.com\/en\/produit\/parquet-art-et-techniques\/"]}]},{"@type":"BreadcrumbList","@id":"https:\/\/librairie7l.com\/en\/produit\/parquet-art-et-techniques\/#breadcrumb","itemListElement":[{"@type":"ListItem","position":1,"name":"Accueil","item":"https:\/\/librairie7l.com\/en\/"},{"@type":"ListItem","position":2,"name":"Shop","item":"https:\/\/librairie7l.com\/en\/shop\/"},{"@type":"ListItem","position":3,"name":"PARQUET : ART ET TECHNIQUES"}]},{"@type":"WebSite","@id":"https:\/\/librairie7l.com\/en\/#website","url":"https:\/\/librairie7l.com\/en\/","name":"Librairie 7L","description":"Librairie fond\u00e9e en 1999 par Karl Lagerfeld \u00e0 Paris","publisher":{"@id":"https:\/\/librairie7l.com\/en\/#organization"},"potentialAction":[{"@type":"SearchAction","target":{"@type":"EntryPoint","urlTemplate":"https:\/\/librairie7l.com\/en\/?s={search_term_string}"},"query-input":"required name=search_term_string"}],"inLanguage":"en-US"},{"@type":"Organization","@id":"https:\/\/librairie7l.com\/en\/#organization","name":"Librairie 7L","url":"https:\/\/librairie7l.com\/en\/","logo":{"@type":"ImageObject","inLanguage":"en-US","@id":"https:\/\/librairie7l.com\/en\/#\/schema\/logo\/image\/","url":"https:\/\/librairie7l.com\/wp-content\/uploads\/2022\/08\/logo-1.png","contentUrl":"https:\/\/librairie7l.com\/wp-content\/uploads\/2022\/08\/logo-1.png","width":227,"height":301,"caption":"Librairie 7L"},"image":{"@id":"https:\/\/librairie7l.com\/en\/#\/schema\/logo\/image\/"}}]}},"_links":{"self":[{"href":"https:\/\/librairie7l.com\/en\/wp-json\/wp\/v2\/product\/38347"}],"collection":[{"href":"https:\/\/librairie7l.com\/en\/wp-json\/wp\/v2\/product"}],"about":[{"href":"https:\/\/librairie7l.com\/en\/wp-json\/wp\/v2\/types\/product"}],"wp:featuredmedia":[{"embeddable":true,"href":"https:\/\/librairie7l.com\/en\/wp-json\/wp\/v2\/media\/38345"}],"wp:attachment":[{"href":"https:\/\/librairie7l.com\/en\/wp-json\/wp\/v2\/media?parent=38347"}],"wp:term":[{"taxonomy":"product_cat","embeddable":true,"href":"https:\/\/librairie7l.com\/en\/wp-json\/wp\/v2\/product_cat?post=38347"},{"taxonomy":"product_tag","embeddable":true,"href":"https:\/\/librairie7l.com\/en\/wp-json\/wp\/v2\/product_tag?post=38347"}],"curies":[{"name":"wp","href":"https:\/\/api.w.org\/{rel}","templated":true}]}}