{"id":38355,"date":"2024-06-26T10:36:34","date_gmt":"2024-06-26T08:36:34","guid":{"rendered":"https:\/\/librairie7l.com\/?post_type=product&#038;p=38355"},"modified":"2026-04-16T22:46:23","modified_gmt":"2026-04-16T20:46:23","slug":"lluis-domenech-i-montaner-homme-de-la-reinaxenca-architecte-du-modernisme","status":"publish","type":"product","link":"https:\/\/librairie7l.com\/en\/produit\/lluis-domenech-i-montaner-homme-de-la-reinaxenca-architecte-du-modernisme\/","title":{"rendered":"LLUIS DOM\u00c8NECH I MONTANER : HOMME DE LA REINAXEN\u00c7A ; ARCHITECTE DU MODERNISME"},"content":{"rendered":"<p>L&#8217;ann\u00e9e du centenaire de la mort de Lluis Dom\u00e8nech i Montaner, Triangle Books a r\u00e9uni dans un seul livre les meilleurs sp\u00e9cialistes de Dom\u00e8nech en g\u00e9n\u00e9ral et de ses b\u00e2timents en particulier pour comprendre la personnalit\u00e9 aux multiples facettes et interpr\u00e9ter le travail d&#8217;un architecte cl\u00e9 dans l&#8217;histoire de l&#8217;art europ\u00e9en.<br \/>\n L&#8217;ouvrage d\u00e9bute par quelques articles introductifs qui pr\u00e9sentent l&#8217;architecte dans le contexte de l&#8217;Art Nouveau europ\u00e9en et expliquent ses diff\u00e9rentes facettes : civique, politique, acad\u00e9mique&#8230; et se poursuit par les monographies de ses b\u00e2timents, de la maison d&#8217;\u00e9dition Montaneri Simon (1979-1881 ) \u00e0 la Casa Fuster (1908-1911) en passant, bien s\u00fbr, par le Palau de la M\u00fasica ou l&#8217;H\u00f4pital de Sant Pau, tous les deux class\u00e9s au patrimoine mondial.<\/p>\n","protected":false},"excerpt":{"rendered":"<p>L&#8217;ann\u00e9e du centenaire de la mort de Lluis Dom\u00e8nech i Montaner, Triangle Books a r\u00e9uni dans un seul livre les meilleurs sp\u00e9cialistes de Dom\u00e8nech en g\u00e9n\u00e9ral et de ses b\u00e2timents en particulier pour comprendre la personnalit\u00e9 aux multiples facettes et interpr\u00e9ter le travail d&#8217;un architecte cl\u00e9 dans l&#8217;histoire de l&#8217;art europ\u00e9en. L&#8217;ouvrage d\u00e9bute par quelques [&hellip;]<\/p>\n","protected":false},"featured_media":38353,"template":"","meta":[],"product_cat":[2948,2950],"product_tag":[],"acf":[],"yoast_head":"<!-- This site is optimized with the Yoast SEO plugin v20.11 - https:\/\/yoast.com\/wordpress\/plugins\/seo\/ -->\n<title>Lluis Dom\u00e8nech i Montaner : Homme de la reinaxen\u00e7a ; Architecte du modernisme - Librairie 7L<\/title>\n<meta name=\"robots\" content=\"index, follow, max-snippet:-1, max-image-preview:large, max-video-preview:-1\" \/>\n<link rel=\"canonical\" href=\"https:\/\/librairie7l.com\/en\/produit\/lluis-domenech-i-montaner-homme-de-la-reinaxenca-architecte-du-modernisme\/\" \/>\n<meta property=\"og:locale\" content=\"en_US\" \/>\n<meta property=\"og:type\" content=\"article\" \/>\n<meta property=\"og:title\" content=\"Lluis Dom\u00e8nech i Montaner : Homme de la reinaxen\u00e7a ; Architecte du modernisme - Librairie 7L\" \/>\n<meta property=\"og:description\" content=\"L&#8217;ann\u00e9e du centenaire de la mort de Lluis Dom\u00e8nech i Montaner, Triangle Books a r\u00e9uni dans un seul livre les meilleurs sp\u00e9cialistes de Dom\u00e8nech en g\u00e9n\u00e9ral et de ses b\u00e2timents en particulier pour comprendre la personnalit\u00e9 aux multiples facettes et interpr\u00e9ter le travail d&#8217;un architecte cl\u00e9 dans l&#8217;histoire de l&#8217;art europ\u00e9en. L&#8217;ouvrage d\u00e9bute par quelques [&hellip;]\" \/>\n<meta property=\"og:url\" content=\"https:\/\/librairie7l.com\/en\/produit\/lluis-domenech-i-montaner-homme-de-la-reinaxenca-architecte-du-modernisme\/\" \/>\n<meta property=\"og:site_name\" content=\"Librairie 7L\" \/>\n<meta property=\"article:modified_time\" content=\"2026-04-16T20:46:23+00:00\" \/>\n<meta property=\"og:image\" content=\"https:\/\/librairie7l.com\/wp-content\/uploads\/2023\/09\/9788484789963_1_75.jpg\" \/>\n\t<meta property=\"og:image:width\" content=\"600\" \/>\n\t<meta property=\"og:image:height\" content=\"611\" \/>\n\t<meta property=\"og:image:type\" content=\"image\/jpeg\" \/>\n<meta name=\"twitter:card\" content=\"summary_large_image\" \/>\n<meta name=\"twitter:label1\" content=\"Est. reading time\" \/>\n\t<meta name=\"twitter:data1\" content=\"1 minute\" \/>\n<script type=\"application\/ld+json\" class=\"yoast-schema-graph\">{\"@context\":\"https:\/\/schema.org\",\"@graph\":[{\"@type\":\"WebPage\",\"@id\":\"https:\/\/librairie7l.com\/en\/produit\/lluis-domenech-i-montaner-homme-de-la-reinaxenca-architecte-du-modernisme\/\",\"url\":\"https:\/\/librairie7l.com\/en\/produit\/lluis-domenech-i-montaner-homme-de-la-reinaxenca-architecte-du-modernisme\/\",\"name\":\"Lluis Dom\u00e8nech i Montaner : Homme de la reinaxen\u00e7a ; Architecte du modernisme - Librairie 7L\",\"isPartOf\":{\"@id\":\"https:\/\/librairie7l.com\/en\/#website\"},\"datePublished\":\"2024-06-26T08:36:34+00:00\",\"dateModified\":\"2026-04-16T20:46:23+00:00\",\"breadcrumb\":{\"@id\":\"https:\/\/librairie7l.com\/en\/produit\/lluis-domenech-i-montaner-homme-de-la-reinaxenca-architecte-du-modernisme\/#breadcrumb\"},\"inLanguage\":\"en-US\",\"potentialAction\":[{\"@type\":\"ReadAction\",\"target\":[\"https:\/\/librairie7l.com\/en\/produit\/lluis-domenech-i-montaner-homme-de-la-reinaxenca-architecte-du-modernisme\/\"]}]},{\"@type\":\"BreadcrumbList\",\"@id\":\"https:\/\/librairie7l.com\/en\/produit\/lluis-domenech-i-montaner-homme-de-la-reinaxenca-architecte-du-modernisme\/#breadcrumb\",\"itemListElement\":[{\"@type\":\"ListItem\",\"position\":1,\"name\":\"Accueil\",\"item\":\"https:\/\/librairie7l.com\/en\/\"},{\"@type\":\"ListItem\",\"position\":2,\"name\":\"Shop\",\"item\":\"https:\/\/librairie7l.com\/en\/shop\/\"},{\"@type\":\"ListItem\",\"position\":3,\"name\":\"LLUIS DOM\u00c8NECH I MONTANER : HOMME DE LA REINAXEN\u00c7A ; ARCHITECTE DU MODERNISME\"}]},{\"@type\":\"WebSite\",\"@id\":\"https:\/\/librairie7l.com\/en\/#website\",\"url\":\"https:\/\/librairie7l.com\/en\/\",\"name\":\"Librairie 7L\",\"description\":\"Librairie fond\u00e9e en 1999 par Karl Lagerfeld \u00e0 Paris\",\"publisher\":{\"@id\":\"https:\/\/librairie7l.com\/en\/#organization\"},\"potentialAction\":[{\"@type\":\"SearchAction\",\"target\":{\"@type\":\"EntryPoint\",\"urlTemplate\":\"https:\/\/librairie7l.com\/en\/?s={search_term_string}\"},\"query-input\":\"required name=search_term_string\"}],\"inLanguage\":\"en-US\"},{\"@type\":\"Organization\",\"@id\":\"https:\/\/librairie7l.com\/en\/#organization\",\"name\":\"Librairie 7L\",\"url\":\"https:\/\/librairie7l.com\/en\/\",\"logo\":{\"@type\":\"ImageObject\",\"inLanguage\":\"en-US\",\"@id\":\"https:\/\/librairie7l.com\/en\/#\/schema\/logo\/image\/\",\"url\":\"https:\/\/librairie7l.com\/wp-content\/uploads\/2022\/08\/logo-1.png\",\"contentUrl\":\"https:\/\/librairie7l.com\/wp-content\/uploads\/2022\/08\/logo-1.png\",\"width\":227,\"height\":301,\"caption\":\"Librairie 7L\"},\"image\":{\"@id\":\"https:\/\/librairie7l.com\/en\/#\/schema\/logo\/image\/\"}}]}<\/script>\n<!-- \/ Yoast SEO plugin. -->","yoast_head_json":{"title":"Lluis Dom\u00e8nech i Montaner : Homme de la reinaxen\u00e7a ; Architecte du modernisme - Librairie 7L","robots":{"index":"index","follow":"follow","max-snippet":"max-snippet:-1","max-image-preview":"max-image-preview:large","max-video-preview":"max-video-preview:-1"},"canonical":"https:\/\/librairie7l.com\/en\/produit\/lluis-domenech-i-montaner-homme-de-la-reinaxenca-architecte-du-modernisme\/","og_locale":"en_US","og_type":"article","og_title":"Lluis Dom\u00e8nech i Montaner : Homme de la reinaxen\u00e7a ; Architecte du modernisme - Librairie 7L","og_description":"L&#8217;ann\u00e9e du centenaire de la mort de Lluis Dom\u00e8nech i Montaner, Triangle Books a r\u00e9uni dans un seul livre les meilleurs sp\u00e9cialistes de Dom\u00e8nech en g\u00e9n\u00e9ral et de ses b\u00e2timents en particulier pour comprendre la personnalit\u00e9 aux multiples facettes et interpr\u00e9ter le travail d&#8217;un architecte cl\u00e9 dans l&#8217;histoire de l&#8217;art europ\u00e9en. L&#8217;ouvrage d\u00e9bute par quelques [&hellip;]","og_url":"https:\/\/librairie7l.com\/en\/produit\/lluis-domenech-i-montaner-homme-de-la-reinaxenca-architecte-du-modernisme\/","og_site_name":"Librairie 7L","article_modified_time":"2026-04-16T20:46:23+00:00","og_image":[{"width":600,"height":611,"url":"https:\/\/librairie7l.com\/wp-content\/uploads\/2023\/09\/9788484789963_1_75.jpg","type":"image\/jpeg"}],"twitter_card":"summary_large_image","twitter_misc":{"Est. reading time":"1 minute"},"schema":{"@context":"https:\/\/schema.org","@graph":[{"@type":"WebPage","@id":"https:\/\/librairie7l.com\/en\/produit\/lluis-domenech-i-montaner-homme-de-la-reinaxenca-architecte-du-modernisme\/","url":"https:\/\/librairie7l.com\/en\/produit\/lluis-domenech-i-montaner-homme-de-la-reinaxenca-architecte-du-modernisme\/","name":"Lluis Dom\u00e8nech i Montaner : Homme de la reinaxen\u00e7a ; Architecte du modernisme - Librairie 7L","isPartOf":{"@id":"https:\/\/librairie7l.com\/en\/#website"},"datePublished":"2024-06-26T08:36:34+00:00","dateModified":"2026-04-16T20:46:23+00:00","breadcrumb":{"@id":"https:\/\/librairie7l.com\/en\/produit\/lluis-domenech-i-montaner-homme-de-la-reinaxenca-architecte-du-modernisme\/#breadcrumb"},"inLanguage":"en-US","potentialAction":[{"@type":"ReadAction","target":["https:\/\/librairie7l.com\/en\/produit\/lluis-domenech-i-montaner-homme-de-la-reinaxenca-architecte-du-modernisme\/"]}]},{"@type":"BreadcrumbList","@id":"https:\/\/librairie7l.com\/en\/produit\/lluis-domenech-i-montaner-homme-de-la-reinaxenca-architecte-du-modernisme\/#breadcrumb","itemListElement":[{"@type":"ListItem","position":1,"name":"Accueil","item":"https:\/\/librairie7l.com\/en\/"},{"@type":"ListItem","position":2,"name":"Shop","item":"https:\/\/librairie7l.com\/en\/shop\/"},{"@type":"ListItem","position":3,"name":"LLUIS DOM\u00c8NECH I MONTANER : HOMME DE LA REINAXEN\u00c7A ; ARCHITECTE DU MODERNISME"}]},{"@type":"WebSite","@id":"https:\/\/librairie7l.com\/en\/#website","url":"https:\/\/librairie7l.com\/en\/","name":"Librairie 7L","description":"Librairie fond\u00e9e en 1999 par Karl Lagerfeld \u00e0 Paris","publisher":{"@id":"https:\/\/librairie7l.com\/en\/#organization"},"potentialAction":[{"@type":"SearchAction","target":{"@type":"EntryPoint","urlTemplate":"https:\/\/librairie7l.com\/en\/?s={search_term_string}"},"query-input":"required name=search_term_string"}],"inLanguage":"en-US"},{"@type":"Organization","@id":"https:\/\/librairie7l.com\/en\/#organization","name":"Librairie 7L","url":"https:\/\/librairie7l.com\/en\/","logo":{"@type":"ImageObject","inLanguage":"en-US","@id":"https:\/\/librairie7l.com\/en\/#\/schema\/logo\/image\/","url":"https:\/\/librairie7l.com\/wp-content\/uploads\/2022\/08\/logo-1.png","contentUrl":"https:\/\/librairie7l.com\/wp-content\/uploads\/2022\/08\/logo-1.png","width":227,"height":301,"caption":"Librairie 7L"},"image":{"@id":"https:\/\/librairie7l.com\/en\/#\/schema\/logo\/image\/"}}]}},"_links":{"self":[{"href":"https:\/\/librairie7l.com\/en\/wp-json\/wp\/v2\/product\/38355"}],"collection":[{"href":"https:\/\/librairie7l.com\/en\/wp-json\/wp\/v2\/product"}],"about":[{"href":"https:\/\/librairie7l.com\/en\/wp-json\/wp\/v2\/types\/product"}],"wp:featuredmedia":[{"embeddable":true,"href":"https:\/\/librairie7l.com\/en\/wp-json\/wp\/v2\/media\/38353"}],"wp:attachment":[{"href":"https:\/\/librairie7l.com\/en\/wp-json\/wp\/v2\/media?parent=38355"}],"wp:term":[{"taxonomy":"product_cat","embeddable":true,"href":"https:\/\/librairie7l.com\/en\/wp-json\/wp\/v2\/product_cat?post=38355"},{"taxonomy":"product_tag","embeddable":true,"href":"https:\/\/librairie7l.com\/en\/wp-json\/wp\/v2\/product_tag?post=38355"}],"curies":[{"name":"wp","href":"https:\/\/api.w.org\/{rel}","templated":true}]}}