{"id":38359,"date":"2024-06-26T10:35:44","date_gmt":"2024-06-26T08:35:44","guid":{"rendered":"https:\/\/librairie7l.com\/?post_type=product&#038;p=38359"},"modified":"2026-04-04T23:44:22","modified_gmt":"2026-04-04T21:44:22","slug":"passions-textile-de-la-creation-a-la-collection","status":"publish","type":"product","link":"https:\/\/librairie7l.com\/en\/produit\/passions-textile-de-la-creation-a-la-collection\/","title":{"rendered":"PASSIONS TEXTILE : DE LA CR\u00c9ATION \u00c0 LA COLLECTION"},"content":{"rendered":"<p>La pr\u00e9sence de collections textiles dans diff\u00e9rents contextes, mus\u00e9es, collections priv\u00e9es, archives industrielles, fonds artisanaux, offre mati\u00e8re \u00e0 r\u00e9flexion pour comprendre l&#8217;int\u00e9r\u00eat qu&#8217;elles suscitent via les informations qu&#8217;elles apportent. L&#8217;art textile a \u00e9t\u00e9 longtemps sous-estim\u00e9 en France et m\u00eame si de nombreux mus\u00e9es poss\u00e8dent des 1\/2uvres textiles \u00e9parpill\u00e9es dans plusieurs d\u00e9partements, ameublement, art sacr\u00e9, peu de mus\u00e9es leur ont \u00e9t\u00e9 sp\u00e9cifiquement d\u00e9di\u00e9s avant le XIXe si\u00e8cle. Les collections textiles m\u00e9ritaient une attention particuli\u00e8re pour comprendre et interpr\u00e9ter les facteurs de leur cr\u00e9ation, de leur d\u00e9veloppement et de leur fonction. [&#8230;] Certains articles privil\u00e9gient les conditions d&#8217;enrichissement des collections, le contexte historique, les imp\u00e9ratifs \u00e9conomiques etc. Des relations entre ces approches \u00e9mergent, compl\u00e9mentaires avec un d\u00e9veloppement d&#8217;un point particulier ou avec la comparaison significative de situations analogues. Les m\u00eames acteurs apparaissent \u00e0 plusieurs reprises ainsi les fabricants de soieries lyonnaises, producteurs ou fournisseurs d&#8217;\u00e9toffes. L&#8217;enrichissement des collections d\u00e9pend de facteurs diff\u00e9rents et sp\u00e9cifiques, la plupart du temps, de l&#8217;\u00e9tablissement, dons, m\u00e9c\u00e9nat ou transfert d&#8217;1\/2uvres pour les mus\u00e9es, archives pour les industries, choix personnels pour les collectionneurs priv\u00e9s.<\/p>\n","protected":false},"excerpt":{"rendered":"<p>La pr\u00e9sence de collections textiles dans diff\u00e9rents contextes, mus\u00e9es, collections priv\u00e9es, archives industrielles, fonds artisanaux, offre mati\u00e8re \u00e0 r\u00e9flexion pour comprendre l&#8217;int\u00e9r\u00eat qu&#8217;elles suscitent via les informations qu&#8217;elles apportent. L&#8217;art textile a \u00e9t\u00e9 longtemps sous-estim\u00e9 en France et m\u00eame si de nombreux mus\u00e9es poss\u00e8dent des 1\/2uvres textiles \u00e9parpill\u00e9es dans plusieurs d\u00e9partements, ameublement, art sacr\u00e9, peu [&hellip;]<\/p>\n","protected":false},"featured_media":38357,"template":"","meta":[],"product_cat":[2948,2957],"product_tag":[],"acf":[],"yoast_head":"<!-- This site is optimized with the Yoast SEO plugin v20.11 - https:\/\/yoast.com\/wordpress\/plugins\/seo\/ -->\n<title>Passions textile : De la cr\u00e9ation \u00e0 la collection - Librairie 7L<\/title>\n<meta name=\"robots\" content=\"index, follow, max-snippet:-1, max-image-preview:large, max-video-preview:-1\" \/>\n<link rel=\"canonical\" href=\"https:\/\/librairie7l.com\/en\/produit\/passions-textile-de-la-creation-a-la-collection\/\" \/>\n<meta property=\"og:locale\" content=\"en_US\" \/>\n<meta property=\"og:type\" content=\"article\" \/>\n<meta property=\"og:title\" content=\"Passions textile : De la cr\u00e9ation \u00e0 la collection - Librairie 7L\" \/>\n<meta property=\"og:description\" content=\"La pr\u00e9sence de collections textiles dans diff\u00e9rents contextes, mus\u00e9es, collections priv\u00e9es, archives industrielles, fonds artisanaux, offre mati\u00e8re \u00e0 r\u00e9flexion pour comprendre l&#8217;int\u00e9r\u00eat qu&#8217;elles suscitent via les informations qu&#8217;elles apportent. L&#8217;art textile a \u00e9t\u00e9 longtemps sous-estim\u00e9 en France et m\u00eame si de nombreux mus\u00e9es poss\u00e8dent des 1\/2uvres textiles \u00e9parpill\u00e9es dans plusieurs d\u00e9partements, ameublement, art sacr\u00e9, peu [&hellip;]\" \/>\n<meta property=\"og:url\" content=\"https:\/\/librairie7l.com\/en\/produit\/passions-textile-de-la-creation-a-la-collection\/\" \/>\n<meta property=\"og:site_name\" content=\"Librairie 7L\" \/>\n<meta property=\"article:modified_time\" content=\"2026-04-04T21:44:22+00:00\" \/>\n<meta property=\"og:image\" content=\"https:\/\/librairie7l.com\/wp-content\/uploads\/2023\/09\/9782846546584_1_75.jpg\" \/>\n\t<meta property=\"og:image:width\" content=\"600\" \/>\n\t<meta property=\"og:image:height\" content=\"902\" \/>\n\t<meta property=\"og:image:type\" content=\"image\/jpeg\" \/>\n<meta name=\"twitter:card\" content=\"summary_large_image\" \/>\n<meta name=\"twitter:label1\" content=\"Est. reading time\" \/>\n\t<meta name=\"twitter:data1\" content=\"1 minute\" \/>\n<script type=\"application\/ld+json\" class=\"yoast-schema-graph\">{\"@context\":\"https:\/\/schema.org\",\"@graph\":[{\"@type\":\"WebPage\",\"@id\":\"https:\/\/librairie7l.com\/en\/produit\/passions-textile-de-la-creation-a-la-collection\/\",\"url\":\"https:\/\/librairie7l.com\/en\/produit\/passions-textile-de-la-creation-a-la-collection\/\",\"name\":\"Passions textile : De la cr\u00e9ation \u00e0 la collection - Librairie 7L\",\"isPartOf\":{\"@id\":\"https:\/\/librairie7l.com\/en\/#website\"},\"datePublished\":\"2024-06-26T08:35:44+00:00\",\"dateModified\":\"2026-04-04T21:44:22+00:00\",\"breadcrumb\":{\"@id\":\"https:\/\/librairie7l.com\/en\/produit\/passions-textile-de-la-creation-a-la-collection\/#breadcrumb\"},\"inLanguage\":\"en-US\",\"potentialAction\":[{\"@type\":\"ReadAction\",\"target\":[\"https:\/\/librairie7l.com\/en\/produit\/passions-textile-de-la-creation-a-la-collection\/\"]}]},{\"@type\":\"BreadcrumbList\",\"@id\":\"https:\/\/librairie7l.com\/en\/produit\/passions-textile-de-la-creation-a-la-collection\/#breadcrumb\",\"itemListElement\":[{\"@type\":\"ListItem\",\"position\":1,\"name\":\"Accueil\",\"item\":\"https:\/\/librairie7l.com\/en\/\"},{\"@type\":\"ListItem\",\"position\":2,\"name\":\"Shop\",\"item\":\"https:\/\/librairie7l.com\/en\/shop\/\"},{\"@type\":\"ListItem\",\"position\":3,\"name\":\"PASSIONS TEXTILE : DE LA CR\u00c9ATION \u00c0 LA COLLECTION\"}]},{\"@type\":\"WebSite\",\"@id\":\"https:\/\/librairie7l.com\/en\/#website\",\"url\":\"https:\/\/librairie7l.com\/en\/\",\"name\":\"Librairie 7L\",\"description\":\"Librairie fond\u00e9e en 1999 par Karl Lagerfeld \u00e0 Paris\",\"publisher\":{\"@id\":\"https:\/\/librairie7l.com\/en\/#organization\"},\"potentialAction\":[{\"@type\":\"SearchAction\",\"target\":{\"@type\":\"EntryPoint\",\"urlTemplate\":\"https:\/\/librairie7l.com\/en\/?s={search_term_string}\"},\"query-input\":\"required name=search_term_string\"}],\"inLanguage\":\"en-US\"},{\"@type\":\"Organization\",\"@id\":\"https:\/\/librairie7l.com\/en\/#organization\",\"name\":\"Librairie 7L\",\"url\":\"https:\/\/librairie7l.com\/en\/\",\"logo\":{\"@type\":\"ImageObject\",\"inLanguage\":\"en-US\",\"@id\":\"https:\/\/librairie7l.com\/en\/#\/schema\/logo\/image\/\",\"url\":\"https:\/\/librairie7l.com\/wp-content\/uploads\/2022\/08\/logo-1.png\",\"contentUrl\":\"https:\/\/librairie7l.com\/wp-content\/uploads\/2022\/08\/logo-1.png\",\"width\":227,\"height\":301,\"caption\":\"Librairie 7L\"},\"image\":{\"@id\":\"https:\/\/librairie7l.com\/en\/#\/schema\/logo\/image\/\"}}]}<\/script>\n<!-- \/ Yoast SEO plugin. -->","yoast_head_json":{"title":"Passions textile : De la cr\u00e9ation \u00e0 la collection - Librairie 7L","robots":{"index":"index","follow":"follow","max-snippet":"max-snippet:-1","max-image-preview":"max-image-preview:large","max-video-preview":"max-video-preview:-1"},"canonical":"https:\/\/librairie7l.com\/en\/produit\/passions-textile-de-la-creation-a-la-collection\/","og_locale":"en_US","og_type":"article","og_title":"Passions textile : De la cr\u00e9ation \u00e0 la collection - Librairie 7L","og_description":"La pr\u00e9sence de collections textiles dans diff\u00e9rents contextes, mus\u00e9es, collections priv\u00e9es, archives industrielles, fonds artisanaux, offre mati\u00e8re \u00e0 r\u00e9flexion pour comprendre l&#8217;int\u00e9r\u00eat qu&#8217;elles suscitent via les informations qu&#8217;elles apportent. L&#8217;art textile a \u00e9t\u00e9 longtemps sous-estim\u00e9 en France et m\u00eame si de nombreux mus\u00e9es poss\u00e8dent des 1\/2uvres textiles \u00e9parpill\u00e9es dans plusieurs d\u00e9partements, ameublement, art sacr\u00e9, peu [&hellip;]","og_url":"https:\/\/librairie7l.com\/en\/produit\/passions-textile-de-la-creation-a-la-collection\/","og_site_name":"Librairie 7L","article_modified_time":"2026-04-04T21:44:22+00:00","og_image":[{"width":600,"height":902,"url":"https:\/\/librairie7l.com\/wp-content\/uploads\/2023\/09\/9782846546584_1_75.jpg","type":"image\/jpeg"}],"twitter_card":"summary_large_image","twitter_misc":{"Est. reading time":"1 minute"},"schema":{"@context":"https:\/\/schema.org","@graph":[{"@type":"WebPage","@id":"https:\/\/librairie7l.com\/en\/produit\/passions-textile-de-la-creation-a-la-collection\/","url":"https:\/\/librairie7l.com\/en\/produit\/passions-textile-de-la-creation-a-la-collection\/","name":"Passions textile : De la cr\u00e9ation \u00e0 la collection - Librairie 7L","isPartOf":{"@id":"https:\/\/librairie7l.com\/en\/#website"},"datePublished":"2024-06-26T08:35:44+00:00","dateModified":"2026-04-04T21:44:22+00:00","breadcrumb":{"@id":"https:\/\/librairie7l.com\/en\/produit\/passions-textile-de-la-creation-a-la-collection\/#breadcrumb"},"inLanguage":"en-US","potentialAction":[{"@type":"ReadAction","target":["https:\/\/librairie7l.com\/en\/produit\/passions-textile-de-la-creation-a-la-collection\/"]}]},{"@type":"BreadcrumbList","@id":"https:\/\/librairie7l.com\/en\/produit\/passions-textile-de-la-creation-a-la-collection\/#breadcrumb","itemListElement":[{"@type":"ListItem","position":1,"name":"Accueil","item":"https:\/\/librairie7l.com\/en\/"},{"@type":"ListItem","position":2,"name":"Shop","item":"https:\/\/librairie7l.com\/en\/shop\/"},{"@type":"ListItem","position":3,"name":"PASSIONS TEXTILE : DE LA CR\u00c9ATION \u00c0 LA COLLECTION"}]},{"@type":"WebSite","@id":"https:\/\/librairie7l.com\/en\/#website","url":"https:\/\/librairie7l.com\/en\/","name":"Librairie 7L","description":"Librairie fond\u00e9e en 1999 par Karl Lagerfeld \u00e0 Paris","publisher":{"@id":"https:\/\/librairie7l.com\/en\/#organization"},"potentialAction":[{"@type":"SearchAction","target":{"@type":"EntryPoint","urlTemplate":"https:\/\/librairie7l.com\/en\/?s={search_term_string}"},"query-input":"required name=search_term_string"}],"inLanguage":"en-US"},{"@type":"Organization","@id":"https:\/\/librairie7l.com\/en\/#organization","name":"Librairie 7L","url":"https:\/\/librairie7l.com\/en\/","logo":{"@type":"ImageObject","inLanguage":"en-US","@id":"https:\/\/librairie7l.com\/en\/#\/schema\/logo\/image\/","url":"https:\/\/librairie7l.com\/wp-content\/uploads\/2022\/08\/logo-1.png","contentUrl":"https:\/\/librairie7l.com\/wp-content\/uploads\/2022\/08\/logo-1.png","width":227,"height":301,"caption":"Librairie 7L"},"image":{"@id":"https:\/\/librairie7l.com\/en\/#\/schema\/logo\/image\/"}}]}},"_links":{"self":[{"href":"https:\/\/librairie7l.com\/en\/wp-json\/wp\/v2\/product\/38359"}],"collection":[{"href":"https:\/\/librairie7l.com\/en\/wp-json\/wp\/v2\/product"}],"about":[{"href":"https:\/\/librairie7l.com\/en\/wp-json\/wp\/v2\/types\/product"}],"wp:featuredmedia":[{"embeddable":true,"href":"https:\/\/librairie7l.com\/en\/wp-json\/wp\/v2\/media\/38357"}],"wp:attachment":[{"href":"https:\/\/librairie7l.com\/en\/wp-json\/wp\/v2\/media?parent=38359"}],"wp:term":[{"taxonomy":"product_cat","embeddable":true,"href":"https:\/\/librairie7l.com\/en\/wp-json\/wp\/v2\/product_cat?post=38359"},{"taxonomy":"product_tag","embeddable":true,"href":"https:\/\/librairie7l.com\/en\/wp-json\/wp\/v2\/product_tag?post=38359"}],"curies":[{"name":"wp","href":"https:\/\/api.w.org\/{rel}","templated":true}]}}