{"id":38363,"date":"2024-02-08T17:56:53","date_gmt":"2024-02-08T16:56:53","guid":{"rendered":"https:\/\/librairie7l.com\/?post_type=product&#038;p=38363"},"modified":"2026-04-18T08:38:13","modified_gmt":"2026-04-18T06:38:13","slug":"bernard-plossu-tirages-fresson","status":"publish","type":"product","link":"https:\/\/librairie7l.com\/en\/produit\/bernard-plossu-tirages-fresson\/","title":{"rendered":"BERNARD PLOSSU, TIRAGES FRESSON"},"content":{"rendered":"<p>Ce livre est con\u00e7u comme la r\u00e9trospective de l&#8217;oeuvre en couleur de Bernard Plossu sur tirages Fresson : des ann\u00e9es 70 \u00e0 nos jours, depuis les paysages du grand ouest am\u00e9ricain \u00e0 la gare de la Ciotat ou les jardins de Giverny. Quatre-vingt images, dont certaines in\u00e9dites, sont reproduites dans leur \u00e9paisseur et leur matit\u00e9, chaque tirage Fresson \u00e9tant unique. La long\u00e9vit\u00e9 de la collaboration de Plossu avec la famille Fresson sur trois g\u00e9n\u00e9rations est partie prenante de l&#8217;oeuvre elle-m\u00eame.<\/p>\n","protected":false},"excerpt":{"rendered":"<p>Ce livre est con\u00e7u comme la r\u00e9trospective de l&#8217;oeuvre en couleur de Bernard Plossu sur tirages Fresson : des ann\u00e9es 70 \u00e0 nos jours, depuis les paysages du grand ouest am\u00e9ricain \u00e0 la gare de la Ciotat ou les jardins de Giverny. Quatre-vingt images, dont certaines in\u00e9dites, sont reproduites dans leur \u00e9paisseur et leur matit\u00e9, [&hellip;]<\/p>\n","protected":false},"featured_media":38361,"template":"","meta":[],"product_cat":[2948,2958],"product_tag":[],"acf":[],"yoast_head":"<!-- This site is optimized with the Yoast SEO plugin v20.11 - https:\/\/yoast.com\/wordpress\/plugins\/seo\/ -->\n<title>Bernard Plossu, tirages Fresson - Librairie 7L<\/title>\n<meta name=\"robots\" content=\"index, follow, max-snippet:-1, max-image-preview:large, max-video-preview:-1\" \/>\n<link rel=\"canonical\" href=\"https:\/\/librairie7l.com\/en\/produit\/bernard-plossu-tirages-fresson\/\" \/>\n<meta property=\"og:locale\" content=\"en_US\" \/>\n<meta property=\"og:type\" content=\"article\" \/>\n<meta property=\"og:title\" content=\"Bernard Plossu, tirages Fresson - Librairie 7L\" \/>\n<meta property=\"og:description\" content=\"Ce livre est con\u00e7u comme la r\u00e9trospective de l&#8217;oeuvre en couleur de Bernard Plossu sur tirages Fresson : des ann\u00e9es 70 \u00e0 nos jours, depuis les paysages du grand ouest am\u00e9ricain \u00e0 la gare de la Ciotat ou les jardins de Giverny. Quatre-vingt images, dont certaines in\u00e9dites, sont reproduites dans leur \u00e9paisseur et leur matit\u00e9, [&hellip;]\" \/>\n<meta property=\"og:url\" content=\"https:\/\/librairie7l.com\/en\/produit\/bernard-plossu-tirages-fresson\/\" \/>\n<meta property=\"og:site_name\" content=\"Librairie 7L\" \/>\n<meta property=\"article:modified_time\" content=\"2026-04-18T06:38:13+00:00\" \/>\n<meta property=\"og:image\" content=\"https:\/\/librairie7l.com\/wp-content\/uploads\/2020\/06\/9782845978423_1_75.jpg\" \/>\n\t<meta property=\"og:image:width\" content=\"600\" \/>\n\t<meta property=\"og:image:height\" content=\"830\" \/>\n\t<meta property=\"og:image:type\" content=\"image\/jpeg\" \/>\n<meta name=\"twitter:card\" content=\"summary_large_image\" \/>\n<script type=\"application\/ld+json\" class=\"yoast-schema-graph\">{\"@context\":\"https:\/\/schema.org\",\"@graph\":[{\"@type\":\"WebPage\",\"@id\":\"https:\/\/librairie7l.com\/en\/produit\/bernard-plossu-tirages-fresson\/\",\"url\":\"https:\/\/librairie7l.com\/en\/produit\/bernard-plossu-tirages-fresson\/\",\"name\":\"Bernard Plossu, tirages Fresson - Librairie 7L\",\"isPartOf\":{\"@id\":\"https:\/\/librairie7l.com\/en\/#website\"},\"datePublished\":\"2024-02-08T16:56:53+00:00\",\"dateModified\":\"2026-04-18T06:38:13+00:00\",\"breadcrumb\":{\"@id\":\"https:\/\/librairie7l.com\/en\/produit\/bernard-plossu-tirages-fresson\/#breadcrumb\"},\"inLanguage\":\"en-US\",\"potentialAction\":[{\"@type\":\"ReadAction\",\"target\":[\"https:\/\/librairie7l.com\/en\/produit\/bernard-plossu-tirages-fresson\/\"]}]},{\"@type\":\"BreadcrumbList\",\"@id\":\"https:\/\/librairie7l.com\/en\/produit\/bernard-plossu-tirages-fresson\/#breadcrumb\",\"itemListElement\":[{\"@type\":\"ListItem\",\"position\":1,\"name\":\"Accueil\",\"item\":\"https:\/\/librairie7l.com\/en\/\"},{\"@type\":\"ListItem\",\"position\":2,\"name\":\"Shop\",\"item\":\"https:\/\/librairie7l.com\/en\/shop\/\"},{\"@type\":\"ListItem\",\"position\":3,\"name\":\"BERNARD PLOSSU, TIRAGES FRESSON\"}]},{\"@type\":\"WebSite\",\"@id\":\"https:\/\/librairie7l.com\/en\/#website\",\"url\":\"https:\/\/librairie7l.com\/en\/\",\"name\":\"Librairie 7L\",\"description\":\"Librairie fond\u00e9e en 1999 par Karl Lagerfeld \u00e0 Paris\",\"publisher\":{\"@id\":\"https:\/\/librairie7l.com\/en\/#organization\"},\"potentialAction\":[{\"@type\":\"SearchAction\",\"target\":{\"@type\":\"EntryPoint\",\"urlTemplate\":\"https:\/\/librairie7l.com\/en\/?s={search_term_string}\"},\"query-input\":\"required name=search_term_string\"}],\"inLanguage\":\"en-US\"},{\"@type\":\"Organization\",\"@id\":\"https:\/\/librairie7l.com\/en\/#organization\",\"name\":\"Librairie 7L\",\"url\":\"https:\/\/librairie7l.com\/en\/\",\"logo\":{\"@type\":\"ImageObject\",\"inLanguage\":\"en-US\",\"@id\":\"https:\/\/librairie7l.com\/en\/#\/schema\/logo\/image\/\",\"url\":\"https:\/\/librairie7l.com\/wp-content\/uploads\/2022\/08\/logo-1.png\",\"contentUrl\":\"https:\/\/librairie7l.com\/wp-content\/uploads\/2022\/08\/logo-1.png\",\"width\":227,\"height\":301,\"caption\":\"Librairie 7L\"},\"image\":{\"@id\":\"https:\/\/librairie7l.com\/en\/#\/schema\/logo\/image\/\"}}]}<\/script>\n<!-- \/ Yoast SEO plugin. -->","yoast_head_json":{"title":"Bernard Plossu, tirages Fresson - Librairie 7L","robots":{"index":"index","follow":"follow","max-snippet":"max-snippet:-1","max-image-preview":"max-image-preview:large","max-video-preview":"max-video-preview:-1"},"canonical":"https:\/\/librairie7l.com\/en\/produit\/bernard-plossu-tirages-fresson\/","og_locale":"en_US","og_type":"article","og_title":"Bernard Plossu, tirages Fresson - Librairie 7L","og_description":"Ce livre est con\u00e7u comme la r\u00e9trospective de l&#8217;oeuvre en couleur de Bernard Plossu sur tirages Fresson : des ann\u00e9es 70 \u00e0 nos jours, depuis les paysages du grand ouest am\u00e9ricain \u00e0 la gare de la Ciotat ou les jardins de Giverny. Quatre-vingt images, dont certaines in\u00e9dites, sont reproduites dans leur \u00e9paisseur et leur matit\u00e9, [&hellip;]","og_url":"https:\/\/librairie7l.com\/en\/produit\/bernard-plossu-tirages-fresson\/","og_site_name":"Librairie 7L","article_modified_time":"2026-04-18T06:38:13+00:00","og_image":[{"width":600,"height":830,"url":"https:\/\/librairie7l.com\/wp-content\/uploads\/2020\/06\/9782845978423_1_75.jpg","type":"image\/jpeg"}],"twitter_card":"summary_large_image","schema":{"@context":"https:\/\/schema.org","@graph":[{"@type":"WebPage","@id":"https:\/\/librairie7l.com\/en\/produit\/bernard-plossu-tirages-fresson\/","url":"https:\/\/librairie7l.com\/en\/produit\/bernard-plossu-tirages-fresson\/","name":"Bernard Plossu, tirages Fresson - Librairie 7L","isPartOf":{"@id":"https:\/\/librairie7l.com\/en\/#website"},"datePublished":"2024-02-08T16:56:53+00:00","dateModified":"2026-04-18T06:38:13+00:00","breadcrumb":{"@id":"https:\/\/librairie7l.com\/en\/produit\/bernard-plossu-tirages-fresson\/#breadcrumb"},"inLanguage":"en-US","potentialAction":[{"@type":"ReadAction","target":["https:\/\/librairie7l.com\/en\/produit\/bernard-plossu-tirages-fresson\/"]}]},{"@type":"BreadcrumbList","@id":"https:\/\/librairie7l.com\/en\/produit\/bernard-plossu-tirages-fresson\/#breadcrumb","itemListElement":[{"@type":"ListItem","position":1,"name":"Accueil","item":"https:\/\/librairie7l.com\/en\/"},{"@type":"ListItem","position":2,"name":"Shop","item":"https:\/\/librairie7l.com\/en\/shop\/"},{"@type":"ListItem","position":3,"name":"BERNARD PLOSSU, TIRAGES FRESSON"}]},{"@type":"WebSite","@id":"https:\/\/librairie7l.com\/en\/#website","url":"https:\/\/librairie7l.com\/en\/","name":"Librairie 7L","description":"Librairie fond\u00e9e en 1999 par Karl Lagerfeld \u00e0 Paris","publisher":{"@id":"https:\/\/librairie7l.com\/en\/#organization"},"potentialAction":[{"@type":"SearchAction","target":{"@type":"EntryPoint","urlTemplate":"https:\/\/librairie7l.com\/en\/?s={search_term_string}"},"query-input":"required name=search_term_string"}],"inLanguage":"en-US"},{"@type":"Organization","@id":"https:\/\/librairie7l.com\/en\/#organization","name":"Librairie 7L","url":"https:\/\/librairie7l.com\/en\/","logo":{"@type":"ImageObject","inLanguage":"en-US","@id":"https:\/\/librairie7l.com\/en\/#\/schema\/logo\/image\/","url":"https:\/\/librairie7l.com\/wp-content\/uploads\/2022\/08\/logo-1.png","contentUrl":"https:\/\/librairie7l.com\/wp-content\/uploads\/2022\/08\/logo-1.png","width":227,"height":301,"caption":"Librairie 7L"},"image":{"@id":"https:\/\/librairie7l.com\/en\/#\/schema\/logo\/image\/"}}]}},"_links":{"self":[{"href":"https:\/\/librairie7l.com\/en\/wp-json\/wp\/v2\/product\/38363"}],"collection":[{"href":"https:\/\/librairie7l.com\/en\/wp-json\/wp\/v2\/product"}],"about":[{"href":"https:\/\/librairie7l.com\/en\/wp-json\/wp\/v2\/types\/product"}],"wp:featuredmedia":[{"embeddable":true,"href":"https:\/\/librairie7l.com\/en\/wp-json\/wp\/v2\/media\/38361"}],"wp:attachment":[{"href":"https:\/\/librairie7l.com\/en\/wp-json\/wp\/v2\/media?parent=38363"}],"wp:term":[{"taxonomy":"product_cat","embeddable":true,"href":"https:\/\/librairie7l.com\/en\/wp-json\/wp\/v2\/product_cat?post=38363"},{"taxonomy":"product_tag","embeddable":true,"href":"https:\/\/librairie7l.com\/en\/wp-json\/wp\/v2\/product_tag?post=38363"}],"curies":[{"name":"wp","href":"https:\/\/api.w.org\/{rel}","templated":true}]}}