{"id":38367,"date":"2024-02-08T17:56:59","date_gmt":"2024-02-08T16:56:59","guid":{"rendered":"https:\/\/librairie7l.com\/?post_type=product&#038;p=38367"},"modified":"2026-04-05T14:07:13","modified_gmt":"2026-04-05T12:07:13","slug":"the-little-book-of-vivienne-westwood","status":"publish","type":"product","link":"https:\/\/librairie7l.com\/en\/produit\/the-little-book-of-vivienne-westwood\/","title":{"rendered":"THE LITTLE BOOK OF VIVIENNE WESTWOOD"},"content":{"rendered":"<p>Ce petit volume accessible retrace l&#8217;histoire de la c\u00e9l\u00e8bre cr\u00e9atrice de mode Vivian Westwood, de ses d\u00e9buts dans le milieu punk des ann\u00e9es 1970 \u00e0 son approche unique de la couture et notamment de la corseterie. Sa contribution fondamentale \u00e0 la mode, avec ses id\u00e9es avant-gardistes et provocatrices parodiant le style anglais par ses propres \u00e9l\u00e9ments de langages comme le tweed et le tartan ont su s\u00e9duire au fil des ann\u00e9es de nombreuses stars telles que Dita Von Teese, FKA Twigs et Doja Cat. Avec un succ\u00e8s inou\u00ef aupr\u00e8s des jeunes g\u00e9n\u00e9rations et une red\u00e9couverte de ses cr\u00e9ations devenues virales sur Tik Tok Vivianne Westwood n&#8217;a pas cess\u00e9 d&#8217;influencer le milieu de la mode et d&#8217;inspirer par sa vision f\u00e9ministe des habits.<\/p>\n","protected":false},"excerpt":{"rendered":"<p>Ce petit volume accessible retrace l&#8217;histoire de la c\u00e9l\u00e8bre cr\u00e9atrice de mode Vivian Westwood, de ses d\u00e9buts dans le milieu punk des ann\u00e9es 1970 \u00e0 son approche unique de la couture et notamment de la corseterie. Sa contribution fondamentale \u00e0 la mode, avec ses id\u00e9es avant-gardistes et provocatrices parodiant le style anglais par ses propres [&hellip;]<\/p>\n","protected":false},"featured_media":38365,"template":"","meta":[],"product_cat":[2948,2957],"product_tag":[],"acf":[],"yoast_head":"<!-- This site is optimized with the Yoast SEO plugin v20.11 - https:\/\/yoast.com\/wordpress\/plugins\/seo\/ -->\n<title>The little book of Vivienne Westwood - Librairie 7L<\/title>\n<meta name=\"robots\" content=\"index, follow, max-snippet:-1, max-image-preview:large, max-video-preview:-1\" \/>\n<link rel=\"canonical\" href=\"https:\/\/librairie7l.com\/en\/produit\/the-little-book-of-vivienne-westwood\/\" \/>\n<meta property=\"og:locale\" content=\"en_US\" \/>\n<meta property=\"og:type\" content=\"article\" \/>\n<meta property=\"og:title\" content=\"The little book of Vivienne Westwood - Librairie 7L\" \/>\n<meta property=\"og:description\" content=\"Ce petit volume accessible retrace l&#8217;histoire de la c\u00e9l\u00e8bre cr\u00e9atrice de mode Vivian Westwood, de ses d\u00e9buts dans le milieu punk des ann\u00e9es 1970 \u00e0 son approche unique de la couture et notamment de la corseterie. Sa contribution fondamentale \u00e0 la mode, avec ses id\u00e9es avant-gardistes et provocatrices parodiant le style anglais par ses propres [&hellip;]\" \/>\n<meta property=\"og:url\" content=\"https:\/\/librairie7l.com\/en\/produit\/the-little-book-of-vivienne-westwood\/\" \/>\n<meta property=\"og:site_name\" content=\"Librairie 7L\" \/>\n<meta property=\"article:modified_time\" content=\"2026-04-05T12:07:13+00:00\" \/>\n<meta property=\"og:image\" content=\"https:\/\/librairie7l.com\/wp-content\/uploads\/2023\/04\/9781802796452_1_75.jpg\" \/>\n\t<meta property=\"og:image:width\" content=\"335\" \/>\n\t<meta property=\"og:image:height\" content=\"497\" \/>\n\t<meta property=\"og:image:type\" content=\"image\/jpeg\" \/>\n<meta name=\"twitter:card\" content=\"summary_large_image\" \/>\n<meta name=\"twitter:label1\" content=\"Est. reading time\" \/>\n\t<meta name=\"twitter:data1\" content=\"1 minute\" \/>\n<script type=\"application\/ld+json\" class=\"yoast-schema-graph\">{\"@context\":\"https:\/\/schema.org\",\"@graph\":[{\"@type\":\"WebPage\",\"@id\":\"https:\/\/librairie7l.com\/en\/produit\/the-little-book-of-vivienne-westwood\/\",\"url\":\"https:\/\/librairie7l.com\/en\/produit\/the-little-book-of-vivienne-westwood\/\",\"name\":\"The little book of Vivienne Westwood - Librairie 7L\",\"isPartOf\":{\"@id\":\"https:\/\/librairie7l.com\/en\/#website\"},\"datePublished\":\"2024-02-08T16:56:59+00:00\",\"dateModified\":\"2026-04-05T12:07:13+00:00\",\"breadcrumb\":{\"@id\":\"https:\/\/librairie7l.com\/en\/produit\/the-little-book-of-vivienne-westwood\/#breadcrumb\"},\"inLanguage\":\"en-US\",\"potentialAction\":[{\"@type\":\"ReadAction\",\"target\":[\"https:\/\/librairie7l.com\/en\/produit\/the-little-book-of-vivienne-westwood\/\"]}]},{\"@type\":\"BreadcrumbList\",\"@id\":\"https:\/\/librairie7l.com\/en\/produit\/the-little-book-of-vivienne-westwood\/#breadcrumb\",\"itemListElement\":[{\"@type\":\"ListItem\",\"position\":1,\"name\":\"Accueil\",\"item\":\"https:\/\/librairie7l.com\/en\/\"},{\"@type\":\"ListItem\",\"position\":2,\"name\":\"Shop\",\"item\":\"https:\/\/librairie7l.com\/en\/shop\/\"},{\"@type\":\"ListItem\",\"position\":3,\"name\":\"THE LITTLE BOOK OF VIVIENNE WESTWOOD\"}]},{\"@type\":\"WebSite\",\"@id\":\"https:\/\/librairie7l.com\/en\/#website\",\"url\":\"https:\/\/librairie7l.com\/en\/\",\"name\":\"Librairie 7L\",\"description\":\"Librairie fond\u00e9e en 1999 par Karl Lagerfeld \u00e0 Paris\",\"publisher\":{\"@id\":\"https:\/\/librairie7l.com\/en\/#organization\"},\"potentialAction\":[{\"@type\":\"SearchAction\",\"target\":{\"@type\":\"EntryPoint\",\"urlTemplate\":\"https:\/\/librairie7l.com\/en\/?s={search_term_string}\"},\"query-input\":\"required name=search_term_string\"}],\"inLanguage\":\"en-US\"},{\"@type\":\"Organization\",\"@id\":\"https:\/\/librairie7l.com\/en\/#organization\",\"name\":\"Librairie 7L\",\"url\":\"https:\/\/librairie7l.com\/en\/\",\"logo\":{\"@type\":\"ImageObject\",\"inLanguage\":\"en-US\",\"@id\":\"https:\/\/librairie7l.com\/en\/#\/schema\/logo\/image\/\",\"url\":\"https:\/\/librairie7l.com\/wp-content\/uploads\/2022\/08\/logo-1.png\",\"contentUrl\":\"https:\/\/librairie7l.com\/wp-content\/uploads\/2022\/08\/logo-1.png\",\"width\":227,\"height\":301,\"caption\":\"Librairie 7L\"},\"image\":{\"@id\":\"https:\/\/librairie7l.com\/en\/#\/schema\/logo\/image\/\"}}]}<\/script>\n<!-- \/ Yoast SEO plugin. -->","yoast_head_json":{"title":"The little book of Vivienne Westwood - Librairie 7L","robots":{"index":"index","follow":"follow","max-snippet":"max-snippet:-1","max-image-preview":"max-image-preview:large","max-video-preview":"max-video-preview:-1"},"canonical":"https:\/\/librairie7l.com\/en\/produit\/the-little-book-of-vivienne-westwood\/","og_locale":"en_US","og_type":"article","og_title":"The little book of Vivienne Westwood - Librairie 7L","og_description":"Ce petit volume accessible retrace l&#8217;histoire de la c\u00e9l\u00e8bre cr\u00e9atrice de mode Vivian Westwood, de ses d\u00e9buts dans le milieu punk des ann\u00e9es 1970 \u00e0 son approche unique de la couture et notamment de la corseterie. Sa contribution fondamentale \u00e0 la mode, avec ses id\u00e9es avant-gardistes et provocatrices parodiant le style anglais par ses propres [&hellip;]","og_url":"https:\/\/librairie7l.com\/en\/produit\/the-little-book-of-vivienne-westwood\/","og_site_name":"Librairie 7L","article_modified_time":"2026-04-05T12:07:13+00:00","og_image":[{"width":335,"height":497,"url":"https:\/\/librairie7l.com\/wp-content\/uploads\/2023\/04\/9781802796452_1_75.jpg","type":"image\/jpeg"}],"twitter_card":"summary_large_image","twitter_misc":{"Est. reading time":"1 minute"},"schema":{"@context":"https:\/\/schema.org","@graph":[{"@type":"WebPage","@id":"https:\/\/librairie7l.com\/en\/produit\/the-little-book-of-vivienne-westwood\/","url":"https:\/\/librairie7l.com\/en\/produit\/the-little-book-of-vivienne-westwood\/","name":"The little book of Vivienne Westwood - Librairie 7L","isPartOf":{"@id":"https:\/\/librairie7l.com\/en\/#website"},"datePublished":"2024-02-08T16:56:59+00:00","dateModified":"2026-04-05T12:07:13+00:00","breadcrumb":{"@id":"https:\/\/librairie7l.com\/en\/produit\/the-little-book-of-vivienne-westwood\/#breadcrumb"},"inLanguage":"en-US","potentialAction":[{"@type":"ReadAction","target":["https:\/\/librairie7l.com\/en\/produit\/the-little-book-of-vivienne-westwood\/"]}]},{"@type":"BreadcrumbList","@id":"https:\/\/librairie7l.com\/en\/produit\/the-little-book-of-vivienne-westwood\/#breadcrumb","itemListElement":[{"@type":"ListItem","position":1,"name":"Accueil","item":"https:\/\/librairie7l.com\/en\/"},{"@type":"ListItem","position":2,"name":"Shop","item":"https:\/\/librairie7l.com\/en\/shop\/"},{"@type":"ListItem","position":3,"name":"THE LITTLE BOOK OF VIVIENNE WESTWOOD"}]},{"@type":"WebSite","@id":"https:\/\/librairie7l.com\/en\/#website","url":"https:\/\/librairie7l.com\/en\/","name":"Librairie 7L","description":"Librairie fond\u00e9e en 1999 par Karl Lagerfeld \u00e0 Paris","publisher":{"@id":"https:\/\/librairie7l.com\/en\/#organization"},"potentialAction":[{"@type":"SearchAction","target":{"@type":"EntryPoint","urlTemplate":"https:\/\/librairie7l.com\/en\/?s={search_term_string}"},"query-input":"required name=search_term_string"}],"inLanguage":"en-US"},{"@type":"Organization","@id":"https:\/\/librairie7l.com\/en\/#organization","name":"Librairie 7L","url":"https:\/\/librairie7l.com\/en\/","logo":{"@type":"ImageObject","inLanguage":"en-US","@id":"https:\/\/librairie7l.com\/en\/#\/schema\/logo\/image\/","url":"https:\/\/librairie7l.com\/wp-content\/uploads\/2022\/08\/logo-1.png","contentUrl":"https:\/\/librairie7l.com\/wp-content\/uploads\/2022\/08\/logo-1.png","width":227,"height":301,"caption":"Librairie 7L"},"image":{"@id":"https:\/\/librairie7l.com\/en\/#\/schema\/logo\/image\/"}}]}},"_links":{"self":[{"href":"https:\/\/librairie7l.com\/en\/wp-json\/wp\/v2\/product\/38367"}],"collection":[{"href":"https:\/\/librairie7l.com\/en\/wp-json\/wp\/v2\/product"}],"about":[{"href":"https:\/\/librairie7l.com\/en\/wp-json\/wp\/v2\/types\/product"}],"wp:featuredmedia":[{"embeddable":true,"href":"https:\/\/librairie7l.com\/en\/wp-json\/wp\/v2\/media\/38365"}],"wp:attachment":[{"href":"https:\/\/librairie7l.com\/en\/wp-json\/wp\/v2\/media?parent=38367"}],"wp:term":[{"taxonomy":"product_cat","embeddable":true,"href":"https:\/\/librairie7l.com\/en\/wp-json\/wp\/v2\/product_cat?post=38367"},{"taxonomy":"product_tag","embeddable":true,"href":"https:\/\/librairie7l.com\/en\/wp-json\/wp\/v2\/product_tag?post=38367"}],"curies":[{"name":"wp","href":"https:\/\/api.w.org\/{rel}","templated":true}]}}