{"id":38387,"date":"2024-02-08T17:57:33","date_gmt":"2024-02-08T16:57:33","guid":{"rendered":"https:\/\/librairie7l.com\/?post_type=product&#038;p=38387"},"modified":"2026-04-08T16:44:15","modified_gmt":"2026-04-08T14:44:15","slug":"laureline-galliot-le-geste-numerique","status":"publish","type":"product","link":"https:\/\/librairie7l.com\/en\/produit\/laureline-galliot-le-geste-numerique\/","title":{"rendered":"LAURELINE GALLIOT : LE GESTE NUM\u00c9RIQUE"},"content":{"rendered":"<p>Initi\u00e9 en 2023 par la Cit\u00e9 du design de Saint-\u00c9tienne, Pr\u00e9sent&#8230;Futur est un cycle d&#8217;expositions monographiques illustrant la pluralit\u00e9 des expressions du design contemporain fran\u00e7ais et europ\u00e9en. Pour conserver la trace de ces expositions, mais aussi prolonger le plaisir de la d\u00e9couverte, une collection de livres explore, pour chaque designer invit\u00e9\u00b7e, une s\u00e9lection de projets et raconte une aventure cr\u00e9ative qui rapproche le design et les savoir-faire industriels, atouts du territoire Auvergne-Rh\u00f4ne-Alpes.<\/p>\n","protected":false},"excerpt":{"rendered":"<p>Initi\u00e9 en 2023 par la Cit\u00e9 du design de Saint-\u00c9tienne, Pr\u00e9sent&#8230;Futur est un cycle d&#8217;expositions monographiques illustrant la pluralit\u00e9 des expressions du design contemporain fran\u00e7ais et europ\u00e9en. Pour conserver la trace de ces expositions, mais aussi prolonger le plaisir de la d\u00e9couverte, une collection de livres explore, pour chaque designer invit\u00e9\u00b7e, une s\u00e9lection de projets [&hellip;]<\/p>\n","protected":false},"featured_media":38385,"template":"","meta":[],"product_cat":[2948,2952],"product_tag":[],"acf":[],"yoast_head":"<!-- This site is optimized with the Yoast SEO plugin v20.11 - https:\/\/yoast.com\/wordpress\/plugins\/seo\/ -->\n<title>Laureline Galliot : Le geste num\u00e9rique - Librairie 7L<\/title>\n<meta name=\"robots\" content=\"index, follow, max-snippet:-1, max-image-preview:large, max-video-preview:-1\" \/>\n<link rel=\"canonical\" href=\"https:\/\/librairie7l.com\/en\/produit\/laureline-galliot-le-geste-numerique\/\" \/>\n<meta property=\"og:locale\" content=\"en_US\" \/>\n<meta property=\"og:type\" content=\"article\" \/>\n<meta property=\"og:title\" content=\"Laureline Galliot : Le geste num\u00e9rique - Librairie 7L\" \/>\n<meta property=\"og:description\" content=\"Initi\u00e9 en 2023 par la Cit\u00e9 du design de Saint-\u00c9tienne, Pr\u00e9sent&#8230;Futur est un cycle d&#8217;expositions monographiques illustrant la pluralit\u00e9 des expressions du design contemporain fran\u00e7ais et europ\u00e9en. Pour conserver la trace de ces expositions, mais aussi prolonger le plaisir de la d\u00e9couverte, une collection de livres explore, pour chaque designer invit\u00e9\u00b7e, une s\u00e9lection de projets [&hellip;]\" \/>\n<meta property=\"og:url\" content=\"https:\/\/librairie7l.com\/en\/produit\/laureline-galliot-le-geste-numerique\/\" \/>\n<meta property=\"og:site_name\" content=\"Librairie 7L\" \/>\n<meta property=\"article:modified_time\" content=\"2026-04-08T14:44:15+00:00\" \/>\n<meta property=\"og:image\" content=\"https:\/\/librairie7l.com\/wp-content\/uploads\/2023\/06\/9782492621154_1_75.jpg\" \/>\n\t<meta property=\"og:image:width\" content=\"600\" \/>\n\t<meta property=\"og:image:height\" content=\"797\" \/>\n\t<meta property=\"og:image:type\" content=\"image\/jpeg\" \/>\n<meta name=\"twitter:card\" content=\"summary_large_image\" \/>\n<script type=\"application\/ld+json\" class=\"yoast-schema-graph\">{\"@context\":\"https:\/\/schema.org\",\"@graph\":[{\"@type\":\"WebPage\",\"@id\":\"https:\/\/librairie7l.com\/en\/produit\/laureline-galliot-le-geste-numerique\/\",\"url\":\"https:\/\/librairie7l.com\/en\/produit\/laureline-galliot-le-geste-numerique\/\",\"name\":\"Laureline Galliot : Le geste num\u00e9rique - Librairie 7L\",\"isPartOf\":{\"@id\":\"https:\/\/librairie7l.com\/en\/#website\"},\"datePublished\":\"2024-02-08T16:57:33+00:00\",\"dateModified\":\"2026-04-08T14:44:15+00:00\",\"breadcrumb\":{\"@id\":\"https:\/\/librairie7l.com\/en\/produit\/laureline-galliot-le-geste-numerique\/#breadcrumb\"},\"inLanguage\":\"en-US\",\"potentialAction\":[{\"@type\":\"ReadAction\",\"target\":[\"https:\/\/librairie7l.com\/en\/produit\/laureline-galliot-le-geste-numerique\/\"]}]},{\"@type\":\"BreadcrumbList\",\"@id\":\"https:\/\/librairie7l.com\/en\/produit\/laureline-galliot-le-geste-numerique\/#breadcrumb\",\"itemListElement\":[{\"@type\":\"ListItem\",\"position\":1,\"name\":\"Accueil\",\"item\":\"https:\/\/librairie7l.com\/en\/\"},{\"@type\":\"ListItem\",\"position\":2,\"name\":\"Shop\",\"item\":\"https:\/\/librairie7l.com\/en\/shop\/\"},{\"@type\":\"ListItem\",\"position\":3,\"name\":\"LAURELINE GALLIOT : LE GESTE NUM\u00c9RIQUE\"}]},{\"@type\":\"WebSite\",\"@id\":\"https:\/\/librairie7l.com\/en\/#website\",\"url\":\"https:\/\/librairie7l.com\/en\/\",\"name\":\"Librairie 7L\",\"description\":\"Librairie fond\u00e9e en 1999 par Karl Lagerfeld \u00e0 Paris\",\"publisher\":{\"@id\":\"https:\/\/librairie7l.com\/en\/#organization\"},\"potentialAction\":[{\"@type\":\"SearchAction\",\"target\":{\"@type\":\"EntryPoint\",\"urlTemplate\":\"https:\/\/librairie7l.com\/en\/?s={search_term_string}\"},\"query-input\":\"required name=search_term_string\"}],\"inLanguage\":\"en-US\"},{\"@type\":\"Organization\",\"@id\":\"https:\/\/librairie7l.com\/en\/#organization\",\"name\":\"Librairie 7L\",\"url\":\"https:\/\/librairie7l.com\/en\/\",\"logo\":{\"@type\":\"ImageObject\",\"inLanguage\":\"en-US\",\"@id\":\"https:\/\/librairie7l.com\/en\/#\/schema\/logo\/image\/\",\"url\":\"https:\/\/librairie7l.com\/wp-content\/uploads\/2022\/08\/logo-1.png\",\"contentUrl\":\"https:\/\/librairie7l.com\/wp-content\/uploads\/2022\/08\/logo-1.png\",\"width\":227,\"height\":301,\"caption\":\"Librairie 7L\"},\"image\":{\"@id\":\"https:\/\/librairie7l.com\/en\/#\/schema\/logo\/image\/\"}}]}<\/script>\n<!-- \/ Yoast SEO plugin. -->","yoast_head_json":{"title":"Laureline Galliot : Le geste num\u00e9rique - Librairie 7L","robots":{"index":"index","follow":"follow","max-snippet":"max-snippet:-1","max-image-preview":"max-image-preview:large","max-video-preview":"max-video-preview:-1"},"canonical":"https:\/\/librairie7l.com\/en\/produit\/laureline-galliot-le-geste-numerique\/","og_locale":"en_US","og_type":"article","og_title":"Laureline Galliot : Le geste num\u00e9rique - Librairie 7L","og_description":"Initi\u00e9 en 2023 par la Cit\u00e9 du design de Saint-\u00c9tienne, Pr\u00e9sent&#8230;Futur est un cycle d&#8217;expositions monographiques illustrant la pluralit\u00e9 des expressions du design contemporain fran\u00e7ais et europ\u00e9en. Pour conserver la trace de ces expositions, mais aussi prolonger le plaisir de la d\u00e9couverte, une collection de livres explore, pour chaque designer invit\u00e9\u00b7e, une s\u00e9lection de projets [&hellip;]","og_url":"https:\/\/librairie7l.com\/en\/produit\/laureline-galliot-le-geste-numerique\/","og_site_name":"Librairie 7L","article_modified_time":"2026-04-08T14:44:15+00:00","og_image":[{"width":600,"height":797,"url":"https:\/\/librairie7l.com\/wp-content\/uploads\/2023\/06\/9782492621154_1_75.jpg","type":"image\/jpeg"}],"twitter_card":"summary_large_image","schema":{"@context":"https:\/\/schema.org","@graph":[{"@type":"WebPage","@id":"https:\/\/librairie7l.com\/en\/produit\/laureline-galliot-le-geste-numerique\/","url":"https:\/\/librairie7l.com\/en\/produit\/laureline-galliot-le-geste-numerique\/","name":"Laureline Galliot : Le geste num\u00e9rique - Librairie 7L","isPartOf":{"@id":"https:\/\/librairie7l.com\/en\/#website"},"datePublished":"2024-02-08T16:57:33+00:00","dateModified":"2026-04-08T14:44:15+00:00","breadcrumb":{"@id":"https:\/\/librairie7l.com\/en\/produit\/laureline-galliot-le-geste-numerique\/#breadcrumb"},"inLanguage":"en-US","potentialAction":[{"@type":"ReadAction","target":["https:\/\/librairie7l.com\/en\/produit\/laureline-galliot-le-geste-numerique\/"]}]},{"@type":"BreadcrumbList","@id":"https:\/\/librairie7l.com\/en\/produit\/laureline-galliot-le-geste-numerique\/#breadcrumb","itemListElement":[{"@type":"ListItem","position":1,"name":"Accueil","item":"https:\/\/librairie7l.com\/en\/"},{"@type":"ListItem","position":2,"name":"Shop","item":"https:\/\/librairie7l.com\/en\/shop\/"},{"@type":"ListItem","position":3,"name":"LAURELINE GALLIOT : LE GESTE NUM\u00c9RIQUE"}]},{"@type":"WebSite","@id":"https:\/\/librairie7l.com\/en\/#website","url":"https:\/\/librairie7l.com\/en\/","name":"Librairie 7L","description":"Librairie fond\u00e9e en 1999 par Karl Lagerfeld \u00e0 Paris","publisher":{"@id":"https:\/\/librairie7l.com\/en\/#organization"},"potentialAction":[{"@type":"SearchAction","target":{"@type":"EntryPoint","urlTemplate":"https:\/\/librairie7l.com\/en\/?s={search_term_string}"},"query-input":"required name=search_term_string"}],"inLanguage":"en-US"},{"@type":"Organization","@id":"https:\/\/librairie7l.com\/en\/#organization","name":"Librairie 7L","url":"https:\/\/librairie7l.com\/en\/","logo":{"@type":"ImageObject","inLanguage":"en-US","@id":"https:\/\/librairie7l.com\/en\/#\/schema\/logo\/image\/","url":"https:\/\/librairie7l.com\/wp-content\/uploads\/2022\/08\/logo-1.png","contentUrl":"https:\/\/librairie7l.com\/wp-content\/uploads\/2022\/08\/logo-1.png","width":227,"height":301,"caption":"Librairie 7L"},"image":{"@id":"https:\/\/librairie7l.com\/en\/#\/schema\/logo\/image\/"}}]}},"_links":{"self":[{"href":"https:\/\/librairie7l.com\/en\/wp-json\/wp\/v2\/product\/38387"}],"collection":[{"href":"https:\/\/librairie7l.com\/en\/wp-json\/wp\/v2\/product"}],"about":[{"href":"https:\/\/librairie7l.com\/en\/wp-json\/wp\/v2\/types\/product"}],"wp:featuredmedia":[{"embeddable":true,"href":"https:\/\/librairie7l.com\/en\/wp-json\/wp\/v2\/media\/38385"}],"wp:attachment":[{"href":"https:\/\/librairie7l.com\/en\/wp-json\/wp\/v2\/media?parent=38387"}],"wp:term":[{"taxonomy":"product_cat","embeddable":true,"href":"https:\/\/librairie7l.com\/en\/wp-json\/wp\/v2\/product_cat?post=38387"},{"taxonomy":"product_tag","embeddable":true,"href":"https:\/\/librairie7l.com\/en\/wp-json\/wp\/v2\/product_tag?post=38387"}],"curies":[{"name":"wp","href":"https:\/\/api.w.org\/{rel}","templated":true}]}}