{"id":38395,"date":"2024-06-26T10:35:55","date_gmt":"2024-06-26T08:35:55","guid":{"rendered":"https:\/\/librairie7l.com\/?post_type=product&#038;p=38395"},"modified":"2026-04-07T20:17:13","modified_gmt":"2026-04-07T18:17:13","slug":"all-about-yves","status":"publish","type":"product","link":"https:\/\/librairie7l.com\/en\/produit\/all-about-yves\/","title":{"rendered":"ALL ABOUT YVES"},"content":{"rendered":"<p>Une invitation \u00e0 d\u00e9couvrir la vie et l&#8217;oeuvre d&#8217;Yves Saint Laurent, le couturier le plus c\u00e9l\u00e8bre et le plus c\u00e9l\u00e9br\u00e9 au monde, qui a mis son g\u00e9nie au service des femmes.<\/p>\n<p>De ses d\u00e9buts chez Christian Dior aux expositions et d\u00e9fil\u00e9s spectaculaires, de la cr\u00e9ation du smoking \u00e0 ses collections hommage aux artistes, de ses costumes pour le th\u00e9\u00e2tre \u00e0 la cr\u00e9ation de ses cartes de voeux, cet ouvrage aborde tous les grands th\u00e8mes mais aussi l&#8217;histoire du couple hors norme qu&#8217;il formait avec Pierre Berg\u00e9.<\/p>\n","protected":false},"excerpt":{"rendered":"<p>Une invitation \u00e0 d\u00e9couvrir la vie et l&#8217;oeuvre d&#8217;Yves Saint Laurent, le couturier le plus c\u00e9l\u00e8bre et le plus c\u00e9l\u00e9br\u00e9 au monde, qui a mis son g\u00e9nie au service des femmes. De ses d\u00e9buts chez Christian Dior aux expositions et d\u00e9fil\u00e9s spectaculaires, de la cr\u00e9ation du smoking \u00e0 ses collections hommage aux artistes, de ses [&hellip;]<\/p>\n","protected":false},"featured_media":38393,"template":"","meta":[],"product_cat":[2948,2957],"product_tag":[],"acf":[],"yoast_head":"<!-- This site is optimized with the Yoast SEO plugin v20.11 - https:\/\/yoast.com\/wordpress\/plugins\/seo\/ -->\n<title>All about Yves - Librairie 7L<\/title>\n<meta name=\"robots\" content=\"index, follow, max-snippet:-1, max-image-preview:large, max-video-preview:-1\" \/>\n<link rel=\"canonical\" href=\"https:\/\/librairie7l.com\/en\/produit\/all-about-yves\/\" \/>\n<meta property=\"og:locale\" content=\"en_US\" \/>\n<meta property=\"og:type\" content=\"article\" \/>\n<meta property=\"og:title\" content=\"All about Yves - Librairie 7L\" \/>\n<meta property=\"og:description\" content=\"Une invitation \u00e0 d\u00e9couvrir la vie et l&#8217;oeuvre d&#8217;Yves Saint Laurent, le couturier le plus c\u00e9l\u00e8bre et le plus c\u00e9l\u00e9br\u00e9 au monde, qui a mis son g\u00e9nie au service des femmes. De ses d\u00e9buts chez Christian Dior aux expositions et d\u00e9fil\u00e9s spectaculaires, de la cr\u00e9ation du smoking \u00e0 ses collections hommage aux artistes, de ses [&hellip;]\" \/>\n<meta property=\"og:url\" content=\"https:\/\/librairie7l.com\/en\/produit\/all-about-yves\/\" \/>\n<meta property=\"og:site_name\" content=\"Librairie 7L\" \/>\n<meta property=\"article:modified_time\" content=\"2026-04-07T18:17:13+00:00\" \/>\n<meta property=\"og:image\" content=\"https:\/\/librairie7l.com\/wp-content\/uploads\/2022\/06\/9782036026896_1_75.jpg\" \/>\n\t<meta property=\"og:image:width\" content=\"600\" \/>\n\t<meta property=\"og:image:height\" content=\"700\" \/>\n\t<meta property=\"og:image:type\" content=\"image\/jpeg\" \/>\n<meta name=\"twitter:card\" content=\"summary_large_image\" \/>\n<script type=\"application\/ld+json\" class=\"yoast-schema-graph\">{\"@context\":\"https:\/\/schema.org\",\"@graph\":[{\"@type\":\"WebPage\",\"@id\":\"https:\/\/librairie7l.com\/en\/produit\/all-about-yves\/\",\"url\":\"https:\/\/librairie7l.com\/en\/produit\/all-about-yves\/\",\"name\":\"All about Yves - Librairie 7L\",\"isPartOf\":{\"@id\":\"https:\/\/librairie7l.com\/en\/#website\"},\"datePublished\":\"2024-06-26T08:35:55+00:00\",\"dateModified\":\"2026-04-07T18:17:13+00:00\",\"breadcrumb\":{\"@id\":\"https:\/\/librairie7l.com\/en\/produit\/all-about-yves\/#breadcrumb\"},\"inLanguage\":\"en-US\",\"potentialAction\":[{\"@type\":\"ReadAction\",\"target\":[\"https:\/\/librairie7l.com\/en\/produit\/all-about-yves\/\"]}]},{\"@type\":\"BreadcrumbList\",\"@id\":\"https:\/\/librairie7l.com\/en\/produit\/all-about-yves\/#breadcrumb\",\"itemListElement\":[{\"@type\":\"ListItem\",\"position\":1,\"name\":\"Accueil\",\"item\":\"https:\/\/librairie7l.com\/en\/\"},{\"@type\":\"ListItem\",\"position\":2,\"name\":\"Shop\",\"item\":\"https:\/\/librairie7l.com\/en\/shop\/\"},{\"@type\":\"ListItem\",\"position\":3,\"name\":\"ALL ABOUT YVES\"}]},{\"@type\":\"WebSite\",\"@id\":\"https:\/\/librairie7l.com\/en\/#website\",\"url\":\"https:\/\/librairie7l.com\/en\/\",\"name\":\"Librairie 7L\",\"description\":\"Librairie fond\u00e9e en 1999 par Karl Lagerfeld \u00e0 Paris\",\"publisher\":{\"@id\":\"https:\/\/librairie7l.com\/en\/#organization\"},\"potentialAction\":[{\"@type\":\"SearchAction\",\"target\":{\"@type\":\"EntryPoint\",\"urlTemplate\":\"https:\/\/librairie7l.com\/en\/?s={search_term_string}\"},\"query-input\":\"required name=search_term_string\"}],\"inLanguage\":\"en-US\"},{\"@type\":\"Organization\",\"@id\":\"https:\/\/librairie7l.com\/en\/#organization\",\"name\":\"Librairie 7L\",\"url\":\"https:\/\/librairie7l.com\/en\/\",\"logo\":{\"@type\":\"ImageObject\",\"inLanguage\":\"en-US\",\"@id\":\"https:\/\/librairie7l.com\/en\/#\/schema\/logo\/image\/\",\"url\":\"https:\/\/librairie7l.com\/wp-content\/uploads\/2022\/08\/logo-1.png\",\"contentUrl\":\"https:\/\/librairie7l.com\/wp-content\/uploads\/2022\/08\/logo-1.png\",\"width\":227,\"height\":301,\"caption\":\"Librairie 7L\"},\"image\":{\"@id\":\"https:\/\/librairie7l.com\/en\/#\/schema\/logo\/image\/\"}}]}<\/script>\n<!-- \/ Yoast SEO plugin. -->","yoast_head_json":{"title":"All about Yves - Librairie 7L","robots":{"index":"index","follow":"follow","max-snippet":"max-snippet:-1","max-image-preview":"max-image-preview:large","max-video-preview":"max-video-preview:-1"},"canonical":"https:\/\/librairie7l.com\/en\/produit\/all-about-yves\/","og_locale":"en_US","og_type":"article","og_title":"All about Yves - Librairie 7L","og_description":"Une invitation \u00e0 d\u00e9couvrir la vie et l&#8217;oeuvre d&#8217;Yves Saint Laurent, le couturier le plus c\u00e9l\u00e8bre et le plus c\u00e9l\u00e9br\u00e9 au monde, qui a mis son g\u00e9nie au service des femmes. De ses d\u00e9buts chez Christian Dior aux expositions et d\u00e9fil\u00e9s spectaculaires, de la cr\u00e9ation du smoking \u00e0 ses collections hommage aux artistes, de ses [&hellip;]","og_url":"https:\/\/librairie7l.com\/en\/produit\/all-about-yves\/","og_site_name":"Librairie 7L","article_modified_time":"2026-04-07T18:17:13+00:00","og_image":[{"width":600,"height":700,"url":"https:\/\/librairie7l.com\/wp-content\/uploads\/2022\/06\/9782036026896_1_75.jpg","type":"image\/jpeg"}],"twitter_card":"summary_large_image","schema":{"@context":"https:\/\/schema.org","@graph":[{"@type":"WebPage","@id":"https:\/\/librairie7l.com\/en\/produit\/all-about-yves\/","url":"https:\/\/librairie7l.com\/en\/produit\/all-about-yves\/","name":"All about Yves - Librairie 7L","isPartOf":{"@id":"https:\/\/librairie7l.com\/en\/#website"},"datePublished":"2024-06-26T08:35:55+00:00","dateModified":"2026-04-07T18:17:13+00:00","breadcrumb":{"@id":"https:\/\/librairie7l.com\/en\/produit\/all-about-yves\/#breadcrumb"},"inLanguage":"en-US","potentialAction":[{"@type":"ReadAction","target":["https:\/\/librairie7l.com\/en\/produit\/all-about-yves\/"]}]},{"@type":"BreadcrumbList","@id":"https:\/\/librairie7l.com\/en\/produit\/all-about-yves\/#breadcrumb","itemListElement":[{"@type":"ListItem","position":1,"name":"Accueil","item":"https:\/\/librairie7l.com\/en\/"},{"@type":"ListItem","position":2,"name":"Shop","item":"https:\/\/librairie7l.com\/en\/shop\/"},{"@type":"ListItem","position":3,"name":"ALL ABOUT YVES"}]},{"@type":"WebSite","@id":"https:\/\/librairie7l.com\/en\/#website","url":"https:\/\/librairie7l.com\/en\/","name":"Librairie 7L","description":"Librairie fond\u00e9e en 1999 par Karl Lagerfeld \u00e0 Paris","publisher":{"@id":"https:\/\/librairie7l.com\/en\/#organization"},"potentialAction":[{"@type":"SearchAction","target":{"@type":"EntryPoint","urlTemplate":"https:\/\/librairie7l.com\/en\/?s={search_term_string}"},"query-input":"required name=search_term_string"}],"inLanguage":"en-US"},{"@type":"Organization","@id":"https:\/\/librairie7l.com\/en\/#organization","name":"Librairie 7L","url":"https:\/\/librairie7l.com\/en\/","logo":{"@type":"ImageObject","inLanguage":"en-US","@id":"https:\/\/librairie7l.com\/en\/#\/schema\/logo\/image\/","url":"https:\/\/librairie7l.com\/wp-content\/uploads\/2022\/08\/logo-1.png","contentUrl":"https:\/\/librairie7l.com\/wp-content\/uploads\/2022\/08\/logo-1.png","width":227,"height":301,"caption":"Librairie 7L"},"image":{"@id":"https:\/\/librairie7l.com\/en\/#\/schema\/logo\/image\/"}}]}},"_links":{"self":[{"href":"https:\/\/librairie7l.com\/en\/wp-json\/wp\/v2\/product\/38395"}],"collection":[{"href":"https:\/\/librairie7l.com\/en\/wp-json\/wp\/v2\/product"}],"about":[{"href":"https:\/\/librairie7l.com\/en\/wp-json\/wp\/v2\/types\/product"}],"wp:featuredmedia":[{"embeddable":true,"href":"https:\/\/librairie7l.com\/en\/wp-json\/wp\/v2\/media\/38393"}],"wp:attachment":[{"href":"https:\/\/librairie7l.com\/en\/wp-json\/wp\/v2\/media?parent=38395"}],"wp:term":[{"taxonomy":"product_cat","embeddable":true,"href":"https:\/\/librairie7l.com\/en\/wp-json\/wp\/v2\/product_cat?post=38395"},{"taxonomy":"product_tag","embeddable":true,"href":"https:\/\/librairie7l.com\/en\/wp-json\/wp\/v2\/product_tag?post=38395"}],"curies":[{"name":"wp","href":"https:\/\/api.w.org\/{rel}","templated":true}]}}