{"id":38403,"date":"2024-05-23T19:06:55","date_gmt":"2024-05-23T17:06:55","guid":{"rendered":"https:\/\/librairie7l.com\/?post_type=product&#038;p=38403"},"modified":"2026-04-05T14:23:03","modified_gmt":"2026-04-05T12:23:03","slug":"christian-dior-couturier-du-reve","status":"publish","type":"product","link":"https:\/\/librairie7l.com\/en\/produit\/christian-dior-couturier-du-reve\/","title":{"rendered":"CHRISTIAN DIOR ; COUTURIER DU R\u00caVE"},"content":{"rendered":"<p>L&#8217;ann\u00e9e 2017 est celle du 70e anniversaire de la cr\u00e9ation de la maison Dior. C&#8217;est en 1947 que Christian Dior pr\u00e9sente son premier d\u00e9fil\u00e9, marquant la naissance d&#8217;une nouvelle silhouette f\u00e9minine : apr\u00e8s l&#8217;aust\u00e9rit\u00e9 des ann\u00e9es de guerre, la taille cintr\u00e9e, les jupes amples et les \u00e9paules douces dessinent des femmes-fleurs qui incarnent alors l&#8217;image m\u00eame du luxe parisien. Le \u00ab New Look \u00bb replace Paris comme la capitale de la mode et \u00e9tablit le nom de Dior comme synonyme de haute couture.<\/p>\n<p>Le mus\u00e9e des Arts d\u00e9coratifs, qui poss\u00e8de un exemplaire du fameux Tailleur Bar de 1947 et avait d\u00e9j\u00e0 pr\u00e9sent\u00e9, en 1987, une exposition \u00ab Hommage \u00e0 Christian Dior \u00bb, c\u00e9l\u00e8bre cet anniversaire en organisant une exposition phare dont ce livre est le catalogue.<\/p>\n<p>Il montre en d\u00e9tails une s\u00e9lection de 70 silhouettes cr\u00e9\u00e9es par Christian Dior et ses successeurs &#8211; Yves Saint Laurent, Marc Bohan, Gianfranco Ferr\u00e9, John Galliano, Raf Simons et tout r\u00e9cemment Maria Grazia Chiuri. Sp\u00e9cialement photographi\u00e9s pour cet ouvrage, ces v\u00eatements sont accompagn\u00e9s de textes les situant dans leur contexte, de croquis, de photographies de d\u00e9fil\u00e9s et de r\u00e9alisations des plus grands photographes de mode, Irving Penn, Richard Avedon, Cecil Beaton, William Klein, Helmut Newton, Patrick Demarchelier, Paolo Roversi, Peter Lindbergh, Mario Testino, Nick Knight&#8230;<\/p>\n<p>Les textes abordent les th\u00e8mes qui ont marqu\u00e9 l&#8217;histoire de la maison : la notion de ligne et d&#8217;architecture du v\u00eatement, le rapport \u00e0 l&#8217;histoire et \u00e0 l&#8217;art (Versailles et le Petit Trianon, le Second Empire, l&#8217;impressionnisme, la Belle \u00c9poque, les Ballets russes, Picasso, Dal\u00ec, Pollock&#8230;), le d\u00e9ploiement des couleurs, les jardins et l&#8217;ailleurs comme sources d&#8217;inspiration, et bien s\u00fbr les \u00e9g\u00e9ries et clientes c\u00e9l\u00e8bres de la marque (la duchesse de Windsor, Marlene Dietrich, Grace de Monaco, Marilyn Monroe, Elizabeth Taylor, Isabelle Adjani, Lady Diana, Marion Cotillard, Charlize Theron, Natalie Portman, Jennifer Lawrence&#8230;).<\/p>\n<p>Un livre qui offre une magnifique synth\u00e8se sur la plus embl\u00e9matique des maisons de couture fran\u00e7aises et dont la richesse iconographique satisfera les lecteurs les plus avertis.<\/p>\n","protected":false},"excerpt":{"rendered":"<p>L&#8217;ann\u00e9e 2017 est celle du 70e anniversaire de la cr\u00e9ation de la maison Dior. C&#8217;est en 1947 que Christian Dior pr\u00e9sente son premier d\u00e9fil\u00e9, marquant la naissance d&#8217;une nouvelle silhouette f\u00e9minine : apr\u00e8s l&#8217;aust\u00e9rit\u00e9 des ann\u00e9es de guerre, la taille cintr\u00e9e, les jupes amples et les \u00e9paules douces dessinent des femmes-fleurs qui incarnent alors l&#8217;image [&hellip;]<\/p>\n","protected":false},"featured_media":38401,"template":"","meta":[],"product_cat":[2948,2957],"product_tag":[],"acf":[],"yoast_head":"<!-- This site is optimized with the Yoast SEO plugin v20.11 - https:\/\/yoast.com\/wordpress\/plugins\/seo\/ -->\n<title>Christian Dior ; couturier du r\u00eave - Librairie 7L<\/title>\n<meta name=\"robots\" content=\"index, follow, max-snippet:-1, max-image-preview:large, max-video-preview:-1\" \/>\n<link rel=\"canonical\" href=\"https:\/\/librairie7l.com\/en\/produit\/christian-dior-couturier-du-reve\/\" \/>\n<meta property=\"og:locale\" content=\"en_US\" \/>\n<meta property=\"og:type\" content=\"article\" \/>\n<meta property=\"og:title\" content=\"Christian Dior ; couturier du r\u00eave - Librairie 7L\" \/>\n<meta property=\"og:description\" content=\"L&#8217;ann\u00e9e 2017 est celle du 70e anniversaire de la cr\u00e9ation de la maison Dior. C&#8217;est en 1947 que Christian Dior pr\u00e9sente son premier d\u00e9fil\u00e9, marquant la naissance d&#8217;une nouvelle silhouette f\u00e9minine : apr\u00e8s l&#8217;aust\u00e9rit\u00e9 des ann\u00e9es de guerre, la taille cintr\u00e9e, les jupes amples et les \u00e9paules douces dessinent des femmes-fleurs qui incarnent alors l&#8217;image [&hellip;]\" \/>\n<meta property=\"og:url\" content=\"https:\/\/librairie7l.com\/en\/produit\/christian-dior-couturier-du-reve\/\" \/>\n<meta property=\"og:site_name\" content=\"Librairie 7L\" \/>\n<meta property=\"article:modified_time\" content=\"2026-04-05T12:23:03+00:00\" \/>\n<meta property=\"og:image\" content=\"https:\/\/librairie7l.com\/wp-content\/uploads\/2016\/12\/9782916914701_1_75.jpg\" \/>\n\t<meta property=\"og:image:width\" content=\"486\" \/>\n\t<meta property=\"og:image:height\" content=\"616\" \/>\n\t<meta property=\"og:image:type\" content=\"image\/jpeg\" \/>\n<meta name=\"twitter:card\" content=\"summary_large_image\" \/>\n<meta name=\"twitter:label1\" content=\"Est. reading time\" \/>\n\t<meta name=\"twitter:data1\" content=\"2 minutes\" \/>\n<script type=\"application\/ld+json\" class=\"yoast-schema-graph\">{\"@context\":\"https:\/\/schema.org\",\"@graph\":[{\"@type\":\"WebPage\",\"@id\":\"https:\/\/librairie7l.com\/en\/produit\/christian-dior-couturier-du-reve\/\",\"url\":\"https:\/\/librairie7l.com\/en\/produit\/christian-dior-couturier-du-reve\/\",\"name\":\"Christian Dior ; couturier du r\u00eave - Librairie 7L\",\"isPartOf\":{\"@id\":\"https:\/\/librairie7l.com\/en\/#website\"},\"datePublished\":\"2024-05-23T17:06:55+00:00\",\"dateModified\":\"2026-04-05T12:23:03+00:00\",\"breadcrumb\":{\"@id\":\"https:\/\/librairie7l.com\/en\/produit\/christian-dior-couturier-du-reve\/#breadcrumb\"},\"inLanguage\":\"en-US\",\"potentialAction\":[{\"@type\":\"ReadAction\",\"target\":[\"https:\/\/librairie7l.com\/en\/produit\/christian-dior-couturier-du-reve\/\"]}]},{\"@type\":\"BreadcrumbList\",\"@id\":\"https:\/\/librairie7l.com\/en\/produit\/christian-dior-couturier-du-reve\/#breadcrumb\",\"itemListElement\":[{\"@type\":\"ListItem\",\"position\":1,\"name\":\"Accueil\",\"item\":\"https:\/\/librairie7l.com\/en\/\"},{\"@type\":\"ListItem\",\"position\":2,\"name\":\"Shop\",\"item\":\"https:\/\/librairie7l.com\/en\/shop\/\"},{\"@type\":\"ListItem\",\"position\":3,\"name\":\"CHRISTIAN DIOR ; COUTURIER DU R\u00caVE\"}]},{\"@type\":\"WebSite\",\"@id\":\"https:\/\/librairie7l.com\/en\/#website\",\"url\":\"https:\/\/librairie7l.com\/en\/\",\"name\":\"Librairie 7L\",\"description\":\"Librairie fond\u00e9e en 1999 par Karl Lagerfeld \u00e0 Paris\",\"publisher\":{\"@id\":\"https:\/\/librairie7l.com\/en\/#organization\"},\"potentialAction\":[{\"@type\":\"SearchAction\",\"target\":{\"@type\":\"EntryPoint\",\"urlTemplate\":\"https:\/\/librairie7l.com\/en\/?s={search_term_string}\"},\"query-input\":\"required name=search_term_string\"}],\"inLanguage\":\"en-US\"},{\"@type\":\"Organization\",\"@id\":\"https:\/\/librairie7l.com\/en\/#organization\",\"name\":\"Librairie 7L\",\"url\":\"https:\/\/librairie7l.com\/en\/\",\"logo\":{\"@type\":\"ImageObject\",\"inLanguage\":\"en-US\",\"@id\":\"https:\/\/librairie7l.com\/en\/#\/schema\/logo\/image\/\",\"url\":\"https:\/\/librairie7l.com\/wp-content\/uploads\/2022\/08\/logo-1.png\",\"contentUrl\":\"https:\/\/librairie7l.com\/wp-content\/uploads\/2022\/08\/logo-1.png\",\"width\":227,\"height\":301,\"caption\":\"Librairie 7L\"},\"image\":{\"@id\":\"https:\/\/librairie7l.com\/en\/#\/schema\/logo\/image\/\"}}]}<\/script>\n<!-- \/ Yoast SEO plugin. -->","yoast_head_json":{"title":"Christian Dior ; couturier du r\u00eave - Librairie 7L","robots":{"index":"index","follow":"follow","max-snippet":"max-snippet:-1","max-image-preview":"max-image-preview:large","max-video-preview":"max-video-preview:-1"},"canonical":"https:\/\/librairie7l.com\/en\/produit\/christian-dior-couturier-du-reve\/","og_locale":"en_US","og_type":"article","og_title":"Christian Dior ; couturier du r\u00eave - Librairie 7L","og_description":"L&#8217;ann\u00e9e 2017 est celle du 70e anniversaire de la cr\u00e9ation de la maison Dior. C&#8217;est en 1947 que Christian Dior pr\u00e9sente son premier d\u00e9fil\u00e9, marquant la naissance d&#8217;une nouvelle silhouette f\u00e9minine : apr\u00e8s l&#8217;aust\u00e9rit\u00e9 des ann\u00e9es de guerre, la taille cintr\u00e9e, les jupes amples et les \u00e9paules douces dessinent des femmes-fleurs qui incarnent alors l&#8217;image [&hellip;]","og_url":"https:\/\/librairie7l.com\/en\/produit\/christian-dior-couturier-du-reve\/","og_site_name":"Librairie 7L","article_modified_time":"2026-04-05T12:23:03+00:00","og_image":[{"width":486,"height":616,"url":"https:\/\/librairie7l.com\/wp-content\/uploads\/2016\/12\/9782916914701_1_75.jpg","type":"image\/jpeg"}],"twitter_card":"summary_large_image","twitter_misc":{"Est. reading time":"2 minutes"},"schema":{"@context":"https:\/\/schema.org","@graph":[{"@type":"WebPage","@id":"https:\/\/librairie7l.com\/en\/produit\/christian-dior-couturier-du-reve\/","url":"https:\/\/librairie7l.com\/en\/produit\/christian-dior-couturier-du-reve\/","name":"Christian Dior ; couturier du r\u00eave - Librairie 7L","isPartOf":{"@id":"https:\/\/librairie7l.com\/en\/#website"},"datePublished":"2024-05-23T17:06:55+00:00","dateModified":"2026-04-05T12:23:03+00:00","breadcrumb":{"@id":"https:\/\/librairie7l.com\/en\/produit\/christian-dior-couturier-du-reve\/#breadcrumb"},"inLanguage":"en-US","potentialAction":[{"@type":"ReadAction","target":["https:\/\/librairie7l.com\/en\/produit\/christian-dior-couturier-du-reve\/"]}]},{"@type":"BreadcrumbList","@id":"https:\/\/librairie7l.com\/en\/produit\/christian-dior-couturier-du-reve\/#breadcrumb","itemListElement":[{"@type":"ListItem","position":1,"name":"Accueil","item":"https:\/\/librairie7l.com\/en\/"},{"@type":"ListItem","position":2,"name":"Shop","item":"https:\/\/librairie7l.com\/en\/shop\/"},{"@type":"ListItem","position":3,"name":"CHRISTIAN DIOR ; COUTURIER DU R\u00caVE"}]},{"@type":"WebSite","@id":"https:\/\/librairie7l.com\/en\/#website","url":"https:\/\/librairie7l.com\/en\/","name":"Librairie 7L","description":"Librairie fond\u00e9e en 1999 par Karl Lagerfeld \u00e0 Paris","publisher":{"@id":"https:\/\/librairie7l.com\/en\/#organization"},"potentialAction":[{"@type":"SearchAction","target":{"@type":"EntryPoint","urlTemplate":"https:\/\/librairie7l.com\/en\/?s={search_term_string}"},"query-input":"required name=search_term_string"}],"inLanguage":"en-US"},{"@type":"Organization","@id":"https:\/\/librairie7l.com\/en\/#organization","name":"Librairie 7L","url":"https:\/\/librairie7l.com\/en\/","logo":{"@type":"ImageObject","inLanguage":"en-US","@id":"https:\/\/librairie7l.com\/en\/#\/schema\/logo\/image\/","url":"https:\/\/librairie7l.com\/wp-content\/uploads\/2022\/08\/logo-1.png","contentUrl":"https:\/\/librairie7l.com\/wp-content\/uploads\/2022\/08\/logo-1.png","width":227,"height":301,"caption":"Librairie 7L"},"image":{"@id":"https:\/\/librairie7l.com\/en\/#\/schema\/logo\/image\/"}}]}},"_links":{"self":[{"href":"https:\/\/librairie7l.com\/en\/wp-json\/wp\/v2\/product\/38403"}],"collection":[{"href":"https:\/\/librairie7l.com\/en\/wp-json\/wp\/v2\/product"}],"about":[{"href":"https:\/\/librairie7l.com\/en\/wp-json\/wp\/v2\/types\/product"}],"wp:featuredmedia":[{"embeddable":true,"href":"https:\/\/librairie7l.com\/en\/wp-json\/wp\/v2\/media\/38401"}],"wp:attachment":[{"href":"https:\/\/librairie7l.com\/en\/wp-json\/wp\/v2\/media?parent=38403"}],"wp:term":[{"taxonomy":"product_cat","embeddable":true,"href":"https:\/\/librairie7l.com\/en\/wp-json\/wp\/v2\/product_cat?post=38403"},{"taxonomy":"product_tag","embeddable":true,"href":"https:\/\/librairie7l.com\/en\/wp-json\/wp\/v2\/product_tag?post=38403"}],"curies":[{"name":"wp","href":"https:\/\/api.w.org\/{rel}","templated":true}]}}