{"id":38411,"date":"2024-02-09T09:38:16","date_gmt":"2024-02-09T08:38:16","guid":{"rendered":"https:\/\/librairie7l.com\/?post_type=product&#038;p=38411"},"modified":"2026-04-23T20:06:44","modified_gmt":"2026-04-23T18:06:44","slug":"pierre-cruege-architecte-dinterieur-createur-du-xxe-siecle","status":"publish","type":"product","link":"https:\/\/librairie7l.com\/en\/produit\/pierre-cruege-architecte-dinterieur-createur-du-xxe-siecle\/","title":{"rendered":"PIERRE CRU\u00c8GE : ARCHITECTE D&#8217;INT\u00c9RIEUR, CR\u00c9ATEUR DU XXE SI\u00c8CLE"},"content":{"rendered":"<p>\u00ab Homme-orchestre infatigable, Pierre Cru\u00e8ge a exerc\u00e9 tous les m\u00e9tiers : architecte, architecte d&#8217;int\u00e9rieur, d\u00e9corateur, dessinateur de syst\u00e8mes ing\u00e9nieux menant \u00e0 des brevets, inventeur de marques dont il fournit les slogans et la typographie, directeur technique ou de la cr\u00e9ation dans des entreprises qu&#8217;il reprend, non pour les revendre mais pour les continuer et les faire vivre, cr\u00e9ateur et \u00e9diteur de meubles, enfin, tous plus astucieux et pratiques les uns que les autres. \u00bbCet ouvrage qui r\u00e9unit une riche documentation constitu\u00e9e d&#8217;archives originales et in\u00e9dites, recense les nombreuses cr\u00e9ations de Pierre Cru\u00e8ge et nous plonge dans l&#8217;effervescence de la vie de ce cr\u00e9ateur essentiel du XXe si\u00e8cle.<\/p>\n","protected":false},"excerpt":{"rendered":"<p>\u00ab Homme-orchestre infatigable, Pierre Cru\u00e8ge a exerc\u00e9 tous les m\u00e9tiers : architecte, architecte d&#8217;int\u00e9rieur, d\u00e9corateur, dessinateur de syst\u00e8mes ing\u00e9nieux menant \u00e0 des brevets, inventeur de marques dont il fournit les slogans et la typographie, directeur technique ou de la cr\u00e9ation dans des entreprises qu&#8217;il reprend, non pour les revendre mais pour les continuer et les [&hellip;]<\/p>\n","protected":false},"featured_media":38409,"template":"","meta":[],"product_cat":[2948,2952],"product_tag":[],"acf":[],"yoast_head":"<!-- This site is optimized with the Yoast SEO plugin v20.11 - https:\/\/yoast.com\/wordpress\/plugins\/seo\/ -->\n<title>Pierre Cru\u00e8ge : Architecte d&#039;int\u00e9rieur, cr\u00e9ateur du XXe si\u00e8cle - Librairie 7L<\/title>\n<meta name=\"robots\" content=\"index, follow, max-snippet:-1, max-image-preview:large, max-video-preview:-1\" \/>\n<link rel=\"canonical\" href=\"https:\/\/librairie7l.com\/en\/produit\/pierre-cruege-architecte-dinterieur-createur-du-xxe-siecle\/\" \/>\n<meta property=\"og:locale\" content=\"en_US\" \/>\n<meta property=\"og:type\" content=\"article\" \/>\n<meta property=\"og:title\" content=\"Pierre Cru\u00e8ge : Architecte d&#039;int\u00e9rieur, cr\u00e9ateur du XXe si\u00e8cle - Librairie 7L\" \/>\n<meta property=\"og:description\" content=\"\u00ab Homme-orchestre infatigable, Pierre Cru\u00e8ge a exerc\u00e9 tous les m\u00e9tiers : architecte, architecte d&#8217;int\u00e9rieur, d\u00e9corateur, dessinateur de syst\u00e8mes ing\u00e9nieux menant \u00e0 des brevets, inventeur de marques dont il fournit les slogans et la typographie, directeur technique ou de la cr\u00e9ation dans des entreprises qu&#8217;il reprend, non pour les revendre mais pour les continuer et les [&hellip;]\" \/>\n<meta property=\"og:url\" content=\"https:\/\/librairie7l.com\/en\/produit\/pierre-cruege-architecte-dinterieur-createur-du-xxe-siecle\/\" \/>\n<meta property=\"og:site_name\" content=\"Librairie 7L\" \/>\n<meta property=\"article:modified_time\" content=\"2026-04-23T18:06:44+00:00\" \/>\n<meta property=\"og:image\" content=\"https:\/\/librairie7l.com\/wp-content\/uploads\/2020\/11\/9782382030332_1_75.jpg\" \/>\n\t<meta property=\"og:image:width\" content=\"600\" \/>\n\t<meta property=\"og:image:height\" content=\"670\" \/>\n\t<meta property=\"og:image:type\" content=\"image\/jpeg\" \/>\n<meta name=\"twitter:card\" content=\"summary_large_image\" \/>\n<meta name=\"twitter:label1\" content=\"Est. reading time\" \/>\n\t<meta name=\"twitter:data1\" content=\"1 minute\" \/>\n<script type=\"application\/ld+json\" class=\"yoast-schema-graph\">{\"@context\":\"https:\/\/schema.org\",\"@graph\":[{\"@type\":\"WebPage\",\"@id\":\"https:\/\/librairie7l.com\/en\/produit\/pierre-cruege-architecte-dinterieur-createur-du-xxe-siecle\/\",\"url\":\"https:\/\/librairie7l.com\/en\/produit\/pierre-cruege-architecte-dinterieur-createur-du-xxe-siecle\/\",\"name\":\"Pierre Cru\u00e8ge : Architecte d'int\u00e9rieur, cr\u00e9ateur du XXe si\u00e8cle - Librairie 7L\",\"isPartOf\":{\"@id\":\"https:\/\/librairie7l.com\/en\/#website\"},\"datePublished\":\"2024-02-09T08:38:16+00:00\",\"dateModified\":\"2026-04-23T18:06:44+00:00\",\"breadcrumb\":{\"@id\":\"https:\/\/librairie7l.com\/en\/produit\/pierre-cruege-architecte-dinterieur-createur-du-xxe-siecle\/#breadcrumb\"},\"inLanguage\":\"en-US\",\"potentialAction\":[{\"@type\":\"ReadAction\",\"target\":[\"https:\/\/librairie7l.com\/en\/produit\/pierre-cruege-architecte-dinterieur-createur-du-xxe-siecle\/\"]}]},{\"@type\":\"BreadcrumbList\",\"@id\":\"https:\/\/librairie7l.com\/en\/produit\/pierre-cruege-architecte-dinterieur-createur-du-xxe-siecle\/#breadcrumb\",\"itemListElement\":[{\"@type\":\"ListItem\",\"position\":1,\"name\":\"Accueil\",\"item\":\"https:\/\/librairie7l.com\/en\/\"},{\"@type\":\"ListItem\",\"position\":2,\"name\":\"Shop\",\"item\":\"https:\/\/librairie7l.com\/en\/shop\/\"},{\"@type\":\"ListItem\",\"position\":3,\"name\":\"PIERRE CRU\u00c8GE : ARCHITECTE D&#8217;INT\u00c9RIEUR, CR\u00c9ATEUR DU XXE SI\u00c8CLE\"}]},{\"@type\":\"WebSite\",\"@id\":\"https:\/\/librairie7l.com\/en\/#website\",\"url\":\"https:\/\/librairie7l.com\/en\/\",\"name\":\"Librairie 7L\",\"description\":\"Librairie fond\u00e9e en 1999 par Karl Lagerfeld \u00e0 Paris\",\"publisher\":{\"@id\":\"https:\/\/librairie7l.com\/en\/#organization\"},\"potentialAction\":[{\"@type\":\"SearchAction\",\"target\":{\"@type\":\"EntryPoint\",\"urlTemplate\":\"https:\/\/librairie7l.com\/en\/?s={search_term_string}\"},\"query-input\":\"required name=search_term_string\"}],\"inLanguage\":\"en-US\"},{\"@type\":\"Organization\",\"@id\":\"https:\/\/librairie7l.com\/en\/#organization\",\"name\":\"Librairie 7L\",\"url\":\"https:\/\/librairie7l.com\/en\/\",\"logo\":{\"@type\":\"ImageObject\",\"inLanguage\":\"en-US\",\"@id\":\"https:\/\/librairie7l.com\/en\/#\/schema\/logo\/image\/\",\"url\":\"https:\/\/librairie7l.com\/wp-content\/uploads\/2022\/08\/logo-1.png\",\"contentUrl\":\"https:\/\/librairie7l.com\/wp-content\/uploads\/2022\/08\/logo-1.png\",\"width\":227,\"height\":301,\"caption\":\"Librairie 7L\"},\"image\":{\"@id\":\"https:\/\/librairie7l.com\/en\/#\/schema\/logo\/image\/\"}}]}<\/script>\n<!-- \/ Yoast SEO plugin. -->","yoast_head_json":{"title":"Pierre Cru\u00e8ge : Architecte d'int\u00e9rieur, cr\u00e9ateur du XXe si\u00e8cle - Librairie 7L","robots":{"index":"index","follow":"follow","max-snippet":"max-snippet:-1","max-image-preview":"max-image-preview:large","max-video-preview":"max-video-preview:-1"},"canonical":"https:\/\/librairie7l.com\/en\/produit\/pierre-cruege-architecte-dinterieur-createur-du-xxe-siecle\/","og_locale":"en_US","og_type":"article","og_title":"Pierre Cru\u00e8ge : Architecte d'int\u00e9rieur, cr\u00e9ateur du XXe si\u00e8cle - Librairie 7L","og_description":"\u00ab Homme-orchestre infatigable, Pierre Cru\u00e8ge a exerc\u00e9 tous les m\u00e9tiers : architecte, architecte d&#8217;int\u00e9rieur, d\u00e9corateur, dessinateur de syst\u00e8mes ing\u00e9nieux menant \u00e0 des brevets, inventeur de marques dont il fournit les slogans et la typographie, directeur technique ou de la cr\u00e9ation dans des entreprises qu&#8217;il reprend, non pour les revendre mais pour les continuer et les [&hellip;]","og_url":"https:\/\/librairie7l.com\/en\/produit\/pierre-cruege-architecte-dinterieur-createur-du-xxe-siecle\/","og_site_name":"Librairie 7L","article_modified_time":"2026-04-23T18:06:44+00:00","og_image":[{"width":600,"height":670,"url":"https:\/\/librairie7l.com\/wp-content\/uploads\/2020\/11\/9782382030332_1_75.jpg","type":"image\/jpeg"}],"twitter_card":"summary_large_image","twitter_misc":{"Est. reading time":"1 minute"},"schema":{"@context":"https:\/\/schema.org","@graph":[{"@type":"WebPage","@id":"https:\/\/librairie7l.com\/en\/produit\/pierre-cruege-architecte-dinterieur-createur-du-xxe-siecle\/","url":"https:\/\/librairie7l.com\/en\/produit\/pierre-cruege-architecte-dinterieur-createur-du-xxe-siecle\/","name":"Pierre Cru\u00e8ge : Architecte d'int\u00e9rieur, cr\u00e9ateur du XXe si\u00e8cle - Librairie 7L","isPartOf":{"@id":"https:\/\/librairie7l.com\/en\/#website"},"datePublished":"2024-02-09T08:38:16+00:00","dateModified":"2026-04-23T18:06:44+00:00","breadcrumb":{"@id":"https:\/\/librairie7l.com\/en\/produit\/pierre-cruege-architecte-dinterieur-createur-du-xxe-siecle\/#breadcrumb"},"inLanguage":"en-US","potentialAction":[{"@type":"ReadAction","target":["https:\/\/librairie7l.com\/en\/produit\/pierre-cruege-architecte-dinterieur-createur-du-xxe-siecle\/"]}]},{"@type":"BreadcrumbList","@id":"https:\/\/librairie7l.com\/en\/produit\/pierre-cruege-architecte-dinterieur-createur-du-xxe-siecle\/#breadcrumb","itemListElement":[{"@type":"ListItem","position":1,"name":"Accueil","item":"https:\/\/librairie7l.com\/en\/"},{"@type":"ListItem","position":2,"name":"Shop","item":"https:\/\/librairie7l.com\/en\/shop\/"},{"@type":"ListItem","position":3,"name":"PIERRE CRU\u00c8GE : ARCHITECTE D&#8217;INT\u00c9RIEUR, CR\u00c9ATEUR DU XXE SI\u00c8CLE"}]},{"@type":"WebSite","@id":"https:\/\/librairie7l.com\/en\/#website","url":"https:\/\/librairie7l.com\/en\/","name":"Librairie 7L","description":"Librairie fond\u00e9e en 1999 par Karl Lagerfeld \u00e0 Paris","publisher":{"@id":"https:\/\/librairie7l.com\/en\/#organization"},"potentialAction":[{"@type":"SearchAction","target":{"@type":"EntryPoint","urlTemplate":"https:\/\/librairie7l.com\/en\/?s={search_term_string}"},"query-input":"required name=search_term_string"}],"inLanguage":"en-US"},{"@type":"Organization","@id":"https:\/\/librairie7l.com\/en\/#organization","name":"Librairie 7L","url":"https:\/\/librairie7l.com\/en\/","logo":{"@type":"ImageObject","inLanguage":"en-US","@id":"https:\/\/librairie7l.com\/en\/#\/schema\/logo\/image\/","url":"https:\/\/librairie7l.com\/wp-content\/uploads\/2022\/08\/logo-1.png","contentUrl":"https:\/\/librairie7l.com\/wp-content\/uploads\/2022\/08\/logo-1.png","width":227,"height":301,"caption":"Librairie 7L"},"image":{"@id":"https:\/\/librairie7l.com\/en\/#\/schema\/logo\/image\/"}}]}},"_links":{"self":[{"href":"https:\/\/librairie7l.com\/en\/wp-json\/wp\/v2\/product\/38411"}],"collection":[{"href":"https:\/\/librairie7l.com\/en\/wp-json\/wp\/v2\/product"}],"about":[{"href":"https:\/\/librairie7l.com\/en\/wp-json\/wp\/v2\/types\/product"}],"wp:featuredmedia":[{"embeddable":true,"href":"https:\/\/librairie7l.com\/en\/wp-json\/wp\/v2\/media\/38409"}],"wp:attachment":[{"href":"https:\/\/librairie7l.com\/en\/wp-json\/wp\/v2\/media?parent=38411"}],"wp:term":[{"taxonomy":"product_cat","embeddable":true,"href":"https:\/\/librairie7l.com\/en\/wp-json\/wp\/v2\/product_cat?post=38411"},{"taxonomy":"product_tag","embeddable":true,"href":"https:\/\/librairie7l.com\/en\/wp-json\/wp\/v2\/product_tag?post=38411"}],"curies":[{"name":"wp","href":"https:\/\/api.w.org\/{rel}","templated":true}]}}