{"id":38419,"date":"2024-02-09T09:38:26","date_gmt":"2024-02-09T08:38:26","guid":{"rendered":"https:\/\/librairie7l.com\/?post_type=product&#038;p=38419"},"modified":"2026-04-16T21:15:47","modified_gmt":"2026-04-16T19:15:47","slug":"ecrits-sur-lart","status":"publish","type":"product","link":"https:\/\/librairie7l.com\/en\/produit\/ecrits-sur-lart\/","title":{"rendered":"\u00c9CRITS SUR L&#8217;ART"},"content":{"rendered":"<p>\u00ab Je crois sinc\u00e8rement que la meilleure critique est celle qui est amusante et po\u00e9tique ; non pas celle-ci, froide et alg\u00e9brique, qui, sous pr\u00e9texte de tout expliquer, n&#8217;a ni haine ni amour, et se d\u00e9pouille volontairement de toute esp\u00e8ce de temp\u00e9rament ; mais, &#8211; un beau tableau \u00e9tant la nature r\u00e9fl\u00e9chie par un artiste, &#8211; celle qui sera ce tableau r\u00e9fl\u00e9chi par un esprit intelligent et sensible. [&#8230;] Pour \u00eatre juste, c&#8217;est-\u00e0-dire pour avoir sa raison d&#8217;\u00eatre, la critique doit \u00eatre partiale, passionn\u00e9e, politique, c&#8217;est-\u00e0-dire faite \u00e0 un point de vue exclusif, mais au point de vue qui ouvre le plus d&#8217;horizons. \u00bb Baudelaire, ainsi, est tout entier pr\u00e9sent dans ces Ecrits sur l&#8217;art qui sont l&#8217;autre versant de son oeuvre et, en effet, selon son voeu, ouvrent bien plus d&#8217;horizons. Car dans ces pages \u00e9crites de 1845 \u00e0 ses derni\u00e8res ann\u00e9es, ce n&#8217;est pas simplement le critique d&#8217;art des Salons que l&#8217;on d\u00e9couvre, mais le th\u00e9oricien du romantisme et de l&#8217;imagination, du beau et du comique dans l&#8217;art, et finalement l&#8217;\u00e9crivain de cette modernit\u00e9 qu&#8217;il d\u00e9finit &#8211; et qui pour nous s&#8217;ouvre avec lui.<\/p>\n<p>Edition de Francis Moulinat.<\/p>\n","protected":false},"excerpt":{"rendered":"<p>\u00ab Je crois sinc\u00e8rement que la meilleure critique est celle qui est amusante et po\u00e9tique ; non pas celle-ci, froide et alg\u00e9brique, qui, sous pr\u00e9texte de tout expliquer, n&#8217;a ni haine ni amour, et se d\u00e9pouille volontairement de toute esp\u00e8ce de temp\u00e9rament ; mais, &#8211; un beau tableau \u00e9tant la nature r\u00e9fl\u00e9chie par un artiste, [&hellip;]<\/p>\n","protected":false},"featured_media":38417,"template":"","meta":[],"product_cat":[2948,2953],"product_tag":[],"acf":[],"yoast_head":"<!-- This site is optimized with the Yoast SEO plugin v20.11 - https:\/\/yoast.com\/wordpress\/plugins\/seo\/ -->\n<title>\u00e9crits sur l&#039;art - Librairie 7L<\/title>\n<meta name=\"robots\" content=\"index, follow, max-snippet:-1, max-image-preview:large, max-video-preview:-1\" \/>\n<link rel=\"canonical\" href=\"https:\/\/librairie7l.com\/en\/produit\/ecrits-sur-lart\/\" \/>\n<meta property=\"og:locale\" content=\"en_US\" \/>\n<meta property=\"og:type\" content=\"article\" \/>\n<meta property=\"og:title\" content=\"\u00e9crits sur l&#039;art - Librairie 7L\" \/>\n<meta property=\"og:description\" content=\"\u00ab Je crois sinc\u00e8rement que la meilleure critique est celle qui est amusante et po\u00e9tique ; non pas celle-ci, froide et alg\u00e9brique, qui, sous pr\u00e9texte de tout expliquer, n&#8217;a ni haine ni amour, et se d\u00e9pouille volontairement de toute esp\u00e8ce de temp\u00e9rament ; mais, &#8211; un beau tableau \u00e9tant la nature r\u00e9fl\u00e9chie par un artiste, [&hellip;]\" \/>\n<meta property=\"og:url\" content=\"https:\/\/librairie7l.com\/en\/produit\/ecrits-sur-lart\/\" \/>\n<meta property=\"og:site_name\" content=\"Librairie 7L\" \/>\n<meta property=\"article:modified_time\" content=\"2026-04-16T19:15:47+00:00\" \/>\n<meta property=\"og:image\" content=\"https:\/\/librairie7l.com\/wp-content\/uploads\/1998\/02\/9782253060901_1_75.jpg\" \/>\n\t<meta property=\"og:image:width\" content=\"327\" \/>\n\t<meta property=\"og:image:height\" content=\"518\" \/>\n\t<meta property=\"og:image:type\" content=\"image\/jpeg\" \/>\n<meta name=\"twitter:card\" content=\"summary_large_image\" \/>\n<meta name=\"twitter:label1\" content=\"Est. reading time\" \/>\n\t<meta name=\"twitter:data1\" content=\"1 minute\" \/>\n<script type=\"application\/ld+json\" class=\"yoast-schema-graph\">{\"@context\":\"https:\/\/schema.org\",\"@graph\":[{\"@type\":\"WebPage\",\"@id\":\"https:\/\/librairie7l.com\/en\/produit\/ecrits-sur-lart\/\",\"url\":\"https:\/\/librairie7l.com\/en\/produit\/ecrits-sur-lart\/\",\"name\":\"\u00e9crits sur l'art - Librairie 7L\",\"isPartOf\":{\"@id\":\"https:\/\/librairie7l.com\/en\/#website\"},\"datePublished\":\"2024-02-09T08:38:26+00:00\",\"dateModified\":\"2026-04-16T19:15:47+00:00\",\"breadcrumb\":{\"@id\":\"https:\/\/librairie7l.com\/en\/produit\/ecrits-sur-lart\/#breadcrumb\"},\"inLanguage\":\"en-US\",\"potentialAction\":[{\"@type\":\"ReadAction\",\"target\":[\"https:\/\/librairie7l.com\/en\/produit\/ecrits-sur-lart\/\"]}]},{\"@type\":\"BreadcrumbList\",\"@id\":\"https:\/\/librairie7l.com\/en\/produit\/ecrits-sur-lart\/#breadcrumb\",\"itemListElement\":[{\"@type\":\"ListItem\",\"position\":1,\"name\":\"Accueil\",\"item\":\"https:\/\/librairie7l.com\/en\/\"},{\"@type\":\"ListItem\",\"position\":2,\"name\":\"Shop\",\"item\":\"https:\/\/librairie7l.com\/en\/shop\/\"},{\"@type\":\"ListItem\",\"position\":3,\"name\":\"\u00c9CRITS SUR L&#8217;ART\"}]},{\"@type\":\"WebSite\",\"@id\":\"https:\/\/librairie7l.com\/en\/#website\",\"url\":\"https:\/\/librairie7l.com\/en\/\",\"name\":\"Librairie 7L\",\"description\":\"Librairie fond\u00e9e en 1999 par Karl Lagerfeld \u00e0 Paris\",\"publisher\":{\"@id\":\"https:\/\/librairie7l.com\/en\/#organization\"},\"potentialAction\":[{\"@type\":\"SearchAction\",\"target\":{\"@type\":\"EntryPoint\",\"urlTemplate\":\"https:\/\/librairie7l.com\/en\/?s={search_term_string}\"},\"query-input\":\"required name=search_term_string\"}],\"inLanguage\":\"en-US\"},{\"@type\":\"Organization\",\"@id\":\"https:\/\/librairie7l.com\/en\/#organization\",\"name\":\"Librairie 7L\",\"url\":\"https:\/\/librairie7l.com\/en\/\",\"logo\":{\"@type\":\"ImageObject\",\"inLanguage\":\"en-US\",\"@id\":\"https:\/\/librairie7l.com\/en\/#\/schema\/logo\/image\/\",\"url\":\"https:\/\/librairie7l.com\/wp-content\/uploads\/2022\/08\/logo-1.png\",\"contentUrl\":\"https:\/\/librairie7l.com\/wp-content\/uploads\/2022\/08\/logo-1.png\",\"width\":227,\"height\":301,\"caption\":\"Librairie 7L\"},\"image\":{\"@id\":\"https:\/\/librairie7l.com\/en\/#\/schema\/logo\/image\/\"}}]}<\/script>\n<!-- \/ Yoast SEO plugin. -->","yoast_head_json":{"title":"\u00e9crits sur l'art - Librairie 7L","robots":{"index":"index","follow":"follow","max-snippet":"max-snippet:-1","max-image-preview":"max-image-preview:large","max-video-preview":"max-video-preview:-1"},"canonical":"https:\/\/librairie7l.com\/en\/produit\/ecrits-sur-lart\/","og_locale":"en_US","og_type":"article","og_title":"\u00e9crits sur l'art - Librairie 7L","og_description":"\u00ab Je crois sinc\u00e8rement que la meilleure critique est celle qui est amusante et po\u00e9tique ; non pas celle-ci, froide et alg\u00e9brique, qui, sous pr\u00e9texte de tout expliquer, n&#8217;a ni haine ni amour, et se d\u00e9pouille volontairement de toute esp\u00e8ce de temp\u00e9rament ; mais, &#8211; un beau tableau \u00e9tant la nature r\u00e9fl\u00e9chie par un artiste, [&hellip;]","og_url":"https:\/\/librairie7l.com\/en\/produit\/ecrits-sur-lart\/","og_site_name":"Librairie 7L","article_modified_time":"2026-04-16T19:15:47+00:00","og_image":[{"width":327,"height":518,"url":"https:\/\/librairie7l.com\/wp-content\/uploads\/1998\/02\/9782253060901_1_75.jpg","type":"image\/jpeg"}],"twitter_card":"summary_large_image","twitter_misc":{"Est. reading time":"1 minute"},"schema":{"@context":"https:\/\/schema.org","@graph":[{"@type":"WebPage","@id":"https:\/\/librairie7l.com\/en\/produit\/ecrits-sur-lart\/","url":"https:\/\/librairie7l.com\/en\/produit\/ecrits-sur-lart\/","name":"\u00e9crits sur l'art - Librairie 7L","isPartOf":{"@id":"https:\/\/librairie7l.com\/en\/#website"},"datePublished":"2024-02-09T08:38:26+00:00","dateModified":"2026-04-16T19:15:47+00:00","breadcrumb":{"@id":"https:\/\/librairie7l.com\/en\/produit\/ecrits-sur-lart\/#breadcrumb"},"inLanguage":"en-US","potentialAction":[{"@type":"ReadAction","target":["https:\/\/librairie7l.com\/en\/produit\/ecrits-sur-lart\/"]}]},{"@type":"BreadcrumbList","@id":"https:\/\/librairie7l.com\/en\/produit\/ecrits-sur-lart\/#breadcrumb","itemListElement":[{"@type":"ListItem","position":1,"name":"Accueil","item":"https:\/\/librairie7l.com\/en\/"},{"@type":"ListItem","position":2,"name":"Shop","item":"https:\/\/librairie7l.com\/en\/shop\/"},{"@type":"ListItem","position":3,"name":"\u00c9CRITS SUR L&#8217;ART"}]},{"@type":"WebSite","@id":"https:\/\/librairie7l.com\/en\/#website","url":"https:\/\/librairie7l.com\/en\/","name":"Librairie 7L","description":"Librairie fond\u00e9e en 1999 par Karl Lagerfeld \u00e0 Paris","publisher":{"@id":"https:\/\/librairie7l.com\/en\/#organization"},"potentialAction":[{"@type":"SearchAction","target":{"@type":"EntryPoint","urlTemplate":"https:\/\/librairie7l.com\/en\/?s={search_term_string}"},"query-input":"required name=search_term_string"}],"inLanguage":"en-US"},{"@type":"Organization","@id":"https:\/\/librairie7l.com\/en\/#organization","name":"Librairie 7L","url":"https:\/\/librairie7l.com\/en\/","logo":{"@type":"ImageObject","inLanguage":"en-US","@id":"https:\/\/librairie7l.com\/en\/#\/schema\/logo\/image\/","url":"https:\/\/librairie7l.com\/wp-content\/uploads\/2022\/08\/logo-1.png","contentUrl":"https:\/\/librairie7l.com\/wp-content\/uploads\/2022\/08\/logo-1.png","width":227,"height":301,"caption":"Librairie 7L"},"image":{"@id":"https:\/\/librairie7l.com\/en\/#\/schema\/logo\/image\/"}}]}},"_links":{"self":[{"href":"https:\/\/librairie7l.com\/en\/wp-json\/wp\/v2\/product\/38419"}],"collection":[{"href":"https:\/\/librairie7l.com\/en\/wp-json\/wp\/v2\/product"}],"about":[{"href":"https:\/\/librairie7l.com\/en\/wp-json\/wp\/v2\/types\/product"}],"wp:featuredmedia":[{"embeddable":true,"href":"https:\/\/librairie7l.com\/en\/wp-json\/wp\/v2\/media\/38417"}],"wp:attachment":[{"href":"https:\/\/librairie7l.com\/en\/wp-json\/wp\/v2\/media?parent=38419"}],"wp:term":[{"taxonomy":"product_cat","embeddable":true,"href":"https:\/\/librairie7l.com\/en\/wp-json\/wp\/v2\/product_cat?post=38419"},{"taxonomy":"product_tag","embeddable":true,"href":"https:\/\/librairie7l.com\/en\/wp-json\/wp\/v2\/product_tag?post=38419"}],"curies":[{"name":"wp","href":"https:\/\/api.w.org\/{rel}","templated":true}]}}