{"id":38427,"date":"2024-06-26T10:36:34","date_gmt":"2024-06-26T08:36:34","guid":{"rendered":"https:\/\/librairie7l.com\/?post_type=product&#038;p=38427"},"modified":"2026-04-28T10:40:16","modified_gmt":"2026-04-28T08:40:16","slug":"make-up-le-maquillage-mis-a-nu","status":"publish","type":"product","link":"https:\/\/librairie7l.com\/en\/produit\/make-up-le-maquillage-mis-a-nu\/","title":{"rendered":"MAKE UP : LE MAQUILLAGE MIS \u00c0 NU"},"content":{"rendered":"<p>Quel est le point commun entre un sextoy, un taser et une bombe lacrymo ? Ils existent en forme de rouge \u00e0 l\u00e8vres &#8211; comme si cet objet si innocemment f\u00e9minin \u00e9tait un camouflage parfait.<\/p>\n<p>On ne peut pas lui \u00e9chapper : le maquillage se glisse partout, il est omnipr\u00e9sent dans la vie des femmes. Que l&#8217;on en mette ou pas, il est un symbole de nos obsessions et de notre rapport au corps. D&#8217;ailleurs, on ne cesse de lui attribuer des pouvoirs contradictoires : outil d&#8217;\u00e9mancipation, il permettrait d&#8217;avoir confiance en soi, d&#8217;affirmer son identit\u00e9 ou de s&#8217;exprimer artistiquement, mais il serait aussi le signe ultime de la superficialit\u00e9 et de la soumission au d\u00e9sir masculin.<\/p>\n<p>Du pink marketing aux formules green, du culte de la beaut\u00e9 \u00e0 celui de la wellness, des concours de drag queens \u00e0 l&#8217;\u00e9mergence du maquillage pour hommes, Valentine P\u00e9try analyse l&#8217;\u00e9volution et les enjeux contemporains (inclusivit\u00e9, sant\u00e9, respect de l&#8217;environnement&#8230;) d&#8217;une industrie cosm\u00e9tique qui inspire autant la m\u00e9fiance que la fascination.<\/p>\n","protected":false},"excerpt":{"rendered":"<p>Quel est le point commun entre un sextoy, un taser et une bombe lacrymo ? Ils existent en forme de rouge \u00e0 l\u00e8vres &#8211; comme si cet objet si innocemment f\u00e9minin \u00e9tait un camouflage parfait. On ne peut pas lui \u00e9chapper : le maquillage se glisse partout, il est omnipr\u00e9sent dans la vie des femmes. [&hellip;]<\/p>\n","protected":false},"featured_media":38425,"template":"","meta":[],"product_cat":[2948,2957],"product_tag":[],"acf":[],"yoast_head":"<!-- This site is optimized with the Yoast SEO plugin v20.11 - https:\/\/yoast.com\/wordpress\/plugins\/seo\/ -->\n<title>Make up : le maquillage mis \u00e0 nu - Librairie 7L<\/title>\n<meta name=\"robots\" content=\"index, follow, max-snippet:-1, max-image-preview:large, max-video-preview:-1\" \/>\n<link rel=\"canonical\" href=\"https:\/\/librairie7l.com\/en\/produit\/make-up-le-maquillage-mis-a-nu\/\" \/>\n<meta property=\"og:locale\" content=\"en_US\" \/>\n<meta property=\"og:type\" content=\"article\" \/>\n<meta property=\"og:title\" content=\"Make up : le maquillage mis \u00e0 nu - Librairie 7L\" \/>\n<meta property=\"og:description\" content=\"Quel est le point commun entre un sextoy, un taser et une bombe lacrymo ? Ils existent en forme de rouge \u00e0 l\u00e8vres &#8211; comme si cet objet si innocemment f\u00e9minin \u00e9tait un camouflage parfait. On ne peut pas lui \u00e9chapper : le maquillage se glisse partout, il est omnipr\u00e9sent dans la vie des femmes. [&hellip;]\" \/>\n<meta property=\"og:url\" content=\"https:\/\/librairie7l.com\/en\/produit\/make-up-le-maquillage-mis-a-nu\/\" \/>\n<meta property=\"og:site_name\" content=\"Librairie 7L\" \/>\n<meta property=\"article:modified_time\" content=\"2026-04-28T08:40:16+00:00\" \/>\n<meta property=\"og:image\" content=\"https:\/\/librairie7l.com\/wp-content\/uploads\/2022\/12\/9791025205808_1_75.jpg\" \/>\n\t<meta property=\"og:image:width\" content=\"600\" \/>\n\t<meta property=\"og:image:height\" content=\"923\" \/>\n\t<meta property=\"og:image:type\" content=\"image\/jpeg\" \/>\n<meta name=\"twitter:card\" content=\"summary_large_image\" \/>\n<meta name=\"twitter:label1\" content=\"Est. reading time\" \/>\n\t<meta name=\"twitter:data1\" content=\"1 minute\" \/>\n<script type=\"application\/ld+json\" class=\"yoast-schema-graph\">{\"@context\":\"https:\/\/schema.org\",\"@graph\":[{\"@type\":\"WebPage\",\"@id\":\"https:\/\/librairie7l.com\/en\/produit\/make-up-le-maquillage-mis-a-nu\/\",\"url\":\"https:\/\/librairie7l.com\/en\/produit\/make-up-le-maquillage-mis-a-nu\/\",\"name\":\"Make up : le maquillage mis \u00e0 nu - Librairie 7L\",\"isPartOf\":{\"@id\":\"https:\/\/librairie7l.com\/en\/#website\"},\"datePublished\":\"2024-06-26T08:36:34+00:00\",\"dateModified\":\"2026-04-28T08:40:16+00:00\",\"breadcrumb\":{\"@id\":\"https:\/\/librairie7l.com\/en\/produit\/make-up-le-maquillage-mis-a-nu\/#breadcrumb\"},\"inLanguage\":\"en-US\",\"potentialAction\":[{\"@type\":\"ReadAction\",\"target\":[\"https:\/\/librairie7l.com\/en\/produit\/make-up-le-maquillage-mis-a-nu\/\"]}]},{\"@type\":\"BreadcrumbList\",\"@id\":\"https:\/\/librairie7l.com\/en\/produit\/make-up-le-maquillage-mis-a-nu\/#breadcrumb\",\"itemListElement\":[{\"@type\":\"ListItem\",\"position\":1,\"name\":\"Accueil\",\"item\":\"https:\/\/librairie7l.com\/en\/\"},{\"@type\":\"ListItem\",\"position\":2,\"name\":\"Shop\",\"item\":\"https:\/\/librairie7l.com\/en\/shop\/\"},{\"@type\":\"ListItem\",\"position\":3,\"name\":\"MAKE UP : LE MAQUILLAGE MIS \u00c0 NU\"}]},{\"@type\":\"WebSite\",\"@id\":\"https:\/\/librairie7l.com\/en\/#website\",\"url\":\"https:\/\/librairie7l.com\/en\/\",\"name\":\"Librairie 7L\",\"description\":\"Librairie fond\u00e9e en 1999 par Karl Lagerfeld \u00e0 Paris\",\"publisher\":{\"@id\":\"https:\/\/librairie7l.com\/en\/#organization\"},\"potentialAction\":[{\"@type\":\"SearchAction\",\"target\":{\"@type\":\"EntryPoint\",\"urlTemplate\":\"https:\/\/librairie7l.com\/en\/?s={search_term_string}\"},\"query-input\":\"required name=search_term_string\"}],\"inLanguage\":\"en-US\"},{\"@type\":\"Organization\",\"@id\":\"https:\/\/librairie7l.com\/en\/#organization\",\"name\":\"Librairie 7L\",\"url\":\"https:\/\/librairie7l.com\/en\/\",\"logo\":{\"@type\":\"ImageObject\",\"inLanguage\":\"en-US\",\"@id\":\"https:\/\/librairie7l.com\/en\/#\/schema\/logo\/image\/\",\"url\":\"https:\/\/librairie7l.com\/wp-content\/uploads\/2022\/08\/logo-1.png\",\"contentUrl\":\"https:\/\/librairie7l.com\/wp-content\/uploads\/2022\/08\/logo-1.png\",\"width\":227,\"height\":301,\"caption\":\"Librairie 7L\"},\"image\":{\"@id\":\"https:\/\/librairie7l.com\/en\/#\/schema\/logo\/image\/\"}}]}<\/script>\n<!-- \/ Yoast SEO plugin. -->","yoast_head_json":{"title":"Make up : le maquillage mis \u00e0 nu - Librairie 7L","robots":{"index":"index","follow":"follow","max-snippet":"max-snippet:-1","max-image-preview":"max-image-preview:large","max-video-preview":"max-video-preview:-1"},"canonical":"https:\/\/librairie7l.com\/en\/produit\/make-up-le-maquillage-mis-a-nu\/","og_locale":"en_US","og_type":"article","og_title":"Make up : le maquillage mis \u00e0 nu - Librairie 7L","og_description":"Quel est le point commun entre un sextoy, un taser et une bombe lacrymo ? Ils existent en forme de rouge \u00e0 l\u00e8vres &#8211; comme si cet objet si innocemment f\u00e9minin \u00e9tait un camouflage parfait. On ne peut pas lui \u00e9chapper : le maquillage se glisse partout, il est omnipr\u00e9sent dans la vie des femmes. [&hellip;]","og_url":"https:\/\/librairie7l.com\/en\/produit\/make-up-le-maquillage-mis-a-nu\/","og_site_name":"Librairie 7L","article_modified_time":"2026-04-28T08:40:16+00:00","og_image":[{"width":600,"height":923,"url":"https:\/\/librairie7l.com\/wp-content\/uploads\/2022\/12\/9791025205808_1_75.jpg","type":"image\/jpeg"}],"twitter_card":"summary_large_image","twitter_misc":{"Est. reading time":"1 minute"},"schema":{"@context":"https:\/\/schema.org","@graph":[{"@type":"WebPage","@id":"https:\/\/librairie7l.com\/en\/produit\/make-up-le-maquillage-mis-a-nu\/","url":"https:\/\/librairie7l.com\/en\/produit\/make-up-le-maquillage-mis-a-nu\/","name":"Make up : le maquillage mis \u00e0 nu - Librairie 7L","isPartOf":{"@id":"https:\/\/librairie7l.com\/en\/#website"},"datePublished":"2024-06-26T08:36:34+00:00","dateModified":"2026-04-28T08:40:16+00:00","breadcrumb":{"@id":"https:\/\/librairie7l.com\/en\/produit\/make-up-le-maquillage-mis-a-nu\/#breadcrumb"},"inLanguage":"en-US","potentialAction":[{"@type":"ReadAction","target":["https:\/\/librairie7l.com\/en\/produit\/make-up-le-maquillage-mis-a-nu\/"]}]},{"@type":"BreadcrumbList","@id":"https:\/\/librairie7l.com\/en\/produit\/make-up-le-maquillage-mis-a-nu\/#breadcrumb","itemListElement":[{"@type":"ListItem","position":1,"name":"Accueil","item":"https:\/\/librairie7l.com\/en\/"},{"@type":"ListItem","position":2,"name":"Shop","item":"https:\/\/librairie7l.com\/en\/shop\/"},{"@type":"ListItem","position":3,"name":"MAKE UP : LE MAQUILLAGE MIS \u00c0 NU"}]},{"@type":"WebSite","@id":"https:\/\/librairie7l.com\/en\/#website","url":"https:\/\/librairie7l.com\/en\/","name":"Librairie 7L","description":"Librairie fond\u00e9e en 1999 par Karl Lagerfeld \u00e0 Paris","publisher":{"@id":"https:\/\/librairie7l.com\/en\/#organization"},"potentialAction":[{"@type":"SearchAction","target":{"@type":"EntryPoint","urlTemplate":"https:\/\/librairie7l.com\/en\/?s={search_term_string}"},"query-input":"required name=search_term_string"}],"inLanguage":"en-US"},{"@type":"Organization","@id":"https:\/\/librairie7l.com\/en\/#organization","name":"Librairie 7L","url":"https:\/\/librairie7l.com\/en\/","logo":{"@type":"ImageObject","inLanguage":"en-US","@id":"https:\/\/librairie7l.com\/en\/#\/schema\/logo\/image\/","url":"https:\/\/librairie7l.com\/wp-content\/uploads\/2022\/08\/logo-1.png","contentUrl":"https:\/\/librairie7l.com\/wp-content\/uploads\/2022\/08\/logo-1.png","width":227,"height":301,"caption":"Librairie 7L"},"image":{"@id":"https:\/\/librairie7l.com\/en\/#\/schema\/logo\/image\/"}}]}},"_links":{"self":[{"href":"https:\/\/librairie7l.com\/en\/wp-json\/wp\/v2\/product\/38427"}],"collection":[{"href":"https:\/\/librairie7l.com\/en\/wp-json\/wp\/v2\/product"}],"about":[{"href":"https:\/\/librairie7l.com\/en\/wp-json\/wp\/v2\/types\/product"}],"wp:featuredmedia":[{"embeddable":true,"href":"https:\/\/librairie7l.com\/en\/wp-json\/wp\/v2\/media\/38425"}],"wp:attachment":[{"href":"https:\/\/librairie7l.com\/en\/wp-json\/wp\/v2\/media?parent=38427"}],"wp:term":[{"taxonomy":"product_cat","embeddable":true,"href":"https:\/\/librairie7l.com\/en\/wp-json\/wp\/v2\/product_cat?post=38427"},{"taxonomy":"product_tag","embeddable":true,"href":"https:\/\/librairie7l.com\/en\/wp-json\/wp\/v2\/product_tag?post=38427"}],"curies":[{"name":"wp","href":"https:\/\/api.w.org\/{rel}","templated":true}]}}