{"id":38431,"date":"2024-02-09T09:38:44","date_gmt":"2024-02-09T08:38:44","guid":{"rendered":"https:\/\/librairie7l.com\/?post_type=product&#038;p=38431"},"modified":"2026-04-17T19:57:38","modified_gmt":"2026-04-17T17:57:38","slug":"la-baleine-une-histoire-culturelle","status":"publish","type":"product","link":"https:\/\/librairie7l.com\/en\/produit\/la-baleine-une-histoire-culturelle\/","title":{"rendered":"LA BALEINE : UNE HISTOIRE CULTURELLE"},"content":{"rendered":"<p>La baleine, l&#8217;animal le plus grand et le plus lourd de la Cr\u00e9ation, a toujours fascin\u00e9 l&#8217;\u00eatre humain. Sp\u00e9culations et fantasmes ont \u00e9t\u00e9 d&#8217;autant plus nombreux que voir une baleine vivante a longtemps \u00e9t\u00e9 rare. Son histoire est li\u00e9e \u00e0 celle de la mer, de la navigation et de la p\u00eache. Mais elle est aussi en relation avec celle des savoirs et des classifications du monde animal. Chass\u00e9e depuis le N\u00e9olithique, la baleine fut cependant mieux connue \u00e0 partir du moment (au XVIIe si\u00e8cle) o\u00f9 sa chasse quitta les c\u00f4tes, les fjords, pour s&#8217;exercer en haute mer. De la capture d&#8217;une baleine \u00e9taient tir\u00e9s un grand nombre de produits alimentant un commerce fructueux. Une industrie baleini\u00e8re vit progressivement le jour, mais elle devint si pr\u00e9datrice qu&#8217;il fallut, au XXe si\u00e8cle, limiter les prises et imposer des quotas.<\/p>\n<p>Entre-temps la symbolique de l&#8217;animal se modifia. Longtemps ce fut un monstre redoutable, au service des forces du mal. La Bible et la mythologie en faisaient un instrument de d\u00e9voration et les bestiaires m\u00e9di\u00e9vaux, un attribut du Diable. La litt\u00e9rature moderne ne fut gu\u00e8re plus indulgente, soulignant sa cruaut\u00e9 : c&#8217;\u00e9tait l&#8217;ogre des oc\u00e9ans, tel Moby-Dick, ce cachalot blanc et f\u00e9roce dont Hermann Melville a racont\u00e9 l&#8217;histoire. Mais plus on avan\u00e7ait dans le temps, plus cette image s&#8217;att\u00e9nua et s&#8217;inversa : le monstre marin fit peu \u00e0 peu place \u00e0 une cr\u00e9ature plus attachante, sinon pitoyable, injustement victime de la cupidit\u00e9 et de la violence des hommes. Aujourd&#8217;hui, cette sympathique baleine est devenue une des vedettes du livre pour enfants et l&#8217;image embl\u00e9matique de la plan\u00e8te en p\u00e9ril.<\/p>\n","protected":false},"excerpt":{"rendered":"<p>La baleine, l&#8217;animal le plus grand et le plus lourd de la Cr\u00e9ation, a toujours fascin\u00e9 l&#8217;\u00eatre humain. Sp\u00e9culations et fantasmes ont \u00e9t\u00e9 d&#8217;autant plus nombreux que voir une baleine vivante a longtemps \u00e9t\u00e9 rare. Son histoire est li\u00e9e \u00e0 celle de la mer, de la navigation et de la p\u00eache. Mais elle est aussi [&hellip;]<\/p>\n","protected":false},"featured_media":38429,"template":"","meta":[],"product_cat":[2948,2956],"product_tag":[],"acf":[],"yoast_head":"<!-- This site is optimized with the Yoast SEO plugin v20.11 - https:\/\/yoast.com\/wordpress\/plugins\/seo\/ -->\n<title>La baleine : une histoire culturelle - Librairie 7L<\/title>\n<meta name=\"robots\" content=\"index, follow, max-snippet:-1, max-image-preview:large, max-video-preview:-1\" \/>\n<link rel=\"canonical\" href=\"https:\/\/librairie7l.com\/en\/produit\/la-baleine-une-histoire-culturelle\/\" \/>\n<meta property=\"og:locale\" content=\"en_US\" \/>\n<meta property=\"og:type\" content=\"article\" \/>\n<meta property=\"og:title\" content=\"La baleine : une histoire culturelle - Librairie 7L\" \/>\n<meta property=\"og:description\" content=\"La baleine, l&#8217;animal le plus grand et le plus lourd de la Cr\u00e9ation, a toujours fascin\u00e9 l&#8217;\u00eatre humain. Sp\u00e9culations et fantasmes ont \u00e9t\u00e9 d&#8217;autant plus nombreux que voir une baleine vivante a longtemps \u00e9t\u00e9 rare. Son histoire est li\u00e9e \u00e0 celle de la mer, de la navigation et de la p\u00eache. Mais elle est aussi [&hellip;]\" \/>\n<meta property=\"og:url\" content=\"https:\/\/librairie7l.com\/en\/produit\/la-baleine-une-histoire-culturelle\/\" \/>\n<meta property=\"og:site_name\" content=\"Librairie 7L\" \/>\n<meta property=\"article:modified_time\" content=\"2026-04-17T17:57:38+00:00\" \/>\n<meta property=\"og:image\" content=\"https:\/\/librairie7l.com\/wp-content\/uploads\/2023\/06\/9782021516883_1_75.jpg\" \/>\n\t<meta property=\"og:image:width\" content=\"600\" \/>\n\t<meta property=\"og:image:height\" content=\"700\" \/>\n\t<meta property=\"og:image:type\" content=\"image\/jpeg\" \/>\n<meta name=\"twitter:card\" content=\"summary_large_image\" \/>\n<meta name=\"twitter:label1\" content=\"Est. reading time\" \/>\n\t<meta name=\"twitter:data1\" content=\"1 minute\" \/>\n<script type=\"application\/ld+json\" class=\"yoast-schema-graph\">{\"@context\":\"https:\/\/schema.org\",\"@graph\":[{\"@type\":\"WebPage\",\"@id\":\"https:\/\/librairie7l.com\/en\/produit\/la-baleine-une-histoire-culturelle\/\",\"url\":\"https:\/\/librairie7l.com\/en\/produit\/la-baleine-une-histoire-culturelle\/\",\"name\":\"La baleine : une histoire culturelle - Librairie 7L\",\"isPartOf\":{\"@id\":\"https:\/\/librairie7l.com\/en\/#website\"},\"datePublished\":\"2024-02-09T08:38:44+00:00\",\"dateModified\":\"2026-04-17T17:57:38+00:00\",\"breadcrumb\":{\"@id\":\"https:\/\/librairie7l.com\/en\/produit\/la-baleine-une-histoire-culturelle\/#breadcrumb\"},\"inLanguage\":\"en-US\",\"potentialAction\":[{\"@type\":\"ReadAction\",\"target\":[\"https:\/\/librairie7l.com\/en\/produit\/la-baleine-une-histoire-culturelle\/\"]}]},{\"@type\":\"BreadcrumbList\",\"@id\":\"https:\/\/librairie7l.com\/en\/produit\/la-baleine-une-histoire-culturelle\/#breadcrumb\",\"itemListElement\":[{\"@type\":\"ListItem\",\"position\":1,\"name\":\"Accueil\",\"item\":\"https:\/\/librairie7l.com\/en\/\"},{\"@type\":\"ListItem\",\"position\":2,\"name\":\"Shop\",\"item\":\"https:\/\/librairie7l.com\/en\/shop\/\"},{\"@type\":\"ListItem\",\"position\":3,\"name\":\"LA BALEINE : UNE HISTOIRE CULTURELLE\"}]},{\"@type\":\"WebSite\",\"@id\":\"https:\/\/librairie7l.com\/en\/#website\",\"url\":\"https:\/\/librairie7l.com\/en\/\",\"name\":\"Librairie 7L\",\"description\":\"Librairie fond\u00e9e en 1999 par Karl Lagerfeld \u00e0 Paris\",\"publisher\":{\"@id\":\"https:\/\/librairie7l.com\/en\/#organization\"},\"potentialAction\":[{\"@type\":\"SearchAction\",\"target\":{\"@type\":\"EntryPoint\",\"urlTemplate\":\"https:\/\/librairie7l.com\/en\/?s={search_term_string}\"},\"query-input\":\"required name=search_term_string\"}],\"inLanguage\":\"en-US\"},{\"@type\":\"Organization\",\"@id\":\"https:\/\/librairie7l.com\/en\/#organization\",\"name\":\"Librairie 7L\",\"url\":\"https:\/\/librairie7l.com\/en\/\",\"logo\":{\"@type\":\"ImageObject\",\"inLanguage\":\"en-US\",\"@id\":\"https:\/\/librairie7l.com\/en\/#\/schema\/logo\/image\/\",\"url\":\"https:\/\/librairie7l.com\/wp-content\/uploads\/2022\/08\/logo-1.png\",\"contentUrl\":\"https:\/\/librairie7l.com\/wp-content\/uploads\/2022\/08\/logo-1.png\",\"width\":227,\"height\":301,\"caption\":\"Librairie 7L\"},\"image\":{\"@id\":\"https:\/\/librairie7l.com\/en\/#\/schema\/logo\/image\/\"}}]}<\/script>\n<!-- \/ Yoast SEO plugin. -->","yoast_head_json":{"title":"La baleine : une histoire culturelle - Librairie 7L","robots":{"index":"index","follow":"follow","max-snippet":"max-snippet:-1","max-image-preview":"max-image-preview:large","max-video-preview":"max-video-preview:-1"},"canonical":"https:\/\/librairie7l.com\/en\/produit\/la-baleine-une-histoire-culturelle\/","og_locale":"en_US","og_type":"article","og_title":"La baleine : une histoire culturelle - Librairie 7L","og_description":"La baleine, l&#8217;animal le plus grand et le plus lourd de la Cr\u00e9ation, a toujours fascin\u00e9 l&#8217;\u00eatre humain. Sp\u00e9culations et fantasmes ont \u00e9t\u00e9 d&#8217;autant plus nombreux que voir une baleine vivante a longtemps \u00e9t\u00e9 rare. Son histoire est li\u00e9e \u00e0 celle de la mer, de la navigation et de la p\u00eache. Mais elle est aussi [&hellip;]","og_url":"https:\/\/librairie7l.com\/en\/produit\/la-baleine-une-histoire-culturelle\/","og_site_name":"Librairie 7L","article_modified_time":"2026-04-17T17:57:38+00:00","og_image":[{"width":600,"height":700,"url":"https:\/\/librairie7l.com\/wp-content\/uploads\/2023\/06\/9782021516883_1_75.jpg","type":"image\/jpeg"}],"twitter_card":"summary_large_image","twitter_misc":{"Est. reading time":"1 minute"},"schema":{"@context":"https:\/\/schema.org","@graph":[{"@type":"WebPage","@id":"https:\/\/librairie7l.com\/en\/produit\/la-baleine-une-histoire-culturelle\/","url":"https:\/\/librairie7l.com\/en\/produit\/la-baleine-une-histoire-culturelle\/","name":"La baleine : une histoire culturelle - Librairie 7L","isPartOf":{"@id":"https:\/\/librairie7l.com\/en\/#website"},"datePublished":"2024-02-09T08:38:44+00:00","dateModified":"2026-04-17T17:57:38+00:00","breadcrumb":{"@id":"https:\/\/librairie7l.com\/en\/produit\/la-baleine-une-histoire-culturelle\/#breadcrumb"},"inLanguage":"en-US","potentialAction":[{"@type":"ReadAction","target":["https:\/\/librairie7l.com\/en\/produit\/la-baleine-une-histoire-culturelle\/"]}]},{"@type":"BreadcrumbList","@id":"https:\/\/librairie7l.com\/en\/produit\/la-baleine-une-histoire-culturelle\/#breadcrumb","itemListElement":[{"@type":"ListItem","position":1,"name":"Accueil","item":"https:\/\/librairie7l.com\/en\/"},{"@type":"ListItem","position":2,"name":"Shop","item":"https:\/\/librairie7l.com\/en\/shop\/"},{"@type":"ListItem","position":3,"name":"LA BALEINE : UNE HISTOIRE CULTURELLE"}]},{"@type":"WebSite","@id":"https:\/\/librairie7l.com\/en\/#website","url":"https:\/\/librairie7l.com\/en\/","name":"Librairie 7L","description":"Librairie fond\u00e9e en 1999 par Karl Lagerfeld \u00e0 Paris","publisher":{"@id":"https:\/\/librairie7l.com\/en\/#organization"},"potentialAction":[{"@type":"SearchAction","target":{"@type":"EntryPoint","urlTemplate":"https:\/\/librairie7l.com\/en\/?s={search_term_string}"},"query-input":"required name=search_term_string"}],"inLanguage":"en-US"},{"@type":"Organization","@id":"https:\/\/librairie7l.com\/en\/#organization","name":"Librairie 7L","url":"https:\/\/librairie7l.com\/en\/","logo":{"@type":"ImageObject","inLanguage":"en-US","@id":"https:\/\/librairie7l.com\/en\/#\/schema\/logo\/image\/","url":"https:\/\/librairie7l.com\/wp-content\/uploads\/2022\/08\/logo-1.png","contentUrl":"https:\/\/librairie7l.com\/wp-content\/uploads\/2022\/08\/logo-1.png","width":227,"height":301,"caption":"Librairie 7L"},"image":{"@id":"https:\/\/librairie7l.com\/en\/#\/schema\/logo\/image\/"}}]}},"_links":{"self":[{"href":"https:\/\/librairie7l.com\/en\/wp-json\/wp\/v2\/product\/38431"}],"collection":[{"href":"https:\/\/librairie7l.com\/en\/wp-json\/wp\/v2\/product"}],"about":[{"href":"https:\/\/librairie7l.com\/en\/wp-json\/wp\/v2\/types\/product"}],"wp:featuredmedia":[{"embeddable":true,"href":"https:\/\/librairie7l.com\/en\/wp-json\/wp\/v2\/media\/38429"}],"wp:attachment":[{"href":"https:\/\/librairie7l.com\/en\/wp-json\/wp\/v2\/media?parent=38431"}],"wp:term":[{"taxonomy":"product_cat","embeddable":true,"href":"https:\/\/librairie7l.com\/en\/wp-json\/wp\/v2\/product_cat?post=38431"},{"taxonomy":"product_tag","embeddable":true,"href":"https:\/\/librairie7l.com\/en\/wp-json\/wp\/v2\/product_tag?post=38431"}],"curies":[{"name":"wp","href":"https:\/\/api.w.org\/{rel}","templated":true}]}}