{"id":38463,"date":"2024-02-09T09:39:28","date_gmt":"2024-02-09T08:39:28","guid":{"rendered":"https:\/\/librairie7l.com\/?post_type=product&#038;p=38463"},"modified":"2026-04-05T18:48:01","modified_gmt":"2026-04-05T16:48:01","slug":"la-grande-revolution-domestique-une-histoire-de-larchitecture-feministe","status":"publish","type":"product","link":"https:\/\/librairie7l.com\/en\/produit\/la-grande-revolution-domestique-une-histoire-de-larchitecture-feministe\/","title":{"rendered":"LA GRANDE R\u00c9VOLUTION DOMESTIQUE : UNE HISTOIRE DE L&#8217;ARCHITECTURE F\u00c9MINISTE"},"content":{"rendered":"<p>Ce livre propose une histoire de l&#8217;architecture f\u00e9ministe en revenant sur les th\u00e9ories de plusieurs penseuses  et th\u00e9oriciennes \u00e9tatsuniennes (Malusina Fay Pierce, Mary Livermore, Charlotte Perkins Gilman, etc.)  qui postulaient d\u00e8s le XIXe si\u00e8cle que la prise en charge int\u00e9grale du travail domestique par les femmes  constituait une des causes fondamentales des in\u00e9galit\u00e9s de genre. La Grande R\u00e9volution domestique donne \u00e0  voir les plans innovants et les strat\u00e9gies visionnaires de ces femmes ayant contribu\u00e9 \u00e0 remettre en question  notre mani\u00e8re de concevoir les logements et les villes modernes afin d&#8217;accompagner les femmes vers une  plus grande ind\u00e9pendance \u00e9conomique et ainsi permettre l&#8217;\u00e9galit\u00e9 sociale. Dans ce livre, Dolores Hayden  analyse les sources utopiques et pragmatiques des programmes de r\u00e9organisation domestique propos\u00e9s au  XIXe si\u00e8cle par certaines f\u00e9ministes. Cette histoire d&#8217;une tradition intellectuelle peu connue en France offre  une nouvelle interpr\u00e9tation de l&#8217;histoire du f\u00e9minisme, du logement et de l&#8217;urbanisme.<\/p>\n","protected":false},"excerpt":{"rendered":"<p>Ce livre propose une histoire de l&#8217;architecture f\u00e9ministe en revenant sur les th\u00e9ories de plusieurs penseuses et th\u00e9oriciennes \u00e9tatsuniennes (Malusina Fay Pierce, Mary Livermore, Charlotte Perkins Gilman, etc.) qui postulaient d\u00e8s le XIXe si\u00e8cle que la prise en charge int\u00e9grale du travail domestique par les femmes constituait une des causes fondamentales des in\u00e9galit\u00e9s de genre. [&hellip;]<\/p>\n","protected":false},"featured_media":38461,"template":"","meta":[],"product_cat":[2948,2950],"product_tag":[],"acf":[],"yoast_head":"<!-- This site is optimized with the Yoast SEO plugin v20.11 - https:\/\/yoast.com\/wordpress\/plugins\/seo\/ -->\n<title>La grande r\u00e9volution domestique : une histoire de l&#039;architecture f\u00e9ministe - Librairie 7L<\/title>\n<meta name=\"robots\" content=\"index, follow, max-snippet:-1, max-image-preview:large, max-video-preview:-1\" \/>\n<link rel=\"canonical\" href=\"https:\/\/librairie7l.com\/en\/produit\/la-grande-revolution-domestique-une-histoire-de-larchitecture-feministe\/\" \/>\n<meta property=\"og:locale\" content=\"en_US\" \/>\n<meta property=\"og:type\" content=\"article\" \/>\n<meta property=\"og:title\" content=\"La grande r\u00e9volution domestique : une histoire de l&#039;architecture f\u00e9ministe - Librairie 7L\" \/>\n<meta property=\"og:description\" content=\"Ce livre propose une histoire de l&#8217;architecture f\u00e9ministe en revenant sur les th\u00e9ories de plusieurs penseuses et th\u00e9oriciennes \u00e9tatsuniennes (Malusina Fay Pierce, Mary Livermore, Charlotte Perkins Gilman, etc.) qui postulaient d\u00e8s le XIXe si\u00e8cle que la prise en charge int\u00e9grale du travail domestique par les femmes constituait une des causes fondamentales des in\u00e9galit\u00e9s de genre. [&hellip;]\" \/>\n<meta property=\"og:url\" content=\"https:\/\/librairie7l.com\/en\/produit\/la-grande-revolution-domestique-une-histoire-de-larchitecture-feministe\/\" \/>\n<meta property=\"og:site_name\" content=\"Librairie 7L\" \/>\n<meta property=\"article:modified_time\" content=\"2026-04-05T16:48:01+00:00\" \/>\n<meta property=\"og:image\" content=\"https:\/\/librairie7l.com\/wp-content\/uploads\/2023\/03\/9782490077960_1_75.jpg\" \/>\n\t<meta property=\"og:image:width\" content=\"396\" \/>\n\t<meta property=\"og:image:height\" content=\"600\" \/>\n\t<meta property=\"og:image:type\" content=\"image\/jpeg\" \/>\n<meta name=\"twitter:card\" content=\"summary_large_image\" \/>\n<meta name=\"twitter:label1\" content=\"Est. reading time\" \/>\n\t<meta name=\"twitter:data1\" content=\"1 minute\" \/>\n<script type=\"application\/ld+json\" class=\"yoast-schema-graph\">{\"@context\":\"https:\/\/schema.org\",\"@graph\":[{\"@type\":\"WebPage\",\"@id\":\"https:\/\/librairie7l.com\/en\/produit\/la-grande-revolution-domestique-une-histoire-de-larchitecture-feministe\/\",\"url\":\"https:\/\/librairie7l.com\/en\/produit\/la-grande-revolution-domestique-une-histoire-de-larchitecture-feministe\/\",\"name\":\"La grande r\u00e9volution domestique : une histoire de l'architecture f\u00e9ministe - Librairie 7L\",\"isPartOf\":{\"@id\":\"https:\/\/librairie7l.com\/en\/#website\"},\"datePublished\":\"2024-02-09T08:39:28+00:00\",\"dateModified\":\"2026-04-05T16:48:01+00:00\",\"breadcrumb\":{\"@id\":\"https:\/\/librairie7l.com\/en\/produit\/la-grande-revolution-domestique-une-histoire-de-larchitecture-feministe\/#breadcrumb\"},\"inLanguage\":\"en-US\",\"potentialAction\":[{\"@type\":\"ReadAction\",\"target\":[\"https:\/\/librairie7l.com\/en\/produit\/la-grande-revolution-domestique-une-histoire-de-larchitecture-feministe\/\"]}]},{\"@type\":\"BreadcrumbList\",\"@id\":\"https:\/\/librairie7l.com\/en\/produit\/la-grande-revolution-domestique-une-histoire-de-larchitecture-feministe\/#breadcrumb\",\"itemListElement\":[{\"@type\":\"ListItem\",\"position\":1,\"name\":\"Accueil\",\"item\":\"https:\/\/librairie7l.com\/en\/\"},{\"@type\":\"ListItem\",\"position\":2,\"name\":\"Shop\",\"item\":\"https:\/\/librairie7l.com\/en\/shop\/\"},{\"@type\":\"ListItem\",\"position\":3,\"name\":\"LA GRANDE R\u00c9VOLUTION DOMESTIQUE : UNE HISTOIRE DE L&#8217;ARCHITECTURE F\u00c9MINISTE\"}]},{\"@type\":\"WebSite\",\"@id\":\"https:\/\/librairie7l.com\/en\/#website\",\"url\":\"https:\/\/librairie7l.com\/en\/\",\"name\":\"Librairie 7L\",\"description\":\"Librairie fond\u00e9e en 1999 par Karl Lagerfeld \u00e0 Paris\",\"publisher\":{\"@id\":\"https:\/\/librairie7l.com\/en\/#organization\"},\"potentialAction\":[{\"@type\":\"SearchAction\",\"target\":{\"@type\":\"EntryPoint\",\"urlTemplate\":\"https:\/\/librairie7l.com\/en\/?s={search_term_string}\"},\"query-input\":\"required name=search_term_string\"}],\"inLanguage\":\"en-US\"},{\"@type\":\"Organization\",\"@id\":\"https:\/\/librairie7l.com\/en\/#organization\",\"name\":\"Librairie 7L\",\"url\":\"https:\/\/librairie7l.com\/en\/\",\"logo\":{\"@type\":\"ImageObject\",\"inLanguage\":\"en-US\",\"@id\":\"https:\/\/librairie7l.com\/en\/#\/schema\/logo\/image\/\",\"url\":\"https:\/\/librairie7l.com\/wp-content\/uploads\/2022\/08\/logo-1.png\",\"contentUrl\":\"https:\/\/librairie7l.com\/wp-content\/uploads\/2022\/08\/logo-1.png\",\"width\":227,\"height\":301,\"caption\":\"Librairie 7L\"},\"image\":{\"@id\":\"https:\/\/librairie7l.com\/en\/#\/schema\/logo\/image\/\"}}]}<\/script>\n<!-- \/ Yoast SEO plugin. -->","yoast_head_json":{"title":"La grande r\u00e9volution domestique : une histoire de l'architecture f\u00e9ministe - Librairie 7L","robots":{"index":"index","follow":"follow","max-snippet":"max-snippet:-1","max-image-preview":"max-image-preview:large","max-video-preview":"max-video-preview:-1"},"canonical":"https:\/\/librairie7l.com\/en\/produit\/la-grande-revolution-domestique-une-histoire-de-larchitecture-feministe\/","og_locale":"en_US","og_type":"article","og_title":"La grande r\u00e9volution domestique : une histoire de l'architecture f\u00e9ministe - Librairie 7L","og_description":"Ce livre propose une histoire de l&#8217;architecture f\u00e9ministe en revenant sur les th\u00e9ories de plusieurs penseuses et th\u00e9oriciennes \u00e9tatsuniennes (Malusina Fay Pierce, Mary Livermore, Charlotte Perkins Gilman, etc.) qui postulaient d\u00e8s le XIXe si\u00e8cle que la prise en charge int\u00e9grale du travail domestique par les femmes constituait une des causes fondamentales des in\u00e9galit\u00e9s de genre. [&hellip;]","og_url":"https:\/\/librairie7l.com\/en\/produit\/la-grande-revolution-domestique-une-histoire-de-larchitecture-feministe\/","og_site_name":"Librairie 7L","article_modified_time":"2026-04-05T16:48:01+00:00","og_image":[{"width":396,"height":600,"url":"https:\/\/librairie7l.com\/wp-content\/uploads\/2023\/03\/9782490077960_1_75.jpg","type":"image\/jpeg"}],"twitter_card":"summary_large_image","twitter_misc":{"Est. reading time":"1 minute"},"schema":{"@context":"https:\/\/schema.org","@graph":[{"@type":"WebPage","@id":"https:\/\/librairie7l.com\/en\/produit\/la-grande-revolution-domestique-une-histoire-de-larchitecture-feministe\/","url":"https:\/\/librairie7l.com\/en\/produit\/la-grande-revolution-domestique-une-histoire-de-larchitecture-feministe\/","name":"La grande r\u00e9volution domestique : une histoire de l'architecture f\u00e9ministe - Librairie 7L","isPartOf":{"@id":"https:\/\/librairie7l.com\/en\/#website"},"datePublished":"2024-02-09T08:39:28+00:00","dateModified":"2026-04-05T16:48:01+00:00","breadcrumb":{"@id":"https:\/\/librairie7l.com\/en\/produit\/la-grande-revolution-domestique-une-histoire-de-larchitecture-feministe\/#breadcrumb"},"inLanguage":"en-US","potentialAction":[{"@type":"ReadAction","target":["https:\/\/librairie7l.com\/en\/produit\/la-grande-revolution-domestique-une-histoire-de-larchitecture-feministe\/"]}]},{"@type":"BreadcrumbList","@id":"https:\/\/librairie7l.com\/en\/produit\/la-grande-revolution-domestique-une-histoire-de-larchitecture-feministe\/#breadcrumb","itemListElement":[{"@type":"ListItem","position":1,"name":"Accueil","item":"https:\/\/librairie7l.com\/en\/"},{"@type":"ListItem","position":2,"name":"Shop","item":"https:\/\/librairie7l.com\/en\/shop\/"},{"@type":"ListItem","position":3,"name":"LA GRANDE R\u00c9VOLUTION DOMESTIQUE : UNE HISTOIRE DE L&#8217;ARCHITECTURE F\u00c9MINISTE"}]},{"@type":"WebSite","@id":"https:\/\/librairie7l.com\/en\/#website","url":"https:\/\/librairie7l.com\/en\/","name":"Librairie 7L","description":"Librairie fond\u00e9e en 1999 par Karl Lagerfeld \u00e0 Paris","publisher":{"@id":"https:\/\/librairie7l.com\/en\/#organization"},"potentialAction":[{"@type":"SearchAction","target":{"@type":"EntryPoint","urlTemplate":"https:\/\/librairie7l.com\/en\/?s={search_term_string}"},"query-input":"required name=search_term_string"}],"inLanguage":"en-US"},{"@type":"Organization","@id":"https:\/\/librairie7l.com\/en\/#organization","name":"Librairie 7L","url":"https:\/\/librairie7l.com\/en\/","logo":{"@type":"ImageObject","inLanguage":"en-US","@id":"https:\/\/librairie7l.com\/en\/#\/schema\/logo\/image\/","url":"https:\/\/librairie7l.com\/wp-content\/uploads\/2022\/08\/logo-1.png","contentUrl":"https:\/\/librairie7l.com\/wp-content\/uploads\/2022\/08\/logo-1.png","width":227,"height":301,"caption":"Librairie 7L"},"image":{"@id":"https:\/\/librairie7l.com\/en\/#\/schema\/logo\/image\/"}}]}},"_links":{"self":[{"href":"https:\/\/librairie7l.com\/en\/wp-json\/wp\/v2\/product\/38463"}],"collection":[{"href":"https:\/\/librairie7l.com\/en\/wp-json\/wp\/v2\/product"}],"about":[{"href":"https:\/\/librairie7l.com\/en\/wp-json\/wp\/v2\/types\/product"}],"wp:featuredmedia":[{"embeddable":true,"href":"https:\/\/librairie7l.com\/en\/wp-json\/wp\/v2\/media\/38461"}],"wp:attachment":[{"href":"https:\/\/librairie7l.com\/en\/wp-json\/wp\/v2\/media?parent=38463"}],"wp:term":[{"taxonomy":"product_cat","embeddable":true,"href":"https:\/\/librairie7l.com\/en\/wp-json\/wp\/v2\/product_cat?post=38463"},{"taxonomy":"product_tag","embeddable":true,"href":"https:\/\/librairie7l.com\/en\/wp-json\/wp\/v2\/product_tag?post=38463"}],"curies":[{"name":"wp","href":"https:\/\/api.w.org\/{rel}","templated":true}]}}