{"id":38471,"date":"2024-06-26T10:35:40","date_gmt":"2024-06-26T08:35:40","guid":{"rendered":"https:\/\/librairie7l.com\/?post_type=product&#038;p=38471"},"modified":"2026-04-13T01:01:36","modified_gmt":"2026-04-12T23:01:36","slug":"les-jardins-par-les-grands-maitres-de-lestampe-japonaise","status":"publish","type":"product","link":"https:\/\/librairie7l.com\/en\/produit\/les-jardins-par-les-grands-maitres-de-lestampe-japonaise\/","title":{"rendered":"LES JARDINS PAR LES GRANDS MA\u00ceTRES DE L&#8217;ESTAMPE JAPONAISE"},"content":{"rendered":"<p>V\u00e9ritable c\u00e9l\u00e9bration des jardins, ce coffret, accompagn\u00e9 d&#8217;un livret explicatif, d\u00e9ploie en format accord\u00e9on plus d&#8217;une soixantaine d&#8217;oeuvres des plus grands ma\u00eetres de l&#8217;estampe japonaise.<\/p>\n<p>Plus qu&#8217;un simple lieu de plaisir, le jardin s&#8217;apparente \u00e0 un espace spirituel o\u00f9 chaque \u00e9l\u00e9ment, pierre, eau, v\u00e9g\u00e9tal, participe d&#8217;une symbolique sacr\u00e9e.<\/p>\n<p>Jardins d&#8217;eau parsem\u00e9s d&#8217;iris ou de lotus, la fleur sacr\u00e9e entre toutes, jardins zen con\u00e7us comme de v\u00e9ritables paysages en miniature, \u00ab jardins de th\u00e9\u00bb orn\u00e9s de lanternes de pierre, jardins de promenade plant\u00e9s de cerisiers en fleur ou d&#8217;\u00e9rables rougeoyant, jardins aux floraisons luxuriantes de pivoines ou de glycines: de Hokusai \u00e0 Hiroshige en passant par Utamaro ou Harunobu, tous ces lieux de m\u00e9ditation et de contemplation t\u00e9moignent du lien profond que les Japonais entretiennent avec la nature.<\/p>\n","protected":false},"excerpt":{"rendered":"<p>V\u00e9ritable c\u00e9l\u00e9bration des jardins, ce coffret, accompagn\u00e9 d&#8217;un livret explicatif, d\u00e9ploie en format accord\u00e9on plus d&#8217;une soixantaine d&#8217;oeuvres des plus grands ma\u00eetres de l&#8217;estampe japonaise. Plus qu&#8217;un simple lieu de plaisir, le jardin s&#8217;apparente \u00e0 un espace spirituel o\u00f9 chaque \u00e9l\u00e9ment, pierre, eau, v\u00e9g\u00e9tal, participe d&#8217;une symbolique sacr\u00e9e. Jardins d&#8217;eau parsem\u00e9s d&#8217;iris ou de lotus, [&hellip;]<\/p>\n","protected":false},"featured_media":38469,"template":"","meta":[],"product_cat":[2948,2953],"product_tag":[],"acf":[],"yoast_head":"<!-- This site is optimized with the Yoast SEO plugin v20.11 - https:\/\/yoast.com\/wordpress\/plugins\/seo\/ -->\n<title>Les jardins par les grands ma\u00eetres de l&#039;estampe japonaise - Librairie 7L<\/title>\n<meta name=\"robots\" content=\"index, follow, max-snippet:-1, max-image-preview:large, max-video-preview:-1\" \/>\n<link rel=\"canonical\" href=\"https:\/\/librairie7l.com\/en\/produit\/les-jardins-par-les-grands-maitres-de-lestampe-japonaise\/\" \/>\n<meta property=\"og:locale\" content=\"en_US\" \/>\n<meta property=\"og:type\" content=\"article\" \/>\n<meta property=\"og:title\" content=\"Les jardins par les grands ma\u00eetres de l&#039;estampe japonaise - Librairie 7L\" \/>\n<meta property=\"og:description\" content=\"V\u00e9ritable c\u00e9l\u00e9bration des jardins, ce coffret, accompagn\u00e9 d&#8217;un livret explicatif, d\u00e9ploie en format accord\u00e9on plus d&#8217;une soixantaine d&#8217;oeuvres des plus grands ma\u00eetres de l&#8217;estampe japonaise. Plus qu&#8217;un simple lieu de plaisir, le jardin s&#8217;apparente \u00e0 un espace spirituel o\u00f9 chaque \u00e9l\u00e9ment, pierre, eau, v\u00e9g\u00e9tal, participe d&#8217;une symbolique sacr\u00e9e. Jardins d&#8217;eau parsem\u00e9s d&#8217;iris ou de lotus, [&hellip;]\" \/>\n<meta property=\"og:url\" content=\"https:\/\/librairie7l.com\/en\/produit\/les-jardins-par-les-grands-maitres-de-lestampe-japonaise\/\" \/>\n<meta property=\"og:site_name\" content=\"Librairie 7L\" \/>\n<meta property=\"article:modified_time\" content=\"2026-04-12T23:01:36+00:00\" \/>\n<meta property=\"og:image\" content=\"https:\/\/librairie7l.com\/wp-content\/uploads\/2023\/01\/9782754113045_1_75.jpg\" \/>\n\t<meta property=\"og:image:width\" content=\"600\" \/>\n\t<meta property=\"og:image:height\" content=\"840\" \/>\n\t<meta property=\"og:image:type\" content=\"image\/jpeg\" \/>\n<meta name=\"twitter:card\" content=\"summary_large_image\" \/>\n<meta name=\"twitter:label1\" content=\"Est. reading time\" \/>\n\t<meta name=\"twitter:data1\" content=\"1 minute\" \/>\n<script type=\"application\/ld+json\" class=\"yoast-schema-graph\">{\"@context\":\"https:\/\/schema.org\",\"@graph\":[{\"@type\":\"WebPage\",\"@id\":\"https:\/\/librairie7l.com\/en\/produit\/les-jardins-par-les-grands-maitres-de-lestampe-japonaise\/\",\"url\":\"https:\/\/librairie7l.com\/en\/produit\/les-jardins-par-les-grands-maitres-de-lestampe-japonaise\/\",\"name\":\"Les jardins par les grands ma\u00eetres de l'estampe japonaise - Librairie 7L\",\"isPartOf\":{\"@id\":\"https:\/\/librairie7l.com\/en\/#website\"},\"datePublished\":\"2024-06-26T08:35:40+00:00\",\"dateModified\":\"2026-04-12T23:01:36+00:00\",\"breadcrumb\":{\"@id\":\"https:\/\/librairie7l.com\/en\/produit\/les-jardins-par-les-grands-maitres-de-lestampe-japonaise\/#breadcrumb\"},\"inLanguage\":\"en-US\",\"potentialAction\":[{\"@type\":\"ReadAction\",\"target\":[\"https:\/\/librairie7l.com\/en\/produit\/les-jardins-par-les-grands-maitres-de-lestampe-japonaise\/\"]}]},{\"@type\":\"BreadcrumbList\",\"@id\":\"https:\/\/librairie7l.com\/en\/produit\/les-jardins-par-les-grands-maitres-de-lestampe-japonaise\/#breadcrumb\",\"itemListElement\":[{\"@type\":\"ListItem\",\"position\":1,\"name\":\"Accueil\",\"item\":\"https:\/\/librairie7l.com\/en\/\"},{\"@type\":\"ListItem\",\"position\":2,\"name\":\"Shop\",\"item\":\"https:\/\/librairie7l.com\/en\/shop\/\"},{\"@type\":\"ListItem\",\"position\":3,\"name\":\"LES JARDINS PAR LES GRANDS MA\u00ceTRES DE L&#8217;ESTAMPE JAPONAISE\"}]},{\"@type\":\"WebSite\",\"@id\":\"https:\/\/librairie7l.com\/en\/#website\",\"url\":\"https:\/\/librairie7l.com\/en\/\",\"name\":\"Librairie 7L\",\"description\":\"Librairie fond\u00e9e en 1999 par Karl Lagerfeld \u00e0 Paris\",\"publisher\":{\"@id\":\"https:\/\/librairie7l.com\/en\/#organization\"},\"potentialAction\":[{\"@type\":\"SearchAction\",\"target\":{\"@type\":\"EntryPoint\",\"urlTemplate\":\"https:\/\/librairie7l.com\/en\/?s={search_term_string}\"},\"query-input\":\"required name=search_term_string\"}],\"inLanguage\":\"en-US\"},{\"@type\":\"Organization\",\"@id\":\"https:\/\/librairie7l.com\/en\/#organization\",\"name\":\"Librairie 7L\",\"url\":\"https:\/\/librairie7l.com\/en\/\",\"logo\":{\"@type\":\"ImageObject\",\"inLanguage\":\"en-US\",\"@id\":\"https:\/\/librairie7l.com\/en\/#\/schema\/logo\/image\/\",\"url\":\"https:\/\/librairie7l.com\/wp-content\/uploads\/2022\/08\/logo-1.png\",\"contentUrl\":\"https:\/\/librairie7l.com\/wp-content\/uploads\/2022\/08\/logo-1.png\",\"width\":227,\"height\":301,\"caption\":\"Librairie 7L\"},\"image\":{\"@id\":\"https:\/\/librairie7l.com\/en\/#\/schema\/logo\/image\/\"}}]}<\/script>\n<!-- \/ Yoast SEO plugin. -->","yoast_head_json":{"title":"Les jardins par les grands ma\u00eetres de l'estampe japonaise - Librairie 7L","robots":{"index":"index","follow":"follow","max-snippet":"max-snippet:-1","max-image-preview":"max-image-preview:large","max-video-preview":"max-video-preview:-1"},"canonical":"https:\/\/librairie7l.com\/en\/produit\/les-jardins-par-les-grands-maitres-de-lestampe-japonaise\/","og_locale":"en_US","og_type":"article","og_title":"Les jardins par les grands ma\u00eetres de l'estampe japonaise - Librairie 7L","og_description":"V\u00e9ritable c\u00e9l\u00e9bration des jardins, ce coffret, accompagn\u00e9 d&#8217;un livret explicatif, d\u00e9ploie en format accord\u00e9on plus d&#8217;une soixantaine d&#8217;oeuvres des plus grands ma\u00eetres de l&#8217;estampe japonaise. Plus qu&#8217;un simple lieu de plaisir, le jardin s&#8217;apparente \u00e0 un espace spirituel o\u00f9 chaque \u00e9l\u00e9ment, pierre, eau, v\u00e9g\u00e9tal, participe d&#8217;une symbolique sacr\u00e9e. Jardins d&#8217;eau parsem\u00e9s d&#8217;iris ou de lotus, [&hellip;]","og_url":"https:\/\/librairie7l.com\/en\/produit\/les-jardins-par-les-grands-maitres-de-lestampe-japonaise\/","og_site_name":"Librairie 7L","article_modified_time":"2026-04-12T23:01:36+00:00","og_image":[{"width":600,"height":840,"url":"https:\/\/librairie7l.com\/wp-content\/uploads\/2023\/01\/9782754113045_1_75.jpg","type":"image\/jpeg"}],"twitter_card":"summary_large_image","twitter_misc":{"Est. reading time":"1 minute"},"schema":{"@context":"https:\/\/schema.org","@graph":[{"@type":"WebPage","@id":"https:\/\/librairie7l.com\/en\/produit\/les-jardins-par-les-grands-maitres-de-lestampe-japonaise\/","url":"https:\/\/librairie7l.com\/en\/produit\/les-jardins-par-les-grands-maitres-de-lestampe-japonaise\/","name":"Les jardins par les grands ma\u00eetres de l'estampe japonaise - Librairie 7L","isPartOf":{"@id":"https:\/\/librairie7l.com\/en\/#website"},"datePublished":"2024-06-26T08:35:40+00:00","dateModified":"2026-04-12T23:01:36+00:00","breadcrumb":{"@id":"https:\/\/librairie7l.com\/en\/produit\/les-jardins-par-les-grands-maitres-de-lestampe-japonaise\/#breadcrumb"},"inLanguage":"en-US","potentialAction":[{"@type":"ReadAction","target":["https:\/\/librairie7l.com\/en\/produit\/les-jardins-par-les-grands-maitres-de-lestampe-japonaise\/"]}]},{"@type":"BreadcrumbList","@id":"https:\/\/librairie7l.com\/en\/produit\/les-jardins-par-les-grands-maitres-de-lestampe-japonaise\/#breadcrumb","itemListElement":[{"@type":"ListItem","position":1,"name":"Accueil","item":"https:\/\/librairie7l.com\/en\/"},{"@type":"ListItem","position":2,"name":"Shop","item":"https:\/\/librairie7l.com\/en\/shop\/"},{"@type":"ListItem","position":3,"name":"LES JARDINS PAR LES GRANDS MA\u00ceTRES DE L&#8217;ESTAMPE JAPONAISE"}]},{"@type":"WebSite","@id":"https:\/\/librairie7l.com\/en\/#website","url":"https:\/\/librairie7l.com\/en\/","name":"Librairie 7L","description":"Librairie fond\u00e9e en 1999 par Karl Lagerfeld \u00e0 Paris","publisher":{"@id":"https:\/\/librairie7l.com\/en\/#organization"},"potentialAction":[{"@type":"SearchAction","target":{"@type":"EntryPoint","urlTemplate":"https:\/\/librairie7l.com\/en\/?s={search_term_string}"},"query-input":"required name=search_term_string"}],"inLanguage":"en-US"},{"@type":"Organization","@id":"https:\/\/librairie7l.com\/en\/#organization","name":"Librairie 7L","url":"https:\/\/librairie7l.com\/en\/","logo":{"@type":"ImageObject","inLanguage":"en-US","@id":"https:\/\/librairie7l.com\/en\/#\/schema\/logo\/image\/","url":"https:\/\/librairie7l.com\/wp-content\/uploads\/2022\/08\/logo-1.png","contentUrl":"https:\/\/librairie7l.com\/wp-content\/uploads\/2022\/08\/logo-1.png","width":227,"height":301,"caption":"Librairie 7L"},"image":{"@id":"https:\/\/librairie7l.com\/en\/#\/schema\/logo\/image\/"}}]}},"_links":{"self":[{"href":"https:\/\/librairie7l.com\/en\/wp-json\/wp\/v2\/product\/38471"}],"collection":[{"href":"https:\/\/librairie7l.com\/en\/wp-json\/wp\/v2\/product"}],"about":[{"href":"https:\/\/librairie7l.com\/en\/wp-json\/wp\/v2\/types\/product"}],"wp:featuredmedia":[{"embeddable":true,"href":"https:\/\/librairie7l.com\/en\/wp-json\/wp\/v2\/media\/38469"}],"wp:attachment":[{"href":"https:\/\/librairie7l.com\/en\/wp-json\/wp\/v2\/media?parent=38471"}],"wp:term":[{"taxonomy":"product_cat","embeddable":true,"href":"https:\/\/librairie7l.com\/en\/wp-json\/wp\/v2\/product_cat?post=38471"},{"taxonomy":"product_tag","embeddable":true,"href":"https:\/\/librairie7l.com\/en\/wp-json\/wp\/v2\/product_tag?post=38471"}],"curies":[{"name":"wp","href":"https:\/\/api.w.org\/{rel}","templated":true}]}}