{"id":38479,"date":"2024-06-26T10:35:42","date_gmt":"2024-06-26T08:35:42","guid":{"rendered":"https:\/\/librairie7l.com\/?post_type=product&#038;p=38479"},"modified":"2026-04-09T14:40:49","modified_gmt":"2026-04-09T12:40:49","slug":"vivre-dart-les-interieurs-des-plus-grands-artistes-et-createurs","status":"publish","type":"product","link":"https:\/\/librairie7l.com\/en\/produit\/vivre-dart-les-interieurs-des-plus-grands-artistes-et-createurs\/","title":{"rendered":"VIVRE D&#8217;ART : LES INT\u00c9RIEURS DES PLUS GRANDS ARTISTES ET CR\u00c9ATEURS"},"content":{"rendered":"<p>Les extraordinaires int\u00e9rieurs des personnes les plus cr\u00e9atives des mondes de l&#8217;art, de la mode, de la musique ou de l&#8217;architecture.<\/p>\n<p>Vivre d&#8217;art, Art de vivre est un ouvrage fascinant pr\u00e9sentant 250 int\u00e9rieurs extraordinaires appartenant aux maisons ou ateliers des personnalit\u00e9s historiques et contemporaines les plus cr\u00e9atives au monde. Le livre fait d\u00e9couvrir au lecteur les espaces de vie de personnalit\u00e9s r\u00e9put\u00e9es dans les domaines de l&#8217;art, du design, de la mode, de la litt\u00e9rature, de la musique, du cin\u00e9ma, ou du th\u00e9\u00e2tre&#8230; Cette s\u00e9lection sans pr\u00e9c\u00e9dent, couvrant six si\u00e8cles et plus de trente pays, offre une occasion unique de d\u00e9couvrir les int\u00e9rieurs dans lesquels les plus grands talents de l&#8217;histoire ont v\u00e9cu, travaill\u00e9 et parfois cr\u00e9\u00e9 certains des plus grands chefs-d&#8217;oeuvre du monde.<\/p>\n<p>Personnalit\u00e9s contemporaines : agn\u00e8s b., David Bowie, Christian Dior, Gabrielle Chanel, Yves Klein, Zaha Hadid, Alexander McQueen, Moby, Amy Sedaris, Zadie Smith, Es Devlin.<\/p>\n<p>Figures artistiques du XXe si\u00e8cle : William Faulkner, Ernest Hemingway, Henry Moore, Pablo Picasso, Elvis Presley, Frank Sinatra, Virginia Woolf, Frank Lloyd Wright.<\/p>\n<p>Et du pass\u00e9 : Charles Dickens, L\u00e9onard de Vinci, Jean-Jacques Rousseau, Rosa Bonheur, John Keats, Herman Melville, Pouchkine, Rapha\u00ebl, Rubens.<\/p>\n","protected":false},"excerpt":{"rendered":"<p>Les extraordinaires int\u00e9rieurs des personnes les plus cr\u00e9atives des mondes de l&#8217;art, de la mode, de la musique ou de l&#8217;architecture. Vivre d&#8217;art, Art de vivre est un ouvrage fascinant pr\u00e9sentant 250 int\u00e9rieurs extraordinaires appartenant aux maisons ou ateliers des personnalit\u00e9s historiques et contemporaines les plus cr\u00e9atives au monde. Le livre fait d\u00e9couvrir au lecteur [&hellip;]<\/p>\n","protected":false},"featured_media":38477,"template":"","meta":[],"product_cat":[2948,2951],"product_tag":[],"acf":[],"yoast_head":"<!-- This site is optimized with the Yoast SEO plugin v20.11 - https:\/\/yoast.com\/wordpress\/plugins\/seo\/ -->\n<title>Vivre d&#039;art : les int\u00e9rieurs des plus grands artistes et cr\u00e9ateurs - Librairie 7L<\/title>\n<meta name=\"robots\" content=\"index, follow, max-snippet:-1, max-image-preview:large, max-video-preview:-1\" \/>\n<link rel=\"canonical\" href=\"https:\/\/librairie7l.com\/en\/produit\/vivre-dart-les-interieurs-des-plus-grands-artistes-et-createurs\/\" \/>\n<meta property=\"og:locale\" content=\"en_US\" \/>\n<meta property=\"og:type\" content=\"article\" \/>\n<meta property=\"og:title\" content=\"Vivre d&#039;art : les int\u00e9rieurs des plus grands artistes et cr\u00e9ateurs - Librairie 7L\" \/>\n<meta property=\"og:description\" content=\"Les extraordinaires int\u00e9rieurs des personnes les plus cr\u00e9atives des mondes de l&#8217;art, de la mode, de la musique ou de l&#8217;architecture. Vivre d&#8217;art, Art de vivre est un ouvrage fascinant pr\u00e9sentant 250 int\u00e9rieurs extraordinaires appartenant aux maisons ou ateliers des personnalit\u00e9s historiques et contemporaines les plus cr\u00e9atives au monde. Le livre fait d\u00e9couvrir au lecteur [&hellip;]\" \/>\n<meta property=\"og:url\" content=\"https:\/\/librairie7l.com\/en\/produit\/vivre-dart-les-interieurs-des-plus-grands-artistes-et-createurs\/\" \/>\n<meta property=\"og:site_name\" content=\"Librairie 7L\" \/>\n<meta property=\"article:modified_time\" content=\"2026-04-09T12:40:49+00:00\" \/>\n<meta property=\"og:image\" content=\"https:\/\/librairie7l.com\/wp-content\/uploads\/2023\/05\/9781838667351_1_75.jpg\" \/>\n\t<meta property=\"og:image:width\" content=\"600\" \/>\n\t<meta property=\"og:image:height\" content=\"800\" \/>\n\t<meta property=\"og:image:type\" content=\"image\/jpeg\" \/>\n<meta name=\"twitter:card\" content=\"summary_large_image\" \/>\n<meta name=\"twitter:label1\" content=\"Est. reading time\" \/>\n\t<meta name=\"twitter:data1\" content=\"1 minute\" \/>\n<script type=\"application\/ld+json\" class=\"yoast-schema-graph\">{\"@context\":\"https:\/\/schema.org\",\"@graph\":[{\"@type\":\"WebPage\",\"@id\":\"https:\/\/librairie7l.com\/en\/produit\/vivre-dart-les-interieurs-des-plus-grands-artistes-et-createurs\/\",\"url\":\"https:\/\/librairie7l.com\/en\/produit\/vivre-dart-les-interieurs-des-plus-grands-artistes-et-createurs\/\",\"name\":\"Vivre d'art : les int\u00e9rieurs des plus grands artistes et cr\u00e9ateurs - Librairie 7L\",\"isPartOf\":{\"@id\":\"https:\/\/librairie7l.com\/en\/#website\"},\"datePublished\":\"2024-06-26T08:35:42+00:00\",\"dateModified\":\"2026-04-09T12:40:49+00:00\",\"breadcrumb\":{\"@id\":\"https:\/\/librairie7l.com\/en\/produit\/vivre-dart-les-interieurs-des-plus-grands-artistes-et-createurs\/#breadcrumb\"},\"inLanguage\":\"en-US\",\"potentialAction\":[{\"@type\":\"ReadAction\",\"target\":[\"https:\/\/librairie7l.com\/en\/produit\/vivre-dart-les-interieurs-des-plus-grands-artistes-et-createurs\/\"]}]},{\"@type\":\"BreadcrumbList\",\"@id\":\"https:\/\/librairie7l.com\/en\/produit\/vivre-dart-les-interieurs-des-plus-grands-artistes-et-createurs\/#breadcrumb\",\"itemListElement\":[{\"@type\":\"ListItem\",\"position\":1,\"name\":\"Accueil\",\"item\":\"https:\/\/librairie7l.com\/en\/\"},{\"@type\":\"ListItem\",\"position\":2,\"name\":\"Shop\",\"item\":\"https:\/\/librairie7l.com\/en\/shop\/\"},{\"@type\":\"ListItem\",\"position\":3,\"name\":\"VIVRE D&#8217;ART : LES INT\u00c9RIEURS DES PLUS GRANDS ARTISTES ET CR\u00c9ATEURS\"}]},{\"@type\":\"WebSite\",\"@id\":\"https:\/\/librairie7l.com\/en\/#website\",\"url\":\"https:\/\/librairie7l.com\/en\/\",\"name\":\"Librairie 7L\",\"description\":\"Librairie fond\u00e9e en 1999 par Karl Lagerfeld \u00e0 Paris\",\"publisher\":{\"@id\":\"https:\/\/librairie7l.com\/en\/#organization\"},\"potentialAction\":[{\"@type\":\"SearchAction\",\"target\":{\"@type\":\"EntryPoint\",\"urlTemplate\":\"https:\/\/librairie7l.com\/en\/?s={search_term_string}\"},\"query-input\":\"required name=search_term_string\"}],\"inLanguage\":\"en-US\"},{\"@type\":\"Organization\",\"@id\":\"https:\/\/librairie7l.com\/en\/#organization\",\"name\":\"Librairie 7L\",\"url\":\"https:\/\/librairie7l.com\/en\/\",\"logo\":{\"@type\":\"ImageObject\",\"inLanguage\":\"en-US\",\"@id\":\"https:\/\/librairie7l.com\/en\/#\/schema\/logo\/image\/\",\"url\":\"https:\/\/librairie7l.com\/wp-content\/uploads\/2022\/08\/logo-1.png\",\"contentUrl\":\"https:\/\/librairie7l.com\/wp-content\/uploads\/2022\/08\/logo-1.png\",\"width\":227,\"height\":301,\"caption\":\"Librairie 7L\"},\"image\":{\"@id\":\"https:\/\/librairie7l.com\/en\/#\/schema\/logo\/image\/\"}}]}<\/script>\n<!-- \/ Yoast SEO plugin. -->","yoast_head_json":{"title":"Vivre d'art : les int\u00e9rieurs des plus grands artistes et cr\u00e9ateurs - Librairie 7L","robots":{"index":"index","follow":"follow","max-snippet":"max-snippet:-1","max-image-preview":"max-image-preview:large","max-video-preview":"max-video-preview:-1"},"canonical":"https:\/\/librairie7l.com\/en\/produit\/vivre-dart-les-interieurs-des-plus-grands-artistes-et-createurs\/","og_locale":"en_US","og_type":"article","og_title":"Vivre d'art : les int\u00e9rieurs des plus grands artistes et cr\u00e9ateurs - Librairie 7L","og_description":"Les extraordinaires int\u00e9rieurs des personnes les plus cr\u00e9atives des mondes de l&#8217;art, de la mode, de la musique ou de l&#8217;architecture. Vivre d&#8217;art, Art de vivre est un ouvrage fascinant pr\u00e9sentant 250 int\u00e9rieurs extraordinaires appartenant aux maisons ou ateliers des personnalit\u00e9s historiques et contemporaines les plus cr\u00e9atives au monde. Le livre fait d\u00e9couvrir au lecteur [&hellip;]","og_url":"https:\/\/librairie7l.com\/en\/produit\/vivre-dart-les-interieurs-des-plus-grands-artistes-et-createurs\/","og_site_name":"Librairie 7L","article_modified_time":"2026-04-09T12:40:49+00:00","og_image":[{"width":600,"height":800,"url":"https:\/\/librairie7l.com\/wp-content\/uploads\/2023\/05\/9781838667351_1_75.jpg","type":"image\/jpeg"}],"twitter_card":"summary_large_image","twitter_misc":{"Est. reading time":"1 minute"},"schema":{"@context":"https:\/\/schema.org","@graph":[{"@type":"WebPage","@id":"https:\/\/librairie7l.com\/en\/produit\/vivre-dart-les-interieurs-des-plus-grands-artistes-et-createurs\/","url":"https:\/\/librairie7l.com\/en\/produit\/vivre-dart-les-interieurs-des-plus-grands-artistes-et-createurs\/","name":"Vivre d'art : les int\u00e9rieurs des plus grands artistes et cr\u00e9ateurs - Librairie 7L","isPartOf":{"@id":"https:\/\/librairie7l.com\/en\/#website"},"datePublished":"2024-06-26T08:35:42+00:00","dateModified":"2026-04-09T12:40:49+00:00","breadcrumb":{"@id":"https:\/\/librairie7l.com\/en\/produit\/vivre-dart-les-interieurs-des-plus-grands-artistes-et-createurs\/#breadcrumb"},"inLanguage":"en-US","potentialAction":[{"@type":"ReadAction","target":["https:\/\/librairie7l.com\/en\/produit\/vivre-dart-les-interieurs-des-plus-grands-artistes-et-createurs\/"]}]},{"@type":"BreadcrumbList","@id":"https:\/\/librairie7l.com\/en\/produit\/vivre-dart-les-interieurs-des-plus-grands-artistes-et-createurs\/#breadcrumb","itemListElement":[{"@type":"ListItem","position":1,"name":"Accueil","item":"https:\/\/librairie7l.com\/en\/"},{"@type":"ListItem","position":2,"name":"Shop","item":"https:\/\/librairie7l.com\/en\/shop\/"},{"@type":"ListItem","position":3,"name":"VIVRE D&#8217;ART : LES INT\u00c9RIEURS DES PLUS GRANDS ARTISTES ET CR\u00c9ATEURS"}]},{"@type":"WebSite","@id":"https:\/\/librairie7l.com\/en\/#website","url":"https:\/\/librairie7l.com\/en\/","name":"Librairie 7L","description":"Librairie fond\u00e9e en 1999 par Karl Lagerfeld \u00e0 Paris","publisher":{"@id":"https:\/\/librairie7l.com\/en\/#organization"},"potentialAction":[{"@type":"SearchAction","target":{"@type":"EntryPoint","urlTemplate":"https:\/\/librairie7l.com\/en\/?s={search_term_string}"},"query-input":"required name=search_term_string"}],"inLanguage":"en-US"},{"@type":"Organization","@id":"https:\/\/librairie7l.com\/en\/#organization","name":"Librairie 7L","url":"https:\/\/librairie7l.com\/en\/","logo":{"@type":"ImageObject","inLanguage":"en-US","@id":"https:\/\/librairie7l.com\/en\/#\/schema\/logo\/image\/","url":"https:\/\/librairie7l.com\/wp-content\/uploads\/2022\/08\/logo-1.png","contentUrl":"https:\/\/librairie7l.com\/wp-content\/uploads\/2022\/08\/logo-1.png","width":227,"height":301,"caption":"Librairie 7L"},"image":{"@id":"https:\/\/librairie7l.com\/en\/#\/schema\/logo\/image\/"}}]}},"_links":{"self":[{"href":"https:\/\/librairie7l.com\/en\/wp-json\/wp\/v2\/product\/38479"}],"collection":[{"href":"https:\/\/librairie7l.com\/en\/wp-json\/wp\/v2\/product"}],"about":[{"href":"https:\/\/librairie7l.com\/en\/wp-json\/wp\/v2\/types\/product"}],"wp:featuredmedia":[{"embeddable":true,"href":"https:\/\/librairie7l.com\/en\/wp-json\/wp\/v2\/media\/38477"}],"wp:attachment":[{"href":"https:\/\/librairie7l.com\/en\/wp-json\/wp\/v2\/media?parent=38479"}],"wp:term":[{"taxonomy":"product_cat","embeddable":true,"href":"https:\/\/librairie7l.com\/en\/wp-json\/wp\/v2\/product_cat?post=38479"},{"taxonomy":"product_tag","embeddable":true,"href":"https:\/\/librairie7l.com\/en\/wp-json\/wp\/v2\/product_tag?post=38479"}],"curies":[{"name":"wp","href":"https:\/\/api.w.org\/{rel}","templated":true}]}}