{"id":38487,"date":"2024-06-26T10:35:46","date_gmt":"2024-06-26T08:35:46","guid":{"rendered":"https:\/\/librairie7l.com\/?post_type=product&#038;p=38487"},"modified":"2026-05-08T05:39:23","modified_gmt":"2026-05-08T03:39:23","slug":"le-petit-larousse-de-lhistoire-de-lart","status":"publish","type":"product","link":"https:\/\/librairie7l.com\/en\/produit\/le-petit-larousse-de-lhistoire-de-lart\/","title":{"rendered":"LE PETIT LAROUSSE DE L&#8217;HISTOIRE DE L&#8217;ART"},"content":{"rendered":"<p>Des tablettes de M\u00e9sopotamie \u00e0 la photographie num\u00e9rique, des cath\u00e9drales gothiques aux impressionnistes, des g\u00e9nies de la renaissance italienne au si\u00e8cle de Picasso, l&#8217;histoire de l&#8217;Art est d&#8217;une richesse incomparable.<br \/>\nD\u00e9couvrez, gr\u00e2ce au Petit Larousse de l&#8217;Histoire de l&#8217;Art, les grandes p\u00e9riodes, les principaux styles et courants esth\u00e9tiques, les courants les plus marquants et les chefs-d&#8217;oeuvre de la peinture, de la sculpture et de l&#8217;architecture. Laissez-vous guider par un r\u00e9cit passionnant qui replace chaque cr\u00e9ation dans son contexte historique et montre comment les grandes d\u00e9couvertes et les changements de soci\u00e9t\u00e9 ont influenc\u00e9 les artistes.<br \/>\nCette nouvelle \u00e9dition enti\u00e8rement remani\u00e9e et actualis\u00e9e fait \u00e9galement justice aux femmes artistes et fait entrer 15 femmes : Ad\u00e9la\u00efde Labille-Guiard, Mary Cassat, Berthe Morisot, Sonia Delaunay, Rosa Bonheur, Suzanne Valadon, Louise Bourgeois, et bien d&#8217;autres ! Les reproductions des plus grandes oeuvres sont mises en lumi\u00e8re par une analyse synth\u00e9tique, rythm\u00e9e par les commentaires d&#8217;historiens de l&#8217;art reconnus et jalonn\u00e9e de r\u00e9flexions des artistes sur leurs propres cr\u00e9ations.<\/p>\n","protected":false},"excerpt":{"rendered":"<p>Des tablettes de M\u00e9sopotamie \u00e0 la photographie num\u00e9rique, des cath\u00e9drales gothiques aux impressionnistes, des g\u00e9nies de la renaissance italienne au si\u00e8cle de Picasso, l&#8217;histoire de l&#8217;Art est d&#8217;une richesse incomparable. D\u00e9couvrez, gr\u00e2ce au Petit Larousse de l&#8217;Histoire de l&#8217;Art, les grandes p\u00e9riodes, les principaux styles et courants esth\u00e9tiques, les courants les plus marquants et les [&hellip;]<\/p>\n","protected":false},"featured_media":38485,"template":"","meta":[],"product_cat":[2948,2953],"product_tag":[],"acf":[],"yoast_head":"<!-- This site is optimized with the Yoast SEO plugin v20.11 - https:\/\/yoast.com\/wordpress\/plugins\/seo\/ -->\n<title>Le petit Larousse de l&#039;Histoire de l&#039;art - Librairie 7L<\/title>\n<meta name=\"robots\" content=\"index, follow, max-snippet:-1, max-image-preview:large, max-video-preview:-1\" \/>\n<link rel=\"canonical\" href=\"https:\/\/librairie7l.com\/en\/produit\/le-petit-larousse-de-lhistoire-de-lart\/\" \/>\n<meta property=\"og:locale\" content=\"en_US\" \/>\n<meta property=\"og:type\" content=\"article\" \/>\n<meta property=\"og:title\" content=\"Le petit Larousse de l&#039;Histoire de l&#039;art - Librairie 7L\" \/>\n<meta property=\"og:description\" content=\"Des tablettes de M\u00e9sopotamie \u00e0 la photographie num\u00e9rique, des cath\u00e9drales gothiques aux impressionnistes, des g\u00e9nies de la renaissance italienne au si\u00e8cle de Picasso, l&#8217;histoire de l&#8217;Art est d&#8217;une richesse incomparable. D\u00e9couvrez, gr\u00e2ce au Petit Larousse de l&#8217;Histoire de l&#8217;Art, les grandes p\u00e9riodes, les principaux styles et courants esth\u00e9tiques, les courants les plus marquants et les [&hellip;]\" \/>\n<meta property=\"og:url\" content=\"https:\/\/librairie7l.com\/en\/produit\/le-petit-larousse-de-lhistoire-de-lart\/\" \/>\n<meta property=\"og:site_name\" content=\"Librairie 7L\" \/>\n<meta property=\"article:modified_time\" content=\"2026-05-08T03:39:23+00:00\" \/>\n<meta property=\"og:image\" content=\"https:\/\/librairie7l.com\/wp-content\/uploads\/2023\/04\/9782036051201_1_75.jpg\" \/>\n\t<meta property=\"og:image:width\" content=\"600\" \/>\n\t<meta property=\"og:image:height\" content=\"720\" \/>\n\t<meta property=\"og:image:type\" content=\"image\/jpeg\" \/>\n<meta name=\"twitter:card\" content=\"summary_large_image\" \/>\n<meta name=\"twitter:label1\" content=\"Est. reading time\" \/>\n\t<meta name=\"twitter:data1\" content=\"1 minute\" \/>\n<script type=\"application\/ld+json\" class=\"yoast-schema-graph\">{\"@context\":\"https:\/\/schema.org\",\"@graph\":[{\"@type\":\"WebPage\",\"@id\":\"https:\/\/librairie7l.com\/en\/produit\/le-petit-larousse-de-lhistoire-de-lart\/\",\"url\":\"https:\/\/librairie7l.com\/en\/produit\/le-petit-larousse-de-lhistoire-de-lart\/\",\"name\":\"Le petit Larousse de l'Histoire de l'art - Librairie 7L\",\"isPartOf\":{\"@id\":\"https:\/\/librairie7l.com\/en\/#website\"},\"datePublished\":\"2024-06-26T08:35:46+00:00\",\"dateModified\":\"2026-05-08T03:39:23+00:00\",\"breadcrumb\":{\"@id\":\"https:\/\/librairie7l.com\/en\/produit\/le-petit-larousse-de-lhistoire-de-lart\/#breadcrumb\"},\"inLanguage\":\"en-US\",\"potentialAction\":[{\"@type\":\"ReadAction\",\"target\":[\"https:\/\/librairie7l.com\/en\/produit\/le-petit-larousse-de-lhistoire-de-lart\/\"]}]},{\"@type\":\"BreadcrumbList\",\"@id\":\"https:\/\/librairie7l.com\/en\/produit\/le-petit-larousse-de-lhistoire-de-lart\/#breadcrumb\",\"itemListElement\":[{\"@type\":\"ListItem\",\"position\":1,\"name\":\"Accueil\",\"item\":\"https:\/\/librairie7l.com\/en\/\"},{\"@type\":\"ListItem\",\"position\":2,\"name\":\"Shop\",\"item\":\"https:\/\/librairie7l.com\/en\/shop\/\"},{\"@type\":\"ListItem\",\"position\":3,\"name\":\"LE PETIT LAROUSSE DE L&#8217;HISTOIRE DE L&#8217;ART\"}]},{\"@type\":\"WebSite\",\"@id\":\"https:\/\/librairie7l.com\/en\/#website\",\"url\":\"https:\/\/librairie7l.com\/en\/\",\"name\":\"Librairie 7L\",\"description\":\"Librairie fond\u00e9e en 1999 par Karl Lagerfeld \u00e0 Paris\",\"publisher\":{\"@id\":\"https:\/\/librairie7l.com\/en\/#organization\"},\"potentialAction\":[{\"@type\":\"SearchAction\",\"target\":{\"@type\":\"EntryPoint\",\"urlTemplate\":\"https:\/\/librairie7l.com\/en\/?s={search_term_string}\"},\"query-input\":\"required name=search_term_string\"}],\"inLanguage\":\"en-US\"},{\"@type\":\"Organization\",\"@id\":\"https:\/\/librairie7l.com\/en\/#organization\",\"name\":\"Librairie 7L\",\"url\":\"https:\/\/librairie7l.com\/en\/\",\"logo\":{\"@type\":\"ImageObject\",\"inLanguage\":\"en-US\",\"@id\":\"https:\/\/librairie7l.com\/en\/#\/schema\/logo\/image\/\",\"url\":\"https:\/\/librairie7l.com\/wp-content\/uploads\/2022\/08\/logo-1.png\",\"contentUrl\":\"https:\/\/librairie7l.com\/wp-content\/uploads\/2022\/08\/logo-1.png\",\"width\":227,\"height\":301,\"caption\":\"Librairie 7L\"},\"image\":{\"@id\":\"https:\/\/librairie7l.com\/en\/#\/schema\/logo\/image\/\"}}]}<\/script>\n<!-- \/ Yoast SEO plugin. -->","yoast_head_json":{"title":"Le petit Larousse de l'Histoire de l'art - Librairie 7L","robots":{"index":"index","follow":"follow","max-snippet":"max-snippet:-1","max-image-preview":"max-image-preview:large","max-video-preview":"max-video-preview:-1"},"canonical":"https:\/\/librairie7l.com\/en\/produit\/le-petit-larousse-de-lhistoire-de-lart\/","og_locale":"en_US","og_type":"article","og_title":"Le petit Larousse de l'Histoire de l'art - Librairie 7L","og_description":"Des tablettes de M\u00e9sopotamie \u00e0 la photographie num\u00e9rique, des cath\u00e9drales gothiques aux impressionnistes, des g\u00e9nies de la renaissance italienne au si\u00e8cle de Picasso, l&#8217;histoire de l&#8217;Art est d&#8217;une richesse incomparable. D\u00e9couvrez, gr\u00e2ce au Petit Larousse de l&#8217;Histoire de l&#8217;Art, les grandes p\u00e9riodes, les principaux styles et courants esth\u00e9tiques, les courants les plus marquants et les [&hellip;]","og_url":"https:\/\/librairie7l.com\/en\/produit\/le-petit-larousse-de-lhistoire-de-lart\/","og_site_name":"Librairie 7L","article_modified_time":"2026-05-08T03:39:23+00:00","og_image":[{"width":600,"height":720,"url":"https:\/\/librairie7l.com\/wp-content\/uploads\/2023\/04\/9782036051201_1_75.jpg","type":"image\/jpeg"}],"twitter_card":"summary_large_image","twitter_misc":{"Est. reading time":"1 minute"},"schema":{"@context":"https:\/\/schema.org","@graph":[{"@type":"WebPage","@id":"https:\/\/librairie7l.com\/en\/produit\/le-petit-larousse-de-lhistoire-de-lart\/","url":"https:\/\/librairie7l.com\/en\/produit\/le-petit-larousse-de-lhistoire-de-lart\/","name":"Le petit Larousse de l'Histoire de l'art - Librairie 7L","isPartOf":{"@id":"https:\/\/librairie7l.com\/en\/#website"},"datePublished":"2024-06-26T08:35:46+00:00","dateModified":"2026-05-08T03:39:23+00:00","breadcrumb":{"@id":"https:\/\/librairie7l.com\/en\/produit\/le-petit-larousse-de-lhistoire-de-lart\/#breadcrumb"},"inLanguage":"en-US","potentialAction":[{"@type":"ReadAction","target":["https:\/\/librairie7l.com\/en\/produit\/le-petit-larousse-de-lhistoire-de-lart\/"]}]},{"@type":"BreadcrumbList","@id":"https:\/\/librairie7l.com\/en\/produit\/le-petit-larousse-de-lhistoire-de-lart\/#breadcrumb","itemListElement":[{"@type":"ListItem","position":1,"name":"Accueil","item":"https:\/\/librairie7l.com\/en\/"},{"@type":"ListItem","position":2,"name":"Shop","item":"https:\/\/librairie7l.com\/en\/shop\/"},{"@type":"ListItem","position":3,"name":"LE PETIT LAROUSSE DE L&#8217;HISTOIRE DE L&#8217;ART"}]},{"@type":"WebSite","@id":"https:\/\/librairie7l.com\/en\/#website","url":"https:\/\/librairie7l.com\/en\/","name":"Librairie 7L","description":"Librairie fond\u00e9e en 1999 par Karl Lagerfeld \u00e0 Paris","publisher":{"@id":"https:\/\/librairie7l.com\/en\/#organization"},"potentialAction":[{"@type":"SearchAction","target":{"@type":"EntryPoint","urlTemplate":"https:\/\/librairie7l.com\/en\/?s={search_term_string}"},"query-input":"required name=search_term_string"}],"inLanguage":"en-US"},{"@type":"Organization","@id":"https:\/\/librairie7l.com\/en\/#organization","name":"Librairie 7L","url":"https:\/\/librairie7l.com\/en\/","logo":{"@type":"ImageObject","inLanguage":"en-US","@id":"https:\/\/librairie7l.com\/en\/#\/schema\/logo\/image\/","url":"https:\/\/librairie7l.com\/wp-content\/uploads\/2022\/08\/logo-1.png","contentUrl":"https:\/\/librairie7l.com\/wp-content\/uploads\/2022\/08\/logo-1.png","width":227,"height":301,"caption":"Librairie 7L"},"image":{"@id":"https:\/\/librairie7l.com\/en\/#\/schema\/logo\/image\/"}}]}},"_links":{"self":[{"href":"https:\/\/librairie7l.com\/en\/wp-json\/wp\/v2\/product\/38487"}],"collection":[{"href":"https:\/\/librairie7l.com\/en\/wp-json\/wp\/v2\/product"}],"about":[{"href":"https:\/\/librairie7l.com\/en\/wp-json\/wp\/v2\/types\/product"}],"wp:featuredmedia":[{"embeddable":true,"href":"https:\/\/librairie7l.com\/en\/wp-json\/wp\/v2\/media\/38485"}],"wp:attachment":[{"href":"https:\/\/librairie7l.com\/en\/wp-json\/wp\/v2\/media?parent=38487"}],"wp:term":[{"taxonomy":"product_cat","embeddable":true,"href":"https:\/\/librairie7l.com\/en\/wp-json\/wp\/v2\/product_cat?post=38487"},{"taxonomy":"product_tag","embeddable":true,"href":"https:\/\/librairie7l.com\/en\/wp-json\/wp\/v2\/product_tag?post=38487"}],"curies":[{"name":"wp","href":"https:\/\/api.w.org\/{rel}","templated":true}]}}