{"id":38491,"date":"2024-06-26T10:35:54","date_gmt":"2024-06-26T08:35:54","guid":{"rendered":"https:\/\/librairie7l.com\/?post_type=product&#038;p=38491"},"modified":"2026-04-13T04:33:55","modified_gmt":"2026-04-13T02:33:55","slug":"un-siecle-de-mode","status":"publish","type":"product","link":"https:\/\/librairie7l.com\/en\/produit\/un-siecle-de-mode\/","title":{"rendered":"UN SI\u00c8CLE DE MODE"},"content":{"rendered":"<p>Plongez dans l&#8217;univers kal\u00e9idoscopique des grandes Maisons qui ont anim\u00e9 la mode depuis le d\u00e9but du XXe si\u00e8cle.<\/p>\n<p>Revivez leur histoire riche et dense, \u00e0 laquelle s&#8217;ajoutent quantit\u00e9 d&#8217;anecdotes tapies dans les feuillets d&#8217;un livret ou cach\u00e9es au d\u00e9tour d&#8217;une image&#8230;<\/p>\n<p>Jeanne Lanvin, Paul Poiret, Madeleine Vionnet, Coco Chanel, Cristobal Balenciaga, Christian Dior, Jean Patou, Elsa Schiaparelli, Madame Gr\u00e8s, Paco Rabanne, Yves Saint Laurent, Jean Paul Gaultier, Yohji Yamamoto, Christian Lacroix, Alexander McQueen&#8230;<br \/>\nComment sont-ils arriv\u00e9s au sommet ? Quel a \u00e9t\u00e9 leur parcours ? Quels sont leurs mod\u00e8les embl\u00e9matiques, leurs techniques, leurs sources d&#8217;inspiration ?<\/p>\n<p>\u00c0 vous de les d\u00e9couvrir pour mieux vous approprier cette grande histoire de la mode !<\/p>\n","protected":false},"excerpt":{"rendered":"<p>Plongez dans l&#8217;univers kal\u00e9idoscopique des grandes Maisons qui ont anim\u00e9 la mode depuis le d\u00e9but du XXe si\u00e8cle. Revivez leur histoire riche et dense, \u00e0 laquelle s&#8217;ajoutent quantit\u00e9 d&#8217;anecdotes tapies dans les feuillets d&#8217;un livret ou cach\u00e9es au d\u00e9tour d&#8217;une image&#8230; Jeanne Lanvin, Paul Poiret, Madeleine Vionnet, Coco Chanel, Cristobal Balenciaga, Christian Dior, Jean Patou, [&hellip;]<\/p>\n","protected":false},"featured_media":38489,"template":"","meta":[],"product_cat":[2948,2957],"product_tag":[],"acf":[],"yoast_head":"<!-- This site is optimized with the Yoast SEO plugin v20.11 - https:\/\/yoast.com\/wordpress\/plugins\/seo\/ -->\n<title>Un si\u00e8cle de mode - Librairie 7L<\/title>\n<meta name=\"robots\" content=\"index, follow, max-snippet:-1, max-image-preview:large, max-video-preview:-1\" \/>\n<link rel=\"canonical\" href=\"https:\/\/librairie7l.com\/en\/produit\/un-siecle-de-mode\/\" \/>\n<meta property=\"og:locale\" content=\"en_US\" \/>\n<meta property=\"og:type\" content=\"article\" \/>\n<meta property=\"og:title\" content=\"Un si\u00e8cle de mode - Librairie 7L\" \/>\n<meta property=\"og:description\" content=\"Plongez dans l&#8217;univers kal\u00e9idoscopique des grandes Maisons qui ont anim\u00e9 la mode depuis le d\u00e9but du XXe si\u00e8cle. Revivez leur histoire riche et dense, \u00e0 laquelle s&#8217;ajoutent quantit\u00e9 d&#8217;anecdotes tapies dans les feuillets d&#8217;un livret ou cach\u00e9es au d\u00e9tour d&#8217;une image&#8230; Jeanne Lanvin, Paul Poiret, Madeleine Vionnet, Coco Chanel, Cristobal Balenciaga, Christian Dior, Jean Patou, [&hellip;]\" \/>\n<meta property=\"og:url\" content=\"https:\/\/librairie7l.com\/en\/produit\/un-siecle-de-mode\/\" \/>\n<meta property=\"og:site_name\" content=\"Librairie 7L\" \/>\n<meta property=\"article:modified_time\" content=\"2026-04-13T02:33:55+00:00\" \/>\n<meta property=\"og:image\" content=\"https:\/\/librairie7l.com\/wp-content\/uploads\/2022\/06\/9782035958228_1_75.jpg\" \/>\n\t<meta property=\"og:image:width\" content=\"600\" \/>\n\t<meta property=\"og:image:height\" content=\"738\" \/>\n\t<meta property=\"og:image:type\" content=\"image\/jpeg\" \/>\n<meta name=\"twitter:card\" content=\"summary_large_image\" \/>\n<meta name=\"twitter:label1\" content=\"Est. reading time\" \/>\n\t<meta name=\"twitter:data1\" content=\"1 minute\" \/>\n<script type=\"application\/ld+json\" class=\"yoast-schema-graph\">{\"@context\":\"https:\/\/schema.org\",\"@graph\":[{\"@type\":\"WebPage\",\"@id\":\"https:\/\/librairie7l.com\/en\/produit\/un-siecle-de-mode\/\",\"url\":\"https:\/\/librairie7l.com\/en\/produit\/un-siecle-de-mode\/\",\"name\":\"Un si\u00e8cle de mode - Librairie 7L\",\"isPartOf\":{\"@id\":\"https:\/\/librairie7l.com\/en\/#website\"},\"datePublished\":\"2024-06-26T08:35:54+00:00\",\"dateModified\":\"2026-04-13T02:33:55+00:00\",\"breadcrumb\":{\"@id\":\"https:\/\/librairie7l.com\/en\/produit\/un-siecle-de-mode\/#breadcrumb\"},\"inLanguage\":\"en-US\",\"potentialAction\":[{\"@type\":\"ReadAction\",\"target\":[\"https:\/\/librairie7l.com\/en\/produit\/un-siecle-de-mode\/\"]}]},{\"@type\":\"BreadcrumbList\",\"@id\":\"https:\/\/librairie7l.com\/en\/produit\/un-siecle-de-mode\/#breadcrumb\",\"itemListElement\":[{\"@type\":\"ListItem\",\"position\":1,\"name\":\"Accueil\",\"item\":\"https:\/\/librairie7l.com\/en\/\"},{\"@type\":\"ListItem\",\"position\":2,\"name\":\"Shop\",\"item\":\"https:\/\/librairie7l.com\/en\/shop\/\"},{\"@type\":\"ListItem\",\"position\":3,\"name\":\"UN SI\u00c8CLE DE MODE\"}]},{\"@type\":\"WebSite\",\"@id\":\"https:\/\/librairie7l.com\/en\/#website\",\"url\":\"https:\/\/librairie7l.com\/en\/\",\"name\":\"Librairie 7L\",\"description\":\"Librairie fond\u00e9e en 1999 par Karl Lagerfeld \u00e0 Paris\",\"publisher\":{\"@id\":\"https:\/\/librairie7l.com\/en\/#organization\"},\"potentialAction\":[{\"@type\":\"SearchAction\",\"target\":{\"@type\":\"EntryPoint\",\"urlTemplate\":\"https:\/\/librairie7l.com\/en\/?s={search_term_string}\"},\"query-input\":\"required name=search_term_string\"}],\"inLanguage\":\"en-US\"},{\"@type\":\"Organization\",\"@id\":\"https:\/\/librairie7l.com\/en\/#organization\",\"name\":\"Librairie 7L\",\"url\":\"https:\/\/librairie7l.com\/en\/\",\"logo\":{\"@type\":\"ImageObject\",\"inLanguage\":\"en-US\",\"@id\":\"https:\/\/librairie7l.com\/en\/#\/schema\/logo\/image\/\",\"url\":\"https:\/\/librairie7l.com\/wp-content\/uploads\/2022\/08\/logo-1.png\",\"contentUrl\":\"https:\/\/librairie7l.com\/wp-content\/uploads\/2022\/08\/logo-1.png\",\"width\":227,\"height\":301,\"caption\":\"Librairie 7L\"},\"image\":{\"@id\":\"https:\/\/librairie7l.com\/en\/#\/schema\/logo\/image\/\"}}]}<\/script>\n<!-- \/ Yoast SEO plugin. -->","yoast_head_json":{"title":"Un si\u00e8cle de mode - Librairie 7L","robots":{"index":"index","follow":"follow","max-snippet":"max-snippet:-1","max-image-preview":"max-image-preview:large","max-video-preview":"max-video-preview:-1"},"canonical":"https:\/\/librairie7l.com\/en\/produit\/un-siecle-de-mode\/","og_locale":"en_US","og_type":"article","og_title":"Un si\u00e8cle de mode - Librairie 7L","og_description":"Plongez dans l&#8217;univers kal\u00e9idoscopique des grandes Maisons qui ont anim\u00e9 la mode depuis le d\u00e9but du XXe si\u00e8cle. Revivez leur histoire riche et dense, \u00e0 laquelle s&#8217;ajoutent quantit\u00e9 d&#8217;anecdotes tapies dans les feuillets d&#8217;un livret ou cach\u00e9es au d\u00e9tour d&#8217;une image&#8230; Jeanne Lanvin, Paul Poiret, Madeleine Vionnet, Coco Chanel, Cristobal Balenciaga, Christian Dior, Jean Patou, [&hellip;]","og_url":"https:\/\/librairie7l.com\/en\/produit\/un-siecle-de-mode\/","og_site_name":"Librairie 7L","article_modified_time":"2026-04-13T02:33:55+00:00","og_image":[{"width":600,"height":738,"url":"https:\/\/librairie7l.com\/wp-content\/uploads\/2022\/06\/9782035958228_1_75.jpg","type":"image\/jpeg"}],"twitter_card":"summary_large_image","twitter_misc":{"Est. reading time":"1 minute"},"schema":{"@context":"https:\/\/schema.org","@graph":[{"@type":"WebPage","@id":"https:\/\/librairie7l.com\/en\/produit\/un-siecle-de-mode\/","url":"https:\/\/librairie7l.com\/en\/produit\/un-siecle-de-mode\/","name":"Un si\u00e8cle de mode - Librairie 7L","isPartOf":{"@id":"https:\/\/librairie7l.com\/en\/#website"},"datePublished":"2024-06-26T08:35:54+00:00","dateModified":"2026-04-13T02:33:55+00:00","breadcrumb":{"@id":"https:\/\/librairie7l.com\/en\/produit\/un-siecle-de-mode\/#breadcrumb"},"inLanguage":"en-US","potentialAction":[{"@type":"ReadAction","target":["https:\/\/librairie7l.com\/en\/produit\/un-siecle-de-mode\/"]}]},{"@type":"BreadcrumbList","@id":"https:\/\/librairie7l.com\/en\/produit\/un-siecle-de-mode\/#breadcrumb","itemListElement":[{"@type":"ListItem","position":1,"name":"Accueil","item":"https:\/\/librairie7l.com\/en\/"},{"@type":"ListItem","position":2,"name":"Shop","item":"https:\/\/librairie7l.com\/en\/shop\/"},{"@type":"ListItem","position":3,"name":"UN SI\u00c8CLE DE MODE"}]},{"@type":"WebSite","@id":"https:\/\/librairie7l.com\/en\/#website","url":"https:\/\/librairie7l.com\/en\/","name":"Librairie 7L","description":"Librairie fond\u00e9e en 1999 par Karl Lagerfeld \u00e0 Paris","publisher":{"@id":"https:\/\/librairie7l.com\/en\/#organization"},"potentialAction":[{"@type":"SearchAction","target":{"@type":"EntryPoint","urlTemplate":"https:\/\/librairie7l.com\/en\/?s={search_term_string}"},"query-input":"required name=search_term_string"}],"inLanguage":"en-US"},{"@type":"Organization","@id":"https:\/\/librairie7l.com\/en\/#organization","name":"Librairie 7L","url":"https:\/\/librairie7l.com\/en\/","logo":{"@type":"ImageObject","inLanguage":"en-US","@id":"https:\/\/librairie7l.com\/en\/#\/schema\/logo\/image\/","url":"https:\/\/librairie7l.com\/wp-content\/uploads\/2022\/08\/logo-1.png","contentUrl":"https:\/\/librairie7l.com\/wp-content\/uploads\/2022\/08\/logo-1.png","width":227,"height":301,"caption":"Librairie 7L"},"image":{"@id":"https:\/\/librairie7l.com\/en\/#\/schema\/logo\/image\/"}}]}},"_links":{"self":[{"href":"https:\/\/librairie7l.com\/en\/wp-json\/wp\/v2\/product\/38491"}],"collection":[{"href":"https:\/\/librairie7l.com\/en\/wp-json\/wp\/v2\/product"}],"about":[{"href":"https:\/\/librairie7l.com\/en\/wp-json\/wp\/v2\/types\/product"}],"wp:featuredmedia":[{"embeddable":true,"href":"https:\/\/librairie7l.com\/en\/wp-json\/wp\/v2\/media\/38489"}],"wp:attachment":[{"href":"https:\/\/librairie7l.com\/en\/wp-json\/wp\/v2\/media?parent=38491"}],"wp:term":[{"taxonomy":"product_cat","embeddable":true,"href":"https:\/\/librairie7l.com\/en\/wp-json\/wp\/v2\/product_cat?post=38491"},{"taxonomy":"product_tag","embeddable":true,"href":"https:\/\/librairie7l.com\/en\/wp-json\/wp\/v2\/product_tag?post=38491"}],"curies":[{"name":"wp","href":"https:\/\/api.w.org\/{rel}","templated":true}]}}