{"id":38495,"date":"2024-06-26T10:36:36","date_gmt":"2024-06-26T08:36:36","guid":{"rendered":"https:\/\/librairie7l.com\/?post_type=product&#038;p=38495"},"modified":"2026-04-12T13:05:52","modified_gmt":"2026-04-12T11:05:52","slug":"animaux-fantastiques-du-merveilleux-dans-lart","status":"publish","type":"product","link":"https:\/\/librairie7l.com\/en\/produit\/animaux-fantastiques-du-merveilleux-dans-lart\/","title":{"rendered":"ANIMAUX FANTASTIQUES : DU MERVEILLEUX DANS L&#8217;ART"},"content":{"rendered":"<p>Les animaux fantastiques tiennent une place discr\u00e8te mais constante dans nos imaginaires contemporains, comme en t\u00e9moigne leur pr\u00e9sence dans des oeuvres aussi diff\u00e9rentes que Harry Potter ou Game of Thrones. Leur nature hybride et leur apparence monstrueuse provoquent fascination et r\u00e9pulsion, mais, contrairement aux monstres humano\u00efdes, ils sont consid\u00e9r\u00e9s comme des cr\u00e9atures que l&#8217;homme peut dompter, voire domestiquer.<br \/>\nCette exposition interroge l&#8217;origine et les fonctions de ces cr\u00e9atures ambigu\u00ebs, tour \u00e0 tour images de la terreur et de l&#8217;attirance qu&#8217;inspire le divin, le transcendant et l&#8217;inconnu, ou expression de notre inconscient camoufl\u00e9, incarnations de nos angoisses ou de notre nostalgie pour le merveilleux.<br \/>\nCette exposition montrera les aventures et tribulations de figures iconiques comme le sphinx, le dragon, le griffon, la licorne, ou le ph\u00e9nix dans une approche transculturelle (et transm\u00e9diatique), \u00e0 travers oeuvres et objets d&#8217;art, architecture, litt\u00e9rature, musique et cin\u00e9ma. Le but est de donner \u00e0 un large public de nouvelles clefs de compr\u00e9hension sur des figures mythiques, voire l\u00e9gendaires, dont les origines sont souvent ignor\u00e9es.<\/p>\n","protected":false},"excerpt":{"rendered":"<p>Les animaux fantastiques tiennent une place discr\u00e8te mais constante dans nos imaginaires contemporains, comme en t\u00e9moigne leur pr\u00e9sence dans des oeuvres aussi diff\u00e9rentes que Harry Potter ou Game of Thrones. Leur nature hybride et leur apparence monstrueuse provoquent fascination et r\u00e9pulsion, mais, contrairement aux monstres humano\u00efdes, ils sont consid\u00e9r\u00e9s comme des cr\u00e9atures que l&#8217;homme peut [&hellip;]<\/p>\n","protected":false},"featured_media":38493,"template":"","meta":[],"product_cat":[2948,2953],"product_tag":[],"acf":[],"yoast_head":"<!-- This site is optimized with the Yoast SEO plugin v20.11 - https:\/\/yoast.com\/wordpress\/plugins\/seo\/ -->\n<title>Animaux fantastiques : du merveilleux dans l&#039;art - Librairie 7L<\/title>\n<meta name=\"robots\" content=\"index, follow, max-snippet:-1, max-image-preview:large, max-video-preview:-1\" \/>\n<link rel=\"canonical\" href=\"https:\/\/librairie7l.com\/en\/produit\/animaux-fantastiques-du-merveilleux-dans-lart\/\" \/>\n<meta property=\"og:locale\" content=\"en_US\" \/>\n<meta property=\"og:type\" content=\"article\" \/>\n<meta property=\"og:title\" content=\"Animaux fantastiques : du merveilleux dans l&#039;art - Librairie 7L\" \/>\n<meta property=\"og:description\" content=\"Les animaux fantastiques tiennent une place discr\u00e8te mais constante dans nos imaginaires contemporains, comme en t\u00e9moigne leur pr\u00e9sence dans des oeuvres aussi diff\u00e9rentes que Harry Potter ou Game of Thrones. Leur nature hybride et leur apparence monstrueuse provoquent fascination et r\u00e9pulsion, mais, contrairement aux monstres humano\u00efdes, ils sont consid\u00e9r\u00e9s comme des cr\u00e9atures que l&#8217;homme peut [&hellip;]\" \/>\n<meta property=\"og:url\" content=\"https:\/\/librairie7l.com\/en\/produit\/animaux-fantastiques-du-merveilleux-dans-lart\/\" \/>\n<meta property=\"og:site_name\" content=\"Librairie 7L\" \/>\n<meta property=\"article:modified_time\" content=\"2026-04-12T11:05:52+00:00\" \/>\n<meta property=\"og:image\" content=\"https:\/\/librairie7l.com\/wp-content\/uploads\/2023\/06\/9789461617873_1_75.jpg\" \/>\n\t<meta property=\"og:image:width\" content=\"600\" \/>\n\t<meta property=\"og:image:height\" content=\"737\" \/>\n\t<meta property=\"og:image:type\" content=\"image\/jpeg\" \/>\n<meta name=\"twitter:card\" content=\"summary_large_image\" \/>\n<meta name=\"twitter:label1\" content=\"Est. reading time\" \/>\n\t<meta name=\"twitter:data1\" content=\"1 minute\" \/>\n<script type=\"application\/ld+json\" class=\"yoast-schema-graph\">{\"@context\":\"https:\/\/schema.org\",\"@graph\":[{\"@type\":\"WebPage\",\"@id\":\"https:\/\/librairie7l.com\/en\/produit\/animaux-fantastiques-du-merveilleux-dans-lart\/\",\"url\":\"https:\/\/librairie7l.com\/en\/produit\/animaux-fantastiques-du-merveilleux-dans-lart\/\",\"name\":\"Animaux fantastiques : du merveilleux dans l'art - Librairie 7L\",\"isPartOf\":{\"@id\":\"https:\/\/librairie7l.com\/en\/#website\"},\"datePublished\":\"2024-06-26T08:36:36+00:00\",\"dateModified\":\"2026-04-12T11:05:52+00:00\",\"breadcrumb\":{\"@id\":\"https:\/\/librairie7l.com\/en\/produit\/animaux-fantastiques-du-merveilleux-dans-lart\/#breadcrumb\"},\"inLanguage\":\"en-US\",\"potentialAction\":[{\"@type\":\"ReadAction\",\"target\":[\"https:\/\/librairie7l.com\/en\/produit\/animaux-fantastiques-du-merveilleux-dans-lart\/\"]}]},{\"@type\":\"BreadcrumbList\",\"@id\":\"https:\/\/librairie7l.com\/en\/produit\/animaux-fantastiques-du-merveilleux-dans-lart\/#breadcrumb\",\"itemListElement\":[{\"@type\":\"ListItem\",\"position\":1,\"name\":\"Accueil\",\"item\":\"https:\/\/librairie7l.com\/en\/\"},{\"@type\":\"ListItem\",\"position\":2,\"name\":\"Shop\",\"item\":\"https:\/\/librairie7l.com\/en\/shop\/\"},{\"@type\":\"ListItem\",\"position\":3,\"name\":\"ANIMAUX FANTASTIQUES : DU MERVEILLEUX DANS L&#8217;ART\"}]},{\"@type\":\"WebSite\",\"@id\":\"https:\/\/librairie7l.com\/en\/#website\",\"url\":\"https:\/\/librairie7l.com\/en\/\",\"name\":\"Librairie 7L\",\"description\":\"Librairie fond\u00e9e en 1999 par Karl Lagerfeld \u00e0 Paris\",\"publisher\":{\"@id\":\"https:\/\/librairie7l.com\/en\/#organization\"},\"potentialAction\":[{\"@type\":\"SearchAction\",\"target\":{\"@type\":\"EntryPoint\",\"urlTemplate\":\"https:\/\/librairie7l.com\/en\/?s={search_term_string}\"},\"query-input\":\"required name=search_term_string\"}],\"inLanguage\":\"en-US\"},{\"@type\":\"Organization\",\"@id\":\"https:\/\/librairie7l.com\/en\/#organization\",\"name\":\"Librairie 7L\",\"url\":\"https:\/\/librairie7l.com\/en\/\",\"logo\":{\"@type\":\"ImageObject\",\"inLanguage\":\"en-US\",\"@id\":\"https:\/\/librairie7l.com\/en\/#\/schema\/logo\/image\/\",\"url\":\"https:\/\/librairie7l.com\/wp-content\/uploads\/2022\/08\/logo-1.png\",\"contentUrl\":\"https:\/\/librairie7l.com\/wp-content\/uploads\/2022\/08\/logo-1.png\",\"width\":227,\"height\":301,\"caption\":\"Librairie 7L\"},\"image\":{\"@id\":\"https:\/\/librairie7l.com\/en\/#\/schema\/logo\/image\/\"}}]}<\/script>\n<!-- \/ Yoast SEO plugin. -->","yoast_head_json":{"title":"Animaux fantastiques : du merveilleux dans l'art - Librairie 7L","robots":{"index":"index","follow":"follow","max-snippet":"max-snippet:-1","max-image-preview":"max-image-preview:large","max-video-preview":"max-video-preview:-1"},"canonical":"https:\/\/librairie7l.com\/en\/produit\/animaux-fantastiques-du-merveilleux-dans-lart\/","og_locale":"en_US","og_type":"article","og_title":"Animaux fantastiques : du merveilleux dans l'art - Librairie 7L","og_description":"Les animaux fantastiques tiennent une place discr\u00e8te mais constante dans nos imaginaires contemporains, comme en t\u00e9moigne leur pr\u00e9sence dans des oeuvres aussi diff\u00e9rentes que Harry Potter ou Game of Thrones. Leur nature hybride et leur apparence monstrueuse provoquent fascination et r\u00e9pulsion, mais, contrairement aux monstres humano\u00efdes, ils sont consid\u00e9r\u00e9s comme des cr\u00e9atures que l&#8217;homme peut [&hellip;]","og_url":"https:\/\/librairie7l.com\/en\/produit\/animaux-fantastiques-du-merveilleux-dans-lart\/","og_site_name":"Librairie 7L","article_modified_time":"2026-04-12T11:05:52+00:00","og_image":[{"width":600,"height":737,"url":"https:\/\/librairie7l.com\/wp-content\/uploads\/2023\/06\/9789461617873_1_75.jpg","type":"image\/jpeg"}],"twitter_card":"summary_large_image","twitter_misc":{"Est. reading time":"1 minute"},"schema":{"@context":"https:\/\/schema.org","@graph":[{"@type":"WebPage","@id":"https:\/\/librairie7l.com\/en\/produit\/animaux-fantastiques-du-merveilleux-dans-lart\/","url":"https:\/\/librairie7l.com\/en\/produit\/animaux-fantastiques-du-merveilleux-dans-lart\/","name":"Animaux fantastiques : du merveilleux dans l'art - Librairie 7L","isPartOf":{"@id":"https:\/\/librairie7l.com\/en\/#website"},"datePublished":"2024-06-26T08:36:36+00:00","dateModified":"2026-04-12T11:05:52+00:00","breadcrumb":{"@id":"https:\/\/librairie7l.com\/en\/produit\/animaux-fantastiques-du-merveilleux-dans-lart\/#breadcrumb"},"inLanguage":"en-US","potentialAction":[{"@type":"ReadAction","target":["https:\/\/librairie7l.com\/en\/produit\/animaux-fantastiques-du-merveilleux-dans-lart\/"]}]},{"@type":"BreadcrumbList","@id":"https:\/\/librairie7l.com\/en\/produit\/animaux-fantastiques-du-merveilleux-dans-lart\/#breadcrumb","itemListElement":[{"@type":"ListItem","position":1,"name":"Accueil","item":"https:\/\/librairie7l.com\/en\/"},{"@type":"ListItem","position":2,"name":"Shop","item":"https:\/\/librairie7l.com\/en\/shop\/"},{"@type":"ListItem","position":3,"name":"ANIMAUX FANTASTIQUES : DU MERVEILLEUX DANS L&#8217;ART"}]},{"@type":"WebSite","@id":"https:\/\/librairie7l.com\/en\/#website","url":"https:\/\/librairie7l.com\/en\/","name":"Librairie 7L","description":"Librairie fond\u00e9e en 1999 par Karl Lagerfeld \u00e0 Paris","publisher":{"@id":"https:\/\/librairie7l.com\/en\/#organization"},"potentialAction":[{"@type":"SearchAction","target":{"@type":"EntryPoint","urlTemplate":"https:\/\/librairie7l.com\/en\/?s={search_term_string}"},"query-input":"required name=search_term_string"}],"inLanguage":"en-US"},{"@type":"Organization","@id":"https:\/\/librairie7l.com\/en\/#organization","name":"Librairie 7L","url":"https:\/\/librairie7l.com\/en\/","logo":{"@type":"ImageObject","inLanguage":"en-US","@id":"https:\/\/librairie7l.com\/en\/#\/schema\/logo\/image\/","url":"https:\/\/librairie7l.com\/wp-content\/uploads\/2022\/08\/logo-1.png","contentUrl":"https:\/\/librairie7l.com\/wp-content\/uploads\/2022\/08\/logo-1.png","width":227,"height":301,"caption":"Librairie 7L"},"image":{"@id":"https:\/\/librairie7l.com\/en\/#\/schema\/logo\/image\/"}}]}},"_links":{"self":[{"href":"https:\/\/librairie7l.com\/en\/wp-json\/wp\/v2\/product\/38495"}],"collection":[{"href":"https:\/\/librairie7l.com\/en\/wp-json\/wp\/v2\/product"}],"about":[{"href":"https:\/\/librairie7l.com\/en\/wp-json\/wp\/v2\/types\/product"}],"wp:featuredmedia":[{"embeddable":true,"href":"https:\/\/librairie7l.com\/en\/wp-json\/wp\/v2\/media\/38493"}],"wp:attachment":[{"href":"https:\/\/librairie7l.com\/en\/wp-json\/wp\/v2\/media?parent=38495"}],"wp:term":[{"taxonomy":"product_cat","embeddable":true,"href":"https:\/\/librairie7l.com\/en\/wp-json\/wp\/v2\/product_cat?post=38495"},{"taxonomy":"product_tag","embeddable":true,"href":"https:\/\/librairie7l.com\/en\/wp-json\/wp\/v2\/product_tag?post=38495"}],"curies":[{"name":"wp","href":"https:\/\/api.w.org\/{rel}","templated":true}]}}