{"id":38499,"date":"2024-02-09T09:40:22","date_gmt":"2024-02-09T08:40:22","guid":{"rendered":"https:\/\/librairie7l.com\/?post_type=product&#038;p=38499"},"modified":"2026-04-27T03:51:13","modified_gmt":"2026-04-27T01:51:13","slug":"geopolitique-de-la-mode-vers-de-nouveaux-modeles","status":"publish","type":"product","link":"https:\/\/librairie7l.com\/en\/produit\/geopolitique-de-la-mode-vers-de-nouveaux-modeles\/","title":{"rendered":"G\u00c9OPOLITIQUE DE LA MODE : VERS DE NOUVEAUX MOD\u00c8LES ?"},"content":{"rendered":"<p>De tout temps, la mode a travers\u00e9 les fronti\u00e8res au gr\u00e9 des marchands et des explorateurs qui rapportent tissus, teintures, techniques de tissage, etc. Mais c&#8217;est au XXe si\u00e8cle que sa g\u00e9ographie se structure, autour de Paris d&#8217;abord, puis de Milan, Londres et New York qui se livrent une concurrence acharn\u00e9e, r\u00e9v\u00e9latrice du r\u00f4le majeur de la mode dans le rayonnement de ces pays.<br \/>\nAu tournant du XXIe si\u00e8cle, l&#8217;apparition conjugu\u00e9e des m\u00e9dias num\u00e9riques et de la fast fashion engage une mutation compl\u00e8te : de nouveaux leaders, su\u00e9dois, espagnol et chinois, rebattent les cartes de la production et de la consommation, tandis que nouveaux m\u00e9dias et r\u00e9seaux sociaux en transforment radicalement la diffusion. Dans le m\u00eame temps, la client\u00e8le se modifie, bouleversant les mani\u00e8res de cr\u00e9er, de communiquer et de vendre.<br \/>\nSophie Kurkdjian analyse ces diff\u00e9rentes \u00e9volutions pass\u00e9es et pr\u00e9sentes de la mode, devenue ph\u00e9nom\u00e8ne global qui, au-del\u00e0 de sa qu\u00eate de cr\u00e9ativit\u00e9 et d&#8217;innovation, doit repenser tout son syst\u00e8me. Rattrap\u00e9e par la surproduction et la surconsommation, la mode se trouve aujourd&#8217;hui aux prises avec des d\u00e9fis sociaux et environnementaux qui conditionnent son avenir.<\/p>\n","protected":false},"excerpt":{"rendered":"<p>De tout temps, la mode a travers\u00e9 les fronti\u00e8res au gr\u00e9 des marchands et des explorateurs qui rapportent tissus, teintures, techniques de tissage, etc. Mais c&#8217;est au XXe si\u00e8cle que sa g\u00e9ographie se structure, autour de Paris d&#8217;abord, puis de Milan, Londres et New York qui se livrent une concurrence acharn\u00e9e, r\u00e9v\u00e9latrice du r\u00f4le majeur [&hellip;]<\/p>\n","protected":false},"featured_media":38497,"template":"","meta":[],"product_cat":[2948,2957],"product_tag":[],"acf":[],"yoast_head":"<!-- This site is optimized with the Yoast SEO plugin v20.11 - https:\/\/yoast.com\/wordpress\/plugins\/seo\/ -->\n<title>G\u00e9opolitique de la mode : Vers de nouveaux mod\u00e8les ? - Librairie 7L<\/title>\n<meta name=\"robots\" content=\"index, follow, max-snippet:-1, max-image-preview:large, max-video-preview:-1\" \/>\n<link rel=\"canonical\" href=\"https:\/\/librairie7l.com\/en\/produit\/geopolitique-de-la-mode-vers-de-nouveaux-modeles\/\" \/>\n<meta property=\"og:locale\" content=\"en_US\" \/>\n<meta property=\"og:type\" content=\"article\" \/>\n<meta property=\"og:title\" content=\"G\u00e9opolitique de la mode : Vers de nouveaux mod\u00e8les ? - Librairie 7L\" \/>\n<meta property=\"og:description\" content=\"De tout temps, la mode a travers\u00e9 les fronti\u00e8res au gr\u00e9 des marchands et des explorateurs qui rapportent tissus, teintures, techniques de tissage, etc. Mais c&#8217;est au XXe si\u00e8cle que sa g\u00e9ographie se structure, autour de Paris d&#8217;abord, puis de Milan, Londres et New York qui se livrent une concurrence acharn\u00e9e, r\u00e9v\u00e9latrice du r\u00f4le majeur [&hellip;]\" \/>\n<meta property=\"og:url\" content=\"https:\/\/librairie7l.com\/en\/produit\/geopolitique-de-la-mode-vers-de-nouveaux-modeles\/\" \/>\n<meta property=\"og:site_name\" content=\"Librairie 7L\" \/>\n<meta property=\"article:modified_time\" content=\"2026-04-27T01:51:13+00:00\" \/>\n<meta property=\"og:image\" content=\"https:\/\/librairie7l.com\/wp-content\/uploads\/2023\/08\/9791031806525_1_75.jpg\" \/>\n\t<meta property=\"og:image:width\" content=\"600\" \/>\n\t<meta property=\"og:image:height\" content=\"1012\" \/>\n\t<meta property=\"og:image:type\" content=\"image\/jpeg\" \/>\n<meta name=\"twitter:card\" content=\"summary_large_image\" \/>\n<meta name=\"twitter:label1\" content=\"Est. reading time\" \/>\n\t<meta name=\"twitter:data1\" content=\"1 minute\" \/>\n<script type=\"application\/ld+json\" class=\"yoast-schema-graph\">{\"@context\":\"https:\/\/schema.org\",\"@graph\":[{\"@type\":\"WebPage\",\"@id\":\"https:\/\/librairie7l.com\/en\/produit\/geopolitique-de-la-mode-vers-de-nouveaux-modeles\/\",\"url\":\"https:\/\/librairie7l.com\/en\/produit\/geopolitique-de-la-mode-vers-de-nouveaux-modeles\/\",\"name\":\"G\u00e9opolitique de la mode : Vers de nouveaux mod\u00e8les ? - Librairie 7L\",\"isPartOf\":{\"@id\":\"https:\/\/librairie7l.com\/en\/#website\"},\"datePublished\":\"2024-02-09T08:40:22+00:00\",\"dateModified\":\"2026-04-27T01:51:13+00:00\",\"breadcrumb\":{\"@id\":\"https:\/\/librairie7l.com\/en\/produit\/geopolitique-de-la-mode-vers-de-nouveaux-modeles\/#breadcrumb\"},\"inLanguage\":\"en-US\",\"potentialAction\":[{\"@type\":\"ReadAction\",\"target\":[\"https:\/\/librairie7l.com\/en\/produit\/geopolitique-de-la-mode-vers-de-nouveaux-modeles\/\"]}]},{\"@type\":\"BreadcrumbList\",\"@id\":\"https:\/\/librairie7l.com\/en\/produit\/geopolitique-de-la-mode-vers-de-nouveaux-modeles\/#breadcrumb\",\"itemListElement\":[{\"@type\":\"ListItem\",\"position\":1,\"name\":\"Accueil\",\"item\":\"https:\/\/librairie7l.com\/en\/\"},{\"@type\":\"ListItem\",\"position\":2,\"name\":\"Shop\",\"item\":\"https:\/\/librairie7l.com\/en\/shop\/\"},{\"@type\":\"ListItem\",\"position\":3,\"name\":\"G\u00c9OPOLITIQUE DE LA MODE : VERS DE NOUVEAUX MOD\u00c8LES ?\"}]},{\"@type\":\"WebSite\",\"@id\":\"https:\/\/librairie7l.com\/en\/#website\",\"url\":\"https:\/\/librairie7l.com\/en\/\",\"name\":\"Librairie 7L\",\"description\":\"Librairie fond\u00e9e en 1999 par Karl Lagerfeld \u00e0 Paris\",\"publisher\":{\"@id\":\"https:\/\/librairie7l.com\/en\/#organization\"},\"potentialAction\":[{\"@type\":\"SearchAction\",\"target\":{\"@type\":\"EntryPoint\",\"urlTemplate\":\"https:\/\/librairie7l.com\/en\/?s={search_term_string}\"},\"query-input\":\"required name=search_term_string\"}],\"inLanguage\":\"en-US\"},{\"@type\":\"Organization\",\"@id\":\"https:\/\/librairie7l.com\/en\/#organization\",\"name\":\"Librairie 7L\",\"url\":\"https:\/\/librairie7l.com\/en\/\",\"logo\":{\"@type\":\"ImageObject\",\"inLanguage\":\"en-US\",\"@id\":\"https:\/\/librairie7l.com\/en\/#\/schema\/logo\/image\/\",\"url\":\"https:\/\/librairie7l.com\/wp-content\/uploads\/2022\/08\/logo-1.png\",\"contentUrl\":\"https:\/\/librairie7l.com\/wp-content\/uploads\/2022\/08\/logo-1.png\",\"width\":227,\"height\":301,\"caption\":\"Librairie 7L\"},\"image\":{\"@id\":\"https:\/\/librairie7l.com\/en\/#\/schema\/logo\/image\/\"}}]}<\/script>\n<!-- \/ Yoast SEO plugin. -->","yoast_head_json":{"title":"G\u00e9opolitique de la mode : Vers de nouveaux mod\u00e8les ? - Librairie 7L","robots":{"index":"index","follow":"follow","max-snippet":"max-snippet:-1","max-image-preview":"max-image-preview:large","max-video-preview":"max-video-preview:-1"},"canonical":"https:\/\/librairie7l.com\/en\/produit\/geopolitique-de-la-mode-vers-de-nouveaux-modeles\/","og_locale":"en_US","og_type":"article","og_title":"G\u00e9opolitique de la mode : Vers de nouveaux mod\u00e8les ? - Librairie 7L","og_description":"De tout temps, la mode a travers\u00e9 les fronti\u00e8res au gr\u00e9 des marchands et des explorateurs qui rapportent tissus, teintures, techniques de tissage, etc. Mais c&#8217;est au XXe si\u00e8cle que sa g\u00e9ographie se structure, autour de Paris d&#8217;abord, puis de Milan, Londres et New York qui se livrent une concurrence acharn\u00e9e, r\u00e9v\u00e9latrice du r\u00f4le majeur [&hellip;]","og_url":"https:\/\/librairie7l.com\/en\/produit\/geopolitique-de-la-mode-vers-de-nouveaux-modeles\/","og_site_name":"Librairie 7L","article_modified_time":"2026-04-27T01:51:13+00:00","og_image":[{"width":600,"height":1012,"url":"https:\/\/librairie7l.com\/wp-content\/uploads\/2023\/08\/9791031806525_1_75.jpg","type":"image\/jpeg"}],"twitter_card":"summary_large_image","twitter_misc":{"Est. reading time":"1 minute"},"schema":{"@context":"https:\/\/schema.org","@graph":[{"@type":"WebPage","@id":"https:\/\/librairie7l.com\/en\/produit\/geopolitique-de-la-mode-vers-de-nouveaux-modeles\/","url":"https:\/\/librairie7l.com\/en\/produit\/geopolitique-de-la-mode-vers-de-nouveaux-modeles\/","name":"G\u00e9opolitique de la mode : Vers de nouveaux mod\u00e8les ? - Librairie 7L","isPartOf":{"@id":"https:\/\/librairie7l.com\/en\/#website"},"datePublished":"2024-02-09T08:40:22+00:00","dateModified":"2026-04-27T01:51:13+00:00","breadcrumb":{"@id":"https:\/\/librairie7l.com\/en\/produit\/geopolitique-de-la-mode-vers-de-nouveaux-modeles\/#breadcrumb"},"inLanguage":"en-US","potentialAction":[{"@type":"ReadAction","target":["https:\/\/librairie7l.com\/en\/produit\/geopolitique-de-la-mode-vers-de-nouveaux-modeles\/"]}]},{"@type":"BreadcrumbList","@id":"https:\/\/librairie7l.com\/en\/produit\/geopolitique-de-la-mode-vers-de-nouveaux-modeles\/#breadcrumb","itemListElement":[{"@type":"ListItem","position":1,"name":"Accueil","item":"https:\/\/librairie7l.com\/en\/"},{"@type":"ListItem","position":2,"name":"Shop","item":"https:\/\/librairie7l.com\/en\/shop\/"},{"@type":"ListItem","position":3,"name":"G\u00c9OPOLITIQUE DE LA MODE : VERS DE NOUVEAUX MOD\u00c8LES ?"}]},{"@type":"WebSite","@id":"https:\/\/librairie7l.com\/en\/#website","url":"https:\/\/librairie7l.com\/en\/","name":"Librairie 7L","description":"Librairie fond\u00e9e en 1999 par Karl Lagerfeld \u00e0 Paris","publisher":{"@id":"https:\/\/librairie7l.com\/en\/#organization"},"potentialAction":[{"@type":"SearchAction","target":{"@type":"EntryPoint","urlTemplate":"https:\/\/librairie7l.com\/en\/?s={search_term_string}"},"query-input":"required name=search_term_string"}],"inLanguage":"en-US"},{"@type":"Organization","@id":"https:\/\/librairie7l.com\/en\/#organization","name":"Librairie 7L","url":"https:\/\/librairie7l.com\/en\/","logo":{"@type":"ImageObject","inLanguage":"en-US","@id":"https:\/\/librairie7l.com\/en\/#\/schema\/logo\/image\/","url":"https:\/\/librairie7l.com\/wp-content\/uploads\/2022\/08\/logo-1.png","contentUrl":"https:\/\/librairie7l.com\/wp-content\/uploads\/2022\/08\/logo-1.png","width":227,"height":301,"caption":"Librairie 7L"},"image":{"@id":"https:\/\/librairie7l.com\/en\/#\/schema\/logo\/image\/"}}]}},"_links":{"self":[{"href":"https:\/\/librairie7l.com\/en\/wp-json\/wp\/v2\/product\/38499"}],"collection":[{"href":"https:\/\/librairie7l.com\/en\/wp-json\/wp\/v2\/product"}],"about":[{"href":"https:\/\/librairie7l.com\/en\/wp-json\/wp\/v2\/types\/product"}],"wp:featuredmedia":[{"embeddable":true,"href":"https:\/\/librairie7l.com\/en\/wp-json\/wp\/v2\/media\/38497"}],"wp:attachment":[{"href":"https:\/\/librairie7l.com\/en\/wp-json\/wp\/v2\/media?parent=38499"}],"wp:term":[{"taxonomy":"product_cat","embeddable":true,"href":"https:\/\/librairie7l.com\/en\/wp-json\/wp\/v2\/product_cat?post=38499"},{"taxonomy":"product_tag","embeddable":true,"href":"https:\/\/librairie7l.com\/en\/wp-json\/wp\/v2\/product_tag?post=38499"}],"curies":[{"name":"wp","href":"https:\/\/api.w.org\/{rel}","templated":true}]}}