{"id":38503,"date":"2024-06-26T10:35:52","date_gmt":"2024-06-26T08:35:52","guid":{"rendered":"https:\/\/librairie7l.com\/?post_type=product&#038;p=38503"},"modified":"2026-04-13T02:27:16","modified_gmt":"2026-04-13T00:27:16","slug":"histoire-du-costume-en-occident","status":"publish","type":"product","link":"https:\/\/librairie7l.com\/en\/produit\/histoire-du-costume-en-occident\/","title":{"rendered":"HISTOIRE DU COSTUME EN OCCIDENT"},"content":{"rendered":"<p>De la rude v\u00eature pr\u00e9historique \u00e0 l&#8217;harmonie \u00e9tudi\u00e9e du costume antique, de l&#8217;habillement grave du Moyen \u00c2ge aux modes recherch\u00e9es et fantaisistes du v\u00eatement des temps modernes, cet ouvrage n&#8217;est pas une \u00e9ni\u00e8me histoire du v\u00eatement mais plut\u00f4t une analyse transversale de ce ph\u00e9nom\u00e8ne complexe qu&#8217;est le costume, de ses donn\u00e9es mat\u00e9rielles \u00e0 ses motivations psychologiques. Dressant un panorama vaste et complet, les auteurs s&#8217;emploient \u00e0 explorer les sources historiographiques, la question de la fabrication, l&#8217;\u00e9volution des formes du v\u00eatement en liaison avec l&#8217;histoire des moeurs, sa fonction en tant que signe social ainsi que son r\u00f4le taxinomique entre \u00e2ges, classes, fonctions, profession ou activit\u00e9 particuli\u00e8re ainsi que son statut en tant que reflet de l&#8217;expression personnelle de l&#8217;individu.En partant du rapprochement de l&#8217;iconographie et des sources textuelles, cet ouvrage devient l&#8217;outil indispensable pour tous ceux souhaitant avoir une connaissance exacte et pr\u00e9cise du sujet.<\/p>\n","protected":false},"excerpt":{"rendered":"<p>De la rude v\u00eature pr\u00e9historique \u00e0 l&#8217;harmonie \u00e9tudi\u00e9e du costume antique, de l&#8217;habillement grave du Moyen \u00c2ge aux modes recherch\u00e9es et fantaisistes du v\u00eatement des temps modernes, cet ouvrage n&#8217;est pas une \u00e9ni\u00e8me histoire du v\u00eatement mais plut\u00f4t une analyse transversale de ce ph\u00e9nom\u00e8ne complexe qu&#8217;est le costume, de ses donn\u00e9es mat\u00e9rielles \u00e0 ses motivations [&hellip;]<\/p>\n","protected":false},"featured_media":38501,"template":"","meta":[],"product_cat":[2948,2957],"product_tag":[],"acf":[],"yoast_head":"<!-- This site is optimized with the Yoast SEO plugin v20.11 - https:\/\/yoast.com\/wordpress\/plugins\/seo\/ -->\n<title>Histoire du costume en Occident - Librairie 7L<\/title>\n<meta name=\"robots\" content=\"index, follow, max-snippet:-1, max-image-preview:large, max-video-preview:-1\" \/>\n<link rel=\"canonical\" href=\"https:\/\/librairie7l.com\/en\/produit\/histoire-du-costume-en-occident\/\" \/>\n<meta property=\"og:locale\" content=\"en_US\" \/>\n<meta property=\"og:type\" content=\"article\" \/>\n<meta property=\"og:title\" content=\"Histoire du costume en Occident - Librairie 7L\" \/>\n<meta property=\"og:description\" content=\"De la rude v\u00eature pr\u00e9historique \u00e0 l&#8217;harmonie \u00e9tudi\u00e9e du costume antique, de l&#8217;habillement grave du Moyen \u00c2ge aux modes recherch\u00e9es et fantaisistes du v\u00eatement des temps modernes, cet ouvrage n&#8217;est pas une \u00e9ni\u00e8me histoire du v\u00eatement mais plut\u00f4t une analyse transversale de ce ph\u00e9nom\u00e8ne complexe qu&#8217;est le costume, de ses donn\u00e9es mat\u00e9rielles \u00e0 ses motivations [&hellip;]\" \/>\n<meta property=\"og:url\" content=\"https:\/\/librairie7l.com\/en\/produit\/histoire-du-costume-en-occident\/\" \/>\n<meta property=\"og:site_name\" content=\"Librairie 7L\" \/>\n<meta property=\"article:modified_time\" content=\"2026-04-13T00:27:16+00:00\" \/>\n<meta property=\"og:image\" content=\"https:\/\/librairie7l.com\/wp-content\/uploads\/2023\/02\/9782080426208_1_75.jpg\" \/>\n\t<meta property=\"og:image:width\" content=\"600\" \/>\n\t<meta property=\"og:image:height\" content=\"710\" \/>\n\t<meta property=\"og:image:type\" content=\"image\/jpeg\" \/>\n<meta name=\"twitter:card\" content=\"summary_large_image\" \/>\n<meta name=\"twitter:label1\" content=\"Est. reading time\" \/>\n\t<meta name=\"twitter:data1\" content=\"1 minute\" \/>\n<script type=\"application\/ld+json\" class=\"yoast-schema-graph\">{\"@context\":\"https:\/\/schema.org\",\"@graph\":[{\"@type\":\"WebPage\",\"@id\":\"https:\/\/librairie7l.com\/en\/produit\/histoire-du-costume-en-occident\/\",\"url\":\"https:\/\/librairie7l.com\/en\/produit\/histoire-du-costume-en-occident\/\",\"name\":\"Histoire du costume en Occident - Librairie 7L\",\"isPartOf\":{\"@id\":\"https:\/\/librairie7l.com\/en\/#website\"},\"datePublished\":\"2024-06-26T08:35:52+00:00\",\"dateModified\":\"2026-04-13T00:27:16+00:00\",\"breadcrumb\":{\"@id\":\"https:\/\/librairie7l.com\/en\/produit\/histoire-du-costume-en-occident\/#breadcrumb\"},\"inLanguage\":\"en-US\",\"potentialAction\":[{\"@type\":\"ReadAction\",\"target\":[\"https:\/\/librairie7l.com\/en\/produit\/histoire-du-costume-en-occident\/\"]}]},{\"@type\":\"BreadcrumbList\",\"@id\":\"https:\/\/librairie7l.com\/en\/produit\/histoire-du-costume-en-occident\/#breadcrumb\",\"itemListElement\":[{\"@type\":\"ListItem\",\"position\":1,\"name\":\"Accueil\",\"item\":\"https:\/\/librairie7l.com\/en\/\"},{\"@type\":\"ListItem\",\"position\":2,\"name\":\"Shop\",\"item\":\"https:\/\/librairie7l.com\/en\/shop\/\"},{\"@type\":\"ListItem\",\"position\":3,\"name\":\"HISTOIRE DU COSTUME EN OCCIDENT\"}]},{\"@type\":\"WebSite\",\"@id\":\"https:\/\/librairie7l.com\/en\/#website\",\"url\":\"https:\/\/librairie7l.com\/en\/\",\"name\":\"Librairie 7L\",\"description\":\"Librairie fond\u00e9e en 1999 par Karl Lagerfeld \u00e0 Paris\",\"publisher\":{\"@id\":\"https:\/\/librairie7l.com\/en\/#organization\"},\"potentialAction\":[{\"@type\":\"SearchAction\",\"target\":{\"@type\":\"EntryPoint\",\"urlTemplate\":\"https:\/\/librairie7l.com\/en\/?s={search_term_string}\"},\"query-input\":\"required name=search_term_string\"}],\"inLanguage\":\"en-US\"},{\"@type\":\"Organization\",\"@id\":\"https:\/\/librairie7l.com\/en\/#organization\",\"name\":\"Librairie 7L\",\"url\":\"https:\/\/librairie7l.com\/en\/\",\"logo\":{\"@type\":\"ImageObject\",\"inLanguage\":\"en-US\",\"@id\":\"https:\/\/librairie7l.com\/en\/#\/schema\/logo\/image\/\",\"url\":\"https:\/\/librairie7l.com\/wp-content\/uploads\/2022\/08\/logo-1.png\",\"contentUrl\":\"https:\/\/librairie7l.com\/wp-content\/uploads\/2022\/08\/logo-1.png\",\"width\":227,\"height\":301,\"caption\":\"Librairie 7L\"},\"image\":{\"@id\":\"https:\/\/librairie7l.com\/en\/#\/schema\/logo\/image\/\"}}]}<\/script>\n<!-- \/ Yoast SEO plugin. -->","yoast_head_json":{"title":"Histoire du costume en Occident - Librairie 7L","robots":{"index":"index","follow":"follow","max-snippet":"max-snippet:-1","max-image-preview":"max-image-preview:large","max-video-preview":"max-video-preview:-1"},"canonical":"https:\/\/librairie7l.com\/en\/produit\/histoire-du-costume-en-occident\/","og_locale":"en_US","og_type":"article","og_title":"Histoire du costume en Occident - Librairie 7L","og_description":"De la rude v\u00eature pr\u00e9historique \u00e0 l&#8217;harmonie \u00e9tudi\u00e9e du costume antique, de l&#8217;habillement grave du Moyen \u00c2ge aux modes recherch\u00e9es et fantaisistes du v\u00eatement des temps modernes, cet ouvrage n&#8217;est pas une \u00e9ni\u00e8me histoire du v\u00eatement mais plut\u00f4t une analyse transversale de ce ph\u00e9nom\u00e8ne complexe qu&#8217;est le costume, de ses donn\u00e9es mat\u00e9rielles \u00e0 ses motivations [&hellip;]","og_url":"https:\/\/librairie7l.com\/en\/produit\/histoire-du-costume-en-occident\/","og_site_name":"Librairie 7L","article_modified_time":"2026-04-13T00:27:16+00:00","og_image":[{"width":600,"height":710,"url":"https:\/\/librairie7l.com\/wp-content\/uploads\/2023\/02\/9782080426208_1_75.jpg","type":"image\/jpeg"}],"twitter_card":"summary_large_image","twitter_misc":{"Est. reading time":"1 minute"},"schema":{"@context":"https:\/\/schema.org","@graph":[{"@type":"WebPage","@id":"https:\/\/librairie7l.com\/en\/produit\/histoire-du-costume-en-occident\/","url":"https:\/\/librairie7l.com\/en\/produit\/histoire-du-costume-en-occident\/","name":"Histoire du costume en Occident - Librairie 7L","isPartOf":{"@id":"https:\/\/librairie7l.com\/en\/#website"},"datePublished":"2024-06-26T08:35:52+00:00","dateModified":"2026-04-13T00:27:16+00:00","breadcrumb":{"@id":"https:\/\/librairie7l.com\/en\/produit\/histoire-du-costume-en-occident\/#breadcrumb"},"inLanguage":"en-US","potentialAction":[{"@type":"ReadAction","target":["https:\/\/librairie7l.com\/en\/produit\/histoire-du-costume-en-occident\/"]}]},{"@type":"BreadcrumbList","@id":"https:\/\/librairie7l.com\/en\/produit\/histoire-du-costume-en-occident\/#breadcrumb","itemListElement":[{"@type":"ListItem","position":1,"name":"Accueil","item":"https:\/\/librairie7l.com\/en\/"},{"@type":"ListItem","position":2,"name":"Shop","item":"https:\/\/librairie7l.com\/en\/shop\/"},{"@type":"ListItem","position":3,"name":"HISTOIRE DU COSTUME EN OCCIDENT"}]},{"@type":"WebSite","@id":"https:\/\/librairie7l.com\/en\/#website","url":"https:\/\/librairie7l.com\/en\/","name":"Librairie 7L","description":"Librairie fond\u00e9e en 1999 par Karl Lagerfeld \u00e0 Paris","publisher":{"@id":"https:\/\/librairie7l.com\/en\/#organization"},"potentialAction":[{"@type":"SearchAction","target":{"@type":"EntryPoint","urlTemplate":"https:\/\/librairie7l.com\/en\/?s={search_term_string}"},"query-input":"required name=search_term_string"}],"inLanguage":"en-US"},{"@type":"Organization","@id":"https:\/\/librairie7l.com\/en\/#organization","name":"Librairie 7L","url":"https:\/\/librairie7l.com\/en\/","logo":{"@type":"ImageObject","inLanguage":"en-US","@id":"https:\/\/librairie7l.com\/en\/#\/schema\/logo\/image\/","url":"https:\/\/librairie7l.com\/wp-content\/uploads\/2022\/08\/logo-1.png","contentUrl":"https:\/\/librairie7l.com\/wp-content\/uploads\/2022\/08\/logo-1.png","width":227,"height":301,"caption":"Librairie 7L"},"image":{"@id":"https:\/\/librairie7l.com\/en\/#\/schema\/logo\/image\/"}}]}},"_links":{"self":[{"href":"https:\/\/librairie7l.com\/en\/wp-json\/wp\/v2\/product\/38503"}],"collection":[{"href":"https:\/\/librairie7l.com\/en\/wp-json\/wp\/v2\/product"}],"about":[{"href":"https:\/\/librairie7l.com\/en\/wp-json\/wp\/v2\/types\/product"}],"wp:featuredmedia":[{"embeddable":true,"href":"https:\/\/librairie7l.com\/en\/wp-json\/wp\/v2\/media\/38501"}],"wp:attachment":[{"href":"https:\/\/librairie7l.com\/en\/wp-json\/wp\/v2\/media?parent=38503"}],"wp:term":[{"taxonomy":"product_cat","embeddable":true,"href":"https:\/\/librairie7l.com\/en\/wp-json\/wp\/v2\/product_cat?post=38503"},{"taxonomy":"product_tag","embeddable":true,"href":"https:\/\/librairie7l.com\/en\/wp-json\/wp\/v2\/product_tag?post=38503"}],"curies":[{"name":"wp","href":"https:\/\/api.w.org\/{rel}","templated":true}]}}