{"id":38511,"date":"2024-02-09T09:40:38","date_gmt":"2024-02-09T08:40:38","guid":{"rendered":"https:\/\/librairie7l.com\/?post_type=product&#038;p=38511"},"modified":"2026-04-09T08:39:48","modified_gmt":"2026-04-09T06:39:48","slug":"le-sentiment-du-dessin-voir-dans-le-paysage-des-corps-deviner-des-ames","status":"publish","type":"product","link":"https:\/\/librairie7l.com\/en\/produit\/le-sentiment-du-dessin-voir-dans-le-paysage-des-corps-deviner-des-ames\/","title":{"rendered":"LE SENTIMENT DU DESSIN : VOIR DANS LE PAYSAGE DES CORPS DEVINER DES \u00c2MES"},"content":{"rendered":"<p>Le [mac] mus\u00e9e d&#8217;art contemporain de Marseille pr\u00e9sente Le sentiment du dessin, exposition temporaire (31\/08&gt;19\/11) autour des collections des Mus\u00e9es de Marseille, du FRAC Picardie et des Beaux-arts de Paris, sous le commissariat crois\u00e9 de Chiara Parisi, Jean de Loisy et G\u00e9rard Traquandi. Dialogue entre \u00e9poques, g\u00e9ographies et techniques du dessin du 15e au 21e si\u00e8cle, ce projet d\u00e9ploie autant de choix sensibles au sein de ces trois collections de r\u00e9f\u00e9rence dans le champ des arts graphiques pour questionner le rapport intime au dessin, son inscription dans l&#8217;histoire de l&#8217;art et ce qu&#8217;il parvient \u00e0 r\u00e9v\u00e9ler, masquer, sugg\u00e9rer, affirmer \u00e0 travers ses formes les plus diverses. Une exploration sensible et exigeante sur ce qui nous meut.<\/p>\n","protected":false},"excerpt":{"rendered":"<p>Le [mac] mus\u00e9e d&#8217;art contemporain de Marseille pr\u00e9sente Le sentiment du dessin, exposition temporaire (31\/08&gt;19\/11) autour des collections des Mus\u00e9es de Marseille, du FRAC Picardie et des Beaux-arts de Paris, sous le commissariat crois\u00e9 de Chiara Parisi, Jean de Loisy et G\u00e9rard Traquandi. Dialogue entre \u00e9poques, g\u00e9ographies et techniques du dessin du 15e au 21e [&hellip;]<\/p>\n","protected":false},"featured_media":38509,"template":"","meta":[],"product_cat":[2948,2953],"product_tag":[],"acf":[],"yoast_head":"<!-- This site is optimized with the Yoast SEO plugin v20.11 - https:\/\/yoast.com\/wordpress\/plugins\/seo\/ -->\n<title>Le sentiment du dessin : Voir dans le paysage des corps deviner des \u00e2mes - Librairie 7L<\/title>\n<meta name=\"robots\" content=\"index, follow, max-snippet:-1, max-image-preview:large, max-video-preview:-1\" \/>\n<link rel=\"canonical\" href=\"https:\/\/librairie7l.com\/en\/produit\/le-sentiment-du-dessin-voir-dans-le-paysage-des-corps-deviner-des-ames\/\" \/>\n<meta property=\"og:locale\" content=\"en_US\" \/>\n<meta property=\"og:type\" content=\"article\" \/>\n<meta property=\"og:title\" content=\"Le sentiment du dessin : Voir dans le paysage des corps deviner des \u00e2mes - Librairie 7L\" \/>\n<meta property=\"og:description\" content=\"Le [mac] mus\u00e9e d&#8217;art contemporain de Marseille pr\u00e9sente Le sentiment du dessin, exposition temporaire (31\/08&gt;19\/11) autour des collections des Mus\u00e9es de Marseille, du FRAC Picardie et des Beaux-arts de Paris, sous le commissariat crois\u00e9 de Chiara Parisi, Jean de Loisy et G\u00e9rard Traquandi. Dialogue entre \u00e9poques, g\u00e9ographies et techniques du dessin du 15e au 21e [&hellip;]\" \/>\n<meta property=\"og:url\" content=\"https:\/\/librairie7l.com\/en\/produit\/le-sentiment-du-dessin-voir-dans-le-paysage-des-corps-deviner-des-ames\/\" \/>\n<meta property=\"og:site_name\" content=\"Librairie 7L\" \/>\n<meta property=\"article:modified_time\" content=\"2026-04-09T06:39:48+00:00\" \/>\n<meta property=\"og:image\" content=\"https:\/\/librairie7l.com\/wp-content\/uploads\/2023\/07\/9782369801108_1_75.jpg\" \/>\n\t<meta property=\"og:image:width\" content=\"600\" \/>\n\t<meta property=\"og:image:height\" content=\"851\" \/>\n\t<meta property=\"og:image:type\" content=\"image\/jpeg\" \/>\n<meta name=\"twitter:card\" content=\"summary_large_image\" \/>\n<meta name=\"twitter:label1\" content=\"Est. reading time\" \/>\n\t<meta name=\"twitter:data1\" content=\"1 minute\" \/>\n<script type=\"application\/ld+json\" class=\"yoast-schema-graph\">{\"@context\":\"https:\/\/schema.org\",\"@graph\":[{\"@type\":\"WebPage\",\"@id\":\"https:\/\/librairie7l.com\/en\/produit\/le-sentiment-du-dessin-voir-dans-le-paysage-des-corps-deviner-des-ames\/\",\"url\":\"https:\/\/librairie7l.com\/en\/produit\/le-sentiment-du-dessin-voir-dans-le-paysage-des-corps-deviner-des-ames\/\",\"name\":\"Le sentiment du dessin : Voir dans le paysage des corps deviner des \u00e2mes - Librairie 7L\",\"isPartOf\":{\"@id\":\"https:\/\/librairie7l.com\/en\/#website\"},\"datePublished\":\"2024-02-09T08:40:38+00:00\",\"dateModified\":\"2026-04-09T06:39:48+00:00\",\"breadcrumb\":{\"@id\":\"https:\/\/librairie7l.com\/en\/produit\/le-sentiment-du-dessin-voir-dans-le-paysage-des-corps-deviner-des-ames\/#breadcrumb\"},\"inLanguage\":\"en-US\",\"potentialAction\":[{\"@type\":\"ReadAction\",\"target\":[\"https:\/\/librairie7l.com\/en\/produit\/le-sentiment-du-dessin-voir-dans-le-paysage-des-corps-deviner-des-ames\/\"]}]},{\"@type\":\"BreadcrumbList\",\"@id\":\"https:\/\/librairie7l.com\/en\/produit\/le-sentiment-du-dessin-voir-dans-le-paysage-des-corps-deviner-des-ames\/#breadcrumb\",\"itemListElement\":[{\"@type\":\"ListItem\",\"position\":1,\"name\":\"Accueil\",\"item\":\"https:\/\/librairie7l.com\/en\/\"},{\"@type\":\"ListItem\",\"position\":2,\"name\":\"Shop\",\"item\":\"https:\/\/librairie7l.com\/en\/shop\/\"},{\"@type\":\"ListItem\",\"position\":3,\"name\":\"LE SENTIMENT DU DESSIN : VOIR DANS LE PAYSAGE DES CORPS DEVINER DES \u00c2MES\"}]},{\"@type\":\"WebSite\",\"@id\":\"https:\/\/librairie7l.com\/en\/#website\",\"url\":\"https:\/\/librairie7l.com\/en\/\",\"name\":\"Librairie 7L\",\"description\":\"Librairie fond\u00e9e en 1999 par Karl Lagerfeld \u00e0 Paris\",\"publisher\":{\"@id\":\"https:\/\/librairie7l.com\/en\/#organization\"},\"potentialAction\":[{\"@type\":\"SearchAction\",\"target\":{\"@type\":\"EntryPoint\",\"urlTemplate\":\"https:\/\/librairie7l.com\/en\/?s={search_term_string}\"},\"query-input\":\"required name=search_term_string\"}],\"inLanguage\":\"en-US\"},{\"@type\":\"Organization\",\"@id\":\"https:\/\/librairie7l.com\/en\/#organization\",\"name\":\"Librairie 7L\",\"url\":\"https:\/\/librairie7l.com\/en\/\",\"logo\":{\"@type\":\"ImageObject\",\"inLanguage\":\"en-US\",\"@id\":\"https:\/\/librairie7l.com\/en\/#\/schema\/logo\/image\/\",\"url\":\"https:\/\/librairie7l.com\/wp-content\/uploads\/2022\/08\/logo-1.png\",\"contentUrl\":\"https:\/\/librairie7l.com\/wp-content\/uploads\/2022\/08\/logo-1.png\",\"width\":227,\"height\":301,\"caption\":\"Librairie 7L\"},\"image\":{\"@id\":\"https:\/\/librairie7l.com\/en\/#\/schema\/logo\/image\/\"}}]}<\/script>\n<!-- \/ Yoast SEO plugin. -->","yoast_head_json":{"title":"Le sentiment du dessin : Voir dans le paysage des corps deviner des \u00e2mes - Librairie 7L","robots":{"index":"index","follow":"follow","max-snippet":"max-snippet:-1","max-image-preview":"max-image-preview:large","max-video-preview":"max-video-preview:-1"},"canonical":"https:\/\/librairie7l.com\/en\/produit\/le-sentiment-du-dessin-voir-dans-le-paysage-des-corps-deviner-des-ames\/","og_locale":"en_US","og_type":"article","og_title":"Le sentiment du dessin : Voir dans le paysage des corps deviner des \u00e2mes - Librairie 7L","og_description":"Le [mac] mus\u00e9e d&#8217;art contemporain de Marseille pr\u00e9sente Le sentiment du dessin, exposition temporaire (31\/08&gt;19\/11) autour des collections des Mus\u00e9es de Marseille, du FRAC Picardie et des Beaux-arts de Paris, sous le commissariat crois\u00e9 de Chiara Parisi, Jean de Loisy et G\u00e9rard Traquandi. Dialogue entre \u00e9poques, g\u00e9ographies et techniques du dessin du 15e au 21e [&hellip;]","og_url":"https:\/\/librairie7l.com\/en\/produit\/le-sentiment-du-dessin-voir-dans-le-paysage-des-corps-deviner-des-ames\/","og_site_name":"Librairie 7L","article_modified_time":"2026-04-09T06:39:48+00:00","og_image":[{"width":600,"height":851,"url":"https:\/\/librairie7l.com\/wp-content\/uploads\/2023\/07\/9782369801108_1_75.jpg","type":"image\/jpeg"}],"twitter_card":"summary_large_image","twitter_misc":{"Est. reading time":"1 minute"},"schema":{"@context":"https:\/\/schema.org","@graph":[{"@type":"WebPage","@id":"https:\/\/librairie7l.com\/en\/produit\/le-sentiment-du-dessin-voir-dans-le-paysage-des-corps-deviner-des-ames\/","url":"https:\/\/librairie7l.com\/en\/produit\/le-sentiment-du-dessin-voir-dans-le-paysage-des-corps-deviner-des-ames\/","name":"Le sentiment du dessin : Voir dans le paysage des corps deviner des \u00e2mes - Librairie 7L","isPartOf":{"@id":"https:\/\/librairie7l.com\/en\/#website"},"datePublished":"2024-02-09T08:40:38+00:00","dateModified":"2026-04-09T06:39:48+00:00","breadcrumb":{"@id":"https:\/\/librairie7l.com\/en\/produit\/le-sentiment-du-dessin-voir-dans-le-paysage-des-corps-deviner-des-ames\/#breadcrumb"},"inLanguage":"en-US","potentialAction":[{"@type":"ReadAction","target":["https:\/\/librairie7l.com\/en\/produit\/le-sentiment-du-dessin-voir-dans-le-paysage-des-corps-deviner-des-ames\/"]}]},{"@type":"BreadcrumbList","@id":"https:\/\/librairie7l.com\/en\/produit\/le-sentiment-du-dessin-voir-dans-le-paysage-des-corps-deviner-des-ames\/#breadcrumb","itemListElement":[{"@type":"ListItem","position":1,"name":"Accueil","item":"https:\/\/librairie7l.com\/en\/"},{"@type":"ListItem","position":2,"name":"Shop","item":"https:\/\/librairie7l.com\/en\/shop\/"},{"@type":"ListItem","position":3,"name":"LE SENTIMENT DU DESSIN : VOIR DANS LE PAYSAGE DES CORPS DEVINER DES \u00c2MES"}]},{"@type":"WebSite","@id":"https:\/\/librairie7l.com\/en\/#website","url":"https:\/\/librairie7l.com\/en\/","name":"Librairie 7L","description":"Librairie fond\u00e9e en 1999 par Karl Lagerfeld \u00e0 Paris","publisher":{"@id":"https:\/\/librairie7l.com\/en\/#organization"},"potentialAction":[{"@type":"SearchAction","target":{"@type":"EntryPoint","urlTemplate":"https:\/\/librairie7l.com\/en\/?s={search_term_string}"},"query-input":"required name=search_term_string"}],"inLanguage":"en-US"},{"@type":"Organization","@id":"https:\/\/librairie7l.com\/en\/#organization","name":"Librairie 7L","url":"https:\/\/librairie7l.com\/en\/","logo":{"@type":"ImageObject","inLanguage":"en-US","@id":"https:\/\/librairie7l.com\/en\/#\/schema\/logo\/image\/","url":"https:\/\/librairie7l.com\/wp-content\/uploads\/2022\/08\/logo-1.png","contentUrl":"https:\/\/librairie7l.com\/wp-content\/uploads\/2022\/08\/logo-1.png","width":227,"height":301,"caption":"Librairie 7L"},"image":{"@id":"https:\/\/librairie7l.com\/en\/#\/schema\/logo\/image\/"}}]}},"_links":{"self":[{"href":"https:\/\/librairie7l.com\/en\/wp-json\/wp\/v2\/product\/38511"}],"collection":[{"href":"https:\/\/librairie7l.com\/en\/wp-json\/wp\/v2\/product"}],"about":[{"href":"https:\/\/librairie7l.com\/en\/wp-json\/wp\/v2\/types\/product"}],"wp:featuredmedia":[{"embeddable":true,"href":"https:\/\/librairie7l.com\/en\/wp-json\/wp\/v2\/media\/38509"}],"wp:attachment":[{"href":"https:\/\/librairie7l.com\/en\/wp-json\/wp\/v2\/media?parent=38511"}],"wp:term":[{"taxonomy":"product_cat","embeddable":true,"href":"https:\/\/librairie7l.com\/en\/wp-json\/wp\/v2\/product_cat?post=38511"},{"taxonomy":"product_tag","embeddable":true,"href":"https:\/\/librairie7l.com\/en\/wp-json\/wp\/v2\/product_tag?post=38511"}],"curies":[{"name":"wp","href":"https:\/\/api.w.org\/{rel}","templated":true}]}}