{"id":38523,"date":"2024-05-23T19:07:10","date_gmt":"2024-05-23T17:07:10","guid":{"rendered":"https:\/\/librairie7l.com\/?post_type=product&#038;p=38523"},"modified":"2026-04-18T00:13:18","modified_gmt":"2026-04-17T22:13:18","slug":"ernest-cole-the-true-america","status":"publish","type":"product","link":"https:\/\/librairie7l.com\/en\/produit\/ernest-cole-the-true-america\/","title":{"rendered":"ERNEST COLE : THE TRUE AMERICA"},"content":{"rendered":"<p>Apr\u00e8s la publication de son c\u00e9l\u00e8bre livre House of Bondage sur les horreurs de l&#8217;apartheid en 1967, Ernest Cole d\u00e9m\u00e9nage \u00e0 New York et re\u00e7oit une bourse de la Fondation Ford pour documenter les communaut\u00e9s noires dans les villes et les r\u00e9gions rurales des \u00c9tats-Unis. Il y documente la vie de Harlem, alterne couleur et street photography en noir et blanc dans les rues de Manhattan. En 1968, il se rend \u00e0 Chicago, Cleveland, Memphis, Atlanta et Los Angeles, et restitue l&#8217;\u00e9tat d&#8217;esprit des communuat\u00e9s noires dans les zones rurales du deep south peu apr\u00e8s l&#8217;assassinat de Martin Luther King. De son vivant, il a publi\u00e9 tr\u00e8s peu d&#8217;images issues de ce travail. Les n\u00e9gatifs des photos am\u00e9ricaines d&#8217;Ernest Cole sont r\u00e9apparus en Su\u00e8de en 2017. Cette red\u00e9couverte permet un regard unique sur la soci\u00e9t\u00e9 am\u00e9ricaine et redessine toute son oeuvre, offrant une perspective nouvelle sur le travail d&#8217;un homme qui a fui l&#8217;Afrique du Sud a fait d\u00e9couvrir l&#8217;apartheid au monde entier.<\/p>\n","protected":false},"excerpt":{"rendered":"<p>Apr\u00e8s la publication de son c\u00e9l\u00e8bre livre House of Bondage sur les horreurs de l&#8217;apartheid en 1967, Ernest Cole d\u00e9m\u00e9nage \u00e0 New York et re\u00e7oit une bourse de la Fondation Ford pour documenter les communaut\u00e9s noires dans les villes et les r\u00e9gions rurales des \u00c9tats-Unis. Il y documente la vie de Harlem, alterne couleur et [&hellip;]<\/p>\n","protected":false},"featured_media":38521,"template":"","meta":[],"product_cat":[2948,2958],"product_tag":[],"acf":[],"yoast_head":"<!-- This site is optimized with the Yoast SEO plugin v20.11 - https:\/\/yoast.com\/wordpress\/plugins\/seo\/ -->\n<title>Ernest Cole : The true america - Librairie 7L<\/title>\n<meta name=\"robots\" content=\"index, follow, max-snippet:-1, max-image-preview:large, max-video-preview:-1\" \/>\n<link rel=\"canonical\" href=\"https:\/\/librairie7l.com\/en\/produit\/ernest-cole-the-true-america\/\" \/>\n<meta property=\"og:locale\" content=\"en_US\" \/>\n<meta property=\"og:type\" content=\"article\" \/>\n<meta property=\"og:title\" content=\"Ernest Cole : The true america - Librairie 7L\" \/>\n<meta property=\"og:description\" content=\"Apr\u00e8s la publication de son c\u00e9l\u00e8bre livre House of Bondage sur les horreurs de l&#8217;apartheid en 1967, Ernest Cole d\u00e9m\u00e9nage \u00e0 New York et re\u00e7oit une bourse de la Fondation Ford pour documenter les communaut\u00e9s noires dans les villes et les r\u00e9gions rurales des \u00c9tats-Unis. Il y documente la vie de Harlem, alterne couleur et [&hellip;]\" \/>\n<meta property=\"og:url\" content=\"https:\/\/librairie7l.com\/en\/produit\/ernest-cole-the-true-america\/\" \/>\n<meta property=\"og:site_name\" content=\"Librairie 7L\" \/>\n<meta property=\"article:modified_time\" content=\"2026-04-17T22:13:18+00:00\" \/>\n<meta property=\"og:image\" content=\"https:\/\/librairie7l.com\/wp-content\/uploads\/2023\/06\/9781597115346_1_75.jpg\" \/>\n\t<meta property=\"og:image:width\" content=\"389\" \/>\n\t<meta property=\"og:image:height\" content=\"500\" \/>\n\t<meta property=\"og:image:type\" content=\"image\/jpeg\" \/>\n<meta name=\"twitter:card\" content=\"summary_large_image\" \/>\n<meta name=\"twitter:label1\" content=\"Est. reading time\" \/>\n\t<meta name=\"twitter:data1\" content=\"1 minute\" \/>\n<script type=\"application\/ld+json\" class=\"yoast-schema-graph\">{\"@context\":\"https:\/\/schema.org\",\"@graph\":[{\"@type\":\"WebPage\",\"@id\":\"https:\/\/librairie7l.com\/en\/produit\/ernest-cole-the-true-america\/\",\"url\":\"https:\/\/librairie7l.com\/en\/produit\/ernest-cole-the-true-america\/\",\"name\":\"Ernest Cole : The true america - Librairie 7L\",\"isPartOf\":{\"@id\":\"https:\/\/librairie7l.com\/en\/#website\"},\"datePublished\":\"2024-05-23T17:07:10+00:00\",\"dateModified\":\"2026-04-17T22:13:18+00:00\",\"breadcrumb\":{\"@id\":\"https:\/\/librairie7l.com\/en\/produit\/ernest-cole-the-true-america\/#breadcrumb\"},\"inLanguage\":\"en-US\",\"potentialAction\":[{\"@type\":\"ReadAction\",\"target\":[\"https:\/\/librairie7l.com\/en\/produit\/ernest-cole-the-true-america\/\"]}]},{\"@type\":\"BreadcrumbList\",\"@id\":\"https:\/\/librairie7l.com\/en\/produit\/ernest-cole-the-true-america\/#breadcrumb\",\"itemListElement\":[{\"@type\":\"ListItem\",\"position\":1,\"name\":\"Accueil\",\"item\":\"https:\/\/librairie7l.com\/en\/\"},{\"@type\":\"ListItem\",\"position\":2,\"name\":\"Shop\",\"item\":\"https:\/\/librairie7l.com\/en\/shop\/\"},{\"@type\":\"ListItem\",\"position\":3,\"name\":\"ERNEST COLE : THE TRUE AMERICA\"}]},{\"@type\":\"WebSite\",\"@id\":\"https:\/\/librairie7l.com\/en\/#website\",\"url\":\"https:\/\/librairie7l.com\/en\/\",\"name\":\"Librairie 7L\",\"description\":\"Librairie fond\u00e9e en 1999 par Karl Lagerfeld \u00e0 Paris\",\"publisher\":{\"@id\":\"https:\/\/librairie7l.com\/en\/#organization\"},\"potentialAction\":[{\"@type\":\"SearchAction\",\"target\":{\"@type\":\"EntryPoint\",\"urlTemplate\":\"https:\/\/librairie7l.com\/en\/?s={search_term_string}\"},\"query-input\":\"required name=search_term_string\"}],\"inLanguage\":\"en-US\"},{\"@type\":\"Organization\",\"@id\":\"https:\/\/librairie7l.com\/en\/#organization\",\"name\":\"Librairie 7L\",\"url\":\"https:\/\/librairie7l.com\/en\/\",\"logo\":{\"@type\":\"ImageObject\",\"inLanguage\":\"en-US\",\"@id\":\"https:\/\/librairie7l.com\/en\/#\/schema\/logo\/image\/\",\"url\":\"https:\/\/librairie7l.com\/wp-content\/uploads\/2022\/08\/logo-1.png\",\"contentUrl\":\"https:\/\/librairie7l.com\/wp-content\/uploads\/2022\/08\/logo-1.png\",\"width\":227,\"height\":301,\"caption\":\"Librairie 7L\"},\"image\":{\"@id\":\"https:\/\/librairie7l.com\/en\/#\/schema\/logo\/image\/\"}}]}<\/script>\n<!-- \/ Yoast SEO plugin. -->","yoast_head_json":{"title":"Ernest Cole : The true america - Librairie 7L","robots":{"index":"index","follow":"follow","max-snippet":"max-snippet:-1","max-image-preview":"max-image-preview:large","max-video-preview":"max-video-preview:-1"},"canonical":"https:\/\/librairie7l.com\/en\/produit\/ernest-cole-the-true-america\/","og_locale":"en_US","og_type":"article","og_title":"Ernest Cole : The true america - Librairie 7L","og_description":"Apr\u00e8s la publication de son c\u00e9l\u00e8bre livre House of Bondage sur les horreurs de l&#8217;apartheid en 1967, Ernest Cole d\u00e9m\u00e9nage \u00e0 New York et re\u00e7oit une bourse de la Fondation Ford pour documenter les communaut\u00e9s noires dans les villes et les r\u00e9gions rurales des \u00c9tats-Unis. Il y documente la vie de Harlem, alterne couleur et [&hellip;]","og_url":"https:\/\/librairie7l.com\/en\/produit\/ernest-cole-the-true-america\/","og_site_name":"Librairie 7L","article_modified_time":"2026-04-17T22:13:18+00:00","og_image":[{"width":389,"height":500,"url":"https:\/\/librairie7l.com\/wp-content\/uploads\/2023\/06\/9781597115346_1_75.jpg","type":"image\/jpeg"}],"twitter_card":"summary_large_image","twitter_misc":{"Est. reading time":"1 minute"},"schema":{"@context":"https:\/\/schema.org","@graph":[{"@type":"WebPage","@id":"https:\/\/librairie7l.com\/en\/produit\/ernest-cole-the-true-america\/","url":"https:\/\/librairie7l.com\/en\/produit\/ernest-cole-the-true-america\/","name":"Ernest Cole : The true america - Librairie 7L","isPartOf":{"@id":"https:\/\/librairie7l.com\/en\/#website"},"datePublished":"2024-05-23T17:07:10+00:00","dateModified":"2026-04-17T22:13:18+00:00","breadcrumb":{"@id":"https:\/\/librairie7l.com\/en\/produit\/ernest-cole-the-true-america\/#breadcrumb"},"inLanguage":"en-US","potentialAction":[{"@type":"ReadAction","target":["https:\/\/librairie7l.com\/en\/produit\/ernest-cole-the-true-america\/"]}]},{"@type":"BreadcrumbList","@id":"https:\/\/librairie7l.com\/en\/produit\/ernest-cole-the-true-america\/#breadcrumb","itemListElement":[{"@type":"ListItem","position":1,"name":"Accueil","item":"https:\/\/librairie7l.com\/en\/"},{"@type":"ListItem","position":2,"name":"Shop","item":"https:\/\/librairie7l.com\/en\/shop\/"},{"@type":"ListItem","position":3,"name":"ERNEST COLE : THE TRUE AMERICA"}]},{"@type":"WebSite","@id":"https:\/\/librairie7l.com\/en\/#website","url":"https:\/\/librairie7l.com\/en\/","name":"Librairie 7L","description":"Librairie fond\u00e9e en 1999 par Karl Lagerfeld \u00e0 Paris","publisher":{"@id":"https:\/\/librairie7l.com\/en\/#organization"},"potentialAction":[{"@type":"SearchAction","target":{"@type":"EntryPoint","urlTemplate":"https:\/\/librairie7l.com\/en\/?s={search_term_string}"},"query-input":"required name=search_term_string"}],"inLanguage":"en-US"},{"@type":"Organization","@id":"https:\/\/librairie7l.com\/en\/#organization","name":"Librairie 7L","url":"https:\/\/librairie7l.com\/en\/","logo":{"@type":"ImageObject","inLanguage":"en-US","@id":"https:\/\/librairie7l.com\/en\/#\/schema\/logo\/image\/","url":"https:\/\/librairie7l.com\/wp-content\/uploads\/2022\/08\/logo-1.png","contentUrl":"https:\/\/librairie7l.com\/wp-content\/uploads\/2022\/08\/logo-1.png","width":227,"height":301,"caption":"Librairie 7L"},"image":{"@id":"https:\/\/librairie7l.com\/en\/#\/schema\/logo\/image\/"}}]}},"_links":{"self":[{"href":"https:\/\/librairie7l.com\/en\/wp-json\/wp\/v2\/product\/38523"}],"collection":[{"href":"https:\/\/librairie7l.com\/en\/wp-json\/wp\/v2\/product"}],"about":[{"href":"https:\/\/librairie7l.com\/en\/wp-json\/wp\/v2\/types\/product"}],"wp:featuredmedia":[{"embeddable":true,"href":"https:\/\/librairie7l.com\/en\/wp-json\/wp\/v2\/media\/38521"}],"wp:attachment":[{"href":"https:\/\/librairie7l.com\/en\/wp-json\/wp\/v2\/media?parent=38523"}],"wp:term":[{"taxonomy":"product_cat","embeddable":true,"href":"https:\/\/librairie7l.com\/en\/wp-json\/wp\/v2\/product_cat?post=38523"},{"taxonomy":"product_tag","embeddable":true,"href":"https:\/\/librairie7l.com\/en\/wp-json\/wp\/v2\/product_tag?post=38523"}],"curies":[{"name":"wp","href":"https:\/\/api.w.org\/{rel}","templated":true}]}}