{"id":38527,"date":"2024-06-26T10:35:47","date_gmt":"2024-06-26T08:35:47","guid":{"rendered":"https:\/\/librairie7l.com\/?post_type=product&#038;p=38527"},"modified":"2026-05-02T06:06:04","modified_gmt":"2026-05-02T04:06:04","slug":"mary-ellen-mark-encounters","status":"publish","type":"product","link":"https:\/\/librairie7l.com\/en\/produit\/mary-ellen-mark-encounters\/","title":{"rendered":"MARY ELLEN MARK ENCOUNTERS"},"content":{"rendered":"<p>Figure de proue du photojournalisme au f\u00e9minin, Mary Ellen Mark accompagnait souvent les sujets de ses reportages photographique sur plusieurs ann\u00e9es, tissant des liens intimes et forts avec eux et elles, qu&#8217;il s&#8217;agisse de travaux priv\u00e9s ou de commande. Catalogue d&#8217;une exposition au C\/O \u00e0 Berlin, Encounters propose un aper\u00e7u de la carri\u00e8re de la photographe en se concentrant sur cinq s\u00e9ries embl\u00e9matiques des ann\u00e9es 70 et 80 dont les publications sous forme de livres ont grandement contribu\u00e9 \u00e0 sa r\u00e9putation : \u00ab Ward 81 \u00bb dans lequel elle a photographi\u00e9 des femmes dans un h\u00f4pital psychiatrique de l&#8217;Oregon, Falkland Road sur les prostitu\u00e9es de Mumbai; un hommage \u00e0 l&#8217;oeuvre caritative de M\u00e8re Teresa ; \u00ab Indian Circus \u00bb qui suit les familles de forain vivant sur les routes, et le projet \u00e0 tr\u00e8s long terme \u00ab Streetwise \u00bb, dans lequel Mary Ellen Mark a suivi la vie d&#8217;Erin Blackwell (Tiny) sur plus de 30 ans, d&#8217;abord comme adolescente fugueuse puis m\u00e8re pr\u00e9caire. Pour la premi\u00e8re fois, ce livre contextualise ses travaux en pr\u00e9sentant les pages des magazines dans lesquelles ils furent d&#8217;abord publi\u00e9, des planches contact, des lettres et des carnets de travail.<\/p>\n","protected":false},"excerpt":{"rendered":"<p>Figure de proue du photojournalisme au f\u00e9minin, Mary Ellen Mark accompagnait souvent les sujets de ses reportages photographique sur plusieurs ann\u00e9es, tissant des liens intimes et forts avec eux et elles, qu&#8217;il s&#8217;agisse de travaux priv\u00e9s ou de commande. Catalogue d&#8217;une exposition au C\/O \u00e0 Berlin, Encounters propose un aper\u00e7u de la carri\u00e8re de la [&hellip;]<\/p>\n","protected":false},"featured_media":38525,"template":"","meta":[],"product_cat":[2948,2958],"product_tag":[],"acf":[],"yoast_head":"<!-- This site is optimized with the Yoast SEO plugin v20.11 - https:\/\/yoast.com\/wordpress\/plugins\/seo\/ -->\n<title>Mary Ellen Mark encounters - Librairie 7L<\/title>\n<meta name=\"robots\" content=\"index, follow, max-snippet:-1, max-image-preview:large, max-video-preview:-1\" \/>\n<link rel=\"canonical\" href=\"https:\/\/librairie7l.com\/en\/produit\/mary-ellen-mark-encounters\/\" \/>\n<meta property=\"og:locale\" content=\"en_US\" \/>\n<meta property=\"og:type\" content=\"article\" \/>\n<meta property=\"og:title\" content=\"Mary Ellen Mark encounters - Librairie 7L\" \/>\n<meta property=\"og:description\" content=\"Figure de proue du photojournalisme au f\u00e9minin, Mary Ellen Mark accompagnait souvent les sujets de ses reportages photographique sur plusieurs ann\u00e9es, tissant des liens intimes et forts avec eux et elles, qu&#8217;il s&#8217;agisse de travaux priv\u00e9s ou de commande. Catalogue d&#8217;une exposition au C\/O \u00e0 Berlin, Encounters propose un aper\u00e7u de la carri\u00e8re de la [&hellip;]\" \/>\n<meta property=\"og:url\" content=\"https:\/\/librairie7l.com\/en\/produit\/mary-ellen-mark-encounters\/\" \/>\n<meta property=\"og:site_name\" content=\"Librairie 7L\" \/>\n<meta property=\"article:modified_time\" content=\"2026-05-02T04:06:04+00:00\" \/>\n<meta property=\"og:image\" content=\"https:\/\/librairie7l.com\/wp-content\/uploads\/2023\/08\/9783969993033_1_75.jpg\" \/>\n\t<meta property=\"og:image:width\" content=\"600\" \/>\n\t<meta property=\"og:image:height\" content=\"750\" \/>\n\t<meta property=\"og:image:type\" content=\"image\/jpeg\" \/>\n<meta name=\"twitter:card\" content=\"summary_large_image\" \/>\n<meta name=\"twitter:label1\" content=\"Est. reading time\" \/>\n\t<meta name=\"twitter:data1\" content=\"1 minute\" \/>\n<script type=\"application\/ld+json\" class=\"yoast-schema-graph\">{\"@context\":\"https:\/\/schema.org\",\"@graph\":[{\"@type\":\"WebPage\",\"@id\":\"https:\/\/librairie7l.com\/en\/produit\/mary-ellen-mark-encounters\/\",\"url\":\"https:\/\/librairie7l.com\/en\/produit\/mary-ellen-mark-encounters\/\",\"name\":\"Mary Ellen Mark encounters - Librairie 7L\",\"isPartOf\":{\"@id\":\"https:\/\/librairie7l.com\/en\/#website\"},\"datePublished\":\"2024-06-26T08:35:47+00:00\",\"dateModified\":\"2026-05-02T04:06:04+00:00\",\"breadcrumb\":{\"@id\":\"https:\/\/librairie7l.com\/en\/produit\/mary-ellen-mark-encounters\/#breadcrumb\"},\"inLanguage\":\"en-US\",\"potentialAction\":[{\"@type\":\"ReadAction\",\"target\":[\"https:\/\/librairie7l.com\/en\/produit\/mary-ellen-mark-encounters\/\"]}]},{\"@type\":\"BreadcrumbList\",\"@id\":\"https:\/\/librairie7l.com\/en\/produit\/mary-ellen-mark-encounters\/#breadcrumb\",\"itemListElement\":[{\"@type\":\"ListItem\",\"position\":1,\"name\":\"Accueil\",\"item\":\"https:\/\/librairie7l.com\/en\/\"},{\"@type\":\"ListItem\",\"position\":2,\"name\":\"Shop\",\"item\":\"https:\/\/librairie7l.com\/en\/shop\/\"},{\"@type\":\"ListItem\",\"position\":3,\"name\":\"MARY ELLEN MARK ENCOUNTERS\"}]},{\"@type\":\"WebSite\",\"@id\":\"https:\/\/librairie7l.com\/en\/#website\",\"url\":\"https:\/\/librairie7l.com\/en\/\",\"name\":\"Librairie 7L\",\"description\":\"Librairie fond\u00e9e en 1999 par Karl Lagerfeld \u00e0 Paris\",\"publisher\":{\"@id\":\"https:\/\/librairie7l.com\/en\/#organization\"},\"potentialAction\":[{\"@type\":\"SearchAction\",\"target\":{\"@type\":\"EntryPoint\",\"urlTemplate\":\"https:\/\/librairie7l.com\/en\/?s={search_term_string}\"},\"query-input\":\"required name=search_term_string\"}],\"inLanguage\":\"en-US\"},{\"@type\":\"Organization\",\"@id\":\"https:\/\/librairie7l.com\/en\/#organization\",\"name\":\"Librairie 7L\",\"url\":\"https:\/\/librairie7l.com\/en\/\",\"logo\":{\"@type\":\"ImageObject\",\"inLanguage\":\"en-US\",\"@id\":\"https:\/\/librairie7l.com\/en\/#\/schema\/logo\/image\/\",\"url\":\"https:\/\/librairie7l.com\/wp-content\/uploads\/2022\/08\/logo-1.png\",\"contentUrl\":\"https:\/\/librairie7l.com\/wp-content\/uploads\/2022\/08\/logo-1.png\",\"width\":227,\"height\":301,\"caption\":\"Librairie 7L\"},\"image\":{\"@id\":\"https:\/\/librairie7l.com\/en\/#\/schema\/logo\/image\/\"}}]}<\/script>\n<!-- \/ Yoast SEO plugin. -->","yoast_head_json":{"title":"Mary Ellen Mark encounters - Librairie 7L","robots":{"index":"index","follow":"follow","max-snippet":"max-snippet:-1","max-image-preview":"max-image-preview:large","max-video-preview":"max-video-preview:-1"},"canonical":"https:\/\/librairie7l.com\/en\/produit\/mary-ellen-mark-encounters\/","og_locale":"en_US","og_type":"article","og_title":"Mary Ellen Mark encounters - Librairie 7L","og_description":"Figure de proue du photojournalisme au f\u00e9minin, Mary Ellen Mark accompagnait souvent les sujets de ses reportages photographique sur plusieurs ann\u00e9es, tissant des liens intimes et forts avec eux et elles, qu&#8217;il s&#8217;agisse de travaux priv\u00e9s ou de commande. Catalogue d&#8217;une exposition au C\/O \u00e0 Berlin, Encounters propose un aper\u00e7u de la carri\u00e8re de la [&hellip;]","og_url":"https:\/\/librairie7l.com\/en\/produit\/mary-ellen-mark-encounters\/","og_site_name":"Librairie 7L","article_modified_time":"2026-05-02T04:06:04+00:00","og_image":[{"width":600,"height":750,"url":"https:\/\/librairie7l.com\/wp-content\/uploads\/2023\/08\/9783969993033_1_75.jpg","type":"image\/jpeg"}],"twitter_card":"summary_large_image","twitter_misc":{"Est. reading time":"1 minute"},"schema":{"@context":"https:\/\/schema.org","@graph":[{"@type":"WebPage","@id":"https:\/\/librairie7l.com\/en\/produit\/mary-ellen-mark-encounters\/","url":"https:\/\/librairie7l.com\/en\/produit\/mary-ellen-mark-encounters\/","name":"Mary Ellen Mark encounters - Librairie 7L","isPartOf":{"@id":"https:\/\/librairie7l.com\/en\/#website"},"datePublished":"2024-06-26T08:35:47+00:00","dateModified":"2026-05-02T04:06:04+00:00","breadcrumb":{"@id":"https:\/\/librairie7l.com\/en\/produit\/mary-ellen-mark-encounters\/#breadcrumb"},"inLanguage":"en-US","potentialAction":[{"@type":"ReadAction","target":["https:\/\/librairie7l.com\/en\/produit\/mary-ellen-mark-encounters\/"]}]},{"@type":"BreadcrumbList","@id":"https:\/\/librairie7l.com\/en\/produit\/mary-ellen-mark-encounters\/#breadcrumb","itemListElement":[{"@type":"ListItem","position":1,"name":"Accueil","item":"https:\/\/librairie7l.com\/en\/"},{"@type":"ListItem","position":2,"name":"Shop","item":"https:\/\/librairie7l.com\/en\/shop\/"},{"@type":"ListItem","position":3,"name":"MARY ELLEN MARK ENCOUNTERS"}]},{"@type":"WebSite","@id":"https:\/\/librairie7l.com\/en\/#website","url":"https:\/\/librairie7l.com\/en\/","name":"Librairie 7L","description":"Librairie fond\u00e9e en 1999 par Karl Lagerfeld \u00e0 Paris","publisher":{"@id":"https:\/\/librairie7l.com\/en\/#organization"},"potentialAction":[{"@type":"SearchAction","target":{"@type":"EntryPoint","urlTemplate":"https:\/\/librairie7l.com\/en\/?s={search_term_string}"},"query-input":"required name=search_term_string"}],"inLanguage":"en-US"},{"@type":"Organization","@id":"https:\/\/librairie7l.com\/en\/#organization","name":"Librairie 7L","url":"https:\/\/librairie7l.com\/en\/","logo":{"@type":"ImageObject","inLanguage":"en-US","@id":"https:\/\/librairie7l.com\/en\/#\/schema\/logo\/image\/","url":"https:\/\/librairie7l.com\/wp-content\/uploads\/2022\/08\/logo-1.png","contentUrl":"https:\/\/librairie7l.com\/wp-content\/uploads\/2022\/08\/logo-1.png","width":227,"height":301,"caption":"Librairie 7L"},"image":{"@id":"https:\/\/librairie7l.com\/en\/#\/schema\/logo\/image\/"}}]}},"_links":{"self":[{"href":"https:\/\/librairie7l.com\/en\/wp-json\/wp\/v2\/product\/38527"}],"collection":[{"href":"https:\/\/librairie7l.com\/en\/wp-json\/wp\/v2\/product"}],"about":[{"href":"https:\/\/librairie7l.com\/en\/wp-json\/wp\/v2\/types\/product"}],"wp:featuredmedia":[{"embeddable":true,"href":"https:\/\/librairie7l.com\/en\/wp-json\/wp\/v2\/media\/38525"}],"wp:attachment":[{"href":"https:\/\/librairie7l.com\/en\/wp-json\/wp\/v2\/media?parent=38527"}],"wp:term":[{"taxonomy":"product_cat","embeddable":true,"href":"https:\/\/librairie7l.com\/en\/wp-json\/wp\/v2\/product_cat?post=38527"},{"taxonomy":"product_tag","embeddable":true,"href":"https:\/\/librairie7l.com\/en\/wp-json\/wp\/v2\/product_tag?post=38527"}],"curies":[{"name":"wp","href":"https:\/\/api.w.org\/{rel}","templated":true}]}}