{"id":38531,"date":"2024-02-09T09:41:08","date_gmt":"2024-02-09T08:41:08","guid":{"rendered":"https:\/\/librairie7l.com\/?post_type=product&#038;p=38531"},"modified":"2026-04-10T14:29:38","modified_gmt":"2026-04-10T12:29:38","slug":"hannah-hoch-assembled-worlds","status":"publish","type":"product","link":"https:\/\/librairie7l.com\/en\/produit\/hannah-hoch-assembled-worlds\/","title":{"rendered":"HANNAH H\u00d6CH : ASSEMBLED WORLDS"},"content":{"rendered":"<p>Ce livre explore pour la premi\u00e8re fois de mani\u00e8re exhaustive la fascination de Hannah Hoch (1889-1978) pour le cin\u00e9ma et la culture visuelle de l&#8217;\u00e8re industrielle moderne. Couvrant l&#8217;ensemble de sa carri\u00e8re, il d\u00e9montre comment son travail a \u00e9volu\u00e9 dans un champ de tension entre exp\u00e9rimentation artistique, cr\u00e9ations commerciales et appropriation politique. Un texte sur le photomontage de l&#8217;artiste, \u00e9crit en 1948, et un texte-collage sur l&#8217;histoire du montage, dans lequel s&#8217;expriment des figures de renom du modernisme et de l&#8217;avant-garde, compl\u00e8tent ce volume.<\/p>\n","protected":false},"excerpt":{"rendered":"<p>Ce livre explore pour la premi\u00e8re fois de mani\u00e8re exhaustive la fascination de Hannah Hoch (1889-1978) pour le cin\u00e9ma et la culture visuelle de l&#8217;\u00e8re industrielle moderne. Couvrant l&#8217;ensemble de sa carri\u00e8re, il d\u00e9montre comment son travail a \u00e9volu\u00e9 dans un champ de tension entre exp\u00e9rimentation artistique, cr\u00e9ations commerciales et appropriation politique. Un texte sur [&hellip;]<\/p>\n","protected":false},"featured_media":38529,"template":"","meta":[],"product_cat":[2948,2953],"product_tag":[],"acf":[],"yoast_head":"<!-- This site is optimized with the Yoast SEO plugin v20.11 - https:\/\/yoast.com\/wordpress\/plugins\/seo\/ -->\n<title>Hannah H\u00f6ch : assembled worlds - Librairie 7L<\/title>\n<meta name=\"robots\" content=\"index, follow, max-snippet:-1, max-image-preview:large, max-video-preview:-1\" \/>\n<link rel=\"canonical\" href=\"https:\/\/librairie7l.com\/en\/produit\/hannah-hoch-assembled-worlds\/\" \/>\n<meta property=\"og:locale\" content=\"en_US\" \/>\n<meta property=\"og:type\" content=\"article\" \/>\n<meta property=\"og:title\" content=\"Hannah H\u00f6ch : assembled worlds - Librairie 7L\" \/>\n<meta property=\"og:description\" content=\"Ce livre explore pour la premi\u00e8re fois de mani\u00e8re exhaustive la fascination de Hannah Hoch (1889-1978) pour le cin\u00e9ma et la culture visuelle de l&#8217;\u00e8re industrielle moderne. Couvrant l&#8217;ensemble de sa carri\u00e8re, il d\u00e9montre comment son travail a \u00e9volu\u00e9 dans un champ de tension entre exp\u00e9rimentation artistique, cr\u00e9ations commerciales et appropriation politique. Un texte sur [&hellip;]\" \/>\n<meta property=\"og:url\" content=\"https:\/\/librairie7l.com\/en\/produit\/hannah-hoch-assembled-worlds\/\" \/>\n<meta property=\"og:site_name\" content=\"Librairie 7L\" \/>\n<meta property=\"article:modified_time\" content=\"2026-04-10T12:29:38+00:00\" \/>\n<meta property=\"og:image\" content=\"https:\/\/librairie7l.com\/wp-content\/uploads\/2023\/06\/9783039421725_1_75.jpg\" \/>\n\t<meta property=\"og:image:width\" content=\"373\" \/>\n\t<meta property=\"og:image:height\" content=\"500\" \/>\n\t<meta property=\"og:image:type\" content=\"image\/jpeg\" \/>\n<meta name=\"twitter:card\" content=\"summary_large_image\" \/>\n<script type=\"application\/ld+json\" class=\"yoast-schema-graph\">{\"@context\":\"https:\/\/schema.org\",\"@graph\":[{\"@type\":\"WebPage\",\"@id\":\"https:\/\/librairie7l.com\/en\/produit\/hannah-hoch-assembled-worlds\/\",\"url\":\"https:\/\/librairie7l.com\/en\/produit\/hannah-hoch-assembled-worlds\/\",\"name\":\"Hannah H\u00f6ch : assembled worlds - Librairie 7L\",\"isPartOf\":{\"@id\":\"https:\/\/librairie7l.com\/en\/#website\"},\"datePublished\":\"2024-02-09T08:41:08+00:00\",\"dateModified\":\"2026-04-10T12:29:38+00:00\",\"breadcrumb\":{\"@id\":\"https:\/\/librairie7l.com\/en\/produit\/hannah-hoch-assembled-worlds\/#breadcrumb\"},\"inLanguage\":\"en-US\",\"potentialAction\":[{\"@type\":\"ReadAction\",\"target\":[\"https:\/\/librairie7l.com\/en\/produit\/hannah-hoch-assembled-worlds\/\"]}]},{\"@type\":\"BreadcrumbList\",\"@id\":\"https:\/\/librairie7l.com\/en\/produit\/hannah-hoch-assembled-worlds\/#breadcrumb\",\"itemListElement\":[{\"@type\":\"ListItem\",\"position\":1,\"name\":\"Accueil\",\"item\":\"https:\/\/librairie7l.com\/en\/\"},{\"@type\":\"ListItem\",\"position\":2,\"name\":\"Shop\",\"item\":\"https:\/\/librairie7l.com\/en\/shop\/\"},{\"@type\":\"ListItem\",\"position\":3,\"name\":\"HANNAH H\u00d6CH : ASSEMBLED WORLDS\"}]},{\"@type\":\"WebSite\",\"@id\":\"https:\/\/librairie7l.com\/en\/#website\",\"url\":\"https:\/\/librairie7l.com\/en\/\",\"name\":\"Librairie 7L\",\"description\":\"Librairie fond\u00e9e en 1999 par Karl Lagerfeld \u00e0 Paris\",\"publisher\":{\"@id\":\"https:\/\/librairie7l.com\/en\/#organization\"},\"potentialAction\":[{\"@type\":\"SearchAction\",\"target\":{\"@type\":\"EntryPoint\",\"urlTemplate\":\"https:\/\/librairie7l.com\/en\/?s={search_term_string}\"},\"query-input\":\"required name=search_term_string\"}],\"inLanguage\":\"en-US\"},{\"@type\":\"Organization\",\"@id\":\"https:\/\/librairie7l.com\/en\/#organization\",\"name\":\"Librairie 7L\",\"url\":\"https:\/\/librairie7l.com\/en\/\",\"logo\":{\"@type\":\"ImageObject\",\"inLanguage\":\"en-US\",\"@id\":\"https:\/\/librairie7l.com\/en\/#\/schema\/logo\/image\/\",\"url\":\"https:\/\/librairie7l.com\/wp-content\/uploads\/2022\/08\/logo-1.png\",\"contentUrl\":\"https:\/\/librairie7l.com\/wp-content\/uploads\/2022\/08\/logo-1.png\",\"width\":227,\"height\":301,\"caption\":\"Librairie 7L\"},\"image\":{\"@id\":\"https:\/\/librairie7l.com\/en\/#\/schema\/logo\/image\/\"}}]}<\/script>\n<!-- \/ Yoast SEO plugin. -->","yoast_head_json":{"title":"Hannah H\u00f6ch : assembled worlds - Librairie 7L","robots":{"index":"index","follow":"follow","max-snippet":"max-snippet:-1","max-image-preview":"max-image-preview:large","max-video-preview":"max-video-preview:-1"},"canonical":"https:\/\/librairie7l.com\/en\/produit\/hannah-hoch-assembled-worlds\/","og_locale":"en_US","og_type":"article","og_title":"Hannah H\u00f6ch : assembled worlds - Librairie 7L","og_description":"Ce livre explore pour la premi\u00e8re fois de mani\u00e8re exhaustive la fascination de Hannah Hoch (1889-1978) pour le cin\u00e9ma et la culture visuelle de l&#8217;\u00e8re industrielle moderne. Couvrant l&#8217;ensemble de sa carri\u00e8re, il d\u00e9montre comment son travail a \u00e9volu\u00e9 dans un champ de tension entre exp\u00e9rimentation artistique, cr\u00e9ations commerciales et appropriation politique. Un texte sur [&hellip;]","og_url":"https:\/\/librairie7l.com\/en\/produit\/hannah-hoch-assembled-worlds\/","og_site_name":"Librairie 7L","article_modified_time":"2026-04-10T12:29:38+00:00","og_image":[{"width":373,"height":500,"url":"https:\/\/librairie7l.com\/wp-content\/uploads\/2023\/06\/9783039421725_1_75.jpg","type":"image\/jpeg"}],"twitter_card":"summary_large_image","schema":{"@context":"https:\/\/schema.org","@graph":[{"@type":"WebPage","@id":"https:\/\/librairie7l.com\/en\/produit\/hannah-hoch-assembled-worlds\/","url":"https:\/\/librairie7l.com\/en\/produit\/hannah-hoch-assembled-worlds\/","name":"Hannah H\u00f6ch : assembled worlds - Librairie 7L","isPartOf":{"@id":"https:\/\/librairie7l.com\/en\/#website"},"datePublished":"2024-02-09T08:41:08+00:00","dateModified":"2026-04-10T12:29:38+00:00","breadcrumb":{"@id":"https:\/\/librairie7l.com\/en\/produit\/hannah-hoch-assembled-worlds\/#breadcrumb"},"inLanguage":"en-US","potentialAction":[{"@type":"ReadAction","target":["https:\/\/librairie7l.com\/en\/produit\/hannah-hoch-assembled-worlds\/"]}]},{"@type":"BreadcrumbList","@id":"https:\/\/librairie7l.com\/en\/produit\/hannah-hoch-assembled-worlds\/#breadcrumb","itemListElement":[{"@type":"ListItem","position":1,"name":"Accueil","item":"https:\/\/librairie7l.com\/en\/"},{"@type":"ListItem","position":2,"name":"Shop","item":"https:\/\/librairie7l.com\/en\/shop\/"},{"@type":"ListItem","position":3,"name":"HANNAH H\u00d6CH : ASSEMBLED WORLDS"}]},{"@type":"WebSite","@id":"https:\/\/librairie7l.com\/en\/#website","url":"https:\/\/librairie7l.com\/en\/","name":"Librairie 7L","description":"Librairie fond\u00e9e en 1999 par Karl Lagerfeld \u00e0 Paris","publisher":{"@id":"https:\/\/librairie7l.com\/en\/#organization"},"potentialAction":[{"@type":"SearchAction","target":{"@type":"EntryPoint","urlTemplate":"https:\/\/librairie7l.com\/en\/?s={search_term_string}"},"query-input":"required name=search_term_string"}],"inLanguage":"en-US"},{"@type":"Organization","@id":"https:\/\/librairie7l.com\/en\/#organization","name":"Librairie 7L","url":"https:\/\/librairie7l.com\/en\/","logo":{"@type":"ImageObject","inLanguage":"en-US","@id":"https:\/\/librairie7l.com\/en\/#\/schema\/logo\/image\/","url":"https:\/\/librairie7l.com\/wp-content\/uploads\/2022\/08\/logo-1.png","contentUrl":"https:\/\/librairie7l.com\/wp-content\/uploads\/2022\/08\/logo-1.png","width":227,"height":301,"caption":"Librairie 7L"},"image":{"@id":"https:\/\/librairie7l.com\/en\/#\/schema\/logo\/image\/"}}]}},"_links":{"self":[{"href":"https:\/\/librairie7l.com\/en\/wp-json\/wp\/v2\/product\/38531"}],"collection":[{"href":"https:\/\/librairie7l.com\/en\/wp-json\/wp\/v2\/product"}],"about":[{"href":"https:\/\/librairie7l.com\/en\/wp-json\/wp\/v2\/types\/product"}],"wp:featuredmedia":[{"embeddable":true,"href":"https:\/\/librairie7l.com\/en\/wp-json\/wp\/v2\/media\/38529"}],"wp:attachment":[{"href":"https:\/\/librairie7l.com\/en\/wp-json\/wp\/v2\/media?parent=38531"}],"wp:term":[{"taxonomy":"product_cat","embeddable":true,"href":"https:\/\/librairie7l.com\/en\/wp-json\/wp\/v2\/product_cat?post=38531"},{"taxonomy":"product_tag","embeddable":true,"href":"https:\/\/librairie7l.com\/en\/wp-json\/wp\/v2\/product_tag?post=38531"}],"curies":[{"name":"wp","href":"https:\/\/api.w.org\/{rel}","templated":true}]}}