{"id":38539,"date":"2024-05-23T19:07:14","date_gmt":"2024-05-23T17:07:14","guid":{"rendered":"https:\/\/librairie7l.com\/?post_type=product&#038;p=38539"},"modified":"2026-04-12T00:05:49","modified_gmt":"2026-04-11T22:05:49","slug":"awakening-leveil-de-la-nature-et-du-corps","status":"publish","type":"product","link":"https:\/\/librairie7l.com\/en\/produit\/awakening-leveil-de-la-nature-et-du-corps\/","title":{"rendered":"AWAKENING : L&#8217;\u00c9VEIL DE LA NATURE ET DU CORPS"},"content":{"rendered":"<p>AWAKENING  se consacre \u00e0 la Nature et au Corps, comme une fa\u00e7on de c\u00e9l\u00e9brer le printemps en s&#8217;interrogeant sur ce que signifient \u00e0 la fois la notion d&#8217;\u00ab \u00e9veil \u00bb et le concept de nature \u00e0 l&#8217;heure de l&#8217;urgence climatique, de la pand\u00e9mie-et d\u00e9sormais de la guerre. Contradictoires, puissants, ces enjeux se sont impos\u00e9s tr\u00e8s vite dans la soci\u00e9t\u00e9 et la politique, \u00e0 la fois anxiog\u00e8nes et f\u00e9d\u00e9rateurs&#8230; mais qu&#8217;en est-il des artistes ? De Rousseau \u00e0 Caspar David Friedrich ou Henry David Thoreau, artistes, philosophes et \u00e9crivains n&#8217;ont pas seulement refl\u00e9t\u00e9 les pr\u00e9occupations ou la sensibilit\u00e9 de leur temps, ils ont mis en forme, en mots ou en images, un rapport \u00e0 la nature dont nous avons besoin pour nous d\u00e9finir et nous orienter. Entre le d\u00e9sir de fuir les villes, de renouer un lien plus authentique et respectueux avec la nature, le sentiment de culpabilit\u00e9, la peur, le traumatisme des \u00ab lock down \u00bb, cette id\u00e9e d&#8217;\u00e9veil, d&#8217;\u00ab Awakening \u00bb est une piste int\u00e9ressante pour penser notre pr\u00e9sent, la possibilit\u00e9 d&#8217;une renaissance \u00e0 travers la cr\u00e9ation. AWAKENING est compos\u00e9 principalement de nouvelles cr\u00e9ations artistiques qui refl\u00e8tent quatre sections d\u00e9di\u00e9es \u00e0 la \u00ab Renaissance de la Nature \u00bb, aux \u00ab N\u00e9ologismes de la Nature \u00bb, \u00e0 la \u00ab Nature menac\u00e9e \u00bb et \u00e0 l&#8217;\u00ab \u00c9veil du Corps \u00bb&#8230;<\/p>\n","protected":false},"excerpt":{"rendered":"<p>AWAKENING se consacre \u00e0 la Nature et au Corps, comme une fa\u00e7on de c\u00e9l\u00e9brer le printemps en s&#8217;interrogeant sur ce que signifient \u00e0 la fois la notion d&#8217;\u00ab \u00e9veil \u00bb et le concept de nature \u00e0 l&#8217;heure de l&#8217;urgence climatique, de la pand\u00e9mie-et d\u00e9sormais de la guerre. Contradictoires, puissants, ces enjeux se sont impos\u00e9s tr\u00e8s [&hellip;]<\/p>\n","protected":false},"featured_media":38537,"template":"","meta":[],"product_cat":[2948,2953],"product_tag":[],"acf":[],"yoast_head":"<!-- This site is optimized with the Yoast SEO plugin v20.11 - https:\/\/yoast.com\/wordpress\/plugins\/seo\/ -->\n<title>Awakening : l&#039;\u00e9veil de la nature et du corps - Librairie 7L<\/title>\n<meta name=\"robots\" content=\"index, follow, max-snippet:-1, max-image-preview:large, max-video-preview:-1\" \/>\n<link rel=\"canonical\" href=\"https:\/\/librairie7l.com\/en\/produit\/awakening-leveil-de-la-nature-et-du-corps\/\" \/>\n<meta property=\"og:locale\" content=\"en_US\" \/>\n<meta property=\"og:type\" content=\"article\" \/>\n<meta property=\"og:title\" content=\"Awakening : l&#039;\u00e9veil de la nature et du corps - Librairie 7L\" \/>\n<meta property=\"og:description\" content=\"AWAKENING se consacre \u00e0 la Nature et au Corps, comme une fa\u00e7on de c\u00e9l\u00e9brer le printemps en s&#8217;interrogeant sur ce que signifient \u00e0 la fois la notion d&#8217;\u00ab \u00e9veil \u00bb et le concept de nature \u00e0 l&#8217;heure de l&#8217;urgence climatique, de la pand\u00e9mie-et d\u00e9sormais de la guerre. Contradictoires, puissants, ces enjeux se sont impos\u00e9s tr\u00e8s [&hellip;]\" \/>\n<meta property=\"og:url\" content=\"https:\/\/librairie7l.com\/en\/produit\/awakening-leveil-de-la-nature-et-du-corps\/\" \/>\n<meta property=\"og:site_name\" content=\"Librairie 7L\" \/>\n<meta property=\"article:modified_time\" content=\"2026-04-11T22:05:49+00:00\" \/>\n<meta property=\"og:image\" content=\"https:\/\/librairie7l.com\/wp-content\/uploads\/2023\/02\/9782382031261_1_75.jpg\" \/>\n\t<meta property=\"og:image:width\" content=\"600\" \/>\n\t<meta property=\"og:image:height\" content=\"795\" \/>\n\t<meta property=\"og:image:type\" content=\"image\/jpeg\" \/>\n<meta name=\"twitter:card\" content=\"summary_large_image\" \/>\n<meta name=\"twitter:label1\" content=\"Est. reading time\" \/>\n\t<meta name=\"twitter:data1\" content=\"1 minute\" \/>\n<script type=\"application\/ld+json\" class=\"yoast-schema-graph\">{\"@context\":\"https:\/\/schema.org\",\"@graph\":[{\"@type\":\"WebPage\",\"@id\":\"https:\/\/librairie7l.com\/en\/produit\/awakening-leveil-de-la-nature-et-du-corps\/\",\"url\":\"https:\/\/librairie7l.com\/en\/produit\/awakening-leveil-de-la-nature-et-du-corps\/\",\"name\":\"Awakening : l'\u00e9veil de la nature et du corps - Librairie 7L\",\"isPartOf\":{\"@id\":\"https:\/\/librairie7l.com\/en\/#website\"},\"datePublished\":\"2024-05-23T17:07:14+00:00\",\"dateModified\":\"2026-04-11T22:05:49+00:00\",\"breadcrumb\":{\"@id\":\"https:\/\/librairie7l.com\/en\/produit\/awakening-leveil-de-la-nature-et-du-corps\/#breadcrumb\"},\"inLanguage\":\"en-US\",\"potentialAction\":[{\"@type\":\"ReadAction\",\"target\":[\"https:\/\/librairie7l.com\/en\/produit\/awakening-leveil-de-la-nature-et-du-corps\/\"]}]},{\"@type\":\"BreadcrumbList\",\"@id\":\"https:\/\/librairie7l.com\/en\/produit\/awakening-leveil-de-la-nature-et-du-corps\/#breadcrumb\",\"itemListElement\":[{\"@type\":\"ListItem\",\"position\":1,\"name\":\"Accueil\",\"item\":\"https:\/\/librairie7l.com\/en\/\"},{\"@type\":\"ListItem\",\"position\":2,\"name\":\"Shop\",\"item\":\"https:\/\/librairie7l.com\/en\/shop\/\"},{\"@type\":\"ListItem\",\"position\":3,\"name\":\"AWAKENING : L&#8217;\u00c9VEIL DE LA NATURE ET DU CORPS\"}]},{\"@type\":\"WebSite\",\"@id\":\"https:\/\/librairie7l.com\/en\/#website\",\"url\":\"https:\/\/librairie7l.com\/en\/\",\"name\":\"Librairie 7L\",\"description\":\"Librairie fond\u00e9e en 1999 par Karl Lagerfeld \u00e0 Paris\",\"publisher\":{\"@id\":\"https:\/\/librairie7l.com\/en\/#organization\"},\"potentialAction\":[{\"@type\":\"SearchAction\",\"target\":{\"@type\":\"EntryPoint\",\"urlTemplate\":\"https:\/\/librairie7l.com\/en\/?s={search_term_string}\"},\"query-input\":\"required name=search_term_string\"}],\"inLanguage\":\"en-US\"},{\"@type\":\"Organization\",\"@id\":\"https:\/\/librairie7l.com\/en\/#organization\",\"name\":\"Librairie 7L\",\"url\":\"https:\/\/librairie7l.com\/en\/\",\"logo\":{\"@type\":\"ImageObject\",\"inLanguage\":\"en-US\",\"@id\":\"https:\/\/librairie7l.com\/en\/#\/schema\/logo\/image\/\",\"url\":\"https:\/\/librairie7l.com\/wp-content\/uploads\/2022\/08\/logo-1.png\",\"contentUrl\":\"https:\/\/librairie7l.com\/wp-content\/uploads\/2022\/08\/logo-1.png\",\"width\":227,\"height\":301,\"caption\":\"Librairie 7L\"},\"image\":{\"@id\":\"https:\/\/librairie7l.com\/en\/#\/schema\/logo\/image\/\"}}]}<\/script>\n<!-- \/ Yoast SEO plugin. -->","yoast_head_json":{"title":"Awakening : l'\u00e9veil de la nature et du corps - Librairie 7L","robots":{"index":"index","follow":"follow","max-snippet":"max-snippet:-1","max-image-preview":"max-image-preview:large","max-video-preview":"max-video-preview:-1"},"canonical":"https:\/\/librairie7l.com\/en\/produit\/awakening-leveil-de-la-nature-et-du-corps\/","og_locale":"en_US","og_type":"article","og_title":"Awakening : l'\u00e9veil de la nature et du corps - Librairie 7L","og_description":"AWAKENING se consacre \u00e0 la Nature et au Corps, comme une fa\u00e7on de c\u00e9l\u00e9brer le printemps en s&#8217;interrogeant sur ce que signifient \u00e0 la fois la notion d&#8217;\u00ab \u00e9veil \u00bb et le concept de nature \u00e0 l&#8217;heure de l&#8217;urgence climatique, de la pand\u00e9mie-et d\u00e9sormais de la guerre. Contradictoires, puissants, ces enjeux se sont impos\u00e9s tr\u00e8s [&hellip;]","og_url":"https:\/\/librairie7l.com\/en\/produit\/awakening-leveil-de-la-nature-et-du-corps\/","og_site_name":"Librairie 7L","article_modified_time":"2026-04-11T22:05:49+00:00","og_image":[{"width":600,"height":795,"url":"https:\/\/librairie7l.com\/wp-content\/uploads\/2023\/02\/9782382031261_1_75.jpg","type":"image\/jpeg"}],"twitter_card":"summary_large_image","twitter_misc":{"Est. reading time":"1 minute"},"schema":{"@context":"https:\/\/schema.org","@graph":[{"@type":"WebPage","@id":"https:\/\/librairie7l.com\/en\/produit\/awakening-leveil-de-la-nature-et-du-corps\/","url":"https:\/\/librairie7l.com\/en\/produit\/awakening-leveil-de-la-nature-et-du-corps\/","name":"Awakening : l'\u00e9veil de la nature et du corps - Librairie 7L","isPartOf":{"@id":"https:\/\/librairie7l.com\/en\/#website"},"datePublished":"2024-05-23T17:07:14+00:00","dateModified":"2026-04-11T22:05:49+00:00","breadcrumb":{"@id":"https:\/\/librairie7l.com\/en\/produit\/awakening-leveil-de-la-nature-et-du-corps\/#breadcrumb"},"inLanguage":"en-US","potentialAction":[{"@type":"ReadAction","target":["https:\/\/librairie7l.com\/en\/produit\/awakening-leveil-de-la-nature-et-du-corps\/"]}]},{"@type":"BreadcrumbList","@id":"https:\/\/librairie7l.com\/en\/produit\/awakening-leveil-de-la-nature-et-du-corps\/#breadcrumb","itemListElement":[{"@type":"ListItem","position":1,"name":"Accueil","item":"https:\/\/librairie7l.com\/en\/"},{"@type":"ListItem","position":2,"name":"Shop","item":"https:\/\/librairie7l.com\/en\/shop\/"},{"@type":"ListItem","position":3,"name":"AWAKENING : L&#8217;\u00c9VEIL DE LA NATURE ET DU CORPS"}]},{"@type":"WebSite","@id":"https:\/\/librairie7l.com\/en\/#website","url":"https:\/\/librairie7l.com\/en\/","name":"Librairie 7L","description":"Librairie fond\u00e9e en 1999 par Karl Lagerfeld \u00e0 Paris","publisher":{"@id":"https:\/\/librairie7l.com\/en\/#organization"},"potentialAction":[{"@type":"SearchAction","target":{"@type":"EntryPoint","urlTemplate":"https:\/\/librairie7l.com\/en\/?s={search_term_string}"},"query-input":"required name=search_term_string"}],"inLanguage":"en-US"},{"@type":"Organization","@id":"https:\/\/librairie7l.com\/en\/#organization","name":"Librairie 7L","url":"https:\/\/librairie7l.com\/en\/","logo":{"@type":"ImageObject","inLanguage":"en-US","@id":"https:\/\/librairie7l.com\/en\/#\/schema\/logo\/image\/","url":"https:\/\/librairie7l.com\/wp-content\/uploads\/2022\/08\/logo-1.png","contentUrl":"https:\/\/librairie7l.com\/wp-content\/uploads\/2022\/08\/logo-1.png","width":227,"height":301,"caption":"Librairie 7L"},"image":{"@id":"https:\/\/librairie7l.com\/en\/#\/schema\/logo\/image\/"}}]}},"_links":{"self":[{"href":"https:\/\/librairie7l.com\/en\/wp-json\/wp\/v2\/product\/38539"}],"collection":[{"href":"https:\/\/librairie7l.com\/en\/wp-json\/wp\/v2\/product"}],"about":[{"href":"https:\/\/librairie7l.com\/en\/wp-json\/wp\/v2\/types\/product"}],"wp:featuredmedia":[{"embeddable":true,"href":"https:\/\/librairie7l.com\/en\/wp-json\/wp\/v2\/media\/38537"}],"wp:attachment":[{"href":"https:\/\/librairie7l.com\/en\/wp-json\/wp\/v2\/media?parent=38539"}],"wp:term":[{"taxonomy":"product_cat","embeddable":true,"href":"https:\/\/librairie7l.com\/en\/wp-json\/wp\/v2\/product_cat?post=38539"},{"taxonomy":"product_tag","embeddable":true,"href":"https:\/\/librairie7l.com\/en\/wp-json\/wp\/v2\/product_tag?post=38539"}],"curies":[{"name":"wp","href":"https:\/\/api.w.org\/{rel}","templated":true}]}}