{"id":38547,"date":"2024-06-26T10:35:58","date_gmt":"2024-06-26T08:35:58","guid":{"rendered":"https:\/\/librairie7l.com\/?post_type=product&#038;p=38547"},"modified":"2026-04-22T12:06:25","modified_gmt":"2026-04-22T10:06:25","slug":"myriam-boulos-whats-ours","status":"publish","type":"product","link":"https:\/\/librairie7l.com\/en\/produit\/myriam-boulos-whats-ours\/","title":{"rendered":"MYRIAM BOULOS : WHAT&#8217;S OURS"},"content":{"rendered":"<p>Cette monographie pr\u00e9sente pour la premi\u00e8re fois le travail de la jeune photographe beyrouthine Myriam Boulos, nomin\u00e9e au sein de l&#8217;agence Magnum. Elle pose un regard sans concession sur la r\u00e9volution qui a commenc\u00e9 au Liban en 2019 avec des manifestations contre la corruption gouvernementale et l&#8217;aust\u00e9rit\u00e9, pour culminer avec les cons\u00e9quences de l&#8217;explosion d\u00e9vastatrice du port de Beyrouth en ao\u00fbt 2020. Elle repr\u00e9sente la jeunesse bouillonante de son pays, ses amis et sa famille avec une \u00e9nergie brute et une approche intime, dans la joie et la col\u00e8re. Myriam Boulos fait du corps dans l&#8217;espace public un motif puissant face \u00e0 la n\u00e9gligence et \u00e0 la violence de l&#8217;\u00c9tat. De son approche de la photographie, elle d\u00e9clare : \u00ab C&#8217;est plus un besoin qu&#8217;un choix. Je suis obs\u00e9d\u00e9e par les choses et je ne sais pas comment g\u00e9rer ces obsessions autrement que par la photographie. \u00bb<\/p>\n","protected":false},"excerpt":{"rendered":"<p>Cette monographie pr\u00e9sente pour la premi\u00e8re fois le travail de la jeune photographe beyrouthine Myriam Boulos, nomin\u00e9e au sein de l&#8217;agence Magnum. Elle pose un regard sans concession sur la r\u00e9volution qui a commenc\u00e9 au Liban en 2019 avec des manifestations contre la corruption gouvernementale et l&#8217;aust\u00e9rit\u00e9, pour culminer avec les cons\u00e9quences de l&#8217;explosion d\u00e9vastatrice [&hellip;]<\/p>\n","protected":false},"featured_media":38545,"template":"","meta":[],"product_cat":[2948,2958],"product_tag":[],"acf":[],"yoast_head":"<!-- This site is optimized with the Yoast SEO plugin v20.11 - https:\/\/yoast.com\/wordpress\/plugins\/seo\/ -->\n<title>Myriam Boulos : what&#039;s ours - Librairie 7L<\/title>\n<meta name=\"robots\" content=\"index, follow, max-snippet:-1, max-image-preview:large, max-video-preview:-1\" \/>\n<link rel=\"canonical\" href=\"https:\/\/librairie7l.com\/en\/produit\/myriam-boulos-whats-ours\/\" \/>\n<meta property=\"og:locale\" content=\"en_US\" \/>\n<meta property=\"og:type\" content=\"article\" \/>\n<meta property=\"og:title\" content=\"Myriam Boulos : what&#039;s ours - Librairie 7L\" \/>\n<meta property=\"og:description\" content=\"Cette monographie pr\u00e9sente pour la premi\u00e8re fois le travail de la jeune photographe beyrouthine Myriam Boulos, nomin\u00e9e au sein de l&#8217;agence Magnum. Elle pose un regard sans concession sur la r\u00e9volution qui a commenc\u00e9 au Liban en 2019 avec des manifestations contre la corruption gouvernementale et l&#8217;aust\u00e9rit\u00e9, pour culminer avec les cons\u00e9quences de l&#8217;explosion d\u00e9vastatrice [&hellip;]\" \/>\n<meta property=\"og:url\" content=\"https:\/\/librairie7l.com\/en\/produit\/myriam-boulos-whats-ours\/\" \/>\n<meta property=\"og:site_name\" content=\"Librairie 7L\" \/>\n<meta property=\"article:modified_time\" content=\"2026-04-22T10:06:25+00:00\" \/>\n<meta property=\"og:image\" content=\"https:\/\/librairie7l.com\/wp-content\/uploads\/2023\/06\/9781597115605_1_75.jpg\" \/>\n\t<meta property=\"og:image:width\" content=\"600\" \/>\n\t<meta property=\"og:image:height\" content=\"717\" \/>\n\t<meta property=\"og:image:type\" content=\"image\/jpeg\" \/>\n<meta name=\"twitter:card\" content=\"summary_large_image\" \/>\n<meta name=\"twitter:label1\" content=\"Est. reading time\" \/>\n\t<meta name=\"twitter:data1\" content=\"1 minute\" \/>\n<script type=\"application\/ld+json\" class=\"yoast-schema-graph\">{\"@context\":\"https:\/\/schema.org\",\"@graph\":[{\"@type\":\"WebPage\",\"@id\":\"https:\/\/librairie7l.com\/en\/produit\/myriam-boulos-whats-ours\/\",\"url\":\"https:\/\/librairie7l.com\/en\/produit\/myriam-boulos-whats-ours\/\",\"name\":\"Myriam Boulos : what's ours - Librairie 7L\",\"isPartOf\":{\"@id\":\"https:\/\/librairie7l.com\/en\/#website\"},\"datePublished\":\"2024-06-26T08:35:58+00:00\",\"dateModified\":\"2026-04-22T10:06:25+00:00\",\"breadcrumb\":{\"@id\":\"https:\/\/librairie7l.com\/en\/produit\/myriam-boulos-whats-ours\/#breadcrumb\"},\"inLanguage\":\"en-US\",\"potentialAction\":[{\"@type\":\"ReadAction\",\"target\":[\"https:\/\/librairie7l.com\/en\/produit\/myriam-boulos-whats-ours\/\"]}]},{\"@type\":\"BreadcrumbList\",\"@id\":\"https:\/\/librairie7l.com\/en\/produit\/myriam-boulos-whats-ours\/#breadcrumb\",\"itemListElement\":[{\"@type\":\"ListItem\",\"position\":1,\"name\":\"Accueil\",\"item\":\"https:\/\/librairie7l.com\/en\/\"},{\"@type\":\"ListItem\",\"position\":2,\"name\":\"Shop\",\"item\":\"https:\/\/librairie7l.com\/en\/shop\/\"},{\"@type\":\"ListItem\",\"position\":3,\"name\":\"MYRIAM BOULOS : WHAT&#8217;S OURS\"}]},{\"@type\":\"WebSite\",\"@id\":\"https:\/\/librairie7l.com\/en\/#website\",\"url\":\"https:\/\/librairie7l.com\/en\/\",\"name\":\"Librairie 7L\",\"description\":\"Librairie fond\u00e9e en 1999 par Karl Lagerfeld \u00e0 Paris\",\"publisher\":{\"@id\":\"https:\/\/librairie7l.com\/en\/#organization\"},\"potentialAction\":[{\"@type\":\"SearchAction\",\"target\":{\"@type\":\"EntryPoint\",\"urlTemplate\":\"https:\/\/librairie7l.com\/en\/?s={search_term_string}\"},\"query-input\":\"required name=search_term_string\"}],\"inLanguage\":\"en-US\"},{\"@type\":\"Organization\",\"@id\":\"https:\/\/librairie7l.com\/en\/#organization\",\"name\":\"Librairie 7L\",\"url\":\"https:\/\/librairie7l.com\/en\/\",\"logo\":{\"@type\":\"ImageObject\",\"inLanguage\":\"en-US\",\"@id\":\"https:\/\/librairie7l.com\/en\/#\/schema\/logo\/image\/\",\"url\":\"https:\/\/librairie7l.com\/wp-content\/uploads\/2022\/08\/logo-1.png\",\"contentUrl\":\"https:\/\/librairie7l.com\/wp-content\/uploads\/2022\/08\/logo-1.png\",\"width\":227,\"height\":301,\"caption\":\"Librairie 7L\"},\"image\":{\"@id\":\"https:\/\/librairie7l.com\/en\/#\/schema\/logo\/image\/\"}}]}<\/script>\n<!-- \/ Yoast SEO plugin. -->","yoast_head_json":{"title":"Myriam Boulos : what's ours - Librairie 7L","robots":{"index":"index","follow":"follow","max-snippet":"max-snippet:-1","max-image-preview":"max-image-preview:large","max-video-preview":"max-video-preview:-1"},"canonical":"https:\/\/librairie7l.com\/en\/produit\/myriam-boulos-whats-ours\/","og_locale":"en_US","og_type":"article","og_title":"Myriam Boulos : what's ours - Librairie 7L","og_description":"Cette monographie pr\u00e9sente pour la premi\u00e8re fois le travail de la jeune photographe beyrouthine Myriam Boulos, nomin\u00e9e au sein de l&#8217;agence Magnum. Elle pose un regard sans concession sur la r\u00e9volution qui a commenc\u00e9 au Liban en 2019 avec des manifestations contre la corruption gouvernementale et l&#8217;aust\u00e9rit\u00e9, pour culminer avec les cons\u00e9quences de l&#8217;explosion d\u00e9vastatrice [&hellip;]","og_url":"https:\/\/librairie7l.com\/en\/produit\/myriam-boulos-whats-ours\/","og_site_name":"Librairie 7L","article_modified_time":"2026-04-22T10:06:25+00:00","og_image":[{"width":600,"height":717,"url":"https:\/\/librairie7l.com\/wp-content\/uploads\/2023\/06\/9781597115605_1_75.jpg","type":"image\/jpeg"}],"twitter_card":"summary_large_image","twitter_misc":{"Est. reading time":"1 minute"},"schema":{"@context":"https:\/\/schema.org","@graph":[{"@type":"WebPage","@id":"https:\/\/librairie7l.com\/en\/produit\/myriam-boulos-whats-ours\/","url":"https:\/\/librairie7l.com\/en\/produit\/myriam-boulos-whats-ours\/","name":"Myriam Boulos : what's ours - Librairie 7L","isPartOf":{"@id":"https:\/\/librairie7l.com\/en\/#website"},"datePublished":"2024-06-26T08:35:58+00:00","dateModified":"2026-04-22T10:06:25+00:00","breadcrumb":{"@id":"https:\/\/librairie7l.com\/en\/produit\/myriam-boulos-whats-ours\/#breadcrumb"},"inLanguage":"en-US","potentialAction":[{"@type":"ReadAction","target":["https:\/\/librairie7l.com\/en\/produit\/myriam-boulos-whats-ours\/"]}]},{"@type":"BreadcrumbList","@id":"https:\/\/librairie7l.com\/en\/produit\/myriam-boulos-whats-ours\/#breadcrumb","itemListElement":[{"@type":"ListItem","position":1,"name":"Accueil","item":"https:\/\/librairie7l.com\/en\/"},{"@type":"ListItem","position":2,"name":"Shop","item":"https:\/\/librairie7l.com\/en\/shop\/"},{"@type":"ListItem","position":3,"name":"MYRIAM BOULOS : WHAT&#8217;S OURS"}]},{"@type":"WebSite","@id":"https:\/\/librairie7l.com\/en\/#website","url":"https:\/\/librairie7l.com\/en\/","name":"Librairie 7L","description":"Librairie fond\u00e9e en 1999 par Karl Lagerfeld \u00e0 Paris","publisher":{"@id":"https:\/\/librairie7l.com\/en\/#organization"},"potentialAction":[{"@type":"SearchAction","target":{"@type":"EntryPoint","urlTemplate":"https:\/\/librairie7l.com\/en\/?s={search_term_string}"},"query-input":"required name=search_term_string"}],"inLanguage":"en-US"},{"@type":"Organization","@id":"https:\/\/librairie7l.com\/en\/#organization","name":"Librairie 7L","url":"https:\/\/librairie7l.com\/en\/","logo":{"@type":"ImageObject","inLanguage":"en-US","@id":"https:\/\/librairie7l.com\/en\/#\/schema\/logo\/image\/","url":"https:\/\/librairie7l.com\/wp-content\/uploads\/2022\/08\/logo-1.png","contentUrl":"https:\/\/librairie7l.com\/wp-content\/uploads\/2022\/08\/logo-1.png","width":227,"height":301,"caption":"Librairie 7L"},"image":{"@id":"https:\/\/librairie7l.com\/en\/#\/schema\/logo\/image\/"}}]}},"_links":{"self":[{"href":"https:\/\/librairie7l.com\/en\/wp-json\/wp\/v2\/product\/38547"}],"collection":[{"href":"https:\/\/librairie7l.com\/en\/wp-json\/wp\/v2\/product"}],"about":[{"href":"https:\/\/librairie7l.com\/en\/wp-json\/wp\/v2\/types\/product"}],"wp:featuredmedia":[{"embeddable":true,"href":"https:\/\/librairie7l.com\/en\/wp-json\/wp\/v2\/media\/38545"}],"wp:attachment":[{"href":"https:\/\/librairie7l.com\/en\/wp-json\/wp\/v2\/media?parent=38547"}],"wp:term":[{"taxonomy":"product_cat","embeddable":true,"href":"https:\/\/librairie7l.com\/en\/wp-json\/wp\/v2\/product_cat?post=38547"},{"taxonomy":"product_tag","embeddable":true,"href":"https:\/\/librairie7l.com\/en\/wp-json\/wp\/v2\/product_tag?post=38547"}],"curies":[{"name":"wp","href":"https:\/\/api.w.org\/{rel}","templated":true}]}}