{"id":38551,"date":"2024-12-04T09:18:07","date_gmt":"2024-12-04T08:18:07","guid":{"rendered":"https:\/\/librairie7l.com\/?post_type=product&#038;p=38551"},"modified":"2026-04-12T06:06:35","modified_gmt":"2026-04-12T04:06:35","slug":"comment-regarder-la-mode-histoire-de-la-silhouette","status":"publish","type":"product","link":"https:\/\/librairie7l.com\/en\/produit\/comment-regarder-la-mode-histoire-de-la-silhouette\/","title":{"rendered":"COMMENT REGARDER&#8230; LA MODE ; HISTOIRE DE LA SILHOUETTE"},"content":{"rendered":"<p>&#8211; Les outils pour identifier la mode des XIXe et XXe si\u00e8cles \u00e0 partir de la silhouette. Cet ouvrage a obtenu en 2010 le grand prix du livre de mode d\u00e9cern\u00e9 par l&#8217;Universit\u00e9 Lyon-Lumi\u00e8re.<\/p>\n<p>Cet ouvrage offre une approche chronologique de la mode f\u00e9minine, masculine et enfantine du d\u00e9but du XIXe si\u00e8cle \u00e0 nos jours. L&#8217;ambition est de donner au lecteur des rep\u00e8res visuels pour l&#8217;aider \u00e0 dater tous types de documents sur lesquels figurent des personnages en costume civil&#8230; La colonne vert\u00e9brale de l&#8217;ouvrage est form\u00e9e par une succession de silhouettes. Ce sont des figures synth\u00e9tiques, en ombres chinoises, qui se placent sur une grille temporelle et qui, \u00e0 elles seules, r\u00e9sument les modes de leur temps. Ces silhouettes forment des t\u00eates de chapitre. Pour permettre une lecture rapide, chaque silhouette est rapidement d\u00e9crite. Suit un court texte de pr\u00e9sentation qui situe la silhouette dans son contexte historique tandis que dans une colonne parall\u00e8le, figurent des donn\u00e9es essentielles se rapportant \u00e0 l&#8217;\u00e9volution du syst\u00e8me de la mode. Les pages suivantes d\u00e9clinent la silhouette de r\u00e9f\u00e9rence \u00ab sous toutes ses coutures \u00bb au moyen d&#8217;une iconographie la plus vari\u00e9e possible : gravures de mode, illustrations, caricatures, publicit\u00e9s, photographies de mode, de croquis de cr\u00e9ateurs, ou m\u00eame clich\u00e9s plus anonymes. Les images ainsi rassembl\u00e9es, d\u00fbment l\u00e9gend\u00e9es et pr\u00e9sent\u00e9es chronologiquement, sont assorties de brefs commentaires. Ceux-ci soulignent et expliquent ce qui dans les v\u00eatement et les sous-v\u00eatements, le maquillage et la coiffure, les accessoires ou la gestuelle, est propre \u00e0 une certaine esth\u00e9tique et contribue \u00e0 d\u00e9finir le style d&#8217;une \u00e9poque. Mots cl\u00e9s : Dior, Chanel, Worth, Poiret, Doucet. Cet ouvrage a obtenu en 2010 le grand prix du livre de mode d\u00e9cern\u00e9 par l&#8217;Universit\u00e9 Lyon-Lumi\u00e8re.<\/p>\n","protected":false},"excerpt":{"rendered":"<p>&#8211; Les outils pour identifier la mode des XIXe et XXe si\u00e8cles \u00e0 partir de la silhouette. Cet ouvrage a obtenu en 2010 le grand prix du livre de mode d\u00e9cern\u00e9 par l&#8217;Universit\u00e9 Lyon-Lumi\u00e8re. Cet ouvrage offre une approche chronologique de la mode f\u00e9minine, masculine et enfantine du d\u00e9but du XIXe si\u00e8cle \u00e0 nos jours. [&hellip;]<\/p>\n","protected":false},"featured_media":38549,"template":"","meta":[],"product_cat":[2948,2957],"product_tag":[],"acf":[],"yoast_head":"<!-- This site is optimized with the Yoast SEO plugin v20.11 - https:\/\/yoast.com\/wordpress\/plugins\/seo\/ -->\n<title>Comment regarder... la mode ; histoire de la silhouette - Librairie 7L<\/title>\n<meta name=\"robots\" content=\"index, follow, max-snippet:-1, max-image-preview:large, max-video-preview:-1\" \/>\n<link rel=\"canonical\" href=\"https:\/\/librairie7l.com\/en\/produit\/comment-regarder-la-mode-histoire-de-la-silhouette\/\" \/>\n<meta property=\"og:locale\" content=\"en_US\" \/>\n<meta property=\"og:type\" content=\"article\" \/>\n<meta property=\"og:title\" content=\"Comment regarder... la mode ; histoire de la silhouette - Librairie 7L\" \/>\n<meta property=\"og:description\" content=\"&#8211; Les outils pour identifier la mode des XIXe et XXe si\u00e8cles \u00e0 partir de la silhouette. Cet ouvrage a obtenu en 2010 le grand prix du livre de mode d\u00e9cern\u00e9 par l&#8217;Universit\u00e9 Lyon-Lumi\u00e8re. Cet ouvrage offre une approche chronologique de la mode f\u00e9minine, masculine et enfantine du d\u00e9but du XIXe si\u00e8cle \u00e0 nos jours. [&hellip;]\" \/>\n<meta property=\"og:url\" content=\"https:\/\/librairie7l.com\/en\/produit\/comment-regarder-la-mode-histoire-de-la-silhouette\/\" \/>\n<meta property=\"og:site_name\" content=\"Librairie 7L\" \/>\n<meta property=\"article:modified_time\" content=\"2026-04-12T04:06:35+00:00\" \/>\n<meta property=\"og:image\" content=\"https:\/\/librairie7l.com\/wp-content\/uploads\/2013\/06\/9782754107204_1_75.jpg\" \/>\n\t<meta property=\"og:image:width\" content=\"600\" \/>\n\t<meta property=\"og:image:height\" content=\"869\" \/>\n\t<meta property=\"og:image:type\" content=\"image\/jpeg\" \/>\n<meta name=\"twitter:card\" content=\"summary_large_image\" \/>\n<meta name=\"twitter:label1\" content=\"Est. reading time\" \/>\n\t<meta name=\"twitter:data1\" content=\"2 minutes\" \/>\n<script type=\"application\/ld+json\" class=\"yoast-schema-graph\">{\"@context\":\"https:\/\/schema.org\",\"@graph\":[{\"@type\":\"WebPage\",\"@id\":\"https:\/\/librairie7l.com\/en\/produit\/comment-regarder-la-mode-histoire-de-la-silhouette\/\",\"url\":\"https:\/\/librairie7l.com\/en\/produit\/comment-regarder-la-mode-histoire-de-la-silhouette\/\",\"name\":\"Comment regarder... la mode ; histoire de la silhouette - Librairie 7L\",\"isPartOf\":{\"@id\":\"https:\/\/librairie7l.com\/en\/#website\"},\"datePublished\":\"2024-12-04T08:18:07+00:00\",\"dateModified\":\"2026-04-12T04:06:35+00:00\",\"breadcrumb\":{\"@id\":\"https:\/\/librairie7l.com\/en\/produit\/comment-regarder-la-mode-histoire-de-la-silhouette\/#breadcrumb\"},\"inLanguage\":\"en-US\",\"potentialAction\":[{\"@type\":\"ReadAction\",\"target\":[\"https:\/\/librairie7l.com\/en\/produit\/comment-regarder-la-mode-histoire-de-la-silhouette\/\"]}]},{\"@type\":\"BreadcrumbList\",\"@id\":\"https:\/\/librairie7l.com\/en\/produit\/comment-regarder-la-mode-histoire-de-la-silhouette\/#breadcrumb\",\"itemListElement\":[{\"@type\":\"ListItem\",\"position\":1,\"name\":\"Accueil\",\"item\":\"https:\/\/librairie7l.com\/en\/\"},{\"@type\":\"ListItem\",\"position\":2,\"name\":\"Shop\",\"item\":\"https:\/\/librairie7l.com\/en\/shop\/\"},{\"@type\":\"ListItem\",\"position\":3,\"name\":\"COMMENT REGARDER&#8230; LA MODE ; HISTOIRE DE LA SILHOUETTE\"}]},{\"@type\":\"WebSite\",\"@id\":\"https:\/\/librairie7l.com\/en\/#website\",\"url\":\"https:\/\/librairie7l.com\/en\/\",\"name\":\"Librairie 7L\",\"description\":\"Librairie fond\u00e9e en 1999 par Karl Lagerfeld \u00e0 Paris\",\"publisher\":{\"@id\":\"https:\/\/librairie7l.com\/en\/#organization\"},\"potentialAction\":[{\"@type\":\"SearchAction\",\"target\":{\"@type\":\"EntryPoint\",\"urlTemplate\":\"https:\/\/librairie7l.com\/en\/?s={search_term_string}\"},\"query-input\":\"required name=search_term_string\"}],\"inLanguage\":\"en-US\"},{\"@type\":\"Organization\",\"@id\":\"https:\/\/librairie7l.com\/en\/#organization\",\"name\":\"Librairie 7L\",\"url\":\"https:\/\/librairie7l.com\/en\/\",\"logo\":{\"@type\":\"ImageObject\",\"inLanguage\":\"en-US\",\"@id\":\"https:\/\/librairie7l.com\/en\/#\/schema\/logo\/image\/\",\"url\":\"https:\/\/librairie7l.com\/wp-content\/uploads\/2022\/08\/logo-1.png\",\"contentUrl\":\"https:\/\/librairie7l.com\/wp-content\/uploads\/2022\/08\/logo-1.png\",\"width\":227,\"height\":301,\"caption\":\"Librairie 7L\"},\"image\":{\"@id\":\"https:\/\/librairie7l.com\/en\/#\/schema\/logo\/image\/\"}}]}<\/script>\n<!-- \/ Yoast SEO plugin. -->","yoast_head_json":{"title":"Comment regarder... la mode ; histoire de la silhouette - Librairie 7L","robots":{"index":"index","follow":"follow","max-snippet":"max-snippet:-1","max-image-preview":"max-image-preview:large","max-video-preview":"max-video-preview:-1"},"canonical":"https:\/\/librairie7l.com\/en\/produit\/comment-regarder-la-mode-histoire-de-la-silhouette\/","og_locale":"en_US","og_type":"article","og_title":"Comment regarder... la mode ; histoire de la silhouette - Librairie 7L","og_description":"&#8211; Les outils pour identifier la mode des XIXe et XXe si\u00e8cles \u00e0 partir de la silhouette. Cet ouvrage a obtenu en 2010 le grand prix du livre de mode d\u00e9cern\u00e9 par l&#8217;Universit\u00e9 Lyon-Lumi\u00e8re. Cet ouvrage offre une approche chronologique de la mode f\u00e9minine, masculine et enfantine du d\u00e9but du XIXe si\u00e8cle \u00e0 nos jours. [&hellip;]","og_url":"https:\/\/librairie7l.com\/en\/produit\/comment-regarder-la-mode-histoire-de-la-silhouette\/","og_site_name":"Librairie 7L","article_modified_time":"2026-04-12T04:06:35+00:00","og_image":[{"width":600,"height":869,"url":"https:\/\/librairie7l.com\/wp-content\/uploads\/2013\/06\/9782754107204_1_75.jpg","type":"image\/jpeg"}],"twitter_card":"summary_large_image","twitter_misc":{"Est. reading time":"2 minutes"},"schema":{"@context":"https:\/\/schema.org","@graph":[{"@type":"WebPage","@id":"https:\/\/librairie7l.com\/en\/produit\/comment-regarder-la-mode-histoire-de-la-silhouette\/","url":"https:\/\/librairie7l.com\/en\/produit\/comment-regarder-la-mode-histoire-de-la-silhouette\/","name":"Comment regarder... la mode ; histoire de la silhouette - Librairie 7L","isPartOf":{"@id":"https:\/\/librairie7l.com\/en\/#website"},"datePublished":"2024-12-04T08:18:07+00:00","dateModified":"2026-04-12T04:06:35+00:00","breadcrumb":{"@id":"https:\/\/librairie7l.com\/en\/produit\/comment-regarder-la-mode-histoire-de-la-silhouette\/#breadcrumb"},"inLanguage":"en-US","potentialAction":[{"@type":"ReadAction","target":["https:\/\/librairie7l.com\/en\/produit\/comment-regarder-la-mode-histoire-de-la-silhouette\/"]}]},{"@type":"BreadcrumbList","@id":"https:\/\/librairie7l.com\/en\/produit\/comment-regarder-la-mode-histoire-de-la-silhouette\/#breadcrumb","itemListElement":[{"@type":"ListItem","position":1,"name":"Accueil","item":"https:\/\/librairie7l.com\/en\/"},{"@type":"ListItem","position":2,"name":"Shop","item":"https:\/\/librairie7l.com\/en\/shop\/"},{"@type":"ListItem","position":3,"name":"COMMENT REGARDER&#8230; LA MODE ; HISTOIRE DE LA SILHOUETTE"}]},{"@type":"WebSite","@id":"https:\/\/librairie7l.com\/en\/#website","url":"https:\/\/librairie7l.com\/en\/","name":"Librairie 7L","description":"Librairie fond\u00e9e en 1999 par Karl Lagerfeld \u00e0 Paris","publisher":{"@id":"https:\/\/librairie7l.com\/en\/#organization"},"potentialAction":[{"@type":"SearchAction","target":{"@type":"EntryPoint","urlTemplate":"https:\/\/librairie7l.com\/en\/?s={search_term_string}"},"query-input":"required name=search_term_string"}],"inLanguage":"en-US"},{"@type":"Organization","@id":"https:\/\/librairie7l.com\/en\/#organization","name":"Librairie 7L","url":"https:\/\/librairie7l.com\/en\/","logo":{"@type":"ImageObject","inLanguage":"en-US","@id":"https:\/\/librairie7l.com\/en\/#\/schema\/logo\/image\/","url":"https:\/\/librairie7l.com\/wp-content\/uploads\/2022\/08\/logo-1.png","contentUrl":"https:\/\/librairie7l.com\/wp-content\/uploads\/2022\/08\/logo-1.png","width":227,"height":301,"caption":"Librairie 7L"},"image":{"@id":"https:\/\/librairie7l.com\/en\/#\/schema\/logo\/image\/"}}]}},"_links":{"self":[{"href":"https:\/\/librairie7l.com\/en\/wp-json\/wp\/v2\/product\/38551"}],"collection":[{"href":"https:\/\/librairie7l.com\/en\/wp-json\/wp\/v2\/product"}],"about":[{"href":"https:\/\/librairie7l.com\/en\/wp-json\/wp\/v2\/types\/product"}],"wp:featuredmedia":[{"embeddable":true,"href":"https:\/\/librairie7l.com\/en\/wp-json\/wp\/v2\/media\/38549"}],"wp:attachment":[{"href":"https:\/\/librairie7l.com\/en\/wp-json\/wp\/v2\/media?parent=38551"}],"wp:term":[{"taxonomy":"product_cat","embeddable":true,"href":"https:\/\/librairie7l.com\/en\/wp-json\/wp\/v2\/product_cat?post=38551"},{"taxonomy":"product_tag","embeddable":true,"href":"https:\/\/librairie7l.com\/en\/wp-json\/wp\/v2\/product_tag?post=38551"}],"curies":[{"name":"wp","href":"https:\/\/api.w.org\/{rel}","templated":true}]}}