{"id":38555,"date":"2024-02-09T09:41:40","date_gmt":"2024-02-09T08:41:40","guid":{"rendered":"https:\/\/librairie7l.com\/?post_type=product&#038;p=38555"},"modified":"2026-04-07T14:08:09","modified_gmt":"2026-04-07T12:08:09","slug":"italian-textile-design","status":"publish","type":"product","link":"https:\/\/librairie7l.com\/en\/produit\/italian-textile-design\/","title":{"rendered":"ITALIAN TEXTILE DESIGN"},"content":{"rendered":"<p>Ce volume rend hommage aux artistes, stylistes, designers et entreprises qui ont contribu\u00e9 \u00e0 construire la renomm\u00e9e du tissu italien dans le monde, du d\u00e9but du XXe si\u00e8cle \u00e0 l&#8217;\u00e9poque contemporaine. Il va des exp\u00e9riences de Lucio Fontana et Gio Ponti aux motifs optiques de Germana Marucelli et aux motifs kal\u00e9idoscopiques d&#8217;Emilio Pucci, des effets trompe-l&#8217;oeil de Roberta di Camerino aux sensibilit\u00e9s pop de Ken Scott, Elio Fiorucci, Gianni Versace et Franco Moschino, en passant du travail sur le patrimoine de Prada, Valentino et Marni \u00e0 la valorisation des archives de Missoni, jusqu&#8217;aux hybridations graphiques de Maison Laponte, Gentile Catone et Colomba Leddi. Une histoire profond\u00e9ment li\u00e9e \u00e0 la naissance du concept du made in Italy, qui a contribu\u00e9 de mani\u00e8re significative \u00e0 la renomm\u00e9e internationale de l&#8217;Italie en tant que bastion de la mode et du design de haute qualit\u00e9. Plus de 500 illustrations, photographies et dessins pr\u00e9paratoires, pour la plupart in\u00e9dits et provenant d&#8217;archives d&#8217;entreprises et priv\u00e9es, racontent l&#8217;histoire des r\u00e9ussites cr\u00e9atives les plus importantes de ce pays.<\/p>\n","protected":false},"excerpt":{"rendered":"<p>Ce volume rend hommage aux artistes, stylistes, designers et entreprises qui ont contribu\u00e9 \u00e0 construire la renomm\u00e9e du tissu italien dans le monde, du d\u00e9but du XXe si\u00e8cle \u00e0 l&#8217;\u00e9poque contemporaine. Il va des exp\u00e9riences de Lucio Fontana et Gio Ponti aux motifs optiques de Germana Marucelli et aux motifs kal\u00e9idoscopiques d&#8217;Emilio Pucci, des effets [&hellip;]<\/p>\n","protected":false},"featured_media":38553,"template":"","meta":[],"product_cat":[2948,2957],"product_tag":[],"acf":[],"yoast_head":"<!-- This site is optimized with the Yoast SEO plugin v20.11 - https:\/\/yoast.com\/wordpress\/plugins\/seo\/ -->\n<title>Italian textile design - Librairie 7L<\/title>\n<meta name=\"robots\" content=\"index, follow, max-snippet:-1, max-image-preview:large, max-video-preview:-1\" \/>\n<link rel=\"canonical\" href=\"https:\/\/librairie7l.com\/en\/produit\/italian-textile-design\/\" \/>\n<meta property=\"og:locale\" content=\"en_US\" \/>\n<meta property=\"og:type\" content=\"article\" \/>\n<meta property=\"og:title\" content=\"Italian textile design - Librairie 7L\" \/>\n<meta property=\"og:description\" content=\"Ce volume rend hommage aux artistes, stylistes, designers et entreprises qui ont contribu\u00e9 \u00e0 construire la renomm\u00e9e du tissu italien dans le monde, du d\u00e9but du XXe si\u00e8cle \u00e0 l&#8217;\u00e9poque contemporaine. Il va des exp\u00e9riences de Lucio Fontana et Gio Ponti aux motifs optiques de Germana Marucelli et aux motifs kal\u00e9idoscopiques d&#8217;Emilio Pucci, des effets [&hellip;]\" \/>\n<meta property=\"og:url\" content=\"https:\/\/librairie7l.com\/en\/produit\/italian-textile-design\/\" \/>\n<meta property=\"og:site_name\" content=\"Librairie 7L\" \/>\n<meta property=\"article:modified_time\" content=\"2026-04-07T12:08:09+00:00\" \/>\n<meta property=\"og:image\" content=\"https:\/\/librairie7l.com\/wp-content\/uploads\/2023\/01\/9791254630891_1_75.jpg\" \/>\n\t<meta property=\"og:image:width\" content=\"600\" \/>\n\t<meta property=\"og:image:height\" content=\"720\" \/>\n\t<meta property=\"og:image:type\" content=\"image\/jpeg\" \/>\n<meta name=\"twitter:card\" content=\"summary_large_image\" \/>\n<meta name=\"twitter:label1\" content=\"Est. reading time\" \/>\n\t<meta name=\"twitter:data1\" content=\"1 minute\" \/>\n<script type=\"application\/ld+json\" class=\"yoast-schema-graph\">{\"@context\":\"https:\/\/schema.org\",\"@graph\":[{\"@type\":\"WebPage\",\"@id\":\"https:\/\/librairie7l.com\/en\/produit\/italian-textile-design\/\",\"url\":\"https:\/\/librairie7l.com\/en\/produit\/italian-textile-design\/\",\"name\":\"Italian textile design - Librairie 7L\",\"isPartOf\":{\"@id\":\"https:\/\/librairie7l.com\/en\/#website\"},\"datePublished\":\"2024-02-09T08:41:40+00:00\",\"dateModified\":\"2026-04-07T12:08:09+00:00\",\"breadcrumb\":{\"@id\":\"https:\/\/librairie7l.com\/en\/produit\/italian-textile-design\/#breadcrumb\"},\"inLanguage\":\"en-US\",\"potentialAction\":[{\"@type\":\"ReadAction\",\"target\":[\"https:\/\/librairie7l.com\/en\/produit\/italian-textile-design\/\"]}]},{\"@type\":\"BreadcrumbList\",\"@id\":\"https:\/\/librairie7l.com\/en\/produit\/italian-textile-design\/#breadcrumb\",\"itemListElement\":[{\"@type\":\"ListItem\",\"position\":1,\"name\":\"Accueil\",\"item\":\"https:\/\/librairie7l.com\/en\/\"},{\"@type\":\"ListItem\",\"position\":2,\"name\":\"Shop\",\"item\":\"https:\/\/librairie7l.com\/en\/shop\/\"},{\"@type\":\"ListItem\",\"position\":3,\"name\":\"ITALIAN TEXTILE DESIGN\"}]},{\"@type\":\"WebSite\",\"@id\":\"https:\/\/librairie7l.com\/en\/#website\",\"url\":\"https:\/\/librairie7l.com\/en\/\",\"name\":\"Librairie 7L\",\"description\":\"Librairie fond\u00e9e en 1999 par Karl Lagerfeld \u00e0 Paris\",\"publisher\":{\"@id\":\"https:\/\/librairie7l.com\/en\/#organization\"},\"potentialAction\":[{\"@type\":\"SearchAction\",\"target\":{\"@type\":\"EntryPoint\",\"urlTemplate\":\"https:\/\/librairie7l.com\/en\/?s={search_term_string}\"},\"query-input\":\"required name=search_term_string\"}],\"inLanguage\":\"en-US\"},{\"@type\":\"Organization\",\"@id\":\"https:\/\/librairie7l.com\/en\/#organization\",\"name\":\"Librairie 7L\",\"url\":\"https:\/\/librairie7l.com\/en\/\",\"logo\":{\"@type\":\"ImageObject\",\"inLanguage\":\"en-US\",\"@id\":\"https:\/\/librairie7l.com\/en\/#\/schema\/logo\/image\/\",\"url\":\"https:\/\/librairie7l.com\/wp-content\/uploads\/2022\/08\/logo-1.png\",\"contentUrl\":\"https:\/\/librairie7l.com\/wp-content\/uploads\/2022\/08\/logo-1.png\",\"width\":227,\"height\":301,\"caption\":\"Librairie 7L\"},\"image\":{\"@id\":\"https:\/\/librairie7l.com\/en\/#\/schema\/logo\/image\/\"}}]}<\/script>\n<!-- \/ Yoast SEO plugin. -->","yoast_head_json":{"title":"Italian textile design - Librairie 7L","robots":{"index":"index","follow":"follow","max-snippet":"max-snippet:-1","max-image-preview":"max-image-preview:large","max-video-preview":"max-video-preview:-1"},"canonical":"https:\/\/librairie7l.com\/en\/produit\/italian-textile-design\/","og_locale":"en_US","og_type":"article","og_title":"Italian textile design - Librairie 7L","og_description":"Ce volume rend hommage aux artistes, stylistes, designers et entreprises qui ont contribu\u00e9 \u00e0 construire la renomm\u00e9e du tissu italien dans le monde, du d\u00e9but du XXe si\u00e8cle \u00e0 l&#8217;\u00e9poque contemporaine. Il va des exp\u00e9riences de Lucio Fontana et Gio Ponti aux motifs optiques de Germana Marucelli et aux motifs kal\u00e9idoscopiques d&#8217;Emilio Pucci, des effets [&hellip;]","og_url":"https:\/\/librairie7l.com\/en\/produit\/italian-textile-design\/","og_site_name":"Librairie 7L","article_modified_time":"2026-04-07T12:08:09+00:00","og_image":[{"width":600,"height":720,"url":"https:\/\/librairie7l.com\/wp-content\/uploads\/2023\/01\/9791254630891_1_75.jpg","type":"image\/jpeg"}],"twitter_card":"summary_large_image","twitter_misc":{"Est. reading time":"1 minute"},"schema":{"@context":"https:\/\/schema.org","@graph":[{"@type":"WebPage","@id":"https:\/\/librairie7l.com\/en\/produit\/italian-textile-design\/","url":"https:\/\/librairie7l.com\/en\/produit\/italian-textile-design\/","name":"Italian textile design - Librairie 7L","isPartOf":{"@id":"https:\/\/librairie7l.com\/en\/#website"},"datePublished":"2024-02-09T08:41:40+00:00","dateModified":"2026-04-07T12:08:09+00:00","breadcrumb":{"@id":"https:\/\/librairie7l.com\/en\/produit\/italian-textile-design\/#breadcrumb"},"inLanguage":"en-US","potentialAction":[{"@type":"ReadAction","target":["https:\/\/librairie7l.com\/en\/produit\/italian-textile-design\/"]}]},{"@type":"BreadcrumbList","@id":"https:\/\/librairie7l.com\/en\/produit\/italian-textile-design\/#breadcrumb","itemListElement":[{"@type":"ListItem","position":1,"name":"Accueil","item":"https:\/\/librairie7l.com\/en\/"},{"@type":"ListItem","position":2,"name":"Shop","item":"https:\/\/librairie7l.com\/en\/shop\/"},{"@type":"ListItem","position":3,"name":"ITALIAN TEXTILE DESIGN"}]},{"@type":"WebSite","@id":"https:\/\/librairie7l.com\/en\/#website","url":"https:\/\/librairie7l.com\/en\/","name":"Librairie 7L","description":"Librairie fond\u00e9e en 1999 par Karl Lagerfeld \u00e0 Paris","publisher":{"@id":"https:\/\/librairie7l.com\/en\/#organization"},"potentialAction":[{"@type":"SearchAction","target":{"@type":"EntryPoint","urlTemplate":"https:\/\/librairie7l.com\/en\/?s={search_term_string}"},"query-input":"required name=search_term_string"}],"inLanguage":"en-US"},{"@type":"Organization","@id":"https:\/\/librairie7l.com\/en\/#organization","name":"Librairie 7L","url":"https:\/\/librairie7l.com\/en\/","logo":{"@type":"ImageObject","inLanguage":"en-US","@id":"https:\/\/librairie7l.com\/en\/#\/schema\/logo\/image\/","url":"https:\/\/librairie7l.com\/wp-content\/uploads\/2022\/08\/logo-1.png","contentUrl":"https:\/\/librairie7l.com\/wp-content\/uploads\/2022\/08\/logo-1.png","width":227,"height":301,"caption":"Librairie 7L"},"image":{"@id":"https:\/\/librairie7l.com\/en\/#\/schema\/logo\/image\/"}}]}},"_links":{"self":[{"href":"https:\/\/librairie7l.com\/en\/wp-json\/wp\/v2\/product\/38555"}],"collection":[{"href":"https:\/\/librairie7l.com\/en\/wp-json\/wp\/v2\/product"}],"about":[{"href":"https:\/\/librairie7l.com\/en\/wp-json\/wp\/v2\/types\/product"}],"wp:featuredmedia":[{"embeddable":true,"href":"https:\/\/librairie7l.com\/en\/wp-json\/wp\/v2\/media\/38553"}],"wp:attachment":[{"href":"https:\/\/librairie7l.com\/en\/wp-json\/wp\/v2\/media?parent=38555"}],"wp:term":[{"taxonomy":"product_cat","embeddable":true,"href":"https:\/\/librairie7l.com\/en\/wp-json\/wp\/v2\/product_cat?post=38555"},{"taxonomy":"product_tag","embeddable":true,"href":"https:\/\/librairie7l.com\/en\/wp-json\/wp\/v2\/product_tag?post=38555"}],"curies":[{"name":"wp","href":"https:\/\/api.w.org\/{rel}","templated":true}]}}