{"id":38575,"date":"2024-02-09T09:42:05","date_gmt":"2024-02-09T08:42:05","guid":{"rendered":"https:\/\/librairie7l.com\/?post_type=product&#038;p=38575"},"modified":"2026-04-17T12:51:01","modified_gmt":"2026-04-17T10:51:01","slug":"mountain-house-studies-in-elevated-design","status":"publish","type":"product","link":"https:\/\/librairie7l.com\/en\/produit\/mountain-house-studies-in-elevated-design\/","title":{"rendered":"MOUNTAIN HOUSE : STUDIES IN ELEVATED DESIGN"},"content":{"rendered":"<p>A travers diff\u00e9rents continents et climats, les vingt maisons pr\u00e9sent\u00e9es dans le dernier livre de l&#8217;architecte d&#8217;int\u00e9rieur Nina Freudenberger poussent les limites de la conception d&#8217;une maison de montagne. Les r\u00e9sidences d&#8217;artistes dans le Haut Atlas marocain et les refuges de la vall\u00e9e de l&#8217;Engadine en Suisse t\u00e9moignent de la longue tradition des espaces montagnards de contemplation et de cr\u00e9ation, tandis que les chefs-d&#8217;oeuvre modernistes du Cap et de Rio de Janeiro \u00e9largissent l&#8217;image traditionnelle des cabanes en rondins et des chalets rustiques. La s\u00e9lection pr\u00e9sent\u00e9e dans ce volume comprend des lodges brutalistes, des cottages en planches \u00e0 clin et des prismes minimalistes implant\u00e9s au milieu de certains des paysages les plus spectaculaires du monde. Dans leur incroyable diversit\u00e9, ces lieux de vie expriment l&#8217;ing\u00e9niosit\u00e9 radicale et l&#8217;\u00e9tonnante cr\u00e9ativit\u00e9 que la montagne a toujours inspir\u00e9.<\/p>\n","protected":false},"excerpt":{"rendered":"<p>A travers diff\u00e9rents continents et climats, les vingt maisons pr\u00e9sent\u00e9es dans le dernier livre de l&#8217;architecte d&#8217;int\u00e9rieur Nina Freudenberger poussent les limites de la conception d&#8217;une maison de montagne. Les r\u00e9sidences d&#8217;artistes dans le Haut Atlas marocain et les refuges de la vall\u00e9e de l&#8217;Engadine en Suisse t\u00e9moignent de la longue tradition des espaces montagnards [&hellip;]<\/p>\n","protected":false},"featured_media":38573,"template":"","meta":[],"product_cat":[2948,2951],"product_tag":[],"acf":[],"yoast_head":"<!-- This site is optimized with the Yoast SEO plugin v20.11 - https:\/\/yoast.com\/wordpress\/plugins\/seo\/ -->\n<title>Mountain house : studies in elevated design - Librairie 7L<\/title>\n<meta name=\"robots\" content=\"index, follow, max-snippet:-1, max-image-preview:large, max-video-preview:-1\" \/>\n<link rel=\"canonical\" href=\"https:\/\/librairie7l.com\/en\/produit\/mountain-house-studies-in-elevated-design\/\" \/>\n<meta property=\"og:locale\" content=\"en_US\" \/>\n<meta property=\"og:type\" content=\"article\" \/>\n<meta property=\"og:title\" content=\"Mountain house : studies in elevated design - Librairie 7L\" \/>\n<meta property=\"og:description\" content=\"A travers diff\u00e9rents continents et climats, les vingt maisons pr\u00e9sent\u00e9es dans le dernier livre de l&#8217;architecte d&#8217;int\u00e9rieur Nina Freudenberger poussent les limites de la conception d&#8217;une maison de montagne. Les r\u00e9sidences d&#8217;artistes dans le Haut Atlas marocain et les refuges de la vall\u00e9e de l&#8217;Engadine en Suisse t\u00e9moignent de la longue tradition des espaces montagnards [&hellip;]\" \/>\n<meta property=\"og:url\" content=\"https:\/\/librairie7l.com\/en\/produit\/mountain-house-studies-in-elevated-design\/\" \/>\n<meta property=\"og:site_name\" content=\"Librairie 7L\" \/>\n<meta property=\"article:modified_time\" content=\"2026-04-17T10:51:01+00:00\" \/>\n<meta property=\"og:image\" content=\"https:\/\/librairie7l.com\/wp-content\/uploads\/2023\/04\/9780593233054_1_75.jpg\" \/>\n\t<meta property=\"og:image:width\" content=\"367\" \/>\n\t<meta property=\"og:image:height\" content=\"500\" \/>\n\t<meta property=\"og:image:type\" content=\"image\/jpeg\" \/>\n<meta name=\"twitter:card\" content=\"summary_large_image\" \/>\n<meta name=\"twitter:label1\" content=\"Est. reading time\" \/>\n\t<meta name=\"twitter:data1\" content=\"1 minute\" \/>\n<script type=\"application\/ld+json\" class=\"yoast-schema-graph\">{\"@context\":\"https:\/\/schema.org\",\"@graph\":[{\"@type\":\"WebPage\",\"@id\":\"https:\/\/librairie7l.com\/en\/produit\/mountain-house-studies-in-elevated-design\/\",\"url\":\"https:\/\/librairie7l.com\/en\/produit\/mountain-house-studies-in-elevated-design\/\",\"name\":\"Mountain house : studies in elevated design - Librairie 7L\",\"isPartOf\":{\"@id\":\"https:\/\/librairie7l.com\/en\/#website\"},\"datePublished\":\"2024-02-09T08:42:05+00:00\",\"dateModified\":\"2026-04-17T10:51:01+00:00\",\"breadcrumb\":{\"@id\":\"https:\/\/librairie7l.com\/en\/produit\/mountain-house-studies-in-elevated-design\/#breadcrumb\"},\"inLanguage\":\"en-US\",\"potentialAction\":[{\"@type\":\"ReadAction\",\"target\":[\"https:\/\/librairie7l.com\/en\/produit\/mountain-house-studies-in-elevated-design\/\"]}]},{\"@type\":\"BreadcrumbList\",\"@id\":\"https:\/\/librairie7l.com\/en\/produit\/mountain-house-studies-in-elevated-design\/#breadcrumb\",\"itemListElement\":[{\"@type\":\"ListItem\",\"position\":1,\"name\":\"Accueil\",\"item\":\"https:\/\/librairie7l.com\/en\/\"},{\"@type\":\"ListItem\",\"position\":2,\"name\":\"Shop\",\"item\":\"https:\/\/librairie7l.com\/en\/shop\/\"},{\"@type\":\"ListItem\",\"position\":3,\"name\":\"MOUNTAIN HOUSE : STUDIES IN ELEVATED DESIGN\"}]},{\"@type\":\"WebSite\",\"@id\":\"https:\/\/librairie7l.com\/en\/#website\",\"url\":\"https:\/\/librairie7l.com\/en\/\",\"name\":\"Librairie 7L\",\"description\":\"Librairie fond\u00e9e en 1999 par Karl Lagerfeld \u00e0 Paris\",\"publisher\":{\"@id\":\"https:\/\/librairie7l.com\/en\/#organization\"},\"potentialAction\":[{\"@type\":\"SearchAction\",\"target\":{\"@type\":\"EntryPoint\",\"urlTemplate\":\"https:\/\/librairie7l.com\/en\/?s={search_term_string}\"},\"query-input\":\"required name=search_term_string\"}],\"inLanguage\":\"en-US\"},{\"@type\":\"Organization\",\"@id\":\"https:\/\/librairie7l.com\/en\/#organization\",\"name\":\"Librairie 7L\",\"url\":\"https:\/\/librairie7l.com\/en\/\",\"logo\":{\"@type\":\"ImageObject\",\"inLanguage\":\"en-US\",\"@id\":\"https:\/\/librairie7l.com\/en\/#\/schema\/logo\/image\/\",\"url\":\"https:\/\/librairie7l.com\/wp-content\/uploads\/2022\/08\/logo-1.png\",\"contentUrl\":\"https:\/\/librairie7l.com\/wp-content\/uploads\/2022\/08\/logo-1.png\",\"width\":227,\"height\":301,\"caption\":\"Librairie 7L\"},\"image\":{\"@id\":\"https:\/\/librairie7l.com\/en\/#\/schema\/logo\/image\/\"}}]}<\/script>\n<!-- \/ Yoast SEO plugin. -->","yoast_head_json":{"title":"Mountain house : studies in elevated design - Librairie 7L","robots":{"index":"index","follow":"follow","max-snippet":"max-snippet:-1","max-image-preview":"max-image-preview:large","max-video-preview":"max-video-preview:-1"},"canonical":"https:\/\/librairie7l.com\/en\/produit\/mountain-house-studies-in-elevated-design\/","og_locale":"en_US","og_type":"article","og_title":"Mountain house : studies in elevated design - Librairie 7L","og_description":"A travers diff\u00e9rents continents et climats, les vingt maisons pr\u00e9sent\u00e9es dans le dernier livre de l&#8217;architecte d&#8217;int\u00e9rieur Nina Freudenberger poussent les limites de la conception d&#8217;une maison de montagne. Les r\u00e9sidences d&#8217;artistes dans le Haut Atlas marocain et les refuges de la vall\u00e9e de l&#8217;Engadine en Suisse t\u00e9moignent de la longue tradition des espaces montagnards [&hellip;]","og_url":"https:\/\/librairie7l.com\/en\/produit\/mountain-house-studies-in-elevated-design\/","og_site_name":"Librairie 7L","article_modified_time":"2026-04-17T10:51:01+00:00","og_image":[{"width":367,"height":500,"url":"https:\/\/librairie7l.com\/wp-content\/uploads\/2023\/04\/9780593233054_1_75.jpg","type":"image\/jpeg"}],"twitter_card":"summary_large_image","twitter_misc":{"Est. reading time":"1 minute"},"schema":{"@context":"https:\/\/schema.org","@graph":[{"@type":"WebPage","@id":"https:\/\/librairie7l.com\/en\/produit\/mountain-house-studies-in-elevated-design\/","url":"https:\/\/librairie7l.com\/en\/produit\/mountain-house-studies-in-elevated-design\/","name":"Mountain house : studies in elevated design - Librairie 7L","isPartOf":{"@id":"https:\/\/librairie7l.com\/en\/#website"},"datePublished":"2024-02-09T08:42:05+00:00","dateModified":"2026-04-17T10:51:01+00:00","breadcrumb":{"@id":"https:\/\/librairie7l.com\/en\/produit\/mountain-house-studies-in-elevated-design\/#breadcrumb"},"inLanguage":"en-US","potentialAction":[{"@type":"ReadAction","target":["https:\/\/librairie7l.com\/en\/produit\/mountain-house-studies-in-elevated-design\/"]}]},{"@type":"BreadcrumbList","@id":"https:\/\/librairie7l.com\/en\/produit\/mountain-house-studies-in-elevated-design\/#breadcrumb","itemListElement":[{"@type":"ListItem","position":1,"name":"Accueil","item":"https:\/\/librairie7l.com\/en\/"},{"@type":"ListItem","position":2,"name":"Shop","item":"https:\/\/librairie7l.com\/en\/shop\/"},{"@type":"ListItem","position":3,"name":"MOUNTAIN HOUSE : STUDIES IN ELEVATED DESIGN"}]},{"@type":"WebSite","@id":"https:\/\/librairie7l.com\/en\/#website","url":"https:\/\/librairie7l.com\/en\/","name":"Librairie 7L","description":"Librairie fond\u00e9e en 1999 par Karl Lagerfeld \u00e0 Paris","publisher":{"@id":"https:\/\/librairie7l.com\/en\/#organization"},"potentialAction":[{"@type":"SearchAction","target":{"@type":"EntryPoint","urlTemplate":"https:\/\/librairie7l.com\/en\/?s={search_term_string}"},"query-input":"required name=search_term_string"}],"inLanguage":"en-US"},{"@type":"Organization","@id":"https:\/\/librairie7l.com\/en\/#organization","name":"Librairie 7L","url":"https:\/\/librairie7l.com\/en\/","logo":{"@type":"ImageObject","inLanguage":"en-US","@id":"https:\/\/librairie7l.com\/en\/#\/schema\/logo\/image\/","url":"https:\/\/librairie7l.com\/wp-content\/uploads\/2022\/08\/logo-1.png","contentUrl":"https:\/\/librairie7l.com\/wp-content\/uploads\/2022\/08\/logo-1.png","width":227,"height":301,"caption":"Librairie 7L"},"image":{"@id":"https:\/\/librairie7l.com\/en\/#\/schema\/logo\/image\/"}}]}},"_links":{"self":[{"href":"https:\/\/librairie7l.com\/en\/wp-json\/wp\/v2\/product\/38575"}],"collection":[{"href":"https:\/\/librairie7l.com\/en\/wp-json\/wp\/v2\/product"}],"about":[{"href":"https:\/\/librairie7l.com\/en\/wp-json\/wp\/v2\/types\/product"}],"wp:featuredmedia":[{"embeddable":true,"href":"https:\/\/librairie7l.com\/en\/wp-json\/wp\/v2\/media\/38573"}],"wp:attachment":[{"href":"https:\/\/librairie7l.com\/en\/wp-json\/wp\/v2\/media?parent=38575"}],"wp:term":[{"taxonomy":"product_cat","embeddable":true,"href":"https:\/\/librairie7l.com\/en\/wp-json\/wp\/v2\/product_cat?post=38575"},{"taxonomy":"product_tag","embeddable":true,"href":"https:\/\/librairie7l.com\/en\/wp-json\/wp\/v2\/product_tag?post=38575"}],"curies":[{"name":"wp","href":"https:\/\/api.w.org\/{rel}","templated":true}]}}