{"id":38599,"date":"2024-02-09T09:42:39","date_gmt":"2024-02-09T08:42:39","guid":{"rendered":"https:\/\/librairie7l.com\/?post_type=product&#038;p=38599"},"modified":"2026-04-08T21:31:36","modified_gmt":"2026-04-08T19:31:36","slug":"opera-de-pekin-1890-1900","status":"publish","type":"product","link":"https:\/\/librairie7l.com\/en\/produit\/opera-de-pekin-1890-1900\/","title":{"rendered":"OP\u00c9RA DE PEKIN ; 1890-1900"},"content":{"rendered":"<p>Parmi les plus grandes expressions culturelles de l&#8217;humanit\u00e9, il est sans doute possible de ranger l&#8217;art th\u00e9\u00e2tral indien, la trag\u00e9die grecque et le th\u00e9\u00e2tre chinois dont l&#8217;acte de naissance remonte, selon les sp\u00e9cialistes, aux alentours du xiie si\u00e8cle. Au fil de son histoire complexe, ce th\u00e9\u00e2tre prendra diverses formes et notamment celle, au xixe si\u00e8cle, de l&#8217;op\u00e9ra de P\u00e9kin, o\u00f9 se m\u00ealent chants, masques, danses et mimes, acrobaties, combats, un spectacle vivant total \u00e0 m\u00eame de conter certains \u00e9pisodes du monde h\u00e9ro\u00efque et divin. Singuli\u00e8rement, cet op\u00e9ra, populaire, se contentera d&#8217;une sc\u00e8ne quasi-vide d&#8217;accessoires pour laisser place enti\u00e8re \u00e0 la symbolique du jeu des acteurs dont la grammaire des mouvements et des gestes forme le fil m\u00eame des intrigues. D&#8217;o\u00f9 la place hautement pr\u00e9pond\u00e9rante des costumes et de leurs couleurs, charg\u00e9s de sens pour qui sait les lire, ainsi que des maquillages savants, venus remplacer \u00e0 l&#8217;\u00e9poque moderne le port traditionnel du masque. Au plus fort de l&#8217;av\u00e8nement de cet op\u00e9ra, \u00e0 la charni\u00e8re du xixe et du xxe si\u00e8cles, voit le jour un ouvrage remarquable (dont le ou les auteur(s) demeure(nt) encore \u00e0 ce jour inconnu(s)). Un album pr\u00e9cieux, d&#8217;une valeur exceptionnelle, qui se compose de cinquante feuilles o\u00f9 se trouvent dessin\u00e9s \u00e0 l&#8217;encre noire et de couleur, \u00e0 la dorure sur soie, une galerie de portraits des principaux personnages de l&#8217;op\u00e9ra de P\u00e9kin, dont le pr\u00e9sent cahier propose au grand public de d\u00e9couvrir les silhouettes, la richesse et l&#8217;\u00e9clat des costumes et parures, des diverses coiffures, des faces grim\u00e9es par les plus \u00e9tonnants maquillages aux expressions inoubliables.<\/p>\n","protected":false},"excerpt":{"rendered":"<p>Parmi les plus grandes expressions culturelles de l&#8217;humanit\u00e9, il est sans doute possible de ranger l&#8217;art th\u00e9\u00e2tral indien, la trag\u00e9die grecque et le th\u00e9\u00e2tre chinois dont l&#8217;acte de naissance remonte, selon les sp\u00e9cialistes, aux alentours du xiie si\u00e8cle. Au fil de son histoire complexe, ce th\u00e9\u00e2tre prendra diverses formes et notamment celle, au xixe si\u00e8cle, [&hellip;]<\/p>\n","protected":false},"featured_media":38597,"template":"","meta":[],"product_cat":[2948,2953],"product_tag":[],"acf":[],"yoast_head":"<!-- This site is optimized with the Yoast SEO plugin v20.11 - https:\/\/yoast.com\/wordpress\/plugins\/seo\/ -->\n<title>Op\u00e9ra de Pekin ; 1890-1900 - Librairie 7L<\/title>\n<meta name=\"robots\" content=\"index, follow, max-snippet:-1, max-image-preview:large, max-video-preview:-1\" \/>\n<link rel=\"canonical\" href=\"https:\/\/librairie7l.com\/en\/produit\/opera-de-pekin-1890-1900\/\" \/>\n<meta property=\"og:locale\" content=\"en_US\" \/>\n<meta property=\"og:type\" content=\"article\" \/>\n<meta property=\"og:title\" content=\"Op\u00e9ra de Pekin ; 1890-1900 - Librairie 7L\" \/>\n<meta property=\"og:description\" content=\"Parmi les plus grandes expressions culturelles de l&#8217;humanit\u00e9, il est sans doute possible de ranger l&#8217;art th\u00e9\u00e2tral indien, la trag\u00e9die grecque et le th\u00e9\u00e2tre chinois dont l&#8217;acte de naissance remonte, selon les sp\u00e9cialistes, aux alentours du xiie si\u00e8cle. Au fil de son histoire complexe, ce th\u00e9\u00e2tre prendra diverses formes et notamment celle, au xixe si\u00e8cle, [&hellip;]\" \/>\n<meta property=\"og:url\" content=\"https:\/\/librairie7l.com\/en\/produit\/opera-de-pekin-1890-1900\/\" \/>\n<meta property=\"og:site_name\" content=\"Librairie 7L\" \/>\n<meta property=\"article:modified_time\" content=\"2026-04-08T19:31:36+00:00\" \/>\n<meta property=\"og:image\" content=\"https:\/\/librairie7l.com\/wp-content\/uploads\/2018\/12\/9791094565476_1_75.jpg\" \/>\n\t<meta property=\"og:image:width\" content=\"600\" \/>\n\t<meta property=\"og:image:height\" content=\"851\" \/>\n\t<meta property=\"og:image:type\" content=\"image\/jpeg\" \/>\n<meta name=\"twitter:card\" content=\"summary_large_image\" \/>\n<meta name=\"twitter:label1\" content=\"Est. reading time\" \/>\n\t<meta name=\"twitter:data1\" content=\"1 minute\" \/>\n<script type=\"application\/ld+json\" class=\"yoast-schema-graph\">{\"@context\":\"https:\/\/schema.org\",\"@graph\":[{\"@type\":\"WebPage\",\"@id\":\"https:\/\/librairie7l.com\/en\/produit\/opera-de-pekin-1890-1900\/\",\"url\":\"https:\/\/librairie7l.com\/en\/produit\/opera-de-pekin-1890-1900\/\",\"name\":\"Op\u00e9ra de Pekin ; 1890-1900 - Librairie 7L\",\"isPartOf\":{\"@id\":\"https:\/\/librairie7l.com\/en\/#website\"},\"datePublished\":\"2024-02-09T08:42:39+00:00\",\"dateModified\":\"2026-04-08T19:31:36+00:00\",\"breadcrumb\":{\"@id\":\"https:\/\/librairie7l.com\/en\/produit\/opera-de-pekin-1890-1900\/#breadcrumb\"},\"inLanguage\":\"en-US\",\"potentialAction\":[{\"@type\":\"ReadAction\",\"target\":[\"https:\/\/librairie7l.com\/en\/produit\/opera-de-pekin-1890-1900\/\"]}]},{\"@type\":\"BreadcrumbList\",\"@id\":\"https:\/\/librairie7l.com\/en\/produit\/opera-de-pekin-1890-1900\/#breadcrumb\",\"itemListElement\":[{\"@type\":\"ListItem\",\"position\":1,\"name\":\"Accueil\",\"item\":\"https:\/\/librairie7l.com\/en\/\"},{\"@type\":\"ListItem\",\"position\":2,\"name\":\"Shop\",\"item\":\"https:\/\/librairie7l.com\/en\/shop\/\"},{\"@type\":\"ListItem\",\"position\":3,\"name\":\"OP\u00c9RA DE PEKIN ; 1890-1900\"}]},{\"@type\":\"WebSite\",\"@id\":\"https:\/\/librairie7l.com\/en\/#website\",\"url\":\"https:\/\/librairie7l.com\/en\/\",\"name\":\"Librairie 7L\",\"description\":\"Librairie fond\u00e9e en 1999 par Karl Lagerfeld \u00e0 Paris\",\"publisher\":{\"@id\":\"https:\/\/librairie7l.com\/en\/#organization\"},\"potentialAction\":[{\"@type\":\"SearchAction\",\"target\":{\"@type\":\"EntryPoint\",\"urlTemplate\":\"https:\/\/librairie7l.com\/en\/?s={search_term_string}\"},\"query-input\":\"required name=search_term_string\"}],\"inLanguage\":\"en-US\"},{\"@type\":\"Organization\",\"@id\":\"https:\/\/librairie7l.com\/en\/#organization\",\"name\":\"Librairie 7L\",\"url\":\"https:\/\/librairie7l.com\/en\/\",\"logo\":{\"@type\":\"ImageObject\",\"inLanguage\":\"en-US\",\"@id\":\"https:\/\/librairie7l.com\/en\/#\/schema\/logo\/image\/\",\"url\":\"https:\/\/librairie7l.com\/wp-content\/uploads\/2022\/08\/logo-1.png\",\"contentUrl\":\"https:\/\/librairie7l.com\/wp-content\/uploads\/2022\/08\/logo-1.png\",\"width\":227,\"height\":301,\"caption\":\"Librairie 7L\"},\"image\":{\"@id\":\"https:\/\/librairie7l.com\/en\/#\/schema\/logo\/image\/\"}}]}<\/script>\n<!-- \/ Yoast SEO plugin. -->","yoast_head_json":{"title":"Op\u00e9ra de Pekin ; 1890-1900 - Librairie 7L","robots":{"index":"index","follow":"follow","max-snippet":"max-snippet:-1","max-image-preview":"max-image-preview:large","max-video-preview":"max-video-preview:-1"},"canonical":"https:\/\/librairie7l.com\/en\/produit\/opera-de-pekin-1890-1900\/","og_locale":"en_US","og_type":"article","og_title":"Op\u00e9ra de Pekin ; 1890-1900 - Librairie 7L","og_description":"Parmi les plus grandes expressions culturelles de l&#8217;humanit\u00e9, il est sans doute possible de ranger l&#8217;art th\u00e9\u00e2tral indien, la trag\u00e9die grecque et le th\u00e9\u00e2tre chinois dont l&#8217;acte de naissance remonte, selon les sp\u00e9cialistes, aux alentours du xiie si\u00e8cle. Au fil de son histoire complexe, ce th\u00e9\u00e2tre prendra diverses formes et notamment celle, au xixe si\u00e8cle, [&hellip;]","og_url":"https:\/\/librairie7l.com\/en\/produit\/opera-de-pekin-1890-1900\/","og_site_name":"Librairie 7L","article_modified_time":"2026-04-08T19:31:36+00:00","og_image":[{"width":600,"height":851,"url":"https:\/\/librairie7l.com\/wp-content\/uploads\/2018\/12\/9791094565476_1_75.jpg","type":"image\/jpeg"}],"twitter_card":"summary_large_image","twitter_misc":{"Est. reading time":"1 minute"},"schema":{"@context":"https:\/\/schema.org","@graph":[{"@type":"WebPage","@id":"https:\/\/librairie7l.com\/en\/produit\/opera-de-pekin-1890-1900\/","url":"https:\/\/librairie7l.com\/en\/produit\/opera-de-pekin-1890-1900\/","name":"Op\u00e9ra de Pekin ; 1890-1900 - Librairie 7L","isPartOf":{"@id":"https:\/\/librairie7l.com\/en\/#website"},"datePublished":"2024-02-09T08:42:39+00:00","dateModified":"2026-04-08T19:31:36+00:00","breadcrumb":{"@id":"https:\/\/librairie7l.com\/en\/produit\/opera-de-pekin-1890-1900\/#breadcrumb"},"inLanguage":"en-US","potentialAction":[{"@type":"ReadAction","target":["https:\/\/librairie7l.com\/en\/produit\/opera-de-pekin-1890-1900\/"]}]},{"@type":"BreadcrumbList","@id":"https:\/\/librairie7l.com\/en\/produit\/opera-de-pekin-1890-1900\/#breadcrumb","itemListElement":[{"@type":"ListItem","position":1,"name":"Accueil","item":"https:\/\/librairie7l.com\/en\/"},{"@type":"ListItem","position":2,"name":"Shop","item":"https:\/\/librairie7l.com\/en\/shop\/"},{"@type":"ListItem","position":3,"name":"OP\u00c9RA DE PEKIN ; 1890-1900"}]},{"@type":"WebSite","@id":"https:\/\/librairie7l.com\/en\/#website","url":"https:\/\/librairie7l.com\/en\/","name":"Librairie 7L","description":"Librairie fond\u00e9e en 1999 par Karl Lagerfeld \u00e0 Paris","publisher":{"@id":"https:\/\/librairie7l.com\/en\/#organization"},"potentialAction":[{"@type":"SearchAction","target":{"@type":"EntryPoint","urlTemplate":"https:\/\/librairie7l.com\/en\/?s={search_term_string}"},"query-input":"required name=search_term_string"}],"inLanguage":"en-US"},{"@type":"Organization","@id":"https:\/\/librairie7l.com\/en\/#organization","name":"Librairie 7L","url":"https:\/\/librairie7l.com\/en\/","logo":{"@type":"ImageObject","inLanguage":"en-US","@id":"https:\/\/librairie7l.com\/en\/#\/schema\/logo\/image\/","url":"https:\/\/librairie7l.com\/wp-content\/uploads\/2022\/08\/logo-1.png","contentUrl":"https:\/\/librairie7l.com\/wp-content\/uploads\/2022\/08\/logo-1.png","width":227,"height":301,"caption":"Librairie 7L"},"image":{"@id":"https:\/\/librairie7l.com\/en\/#\/schema\/logo\/image\/"}}]}},"_links":{"self":[{"href":"https:\/\/librairie7l.com\/en\/wp-json\/wp\/v2\/product\/38599"}],"collection":[{"href":"https:\/\/librairie7l.com\/en\/wp-json\/wp\/v2\/product"}],"about":[{"href":"https:\/\/librairie7l.com\/en\/wp-json\/wp\/v2\/types\/product"}],"wp:featuredmedia":[{"embeddable":true,"href":"https:\/\/librairie7l.com\/en\/wp-json\/wp\/v2\/media\/38597"}],"wp:attachment":[{"href":"https:\/\/librairie7l.com\/en\/wp-json\/wp\/v2\/media?parent=38599"}],"wp:term":[{"taxonomy":"product_cat","embeddable":true,"href":"https:\/\/librairie7l.com\/en\/wp-json\/wp\/v2\/product_cat?post=38599"},{"taxonomy":"product_tag","embeddable":true,"href":"https:\/\/librairie7l.com\/en\/wp-json\/wp\/v2\/product_tag?post=38599"}],"curies":[{"name":"wp","href":"https:\/\/api.w.org\/{rel}","templated":true}]}}