{"id":38611,"date":"2024-02-09T09:42:55","date_gmt":"2024-02-09T08:42:55","guid":{"rendered":"https:\/\/librairie7l.com\/?post_type=product&#038;p=38611"},"modified":"2026-04-22T10:44:20","modified_gmt":"2026-04-22T08:44:20","slug":"dawoud-bey-elegy","status":"publish","type":"product","link":"https:\/\/librairie7l.com\/en\/produit\/dawoud-bey-elegy\/","title":{"rendered":"DAWOUD BEY ELEGY"},"content":{"rendered":"<p>R\u00e9put\u00e9 pour ses sc\u00e8nes de rue de Harlem et ses portraits expressifs, Dawoud Bey poursuit son travail sur l&#8217;histoire afro-am\u00e9ricaine. Elegy rassemble les trois s\u00e9ries de paysages r\u00e9alis\u00e9es \u00e0 ce jour : Night Coming Tenderly, Black (2017), In This Here Place (2021) et Stoney the Road (2023), \u00e9lucidant la profonde m\u00e9moire historique encore ancr\u00e9e dans la g\u00e9ographie des \u00c9tats-Unis. Ses images repr\u00e9sentent l&#8217;historique Richmond Slave Trail en Virginie ayant conduit les esclaves Africains aux ventes aux ench\u00e8res, dans les plantations de Louisiane o\u00f9 ils travaillaient et le long du chemin de fer clandestin dans l&#8217;Ohio, o\u00f9 les fugitifs cherchaient de prendre la fuite. Des essais de chercheurs et commissaires d&#8217;exposition accompagnent les images, contextualisant le travail de Dawoud Bey dans le contexte historique de r\u00e9f\u00e9rence.<\/p>\n","protected":false},"excerpt":{"rendered":"<p>R\u00e9put\u00e9 pour ses sc\u00e8nes de rue de Harlem et ses portraits expressifs, Dawoud Bey poursuit son travail sur l&#8217;histoire afro-am\u00e9ricaine. Elegy rassemble les trois s\u00e9ries de paysages r\u00e9alis\u00e9es \u00e0 ce jour : Night Coming Tenderly, Black (2017), In This Here Place (2021) et Stoney the Road (2023), \u00e9lucidant la profonde m\u00e9moire historique encore ancr\u00e9e dans [&hellip;]<\/p>\n","protected":false},"featured_media":38609,"template":"","meta":[],"product_cat":[2948,2958],"product_tag":[],"acf":[],"yoast_head":"<!-- This site is optimized with the Yoast SEO plugin v20.11 - https:\/\/yoast.com\/wordpress\/plugins\/seo\/ -->\n<title>Dawoud Bey Elegy - Librairie 7L<\/title>\n<meta name=\"robots\" content=\"index, follow, max-snippet:-1, max-image-preview:large, max-video-preview:-1\" \/>\n<link rel=\"canonical\" href=\"https:\/\/librairie7l.com\/en\/produit\/dawoud-bey-elegy\/\" \/>\n<meta property=\"og:locale\" content=\"en_US\" \/>\n<meta property=\"og:type\" content=\"article\" \/>\n<meta property=\"og:title\" content=\"Dawoud Bey Elegy - Librairie 7L\" \/>\n<meta property=\"og:description\" content=\"R\u00e9put\u00e9 pour ses sc\u00e8nes de rue de Harlem et ses portraits expressifs, Dawoud Bey poursuit son travail sur l&#8217;histoire afro-am\u00e9ricaine. Elegy rassemble les trois s\u00e9ries de paysages r\u00e9alis\u00e9es \u00e0 ce jour : Night Coming Tenderly, Black (2017), In This Here Place (2021) et Stoney the Road (2023), \u00e9lucidant la profonde m\u00e9moire historique encore ancr\u00e9e dans [&hellip;]\" \/>\n<meta property=\"og:url\" content=\"https:\/\/librairie7l.com\/en\/produit\/dawoud-bey-elegy\/\" \/>\n<meta property=\"og:site_name\" content=\"Librairie 7L\" \/>\n<meta property=\"article:modified_time\" content=\"2026-04-22T08:44:20+00:00\" \/>\n<meta property=\"og:image\" content=\"https:\/\/librairie7l.com\/wp-content\/uploads\/2023\/06\/9781597115643_1_75.jpg\" \/>\n\t<meta property=\"og:image:width\" content=\"600\" \/>\n\t<meta property=\"og:image:height\" content=\"625\" \/>\n\t<meta property=\"og:image:type\" content=\"image\/jpeg\" \/>\n<meta name=\"twitter:card\" content=\"summary_large_image\" \/>\n<meta name=\"twitter:label1\" content=\"Est. reading time\" \/>\n\t<meta name=\"twitter:data1\" content=\"1 minute\" \/>\n<script type=\"application\/ld+json\" class=\"yoast-schema-graph\">{\"@context\":\"https:\/\/schema.org\",\"@graph\":[{\"@type\":\"WebPage\",\"@id\":\"https:\/\/librairie7l.com\/en\/produit\/dawoud-bey-elegy\/\",\"url\":\"https:\/\/librairie7l.com\/en\/produit\/dawoud-bey-elegy\/\",\"name\":\"Dawoud Bey Elegy - Librairie 7L\",\"isPartOf\":{\"@id\":\"https:\/\/librairie7l.com\/en\/#website\"},\"datePublished\":\"2024-02-09T08:42:55+00:00\",\"dateModified\":\"2026-04-22T08:44:20+00:00\",\"breadcrumb\":{\"@id\":\"https:\/\/librairie7l.com\/en\/produit\/dawoud-bey-elegy\/#breadcrumb\"},\"inLanguage\":\"en-US\",\"potentialAction\":[{\"@type\":\"ReadAction\",\"target\":[\"https:\/\/librairie7l.com\/en\/produit\/dawoud-bey-elegy\/\"]}]},{\"@type\":\"BreadcrumbList\",\"@id\":\"https:\/\/librairie7l.com\/en\/produit\/dawoud-bey-elegy\/#breadcrumb\",\"itemListElement\":[{\"@type\":\"ListItem\",\"position\":1,\"name\":\"Accueil\",\"item\":\"https:\/\/librairie7l.com\/en\/\"},{\"@type\":\"ListItem\",\"position\":2,\"name\":\"Shop\",\"item\":\"https:\/\/librairie7l.com\/en\/shop\/\"},{\"@type\":\"ListItem\",\"position\":3,\"name\":\"DAWOUD BEY ELEGY\"}]},{\"@type\":\"WebSite\",\"@id\":\"https:\/\/librairie7l.com\/en\/#website\",\"url\":\"https:\/\/librairie7l.com\/en\/\",\"name\":\"Librairie 7L\",\"description\":\"Librairie fond\u00e9e en 1999 par Karl Lagerfeld \u00e0 Paris\",\"publisher\":{\"@id\":\"https:\/\/librairie7l.com\/en\/#organization\"},\"potentialAction\":[{\"@type\":\"SearchAction\",\"target\":{\"@type\":\"EntryPoint\",\"urlTemplate\":\"https:\/\/librairie7l.com\/en\/?s={search_term_string}\"},\"query-input\":\"required name=search_term_string\"}],\"inLanguage\":\"en-US\"},{\"@type\":\"Organization\",\"@id\":\"https:\/\/librairie7l.com\/en\/#organization\",\"name\":\"Librairie 7L\",\"url\":\"https:\/\/librairie7l.com\/en\/\",\"logo\":{\"@type\":\"ImageObject\",\"inLanguage\":\"en-US\",\"@id\":\"https:\/\/librairie7l.com\/en\/#\/schema\/logo\/image\/\",\"url\":\"https:\/\/librairie7l.com\/wp-content\/uploads\/2022\/08\/logo-1.png\",\"contentUrl\":\"https:\/\/librairie7l.com\/wp-content\/uploads\/2022\/08\/logo-1.png\",\"width\":227,\"height\":301,\"caption\":\"Librairie 7L\"},\"image\":{\"@id\":\"https:\/\/librairie7l.com\/en\/#\/schema\/logo\/image\/\"}}]}<\/script>\n<!-- \/ Yoast SEO plugin. -->","yoast_head_json":{"title":"Dawoud Bey Elegy - Librairie 7L","robots":{"index":"index","follow":"follow","max-snippet":"max-snippet:-1","max-image-preview":"max-image-preview:large","max-video-preview":"max-video-preview:-1"},"canonical":"https:\/\/librairie7l.com\/en\/produit\/dawoud-bey-elegy\/","og_locale":"en_US","og_type":"article","og_title":"Dawoud Bey Elegy - Librairie 7L","og_description":"R\u00e9put\u00e9 pour ses sc\u00e8nes de rue de Harlem et ses portraits expressifs, Dawoud Bey poursuit son travail sur l&#8217;histoire afro-am\u00e9ricaine. Elegy rassemble les trois s\u00e9ries de paysages r\u00e9alis\u00e9es \u00e0 ce jour : Night Coming Tenderly, Black (2017), In This Here Place (2021) et Stoney the Road (2023), \u00e9lucidant la profonde m\u00e9moire historique encore ancr\u00e9e dans [&hellip;]","og_url":"https:\/\/librairie7l.com\/en\/produit\/dawoud-bey-elegy\/","og_site_name":"Librairie 7L","article_modified_time":"2026-04-22T08:44:20+00:00","og_image":[{"width":600,"height":625,"url":"https:\/\/librairie7l.com\/wp-content\/uploads\/2023\/06\/9781597115643_1_75.jpg","type":"image\/jpeg"}],"twitter_card":"summary_large_image","twitter_misc":{"Est. reading time":"1 minute"},"schema":{"@context":"https:\/\/schema.org","@graph":[{"@type":"WebPage","@id":"https:\/\/librairie7l.com\/en\/produit\/dawoud-bey-elegy\/","url":"https:\/\/librairie7l.com\/en\/produit\/dawoud-bey-elegy\/","name":"Dawoud Bey Elegy - Librairie 7L","isPartOf":{"@id":"https:\/\/librairie7l.com\/en\/#website"},"datePublished":"2024-02-09T08:42:55+00:00","dateModified":"2026-04-22T08:44:20+00:00","breadcrumb":{"@id":"https:\/\/librairie7l.com\/en\/produit\/dawoud-bey-elegy\/#breadcrumb"},"inLanguage":"en-US","potentialAction":[{"@type":"ReadAction","target":["https:\/\/librairie7l.com\/en\/produit\/dawoud-bey-elegy\/"]}]},{"@type":"BreadcrumbList","@id":"https:\/\/librairie7l.com\/en\/produit\/dawoud-bey-elegy\/#breadcrumb","itemListElement":[{"@type":"ListItem","position":1,"name":"Accueil","item":"https:\/\/librairie7l.com\/en\/"},{"@type":"ListItem","position":2,"name":"Shop","item":"https:\/\/librairie7l.com\/en\/shop\/"},{"@type":"ListItem","position":3,"name":"DAWOUD BEY ELEGY"}]},{"@type":"WebSite","@id":"https:\/\/librairie7l.com\/en\/#website","url":"https:\/\/librairie7l.com\/en\/","name":"Librairie 7L","description":"Librairie fond\u00e9e en 1999 par Karl Lagerfeld \u00e0 Paris","publisher":{"@id":"https:\/\/librairie7l.com\/en\/#organization"},"potentialAction":[{"@type":"SearchAction","target":{"@type":"EntryPoint","urlTemplate":"https:\/\/librairie7l.com\/en\/?s={search_term_string}"},"query-input":"required name=search_term_string"}],"inLanguage":"en-US"},{"@type":"Organization","@id":"https:\/\/librairie7l.com\/en\/#organization","name":"Librairie 7L","url":"https:\/\/librairie7l.com\/en\/","logo":{"@type":"ImageObject","inLanguage":"en-US","@id":"https:\/\/librairie7l.com\/en\/#\/schema\/logo\/image\/","url":"https:\/\/librairie7l.com\/wp-content\/uploads\/2022\/08\/logo-1.png","contentUrl":"https:\/\/librairie7l.com\/wp-content\/uploads\/2022\/08\/logo-1.png","width":227,"height":301,"caption":"Librairie 7L"},"image":{"@id":"https:\/\/librairie7l.com\/en\/#\/schema\/logo\/image\/"}}]}},"_links":{"self":[{"href":"https:\/\/librairie7l.com\/en\/wp-json\/wp\/v2\/product\/38611"}],"collection":[{"href":"https:\/\/librairie7l.com\/en\/wp-json\/wp\/v2\/product"}],"about":[{"href":"https:\/\/librairie7l.com\/en\/wp-json\/wp\/v2\/types\/product"}],"wp:featuredmedia":[{"embeddable":true,"href":"https:\/\/librairie7l.com\/en\/wp-json\/wp\/v2\/media\/38609"}],"wp:attachment":[{"href":"https:\/\/librairie7l.com\/en\/wp-json\/wp\/v2\/media?parent=38611"}],"wp:term":[{"taxonomy":"product_cat","embeddable":true,"href":"https:\/\/librairie7l.com\/en\/wp-json\/wp\/v2\/product_cat?post=38611"},{"taxonomy":"product_tag","embeddable":true,"href":"https:\/\/librairie7l.com\/en\/wp-json\/wp\/v2\/product_tag?post=38611"}],"curies":[{"name":"wp","href":"https:\/\/api.w.org\/{rel}","templated":true}]}}