{"id":38615,"date":"2024-06-26T10:36:16","date_gmt":"2024-06-26T08:36:16","guid":{"rendered":"https:\/\/librairie7l.com\/?post_type=product&#038;p=38615"},"modified":"2026-04-05T16:06:42","modified_gmt":"2026-04-05T14:06:42","slug":"nez-la-revue-olfactive-liris-en-parfumerie","status":"publish","type":"product","link":"https:\/\/librairie7l.com\/en\/produit\/nez-la-revue-olfactive-liris-en-parfumerie\/","title":{"rendered":"NEZ, LA REVUE OLFACTIVE : L&#8217;IRIS EN PARFUMERIE"},"content":{"rendered":"<p>Cultiv\u00e9e en Toscane et dans le sud de la France, Iris Pallida est l&#8217;une des mati\u00e8res premi\u00e8res les plus ch\u00e8res de la palette du parfumeur. Obtenir sa pr\u00e9cieuse absolue n\u00e9cessite cinq \u00e0 six ans de patience apr\u00e8s sa plantation, pour que les compos\u00e9s odorants se d\u00e9veloppent dans le rhizome de la fleur. Son parfum, complexe et d\u00e9licat, est \u00e0 la fois floral, poudr\u00e9, bois\u00e9, beurr\u00e9 et \u00e9voque la violette.<\/p>\n<p>ATLAS par Anne-Sophie Hojlo ;<br \/>\nG\u00e9ographie ;<br \/>\nAnatomie ;<br \/>\nChiffres-cl\u00e9s ;<\/p>\n<p>HISTOIRE ;<br \/>\nL&#8217;utilisation de l&#8217;iris dans l&#8217;histoire de la parfumerie ;<br \/>\nPar Will Inrig ;<br \/>\nImages, pratiques et parfums \u00e0 travers le temps et les cultures ;<br \/>\nPar Delphine de Swardt ;<\/p>\n<p>TRAVERSES ;<br \/>\nRepr\u00e9sentation de l&#8217;iris dans les arts visuels et d\u00e9coratifs ;<br \/>\nPar Clara Muller ;<\/p>\n<p>L\u00e9gendes et symboles : une histoire de l&#8217;iris ;<br \/>\nPar Delphine de Swardt ;<\/p>\n<p>Extraits ;<br \/>\nRencontre avec&#8230;<br \/>\nPar \u00c9l\u00e9onore de Bonneval ;<\/p>\n<p>365 JOURS DANS LES CHAMPS ;<br \/>\nPar Will Inrig ;<\/p>\n<p>TRANSFORMATION ;<br \/>\nPar Olivier R.P. David ;<\/p>\n<p>PARFUMERIE ;<br \/>\nLe parfum de l&#8217;iris par Jeanne Dor\u00e9 ;<br \/>\nL&#8217;iris en parfums &#8211; g\u00e9n\u00e9alogie ;<br \/>\nPar Jeanne Dor\u00e9 ;<br \/>\nS\u00e9lection par Jeanne Dor\u00e9 ;<br \/>\nL&#8217;Heure bleue (Guerlain, 1912), L&#8217;Iris gris (Jacques Fath, 1947), No 19 (Chanel, 1970), Iris Silver Mist (Serge Lutens, 1994), Dior homme (Dior, 2005), Infusion d&#8217;iris (Prada, 2007) ;<br \/>\nRegards par \u00c9l\u00e9onore de Bonneval ;<br \/>\nJulien Rasquinet ;<br \/>\nOlivia Giacobetti ;<br \/>\nDelphine Jelk ;<\/p>\n","protected":false},"excerpt":{"rendered":"<p>Cultiv\u00e9e en Toscane et dans le sud de la France, Iris Pallida est l&#8217;une des mati\u00e8res premi\u00e8res les plus ch\u00e8res de la palette du parfumeur. Obtenir sa pr\u00e9cieuse absolue n\u00e9cessite cinq \u00e0 six ans de patience apr\u00e8s sa plantation, pour que les compos\u00e9s odorants se d\u00e9veloppent dans le rhizome de la fleur. Son parfum, complexe [&hellip;]<\/p>\n","protected":false},"featured_media":38613,"template":"","meta":[],"product_cat":[2948,2957],"product_tag":[],"acf":[],"yoast_head":"<!-- This site is optimized with the Yoast SEO plugin v20.11 - https:\/\/yoast.com\/wordpress\/plugins\/seo\/ -->\n<title>Nez, la revue olfactive : l&#039;iris en parfumerie - Librairie 7L<\/title>\n<meta name=\"robots\" content=\"index, follow, max-snippet:-1, max-image-preview:large, max-video-preview:-1\" \/>\n<link rel=\"canonical\" href=\"https:\/\/librairie7l.com\/en\/produit\/nez-la-revue-olfactive-liris-en-parfumerie\/\" \/>\n<meta property=\"og:locale\" content=\"en_US\" \/>\n<meta property=\"og:type\" content=\"article\" \/>\n<meta property=\"og:title\" content=\"Nez, la revue olfactive : l&#039;iris en parfumerie - Librairie 7L\" \/>\n<meta property=\"og:description\" content=\"Cultiv\u00e9e en Toscane et dans le sud de la France, Iris Pallida est l&#8217;une des mati\u00e8res premi\u00e8res les plus ch\u00e8res de la palette du parfumeur. Obtenir sa pr\u00e9cieuse absolue n\u00e9cessite cinq \u00e0 six ans de patience apr\u00e8s sa plantation, pour que les compos\u00e9s odorants se d\u00e9veloppent dans le rhizome de la fleur. Son parfum, complexe [&hellip;]\" \/>\n<meta property=\"og:url\" content=\"https:\/\/librairie7l.com\/en\/produit\/nez-la-revue-olfactive-liris-en-parfumerie\/\" \/>\n<meta property=\"og:site_name\" content=\"Librairie 7L\" \/>\n<meta property=\"article:modified_time\" content=\"2026-04-05T14:06:42+00:00\" \/>\n<meta property=\"og:image\" content=\"https:\/\/librairie7l.com\/wp-content\/uploads\/2020\/01\/9782370630872_1_75.jpg\" \/>\n\t<meta property=\"og:image:width\" content=\"160\" \/>\n\t<meta property=\"og:image:height\" content=\"223\" \/>\n\t<meta property=\"og:image:type\" content=\"image\/jpeg\" \/>\n<meta name=\"twitter:card\" content=\"summary_large_image\" \/>\n<meta name=\"twitter:label1\" content=\"Est. reading time\" \/>\n\t<meta name=\"twitter:data1\" content=\"1 minute\" \/>\n<script type=\"application\/ld+json\" class=\"yoast-schema-graph\">{\"@context\":\"https:\/\/schema.org\",\"@graph\":[{\"@type\":\"WebPage\",\"@id\":\"https:\/\/librairie7l.com\/en\/produit\/nez-la-revue-olfactive-liris-en-parfumerie\/\",\"url\":\"https:\/\/librairie7l.com\/en\/produit\/nez-la-revue-olfactive-liris-en-parfumerie\/\",\"name\":\"Nez, la revue olfactive : l'iris en parfumerie - Librairie 7L\",\"isPartOf\":{\"@id\":\"https:\/\/librairie7l.com\/en\/#website\"},\"datePublished\":\"2024-06-26T08:36:16+00:00\",\"dateModified\":\"2026-04-05T14:06:42+00:00\",\"breadcrumb\":{\"@id\":\"https:\/\/librairie7l.com\/en\/produit\/nez-la-revue-olfactive-liris-en-parfumerie\/#breadcrumb\"},\"inLanguage\":\"en-US\",\"potentialAction\":[{\"@type\":\"ReadAction\",\"target\":[\"https:\/\/librairie7l.com\/en\/produit\/nez-la-revue-olfactive-liris-en-parfumerie\/\"]}]},{\"@type\":\"BreadcrumbList\",\"@id\":\"https:\/\/librairie7l.com\/en\/produit\/nez-la-revue-olfactive-liris-en-parfumerie\/#breadcrumb\",\"itemListElement\":[{\"@type\":\"ListItem\",\"position\":1,\"name\":\"Accueil\",\"item\":\"https:\/\/librairie7l.com\/en\/\"},{\"@type\":\"ListItem\",\"position\":2,\"name\":\"Shop\",\"item\":\"https:\/\/librairie7l.com\/en\/shop\/\"},{\"@type\":\"ListItem\",\"position\":3,\"name\":\"NEZ, LA REVUE OLFACTIVE : L&#8217;IRIS EN PARFUMERIE\"}]},{\"@type\":\"WebSite\",\"@id\":\"https:\/\/librairie7l.com\/en\/#website\",\"url\":\"https:\/\/librairie7l.com\/en\/\",\"name\":\"Librairie 7L\",\"description\":\"Librairie fond\u00e9e en 1999 par Karl Lagerfeld \u00e0 Paris\",\"publisher\":{\"@id\":\"https:\/\/librairie7l.com\/en\/#organization\"},\"potentialAction\":[{\"@type\":\"SearchAction\",\"target\":{\"@type\":\"EntryPoint\",\"urlTemplate\":\"https:\/\/librairie7l.com\/en\/?s={search_term_string}\"},\"query-input\":\"required name=search_term_string\"}],\"inLanguage\":\"en-US\"},{\"@type\":\"Organization\",\"@id\":\"https:\/\/librairie7l.com\/en\/#organization\",\"name\":\"Librairie 7L\",\"url\":\"https:\/\/librairie7l.com\/en\/\",\"logo\":{\"@type\":\"ImageObject\",\"inLanguage\":\"en-US\",\"@id\":\"https:\/\/librairie7l.com\/en\/#\/schema\/logo\/image\/\",\"url\":\"https:\/\/librairie7l.com\/wp-content\/uploads\/2022\/08\/logo-1.png\",\"contentUrl\":\"https:\/\/librairie7l.com\/wp-content\/uploads\/2022\/08\/logo-1.png\",\"width\":227,\"height\":301,\"caption\":\"Librairie 7L\"},\"image\":{\"@id\":\"https:\/\/librairie7l.com\/en\/#\/schema\/logo\/image\/\"}}]}<\/script>\n<!-- \/ Yoast SEO plugin. -->","yoast_head_json":{"title":"Nez, la revue olfactive : l'iris en parfumerie - Librairie 7L","robots":{"index":"index","follow":"follow","max-snippet":"max-snippet:-1","max-image-preview":"max-image-preview:large","max-video-preview":"max-video-preview:-1"},"canonical":"https:\/\/librairie7l.com\/en\/produit\/nez-la-revue-olfactive-liris-en-parfumerie\/","og_locale":"en_US","og_type":"article","og_title":"Nez, la revue olfactive : l'iris en parfumerie - Librairie 7L","og_description":"Cultiv\u00e9e en Toscane et dans le sud de la France, Iris Pallida est l&#8217;une des mati\u00e8res premi\u00e8res les plus ch\u00e8res de la palette du parfumeur. Obtenir sa pr\u00e9cieuse absolue n\u00e9cessite cinq \u00e0 six ans de patience apr\u00e8s sa plantation, pour que les compos\u00e9s odorants se d\u00e9veloppent dans le rhizome de la fleur. Son parfum, complexe [&hellip;]","og_url":"https:\/\/librairie7l.com\/en\/produit\/nez-la-revue-olfactive-liris-en-parfumerie\/","og_site_name":"Librairie 7L","article_modified_time":"2026-04-05T14:06:42+00:00","og_image":[{"width":160,"height":223,"url":"https:\/\/librairie7l.com\/wp-content\/uploads\/2020\/01\/9782370630872_1_75.jpg","type":"image\/jpeg"}],"twitter_card":"summary_large_image","twitter_misc":{"Est. reading time":"1 minute"},"schema":{"@context":"https:\/\/schema.org","@graph":[{"@type":"WebPage","@id":"https:\/\/librairie7l.com\/en\/produit\/nez-la-revue-olfactive-liris-en-parfumerie\/","url":"https:\/\/librairie7l.com\/en\/produit\/nez-la-revue-olfactive-liris-en-parfumerie\/","name":"Nez, la revue olfactive : l'iris en parfumerie - Librairie 7L","isPartOf":{"@id":"https:\/\/librairie7l.com\/en\/#website"},"datePublished":"2024-06-26T08:36:16+00:00","dateModified":"2026-04-05T14:06:42+00:00","breadcrumb":{"@id":"https:\/\/librairie7l.com\/en\/produit\/nez-la-revue-olfactive-liris-en-parfumerie\/#breadcrumb"},"inLanguage":"en-US","potentialAction":[{"@type":"ReadAction","target":["https:\/\/librairie7l.com\/en\/produit\/nez-la-revue-olfactive-liris-en-parfumerie\/"]}]},{"@type":"BreadcrumbList","@id":"https:\/\/librairie7l.com\/en\/produit\/nez-la-revue-olfactive-liris-en-parfumerie\/#breadcrumb","itemListElement":[{"@type":"ListItem","position":1,"name":"Accueil","item":"https:\/\/librairie7l.com\/en\/"},{"@type":"ListItem","position":2,"name":"Shop","item":"https:\/\/librairie7l.com\/en\/shop\/"},{"@type":"ListItem","position":3,"name":"NEZ, LA REVUE OLFACTIVE : L&#8217;IRIS EN PARFUMERIE"}]},{"@type":"WebSite","@id":"https:\/\/librairie7l.com\/en\/#website","url":"https:\/\/librairie7l.com\/en\/","name":"Librairie 7L","description":"Librairie fond\u00e9e en 1999 par Karl Lagerfeld \u00e0 Paris","publisher":{"@id":"https:\/\/librairie7l.com\/en\/#organization"},"potentialAction":[{"@type":"SearchAction","target":{"@type":"EntryPoint","urlTemplate":"https:\/\/librairie7l.com\/en\/?s={search_term_string}"},"query-input":"required name=search_term_string"}],"inLanguage":"en-US"},{"@type":"Organization","@id":"https:\/\/librairie7l.com\/en\/#organization","name":"Librairie 7L","url":"https:\/\/librairie7l.com\/en\/","logo":{"@type":"ImageObject","inLanguage":"en-US","@id":"https:\/\/librairie7l.com\/en\/#\/schema\/logo\/image\/","url":"https:\/\/librairie7l.com\/wp-content\/uploads\/2022\/08\/logo-1.png","contentUrl":"https:\/\/librairie7l.com\/wp-content\/uploads\/2022\/08\/logo-1.png","width":227,"height":301,"caption":"Librairie 7L"},"image":{"@id":"https:\/\/librairie7l.com\/en\/#\/schema\/logo\/image\/"}}]}},"_links":{"self":[{"href":"https:\/\/librairie7l.com\/en\/wp-json\/wp\/v2\/product\/38615"}],"collection":[{"href":"https:\/\/librairie7l.com\/en\/wp-json\/wp\/v2\/product"}],"about":[{"href":"https:\/\/librairie7l.com\/en\/wp-json\/wp\/v2\/types\/product"}],"wp:featuredmedia":[{"embeddable":true,"href":"https:\/\/librairie7l.com\/en\/wp-json\/wp\/v2\/media\/38613"}],"wp:attachment":[{"href":"https:\/\/librairie7l.com\/en\/wp-json\/wp\/v2\/media?parent=38615"}],"wp:term":[{"taxonomy":"product_cat","embeddable":true,"href":"https:\/\/librairie7l.com\/en\/wp-json\/wp\/v2\/product_cat?post=38615"},{"taxonomy":"product_tag","embeddable":true,"href":"https:\/\/librairie7l.com\/en\/wp-json\/wp\/v2\/product_tag?post=38615"}],"curies":[{"name":"wp","href":"https:\/\/api.w.org\/{rel}","templated":true}]}}