{"id":38623,"date":"2024-06-26T12:11:30","date_gmt":"2024-06-26T10:11:30","guid":{"rendered":"https:\/\/librairie7l.com\/?post_type=product&#038;p=38623"},"modified":"2026-04-22T17:06:56","modified_gmt":"2026-04-22T15:06:56","slug":"donna-trope-polaroids","status":"publish","type":"product","link":"https:\/\/librairie7l.com\/en\/produit\/donna-trope-polaroids\/","title":{"rendered":"DONNA TROPE POLAROIDS"},"content":{"rendered":"<p>Donna Trope est n\u00e9e \u00e0 Los Angeles et a grandi \u00e0 Londres. Autodidacte, elle s&#8217;est inspir\u00e9e de ses propres exp\u00e9riences et a d\u00e9velopp\u00e9 un style unique lui permettant de devenir une photographe de mode de renomm\u00e9e mondiale. Depuis toujours, sur ses shootings, elle utilise le polaro\u00efd comme support test avant la prise finale, et cela m\u00eame \u00e0 l&#8217;\u00e8re num\u00e9rique. Ces images composent un corpus de 25 000 clich\u00e9s, pr\u00e9cieusement rassembl\u00e9s et pr\u00e9sent\u00e9s dans ce volume.<\/p>\n","protected":false},"excerpt":{"rendered":"<p>Donna Trope est n\u00e9e \u00e0 Los Angeles et a grandi \u00e0 Londres. Autodidacte, elle s&#8217;est inspir\u00e9e de ses propres exp\u00e9riences et a d\u00e9velopp\u00e9 un style unique lui permettant de devenir une photographe de mode de renomm\u00e9e mondiale. Depuis toujours, sur ses shootings, elle utilise le polaro\u00efd comme support test avant la prise finale, et cela [&hellip;]<\/p>\n","protected":false},"featured_media":38621,"template":"","meta":[],"product_cat":[2948,2958],"product_tag":[],"acf":[],"yoast_head":"<!-- This site is optimized with the Yoast SEO plugin v20.11 - https:\/\/yoast.com\/wordpress\/plugins\/seo\/ -->\n<title>Donna Trope polaroids - Librairie 7L<\/title>\n<meta name=\"robots\" content=\"index, follow, max-snippet:-1, max-image-preview:large, max-video-preview:-1\" \/>\n<link rel=\"canonical\" href=\"https:\/\/librairie7l.com\/en\/produit\/donna-trope-polaroids\/\" \/>\n<meta property=\"og:locale\" content=\"en_US\" \/>\n<meta property=\"og:type\" content=\"article\" \/>\n<meta property=\"og:title\" content=\"Donna Trope polaroids - Librairie 7L\" \/>\n<meta property=\"og:description\" content=\"Donna Trope est n\u00e9e \u00e0 Los Angeles et a grandi \u00e0 Londres. Autodidacte, elle s&#8217;est inspir\u00e9e de ses propres exp\u00e9riences et a d\u00e9velopp\u00e9 un style unique lui permettant de devenir une photographe de mode de renomm\u00e9e mondiale. Depuis toujours, sur ses shootings, elle utilise le polaro\u00efd comme support test avant la prise finale, et cela [&hellip;]\" \/>\n<meta property=\"og:url\" content=\"https:\/\/librairie7l.com\/en\/produit\/donna-trope-polaroids\/\" \/>\n<meta property=\"og:site_name\" content=\"Librairie 7L\" \/>\n<meta property=\"article:modified_time\" content=\"2026-04-22T15:06:56+00:00\" \/>\n<meta property=\"og:image\" content=\"https:\/\/librairie7l.com\/wp-content\/uploads\/2023\/06\/9782957001323_1_75.jpg\" \/>\n\t<meta property=\"og:image:width\" content=\"372\" \/>\n\t<meta property=\"og:image:height\" content=\"500\" \/>\n\t<meta property=\"og:image:type\" content=\"image\/jpeg\" \/>\n<meta name=\"twitter:card\" content=\"summary_large_image\" \/>\n<script type=\"application\/ld+json\" class=\"yoast-schema-graph\">{\"@context\":\"https:\/\/schema.org\",\"@graph\":[{\"@type\":\"WebPage\",\"@id\":\"https:\/\/librairie7l.com\/en\/produit\/donna-trope-polaroids\/\",\"url\":\"https:\/\/librairie7l.com\/en\/produit\/donna-trope-polaroids\/\",\"name\":\"Donna Trope polaroids - Librairie 7L\",\"isPartOf\":{\"@id\":\"https:\/\/librairie7l.com\/en\/#website\"},\"datePublished\":\"2024-06-26T10:11:30+00:00\",\"dateModified\":\"2026-04-22T15:06:56+00:00\",\"breadcrumb\":{\"@id\":\"https:\/\/librairie7l.com\/en\/produit\/donna-trope-polaroids\/#breadcrumb\"},\"inLanguage\":\"en-US\",\"potentialAction\":[{\"@type\":\"ReadAction\",\"target\":[\"https:\/\/librairie7l.com\/en\/produit\/donna-trope-polaroids\/\"]}]},{\"@type\":\"BreadcrumbList\",\"@id\":\"https:\/\/librairie7l.com\/en\/produit\/donna-trope-polaroids\/#breadcrumb\",\"itemListElement\":[{\"@type\":\"ListItem\",\"position\":1,\"name\":\"Accueil\",\"item\":\"https:\/\/librairie7l.com\/en\/\"},{\"@type\":\"ListItem\",\"position\":2,\"name\":\"Shop\",\"item\":\"https:\/\/librairie7l.com\/en\/shop\/\"},{\"@type\":\"ListItem\",\"position\":3,\"name\":\"DONNA TROPE POLAROIDS\"}]},{\"@type\":\"WebSite\",\"@id\":\"https:\/\/librairie7l.com\/en\/#website\",\"url\":\"https:\/\/librairie7l.com\/en\/\",\"name\":\"Librairie 7L\",\"description\":\"Librairie fond\u00e9e en 1999 par Karl Lagerfeld \u00e0 Paris\",\"publisher\":{\"@id\":\"https:\/\/librairie7l.com\/en\/#organization\"},\"potentialAction\":[{\"@type\":\"SearchAction\",\"target\":{\"@type\":\"EntryPoint\",\"urlTemplate\":\"https:\/\/librairie7l.com\/en\/?s={search_term_string}\"},\"query-input\":\"required name=search_term_string\"}],\"inLanguage\":\"en-US\"},{\"@type\":\"Organization\",\"@id\":\"https:\/\/librairie7l.com\/en\/#organization\",\"name\":\"Librairie 7L\",\"url\":\"https:\/\/librairie7l.com\/en\/\",\"logo\":{\"@type\":\"ImageObject\",\"inLanguage\":\"en-US\",\"@id\":\"https:\/\/librairie7l.com\/en\/#\/schema\/logo\/image\/\",\"url\":\"https:\/\/librairie7l.com\/wp-content\/uploads\/2022\/08\/logo-1.png\",\"contentUrl\":\"https:\/\/librairie7l.com\/wp-content\/uploads\/2022\/08\/logo-1.png\",\"width\":227,\"height\":301,\"caption\":\"Librairie 7L\"},\"image\":{\"@id\":\"https:\/\/librairie7l.com\/en\/#\/schema\/logo\/image\/\"}}]}<\/script>\n<!-- \/ Yoast SEO plugin. -->","yoast_head_json":{"title":"Donna Trope polaroids - Librairie 7L","robots":{"index":"index","follow":"follow","max-snippet":"max-snippet:-1","max-image-preview":"max-image-preview:large","max-video-preview":"max-video-preview:-1"},"canonical":"https:\/\/librairie7l.com\/en\/produit\/donna-trope-polaroids\/","og_locale":"en_US","og_type":"article","og_title":"Donna Trope polaroids - Librairie 7L","og_description":"Donna Trope est n\u00e9e \u00e0 Los Angeles et a grandi \u00e0 Londres. Autodidacte, elle s&#8217;est inspir\u00e9e de ses propres exp\u00e9riences et a d\u00e9velopp\u00e9 un style unique lui permettant de devenir une photographe de mode de renomm\u00e9e mondiale. Depuis toujours, sur ses shootings, elle utilise le polaro\u00efd comme support test avant la prise finale, et cela [&hellip;]","og_url":"https:\/\/librairie7l.com\/en\/produit\/donna-trope-polaroids\/","og_site_name":"Librairie 7L","article_modified_time":"2026-04-22T15:06:56+00:00","og_image":[{"width":372,"height":500,"url":"https:\/\/librairie7l.com\/wp-content\/uploads\/2023\/06\/9782957001323_1_75.jpg","type":"image\/jpeg"}],"twitter_card":"summary_large_image","schema":{"@context":"https:\/\/schema.org","@graph":[{"@type":"WebPage","@id":"https:\/\/librairie7l.com\/en\/produit\/donna-trope-polaroids\/","url":"https:\/\/librairie7l.com\/en\/produit\/donna-trope-polaroids\/","name":"Donna Trope polaroids - Librairie 7L","isPartOf":{"@id":"https:\/\/librairie7l.com\/en\/#website"},"datePublished":"2024-06-26T10:11:30+00:00","dateModified":"2026-04-22T15:06:56+00:00","breadcrumb":{"@id":"https:\/\/librairie7l.com\/en\/produit\/donna-trope-polaroids\/#breadcrumb"},"inLanguage":"en-US","potentialAction":[{"@type":"ReadAction","target":["https:\/\/librairie7l.com\/en\/produit\/donna-trope-polaroids\/"]}]},{"@type":"BreadcrumbList","@id":"https:\/\/librairie7l.com\/en\/produit\/donna-trope-polaroids\/#breadcrumb","itemListElement":[{"@type":"ListItem","position":1,"name":"Accueil","item":"https:\/\/librairie7l.com\/en\/"},{"@type":"ListItem","position":2,"name":"Shop","item":"https:\/\/librairie7l.com\/en\/shop\/"},{"@type":"ListItem","position":3,"name":"DONNA TROPE POLAROIDS"}]},{"@type":"WebSite","@id":"https:\/\/librairie7l.com\/en\/#website","url":"https:\/\/librairie7l.com\/en\/","name":"Librairie 7L","description":"Librairie fond\u00e9e en 1999 par Karl Lagerfeld \u00e0 Paris","publisher":{"@id":"https:\/\/librairie7l.com\/en\/#organization"},"potentialAction":[{"@type":"SearchAction","target":{"@type":"EntryPoint","urlTemplate":"https:\/\/librairie7l.com\/en\/?s={search_term_string}"},"query-input":"required name=search_term_string"}],"inLanguage":"en-US"},{"@type":"Organization","@id":"https:\/\/librairie7l.com\/en\/#organization","name":"Librairie 7L","url":"https:\/\/librairie7l.com\/en\/","logo":{"@type":"ImageObject","inLanguage":"en-US","@id":"https:\/\/librairie7l.com\/en\/#\/schema\/logo\/image\/","url":"https:\/\/librairie7l.com\/wp-content\/uploads\/2022\/08\/logo-1.png","contentUrl":"https:\/\/librairie7l.com\/wp-content\/uploads\/2022\/08\/logo-1.png","width":227,"height":301,"caption":"Librairie 7L"},"image":{"@id":"https:\/\/librairie7l.com\/en\/#\/schema\/logo\/image\/"}}]}},"_links":{"self":[{"href":"https:\/\/librairie7l.com\/en\/wp-json\/wp\/v2\/product\/38623"}],"collection":[{"href":"https:\/\/librairie7l.com\/en\/wp-json\/wp\/v2\/product"}],"about":[{"href":"https:\/\/librairie7l.com\/en\/wp-json\/wp\/v2\/types\/product"}],"wp:featuredmedia":[{"embeddable":true,"href":"https:\/\/librairie7l.com\/en\/wp-json\/wp\/v2\/media\/38621"}],"wp:attachment":[{"href":"https:\/\/librairie7l.com\/en\/wp-json\/wp\/v2\/media?parent=38623"}],"wp:term":[{"taxonomy":"product_cat","embeddable":true,"href":"https:\/\/librairie7l.com\/en\/wp-json\/wp\/v2\/product_cat?post=38623"},{"taxonomy":"product_tag","embeddable":true,"href":"https:\/\/librairie7l.com\/en\/wp-json\/wp\/v2\/product_tag?post=38623"}],"curies":[{"name":"wp","href":"https:\/\/api.w.org\/{rel}","templated":true}]}}