{"id":38631,"date":"2024-02-09T09:43:24","date_gmt":"2024-02-09T08:43:24","guid":{"rendered":"https:\/\/librairie7l.com\/?post_type=product&#038;p=38631"},"modified":"2026-04-08T23:19:04","modified_gmt":"2026-04-08T21:19:04","slug":"gisele-freund-in-the-oh-so-distant-south","status":"publish","type":"product","link":"https:\/\/librairie7l.com\/en\/produit\/gisele-freund-in-the-oh-so-distant-south\/","title":{"rendered":"GIS\u00c8LE FREUND : IN THE OH-SO-DISTANT SOUTH"},"content":{"rendered":"<p>Classic portraits of Spanish and Latin American icons from Borges to Kahlo.<\/p>\n<p>This hardcover volume presents more than 100 images from a unique part of German-born French photographer Gis\u00e8le Freund&#8217;s (1908-2000) oeuvre: her portraits of Spanish and Latin American personalities, intellectuals, writers and artists. These photographs follow Freund&#8217;s life journey, from her beginnings in Paris, through her period of exile in Argentina, her stays in Uruguay, Chile and Mexico, to her final stage back in Europe. During her time in these places, Freund took photographs of important personalities such as Julio Cort\u00e1zar, Pablo Neruda, Nicol\u00e1s Guill\u00e9n, Octavio Paz, Alejo Carpentier, Vicente Huidobro, Jorge Luis Borges, Norah Borges, Guillermo de Torre, Eva Per\u00f3n, Victoria Ocampo, Ang\u00e9lica Ocampo, Mar\u00eda Rosa Oliver, Joaqu\u00edn Torres Garc\u00eda, Roberto Matta, Frida Kahlo and Diego Rivera, Rufino Tamayo, Jos\u00e9 Clemente Orozco and David Alfaro Siqueiros, among others. Alongside these portraits are her photographs of the Latin American landscape.<\/p>\n","protected":false},"excerpt":{"rendered":"<p>Classic portraits of Spanish and Latin American icons from Borges to Kahlo. This hardcover volume presents more than 100 images from a unique part of German-born French photographer Gis\u00e8le Freund&#8217;s (1908-2000) oeuvre: her portraits of Spanish and Latin American personalities, intellectuals, writers and artists. These photographs follow Freund&#8217;s life journey, from her beginnings in Paris, [&hellip;]<\/p>\n","protected":false},"featured_media":38629,"template":"","meta":[],"product_cat":[2948,2958],"product_tag":[],"acf":[],"yoast_head":"<!-- This site is optimized with the Yoast SEO plugin v20.11 - https:\/\/yoast.com\/wordpress\/plugins\/seo\/ -->\n<title>Gis\u00e8le Freund : in the oh-so-distant south - Librairie 7L<\/title>\n<meta name=\"robots\" content=\"index, follow, max-snippet:-1, max-image-preview:large, max-video-preview:-1\" \/>\n<link rel=\"canonical\" href=\"https:\/\/librairie7l.com\/en\/produit\/gisele-freund-in-the-oh-so-distant-south\/\" \/>\n<meta property=\"og:locale\" content=\"en_US\" \/>\n<meta property=\"og:type\" content=\"article\" \/>\n<meta property=\"og:title\" content=\"Gis\u00e8le Freund : in the oh-so-distant south - Librairie 7L\" \/>\n<meta property=\"og:description\" content=\"Classic portraits of Spanish and Latin American icons from Borges to Kahlo. This hardcover volume presents more than 100 images from a unique part of German-born French photographer Gis\u00e8le Freund&#8217;s (1908-2000) oeuvre: her portraits of Spanish and Latin American personalities, intellectuals, writers and artists. These photographs follow Freund&#8217;s life journey, from her beginnings in Paris, [&hellip;]\" \/>\n<meta property=\"og:url\" content=\"https:\/\/librairie7l.com\/en\/produit\/gisele-freund-in-the-oh-so-distant-south\/\" \/>\n<meta property=\"og:site_name\" content=\"Librairie 7L\" \/>\n<meta property=\"article:modified_time\" content=\"2026-04-08T21:19:04+00:00\" \/>\n<meta property=\"og:image\" content=\"https:\/\/librairie7l.com\/wp-content\/uploads\/2021\/12\/9788417769864_1_75.jpg\" \/>\n\t<meta property=\"og:image:width\" content=\"272\" \/>\n\t<meta property=\"og:image:height\" content=\"400\" \/>\n\t<meta property=\"og:image:type\" content=\"image\/jpeg\" \/>\n<meta name=\"twitter:card\" content=\"summary_large_image\" \/>\n<meta name=\"twitter:label1\" content=\"Est. reading time\" \/>\n\t<meta name=\"twitter:data1\" content=\"1 minute\" \/>\n<script type=\"application\/ld+json\" class=\"yoast-schema-graph\">{\"@context\":\"https:\/\/schema.org\",\"@graph\":[{\"@type\":\"WebPage\",\"@id\":\"https:\/\/librairie7l.com\/en\/produit\/gisele-freund-in-the-oh-so-distant-south\/\",\"url\":\"https:\/\/librairie7l.com\/en\/produit\/gisele-freund-in-the-oh-so-distant-south\/\",\"name\":\"Gis\u00e8le Freund : in the oh-so-distant south - Librairie 7L\",\"isPartOf\":{\"@id\":\"https:\/\/librairie7l.com\/en\/#website\"},\"datePublished\":\"2024-02-09T08:43:24+00:00\",\"dateModified\":\"2026-04-08T21:19:04+00:00\",\"breadcrumb\":{\"@id\":\"https:\/\/librairie7l.com\/en\/produit\/gisele-freund-in-the-oh-so-distant-south\/#breadcrumb\"},\"inLanguage\":\"en-US\",\"potentialAction\":[{\"@type\":\"ReadAction\",\"target\":[\"https:\/\/librairie7l.com\/en\/produit\/gisele-freund-in-the-oh-so-distant-south\/\"]}]},{\"@type\":\"BreadcrumbList\",\"@id\":\"https:\/\/librairie7l.com\/en\/produit\/gisele-freund-in-the-oh-so-distant-south\/#breadcrumb\",\"itemListElement\":[{\"@type\":\"ListItem\",\"position\":1,\"name\":\"Accueil\",\"item\":\"https:\/\/librairie7l.com\/en\/\"},{\"@type\":\"ListItem\",\"position\":2,\"name\":\"Shop\",\"item\":\"https:\/\/librairie7l.com\/en\/shop\/\"},{\"@type\":\"ListItem\",\"position\":3,\"name\":\"GIS\u00c8LE FREUND : IN THE OH-SO-DISTANT SOUTH\"}]},{\"@type\":\"WebSite\",\"@id\":\"https:\/\/librairie7l.com\/en\/#website\",\"url\":\"https:\/\/librairie7l.com\/en\/\",\"name\":\"Librairie 7L\",\"description\":\"Librairie fond\u00e9e en 1999 par Karl Lagerfeld \u00e0 Paris\",\"publisher\":{\"@id\":\"https:\/\/librairie7l.com\/en\/#organization\"},\"potentialAction\":[{\"@type\":\"SearchAction\",\"target\":{\"@type\":\"EntryPoint\",\"urlTemplate\":\"https:\/\/librairie7l.com\/en\/?s={search_term_string}\"},\"query-input\":\"required name=search_term_string\"}],\"inLanguage\":\"en-US\"},{\"@type\":\"Organization\",\"@id\":\"https:\/\/librairie7l.com\/en\/#organization\",\"name\":\"Librairie 7L\",\"url\":\"https:\/\/librairie7l.com\/en\/\",\"logo\":{\"@type\":\"ImageObject\",\"inLanguage\":\"en-US\",\"@id\":\"https:\/\/librairie7l.com\/en\/#\/schema\/logo\/image\/\",\"url\":\"https:\/\/librairie7l.com\/wp-content\/uploads\/2022\/08\/logo-1.png\",\"contentUrl\":\"https:\/\/librairie7l.com\/wp-content\/uploads\/2022\/08\/logo-1.png\",\"width\":227,\"height\":301,\"caption\":\"Librairie 7L\"},\"image\":{\"@id\":\"https:\/\/librairie7l.com\/en\/#\/schema\/logo\/image\/\"}}]}<\/script>\n<!-- \/ Yoast SEO plugin. -->","yoast_head_json":{"title":"Gis\u00e8le Freund : in the oh-so-distant south - Librairie 7L","robots":{"index":"index","follow":"follow","max-snippet":"max-snippet:-1","max-image-preview":"max-image-preview:large","max-video-preview":"max-video-preview:-1"},"canonical":"https:\/\/librairie7l.com\/en\/produit\/gisele-freund-in-the-oh-so-distant-south\/","og_locale":"en_US","og_type":"article","og_title":"Gis\u00e8le Freund : in the oh-so-distant south - Librairie 7L","og_description":"Classic portraits of Spanish and Latin American icons from Borges to Kahlo. This hardcover volume presents more than 100 images from a unique part of German-born French photographer Gis\u00e8le Freund&#8217;s (1908-2000) oeuvre: her portraits of Spanish and Latin American personalities, intellectuals, writers and artists. These photographs follow Freund&#8217;s life journey, from her beginnings in Paris, [&hellip;]","og_url":"https:\/\/librairie7l.com\/en\/produit\/gisele-freund-in-the-oh-so-distant-south\/","og_site_name":"Librairie 7L","article_modified_time":"2026-04-08T21:19:04+00:00","og_image":[{"width":272,"height":400,"url":"https:\/\/librairie7l.com\/wp-content\/uploads\/2021\/12\/9788417769864_1_75.jpg","type":"image\/jpeg"}],"twitter_card":"summary_large_image","twitter_misc":{"Est. reading time":"1 minute"},"schema":{"@context":"https:\/\/schema.org","@graph":[{"@type":"WebPage","@id":"https:\/\/librairie7l.com\/en\/produit\/gisele-freund-in-the-oh-so-distant-south\/","url":"https:\/\/librairie7l.com\/en\/produit\/gisele-freund-in-the-oh-so-distant-south\/","name":"Gis\u00e8le Freund : in the oh-so-distant south - Librairie 7L","isPartOf":{"@id":"https:\/\/librairie7l.com\/en\/#website"},"datePublished":"2024-02-09T08:43:24+00:00","dateModified":"2026-04-08T21:19:04+00:00","breadcrumb":{"@id":"https:\/\/librairie7l.com\/en\/produit\/gisele-freund-in-the-oh-so-distant-south\/#breadcrumb"},"inLanguage":"en-US","potentialAction":[{"@type":"ReadAction","target":["https:\/\/librairie7l.com\/en\/produit\/gisele-freund-in-the-oh-so-distant-south\/"]}]},{"@type":"BreadcrumbList","@id":"https:\/\/librairie7l.com\/en\/produit\/gisele-freund-in-the-oh-so-distant-south\/#breadcrumb","itemListElement":[{"@type":"ListItem","position":1,"name":"Accueil","item":"https:\/\/librairie7l.com\/en\/"},{"@type":"ListItem","position":2,"name":"Shop","item":"https:\/\/librairie7l.com\/en\/shop\/"},{"@type":"ListItem","position":3,"name":"GIS\u00c8LE FREUND : IN THE OH-SO-DISTANT SOUTH"}]},{"@type":"WebSite","@id":"https:\/\/librairie7l.com\/en\/#website","url":"https:\/\/librairie7l.com\/en\/","name":"Librairie 7L","description":"Librairie fond\u00e9e en 1999 par Karl Lagerfeld \u00e0 Paris","publisher":{"@id":"https:\/\/librairie7l.com\/en\/#organization"},"potentialAction":[{"@type":"SearchAction","target":{"@type":"EntryPoint","urlTemplate":"https:\/\/librairie7l.com\/en\/?s={search_term_string}"},"query-input":"required name=search_term_string"}],"inLanguage":"en-US"},{"@type":"Organization","@id":"https:\/\/librairie7l.com\/en\/#organization","name":"Librairie 7L","url":"https:\/\/librairie7l.com\/en\/","logo":{"@type":"ImageObject","inLanguage":"en-US","@id":"https:\/\/librairie7l.com\/en\/#\/schema\/logo\/image\/","url":"https:\/\/librairie7l.com\/wp-content\/uploads\/2022\/08\/logo-1.png","contentUrl":"https:\/\/librairie7l.com\/wp-content\/uploads\/2022\/08\/logo-1.png","width":227,"height":301,"caption":"Librairie 7L"},"image":{"@id":"https:\/\/librairie7l.com\/en\/#\/schema\/logo\/image\/"}}]}},"_links":{"self":[{"href":"https:\/\/librairie7l.com\/en\/wp-json\/wp\/v2\/product\/38631"}],"collection":[{"href":"https:\/\/librairie7l.com\/en\/wp-json\/wp\/v2\/product"}],"about":[{"href":"https:\/\/librairie7l.com\/en\/wp-json\/wp\/v2\/types\/product"}],"wp:featuredmedia":[{"embeddable":true,"href":"https:\/\/librairie7l.com\/en\/wp-json\/wp\/v2\/media\/38629"}],"wp:attachment":[{"href":"https:\/\/librairie7l.com\/en\/wp-json\/wp\/v2\/media?parent=38631"}],"wp:term":[{"taxonomy":"product_cat","embeddable":true,"href":"https:\/\/librairie7l.com\/en\/wp-json\/wp\/v2\/product_cat?post=38631"},{"taxonomy":"product_tag","embeddable":true,"href":"https:\/\/librairie7l.com\/en\/wp-json\/wp\/v2\/product_tag?post=38631"}],"curies":[{"name":"wp","href":"https:\/\/api.w.org\/{rel}","templated":true}]}}