{"id":38651,"date":"2024-12-04T09:18:21","date_gmt":"2024-12-04T08:18:21","guid":{"rendered":"https:\/\/librairie7l.com\/?post_type=product&#038;p=38651"},"modified":"2026-04-05T21:12:44","modified_gmt":"2026-04-05T19:12:44","slug":"le-dessin-de-mode-professionnel-les-accessoires","status":"publish","type":"product","link":"https:\/\/librairie7l.com\/en\/produit\/le-dessin-de-mode-professionnel-les-accessoires\/","title":{"rendered":"LE DESSIN DE MODE PROFESSIONNEL : LES ACCESSOIRES"},"content":{"rendered":"<p>Le troisi\u00e8me livre de cette s\u00e9rie sur la cr\u00e9ation et le dessin de mode met sous le feu des projecteurs les accessoires de mode les plus appr\u00e9ci\u00e9s : chaussures, sacs, ceintures, chapeaux, gants et lunettes. Brillamment illustr\u00e9 par Manuela Brambatti, membre incontournable de la maison de couture Gianni Versace depuis pr\u00e8s de trente ans, et r\u00e9alis\u00e9 en collaboration avec le styliste Fabio Menconi (designer senior pour Escada et Armani, entre autres), cet ouvrage guide le lecteur \u00e0 travers les accessoires les plus iconiques du monde de la mode, tout en donnant des informations pratiques et des conseils techniques pour les dessiner. Partant de la cr\u00e9ation du dessin de base jusqu&#8217;\u00e0 l&#8217;utilisation de la couleur, la fa\u00e7on dont les techniques sont pr\u00e9sent\u00e9es incite le lecteur \u00e0 exp\u00e9rimenter ce qu&#8217;il a appris. Il fournit \u00e9galement des renseignements d\u00e9taill\u00e9s sur la fa\u00e7on d&#8217;appr\u00e9hender une large gamme de mat\u00e9riaux, de surfaces et de motifs &#8211; par exemple, les peaux, les fibres naturelles, la laine et les imprim\u00e9s &#8211; et sugg\u00e8re des astuces pour trouver l&#8217;inspiration. En outre, il pr\u00e9sente des exemples de transformations de mod\u00e8les et retrace l&#8217;\u00e9volution des accessoires au fil du temps. Bref, il s&#8217;agit d&#8217;un ouvrage complet, structur\u00e9 et syst\u00e9matique, qui s&#8217;adresse aux professionnels, aux \u00e9tudiants et \u00e0 tous ceux qui veulent se lancer dans la cr\u00e9ation et le dessin des accessoires de mode.<\/p>\n","protected":false},"excerpt":{"rendered":"<p>Le troisi\u00e8me livre de cette s\u00e9rie sur la cr\u00e9ation et le dessin de mode met sous le feu des projecteurs les accessoires de mode les plus appr\u00e9ci\u00e9s : chaussures, sacs, ceintures, chapeaux, gants et lunettes. Brillamment illustr\u00e9 par Manuela Brambatti, membre incontournable de la maison de couture Gianni Versace depuis pr\u00e8s de trente ans, et [&hellip;]<\/p>\n","protected":false},"featured_media":38649,"template":"","meta":[],"product_cat":[2948,2957],"product_tag":[],"acf":[],"yoast_head":"<!-- This site is optimized with the Yoast SEO plugin v20.11 - https:\/\/yoast.com\/wordpress\/plugins\/seo\/ -->\n<title>Le dessin de mode professionnel : les accessoires - Librairie 7L<\/title>\n<meta name=\"robots\" content=\"index, follow, max-snippet:-1, max-image-preview:large, max-video-preview:-1\" \/>\n<link rel=\"canonical\" href=\"https:\/\/librairie7l.com\/en\/produit\/le-dessin-de-mode-professionnel-les-accessoires\/\" \/>\n<meta property=\"og:locale\" content=\"en_US\" \/>\n<meta property=\"og:type\" content=\"article\" \/>\n<meta property=\"og:title\" content=\"Le dessin de mode professionnel : les accessoires - Librairie 7L\" \/>\n<meta property=\"og:description\" content=\"Le troisi\u00e8me livre de cette s\u00e9rie sur la cr\u00e9ation et le dessin de mode met sous le feu des projecteurs les accessoires de mode les plus appr\u00e9ci\u00e9s : chaussures, sacs, ceintures, chapeaux, gants et lunettes. Brillamment illustr\u00e9 par Manuela Brambatti, membre incontournable de la maison de couture Gianni Versace depuis pr\u00e8s de trente ans, et [&hellip;]\" \/>\n<meta property=\"og:url\" content=\"https:\/\/librairie7l.com\/en\/produit\/le-dessin-de-mode-professionnel-les-accessoires\/\" \/>\n<meta property=\"og:site_name\" content=\"Librairie 7L\" \/>\n<meta property=\"article:modified_time\" content=\"2026-04-05T19:12:44+00:00\" \/>\n<meta property=\"og:image\" content=\"https:\/\/librairie7l.com\/wp-content\/uploads\/2020\/01\/9788417412661_1_75.jpg\" \/>\n\t<meta property=\"og:image:width\" content=\"400\" \/>\n\t<meta property=\"og:image:height\" content=\"566\" \/>\n\t<meta property=\"og:image:type\" content=\"image\/jpeg\" \/>\n<meta name=\"twitter:card\" content=\"summary_large_image\" \/>\n<meta name=\"twitter:label1\" content=\"Est. reading time\" \/>\n\t<meta name=\"twitter:data1\" content=\"1 minute\" \/>\n<script type=\"application\/ld+json\" class=\"yoast-schema-graph\">{\"@context\":\"https:\/\/schema.org\",\"@graph\":[{\"@type\":\"WebPage\",\"@id\":\"https:\/\/librairie7l.com\/en\/produit\/le-dessin-de-mode-professionnel-les-accessoires\/\",\"url\":\"https:\/\/librairie7l.com\/en\/produit\/le-dessin-de-mode-professionnel-les-accessoires\/\",\"name\":\"Le dessin de mode professionnel : les accessoires - Librairie 7L\",\"isPartOf\":{\"@id\":\"https:\/\/librairie7l.com\/en\/#website\"},\"datePublished\":\"2024-12-04T08:18:21+00:00\",\"dateModified\":\"2026-04-05T19:12:44+00:00\",\"breadcrumb\":{\"@id\":\"https:\/\/librairie7l.com\/en\/produit\/le-dessin-de-mode-professionnel-les-accessoires\/#breadcrumb\"},\"inLanguage\":\"en-US\",\"potentialAction\":[{\"@type\":\"ReadAction\",\"target\":[\"https:\/\/librairie7l.com\/en\/produit\/le-dessin-de-mode-professionnel-les-accessoires\/\"]}]},{\"@type\":\"BreadcrumbList\",\"@id\":\"https:\/\/librairie7l.com\/en\/produit\/le-dessin-de-mode-professionnel-les-accessoires\/#breadcrumb\",\"itemListElement\":[{\"@type\":\"ListItem\",\"position\":1,\"name\":\"Accueil\",\"item\":\"https:\/\/librairie7l.com\/en\/\"},{\"@type\":\"ListItem\",\"position\":2,\"name\":\"Shop\",\"item\":\"https:\/\/librairie7l.com\/en\/shop\/\"},{\"@type\":\"ListItem\",\"position\":3,\"name\":\"LE DESSIN DE MODE PROFESSIONNEL : LES ACCESSOIRES\"}]},{\"@type\":\"WebSite\",\"@id\":\"https:\/\/librairie7l.com\/en\/#website\",\"url\":\"https:\/\/librairie7l.com\/en\/\",\"name\":\"Librairie 7L\",\"description\":\"Librairie fond\u00e9e en 1999 par Karl Lagerfeld \u00e0 Paris\",\"publisher\":{\"@id\":\"https:\/\/librairie7l.com\/en\/#organization\"},\"potentialAction\":[{\"@type\":\"SearchAction\",\"target\":{\"@type\":\"EntryPoint\",\"urlTemplate\":\"https:\/\/librairie7l.com\/en\/?s={search_term_string}\"},\"query-input\":\"required name=search_term_string\"}],\"inLanguage\":\"en-US\"},{\"@type\":\"Organization\",\"@id\":\"https:\/\/librairie7l.com\/en\/#organization\",\"name\":\"Librairie 7L\",\"url\":\"https:\/\/librairie7l.com\/en\/\",\"logo\":{\"@type\":\"ImageObject\",\"inLanguage\":\"en-US\",\"@id\":\"https:\/\/librairie7l.com\/en\/#\/schema\/logo\/image\/\",\"url\":\"https:\/\/librairie7l.com\/wp-content\/uploads\/2022\/08\/logo-1.png\",\"contentUrl\":\"https:\/\/librairie7l.com\/wp-content\/uploads\/2022\/08\/logo-1.png\",\"width\":227,\"height\":301,\"caption\":\"Librairie 7L\"},\"image\":{\"@id\":\"https:\/\/librairie7l.com\/en\/#\/schema\/logo\/image\/\"}}]}<\/script>\n<!-- \/ Yoast SEO plugin. -->","yoast_head_json":{"title":"Le dessin de mode professionnel : les accessoires - Librairie 7L","robots":{"index":"index","follow":"follow","max-snippet":"max-snippet:-1","max-image-preview":"max-image-preview:large","max-video-preview":"max-video-preview:-1"},"canonical":"https:\/\/librairie7l.com\/en\/produit\/le-dessin-de-mode-professionnel-les-accessoires\/","og_locale":"en_US","og_type":"article","og_title":"Le dessin de mode professionnel : les accessoires - Librairie 7L","og_description":"Le troisi\u00e8me livre de cette s\u00e9rie sur la cr\u00e9ation et le dessin de mode met sous le feu des projecteurs les accessoires de mode les plus appr\u00e9ci\u00e9s : chaussures, sacs, ceintures, chapeaux, gants et lunettes. Brillamment illustr\u00e9 par Manuela Brambatti, membre incontournable de la maison de couture Gianni Versace depuis pr\u00e8s de trente ans, et [&hellip;]","og_url":"https:\/\/librairie7l.com\/en\/produit\/le-dessin-de-mode-professionnel-les-accessoires\/","og_site_name":"Librairie 7L","article_modified_time":"2026-04-05T19:12:44+00:00","og_image":[{"width":400,"height":566,"url":"https:\/\/librairie7l.com\/wp-content\/uploads\/2020\/01\/9788417412661_1_75.jpg","type":"image\/jpeg"}],"twitter_card":"summary_large_image","twitter_misc":{"Est. reading time":"1 minute"},"schema":{"@context":"https:\/\/schema.org","@graph":[{"@type":"WebPage","@id":"https:\/\/librairie7l.com\/en\/produit\/le-dessin-de-mode-professionnel-les-accessoires\/","url":"https:\/\/librairie7l.com\/en\/produit\/le-dessin-de-mode-professionnel-les-accessoires\/","name":"Le dessin de mode professionnel : les accessoires - Librairie 7L","isPartOf":{"@id":"https:\/\/librairie7l.com\/en\/#website"},"datePublished":"2024-12-04T08:18:21+00:00","dateModified":"2026-04-05T19:12:44+00:00","breadcrumb":{"@id":"https:\/\/librairie7l.com\/en\/produit\/le-dessin-de-mode-professionnel-les-accessoires\/#breadcrumb"},"inLanguage":"en-US","potentialAction":[{"@type":"ReadAction","target":["https:\/\/librairie7l.com\/en\/produit\/le-dessin-de-mode-professionnel-les-accessoires\/"]}]},{"@type":"BreadcrumbList","@id":"https:\/\/librairie7l.com\/en\/produit\/le-dessin-de-mode-professionnel-les-accessoires\/#breadcrumb","itemListElement":[{"@type":"ListItem","position":1,"name":"Accueil","item":"https:\/\/librairie7l.com\/en\/"},{"@type":"ListItem","position":2,"name":"Shop","item":"https:\/\/librairie7l.com\/en\/shop\/"},{"@type":"ListItem","position":3,"name":"LE DESSIN DE MODE PROFESSIONNEL : LES ACCESSOIRES"}]},{"@type":"WebSite","@id":"https:\/\/librairie7l.com\/en\/#website","url":"https:\/\/librairie7l.com\/en\/","name":"Librairie 7L","description":"Librairie fond\u00e9e en 1999 par Karl Lagerfeld \u00e0 Paris","publisher":{"@id":"https:\/\/librairie7l.com\/en\/#organization"},"potentialAction":[{"@type":"SearchAction","target":{"@type":"EntryPoint","urlTemplate":"https:\/\/librairie7l.com\/en\/?s={search_term_string}"},"query-input":"required name=search_term_string"}],"inLanguage":"en-US"},{"@type":"Organization","@id":"https:\/\/librairie7l.com\/en\/#organization","name":"Librairie 7L","url":"https:\/\/librairie7l.com\/en\/","logo":{"@type":"ImageObject","inLanguage":"en-US","@id":"https:\/\/librairie7l.com\/en\/#\/schema\/logo\/image\/","url":"https:\/\/librairie7l.com\/wp-content\/uploads\/2022\/08\/logo-1.png","contentUrl":"https:\/\/librairie7l.com\/wp-content\/uploads\/2022\/08\/logo-1.png","width":227,"height":301,"caption":"Librairie 7L"},"image":{"@id":"https:\/\/librairie7l.com\/en\/#\/schema\/logo\/image\/"}}]}},"_links":{"self":[{"href":"https:\/\/librairie7l.com\/en\/wp-json\/wp\/v2\/product\/38651"}],"collection":[{"href":"https:\/\/librairie7l.com\/en\/wp-json\/wp\/v2\/product"}],"about":[{"href":"https:\/\/librairie7l.com\/en\/wp-json\/wp\/v2\/types\/product"}],"wp:featuredmedia":[{"embeddable":true,"href":"https:\/\/librairie7l.com\/en\/wp-json\/wp\/v2\/media\/38649"}],"wp:attachment":[{"href":"https:\/\/librairie7l.com\/en\/wp-json\/wp\/v2\/media?parent=38651"}],"wp:term":[{"taxonomy":"product_cat","embeddable":true,"href":"https:\/\/librairie7l.com\/en\/wp-json\/wp\/v2\/product_cat?post=38651"},{"taxonomy":"product_tag","embeddable":true,"href":"https:\/\/librairie7l.com\/en\/wp-json\/wp\/v2\/product_tag?post=38651"}],"curies":[{"name":"wp","href":"https:\/\/api.w.org\/{rel}","templated":true}]}}