{"id":38705,"date":"2024-06-26T12:12:20","date_gmt":"2024-06-26T10:12:20","guid":{"rendered":"https:\/\/librairie7l.com\/?post_type=product&#038;p=38705"},"modified":"2026-04-17T14:09:49","modified_gmt":"2026-04-17T12:09:49","slug":"vetements-modeles","status":"publish","type":"product","link":"https:\/\/librairie7l.com\/en\/produit\/vetements-modeles\/","title":{"rendered":"V\u00caTEMENTS MOD\u00c8LES"},"content":{"rendered":"<p>Bleu de travail, d\u00e9bardeur, espadrille, jogging et kilt : cinq pi\u00e8ces, cinq mod\u00e8les, qui ont travers\u00e9 le temps et les modes. N\u00e9s dans les r\u00e9pertoires du v\u00eatement de sport, du v\u00eatement de travail ou du costume r\u00e9gional, ils sont aujourd&#8217;hui des incontournables du vestiaire contemporain. Ces v\u00eatements ont peu vari\u00e9 dans leur forme et leur fa\u00e7on, mais ils ont emprunt\u00e9 des trajectoires insoup\u00e7onn\u00e9es qui les ont parfois d\u00e9tourn\u00e9s de leur fonction ou de leur usage premiers.<br \/>\nMais qui se souvient encore de leur contexte de cr\u00e9ation et des savoir-faire qu&#8217;ils convoquent ? Pour quelles raisons ces mod\u00e8les inspirent-ils r\u00e9guli\u00e8rement les cr\u00e9ateurs, et sont-ils toujours fabriqu\u00e9s comme \u00e0 leur origine ?<\/p>\n","protected":false},"excerpt":{"rendered":"<p>Bleu de travail, d\u00e9bardeur, espadrille, jogging et kilt : cinq pi\u00e8ces, cinq mod\u00e8les, qui ont travers\u00e9 le temps et les modes. N\u00e9s dans les r\u00e9pertoires du v\u00eatement de sport, du v\u00eatement de travail ou du costume r\u00e9gional, ils sont aujourd&#8217;hui des incontournables du vestiaire contemporain. Ces v\u00eatements ont peu vari\u00e9 dans leur forme et leur [&hellip;]<\/p>\n","protected":false},"featured_media":38703,"template":"","meta":[],"product_cat":[2948,2957],"product_tag":[],"acf":[],"yoast_head":"<!-- This site is optimized with the Yoast SEO plugin v20.11 - https:\/\/yoast.com\/wordpress\/plugins\/seo\/ -->\n<title>V\u00eatements mod\u00e8les - Librairie 7L<\/title>\n<meta name=\"robots\" content=\"index, follow, max-snippet:-1, max-image-preview:large, max-video-preview:-1\" \/>\n<link rel=\"canonical\" href=\"https:\/\/librairie7l.com\/en\/produit\/vetements-modeles\/\" \/>\n<meta property=\"og:locale\" content=\"en_US\" \/>\n<meta property=\"og:type\" content=\"article\" \/>\n<meta property=\"og:title\" content=\"V\u00eatements mod\u00e8les - Librairie 7L\" \/>\n<meta property=\"og:description\" content=\"Bleu de travail, d\u00e9bardeur, espadrille, jogging et kilt : cinq pi\u00e8ces, cinq mod\u00e8les, qui ont travers\u00e9 le temps et les modes. N\u00e9s dans les r\u00e9pertoires du v\u00eatement de sport, du v\u00eatement de travail ou du costume r\u00e9gional, ils sont aujourd&#8217;hui des incontournables du vestiaire contemporain. Ces v\u00eatements ont peu vari\u00e9 dans leur forme et leur [&hellip;]\" \/>\n<meta property=\"og:url\" content=\"https:\/\/librairie7l.com\/en\/produit\/vetements-modeles\/\" \/>\n<meta property=\"og:site_name\" content=\"Librairie 7L\" \/>\n<meta property=\"article:modified_time\" content=\"2026-04-17T12:09:49+00:00\" \/>\n<meta property=\"og:image\" content=\"https:\/\/librairie7l.com\/wp-content\/uploads\/2022\/06\/9791092708226_1_75.jpg\" \/>\n\t<meta property=\"og:image:width\" content=\"431\" \/>\n\t<meta property=\"og:image:height\" content=\"599\" \/>\n\t<meta property=\"og:image:type\" content=\"image\/jpeg\" \/>\n<meta name=\"twitter:card\" content=\"summary_large_image\" \/>\n<meta name=\"twitter:label1\" content=\"Est. reading time\" \/>\n\t<meta name=\"twitter:data1\" content=\"1 minute\" \/>\n<script type=\"application\/ld+json\" class=\"yoast-schema-graph\">{\"@context\":\"https:\/\/schema.org\",\"@graph\":[{\"@type\":\"WebPage\",\"@id\":\"https:\/\/librairie7l.com\/en\/produit\/vetements-modeles\/\",\"url\":\"https:\/\/librairie7l.com\/en\/produit\/vetements-modeles\/\",\"name\":\"V\u00eatements mod\u00e8les - Librairie 7L\",\"isPartOf\":{\"@id\":\"https:\/\/librairie7l.com\/en\/#website\"},\"datePublished\":\"2024-06-26T10:12:20+00:00\",\"dateModified\":\"2026-04-17T12:09:49+00:00\",\"breadcrumb\":{\"@id\":\"https:\/\/librairie7l.com\/en\/produit\/vetements-modeles\/#breadcrumb\"},\"inLanguage\":\"en-US\",\"potentialAction\":[{\"@type\":\"ReadAction\",\"target\":[\"https:\/\/librairie7l.com\/en\/produit\/vetements-modeles\/\"]}]},{\"@type\":\"BreadcrumbList\",\"@id\":\"https:\/\/librairie7l.com\/en\/produit\/vetements-modeles\/#breadcrumb\",\"itemListElement\":[{\"@type\":\"ListItem\",\"position\":1,\"name\":\"Accueil\",\"item\":\"https:\/\/librairie7l.com\/en\/\"},{\"@type\":\"ListItem\",\"position\":2,\"name\":\"Shop\",\"item\":\"https:\/\/librairie7l.com\/en\/shop\/\"},{\"@type\":\"ListItem\",\"position\":3,\"name\":\"V\u00caTEMENTS MOD\u00c8LES\"}]},{\"@type\":\"WebSite\",\"@id\":\"https:\/\/librairie7l.com\/en\/#website\",\"url\":\"https:\/\/librairie7l.com\/en\/\",\"name\":\"Librairie 7L\",\"description\":\"Librairie fond\u00e9e en 1999 par Karl Lagerfeld \u00e0 Paris\",\"publisher\":{\"@id\":\"https:\/\/librairie7l.com\/en\/#organization\"},\"potentialAction\":[{\"@type\":\"SearchAction\",\"target\":{\"@type\":\"EntryPoint\",\"urlTemplate\":\"https:\/\/librairie7l.com\/en\/?s={search_term_string}\"},\"query-input\":\"required name=search_term_string\"}],\"inLanguage\":\"en-US\"},{\"@type\":\"Organization\",\"@id\":\"https:\/\/librairie7l.com\/en\/#organization\",\"name\":\"Librairie 7L\",\"url\":\"https:\/\/librairie7l.com\/en\/\",\"logo\":{\"@type\":\"ImageObject\",\"inLanguage\":\"en-US\",\"@id\":\"https:\/\/librairie7l.com\/en\/#\/schema\/logo\/image\/\",\"url\":\"https:\/\/librairie7l.com\/wp-content\/uploads\/2022\/08\/logo-1.png\",\"contentUrl\":\"https:\/\/librairie7l.com\/wp-content\/uploads\/2022\/08\/logo-1.png\",\"width\":227,\"height\":301,\"caption\":\"Librairie 7L\"},\"image\":{\"@id\":\"https:\/\/librairie7l.com\/en\/#\/schema\/logo\/image\/\"}}]}<\/script>\n<!-- \/ Yoast SEO plugin. -->","yoast_head_json":{"title":"V\u00eatements mod\u00e8les - Librairie 7L","robots":{"index":"index","follow":"follow","max-snippet":"max-snippet:-1","max-image-preview":"max-image-preview:large","max-video-preview":"max-video-preview:-1"},"canonical":"https:\/\/librairie7l.com\/en\/produit\/vetements-modeles\/","og_locale":"en_US","og_type":"article","og_title":"V\u00eatements mod\u00e8les - Librairie 7L","og_description":"Bleu de travail, d\u00e9bardeur, espadrille, jogging et kilt : cinq pi\u00e8ces, cinq mod\u00e8les, qui ont travers\u00e9 le temps et les modes. N\u00e9s dans les r\u00e9pertoires du v\u00eatement de sport, du v\u00eatement de travail ou du costume r\u00e9gional, ils sont aujourd&#8217;hui des incontournables du vestiaire contemporain. Ces v\u00eatements ont peu vari\u00e9 dans leur forme et leur [&hellip;]","og_url":"https:\/\/librairie7l.com\/en\/produit\/vetements-modeles\/","og_site_name":"Librairie 7L","article_modified_time":"2026-04-17T12:09:49+00:00","og_image":[{"width":431,"height":599,"url":"https:\/\/librairie7l.com\/wp-content\/uploads\/2022\/06\/9791092708226_1_75.jpg","type":"image\/jpeg"}],"twitter_card":"summary_large_image","twitter_misc":{"Est. reading time":"1 minute"},"schema":{"@context":"https:\/\/schema.org","@graph":[{"@type":"WebPage","@id":"https:\/\/librairie7l.com\/en\/produit\/vetements-modeles\/","url":"https:\/\/librairie7l.com\/en\/produit\/vetements-modeles\/","name":"V\u00eatements mod\u00e8les - Librairie 7L","isPartOf":{"@id":"https:\/\/librairie7l.com\/en\/#website"},"datePublished":"2024-06-26T10:12:20+00:00","dateModified":"2026-04-17T12:09:49+00:00","breadcrumb":{"@id":"https:\/\/librairie7l.com\/en\/produit\/vetements-modeles\/#breadcrumb"},"inLanguage":"en-US","potentialAction":[{"@type":"ReadAction","target":["https:\/\/librairie7l.com\/en\/produit\/vetements-modeles\/"]}]},{"@type":"BreadcrumbList","@id":"https:\/\/librairie7l.com\/en\/produit\/vetements-modeles\/#breadcrumb","itemListElement":[{"@type":"ListItem","position":1,"name":"Accueil","item":"https:\/\/librairie7l.com\/en\/"},{"@type":"ListItem","position":2,"name":"Shop","item":"https:\/\/librairie7l.com\/en\/shop\/"},{"@type":"ListItem","position":3,"name":"V\u00caTEMENTS MOD\u00c8LES"}]},{"@type":"WebSite","@id":"https:\/\/librairie7l.com\/en\/#website","url":"https:\/\/librairie7l.com\/en\/","name":"Librairie 7L","description":"Librairie fond\u00e9e en 1999 par Karl Lagerfeld \u00e0 Paris","publisher":{"@id":"https:\/\/librairie7l.com\/en\/#organization"},"potentialAction":[{"@type":"SearchAction","target":{"@type":"EntryPoint","urlTemplate":"https:\/\/librairie7l.com\/en\/?s={search_term_string}"},"query-input":"required name=search_term_string"}],"inLanguage":"en-US"},{"@type":"Organization","@id":"https:\/\/librairie7l.com\/en\/#organization","name":"Librairie 7L","url":"https:\/\/librairie7l.com\/en\/","logo":{"@type":"ImageObject","inLanguage":"en-US","@id":"https:\/\/librairie7l.com\/en\/#\/schema\/logo\/image\/","url":"https:\/\/librairie7l.com\/wp-content\/uploads\/2022\/08\/logo-1.png","contentUrl":"https:\/\/librairie7l.com\/wp-content\/uploads\/2022\/08\/logo-1.png","width":227,"height":301,"caption":"Librairie 7L"},"image":{"@id":"https:\/\/librairie7l.com\/en\/#\/schema\/logo\/image\/"}}]}},"_links":{"self":[{"href":"https:\/\/librairie7l.com\/en\/wp-json\/wp\/v2\/product\/38705"}],"collection":[{"href":"https:\/\/librairie7l.com\/en\/wp-json\/wp\/v2\/product"}],"about":[{"href":"https:\/\/librairie7l.com\/en\/wp-json\/wp\/v2\/types\/product"}],"wp:featuredmedia":[{"embeddable":true,"href":"https:\/\/librairie7l.com\/en\/wp-json\/wp\/v2\/media\/38703"}],"wp:attachment":[{"href":"https:\/\/librairie7l.com\/en\/wp-json\/wp\/v2\/media?parent=38705"}],"wp:term":[{"taxonomy":"product_cat","embeddable":true,"href":"https:\/\/librairie7l.com\/en\/wp-json\/wp\/v2\/product_cat?post=38705"},{"taxonomy":"product_tag","embeddable":true,"href":"https:\/\/librairie7l.com\/en\/wp-json\/wp\/v2\/product_tag?post=38705"}],"curies":[{"name":"wp","href":"https:\/\/api.w.org\/{rel}","templated":true}]}}