{"id":38713,"date":"2024-02-09T09:45:14","date_gmt":"2024-02-09T08:45:14","guid":{"rendered":"https:\/\/librairie7l.com\/?post_type=product&#038;p=38713"},"modified":"2026-04-10T23:39:36","modified_gmt":"2026-04-10T21:39:36","slug":"renzo-piano","status":"publish","type":"product","link":"https:\/\/librairie7l.com\/en\/produit\/renzo-piano\/","title":{"rendered":"RENZO PIANO"},"content":{"rendered":"<p>\u00c9crit et \u00e9dit\u00e9 en collaboration avec la Piano Foundation de G\u00eanes, ce volume richement illustr\u00e9 pr\u00e9sente les premiers travaux ainsi que les cr\u00e9ations les plus r\u00e9centes, dressant un aper\u00e7u complet de sa carri\u00e8re jusqu&#8217;\u00e0 pr\u00e9sent. Depuis ses d\u00e9buts au Centre Pompidou dans les ann\u00e9es 1970 (en collaboration avec Richard Rogers), l&#8217;histoire se poursuit jusqu&#8217;\u00e0 la construction de l&#8217;une de ses derni\u00e8res oeuvres, un nouveau pont spectaculaire \u00e0 G\u00eanes en 2020. Le livre explore tous les principaux projets du studio : les espaces publics et les mus\u00e9es, les a\u00e9roports, les th\u00e9\u00e2tres et les biblioth\u00e8ques. En plus de donner un aper\u00e7u unique du processus cr\u00e9atif de Renzo Piano, le livre contient de nombreuses cr\u00e9ations et photographies in\u00e9dites.<\/p>\n","protected":false},"excerpt":{"rendered":"<p>\u00c9crit et \u00e9dit\u00e9 en collaboration avec la Piano Foundation de G\u00eanes, ce volume richement illustr\u00e9 pr\u00e9sente les premiers travaux ainsi que les cr\u00e9ations les plus r\u00e9centes, dressant un aper\u00e7u complet de sa carri\u00e8re jusqu&#8217;\u00e0 pr\u00e9sent. Depuis ses d\u00e9buts au Centre Pompidou dans les ann\u00e9es 1970 (en collaboration avec Richard Rogers), l&#8217;histoire se poursuit jusqu&#8217;\u00e0 la [&hellip;]<\/p>\n","protected":false},"featured_media":38711,"template":"","meta":[],"product_cat":[2948,2950],"product_tag":[],"acf":[],"yoast_head":"<!-- This site is optimized with the Yoast SEO plugin v20.11 - https:\/\/yoast.com\/wordpress\/plugins\/seo\/ -->\n<title>Renzo Piano - Librairie 7L<\/title>\n<meta name=\"robots\" content=\"index, follow, max-snippet:-1, max-image-preview:large, max-video-preview:-1\" \/>\n<link rel=\"canonical\" href=\"https:\/\/librairie7l.com\/en\/produit\/renzo-piano\/\" \/>\n<meta property=\"og:locale\" content=\"en_US\" \/>\n<meta property=\"og:type\" content=\"article\" \/>\n<meta property=\"og:title\" content=\"Renzo Piano - Librairie 7L\" \/>\n<meta property=\"og:description\" content=\"\u00c9crit et \u00e9dit\u00e9 en collaboration avec la Piano Foundation de G\u00eanes, ce volume richement illustr\u00e9 pr\u00e9sente les premiers travaux ainsi que les cr\u00e9ations les plus r\u00e9centes, dressant un aper\u00e7u complet de sa carri\u00e8re jusqu&#8217;\u00e0 pr\u00e9sent. Depuis ses d\u00e9buts au Centre Pompidou dans les ann\u00e9es 1970 (en collaboration avec Richard Rogers), l&#8217;histoire se poursuit jusqu&#8217;\u00e0 la [&hellip;]\" \/>\n<meta property=\"og:url\" content=\"https:\/\/librairie7l.com\/en\/produit\/renzo-piano\/\" \/>\n<meta property=\"og:site_name\" content=\"Librairie 7L\" \/>\n<meta property=\"article:modified_time\" content=\"2026-04-10T21:39:36+00:00\" \/>\n<meta property=\"og:image\" content=\"https:\/\/librairie7l.com\/wp-content\/uploads\/2023\/06\/9780711288966_1_75.jpg\" \/>\n\t<meta property=\"og:image:width\" content=\"600\" \/>\n\t<meta property=\"og:image:height\" content=\"640\" \/>\n\t<meta property=\"og:image:type\" content=\"image\/jpeg\" \/>\n<meta name=\"twitter:card\" content=\"summary_large_image\" \/>\n<meta name=\"twitter:label1\" content=\"Est. reading time\" \/>\n\t<meta name=\"twitter:data1\" content=\"1 minute\" \/>\n<script type=\"application\/ld+json\" class=\"yoast-schema-graph\">{\"@context\":\"https:\/\/schema.org\",\"@graph\":[{\"@type\":\"WebPage\",\"@id\":\"https:\/\/librairie7l.com\/en\/produit\/renzo-piano\/\",\"url\":\"https:\/\/librairie7l.com\/en\/produit\/renzo-piano\/\",\"name\":\"Renzo Piano - Librairie 7L\",\"isPartOf\":{\"@id\":\"https:\/\/librairie7l.com\/en\/#website\"},\"datePublished\":\"2024-02-09T08:45:14+00:00\",\"dateModified\":\"2026-04-10T21:39:36+00:00\",\"breadcrumb\":{\"@id\":\"https:\/\/librairie7l.com\/en\/produit\/renzo-piano\/#breadcrumb\"},\"inLanguage\":\"en-US\",\"potentialAction\":[{\"@type\":\"ReadAction\",\"target\":[\"https:\/\/librairie7l.com\/en\/produit\/renzo-piano\/\"]}]},{\"@type\":\"BreadcrumbList\",\"@id\":\"https:\/\/librairie7l.com\/en\/produit\/renzo-piano\/#breadcrumb\",\"itemListElement\":[{\"@type\":\"ListItem\",\"position\":1,\"name\":\"Accueil\",\"item\":\"https:\/\/librairie7l.com\/en\/\"},{\"@type\":\"ListItem\",\"position\":2,\"name\":\"Shop\",\"item\":\"https:\/\/librairie7l.com\/en\/shop\/\"},{\"@type\":\"ListItem\",\"position\":3,\"name\":\"RENZO PIANO\"}]},{\"@type\":\"WebSite\",\"@id\":\"https:\/\/librairie7l.com\/en\/#website\",\"url\":\"https:\/\/librairie7l.com\/en\/\",\"name\":\"Librairie 7L\",\"description\":\"Librairie fond\u00e9e en 1999 par Karl Lagerfeld \u00e0 Paris\",\"publisher\":{\"@id\":\"https:\/\/librairie7l.com\/en\/#organization\"},\"potentialAction\":[{\"@type\":\"SearchAction\",\"target\":{\"@type\":\"EntryPoint\",\"urlTemplate\":\"https:\/\/librairie7l.com\/en\/?s={search_term_string}\"},\"query-input\":\"required name=search_term_string\"}],\"inLanguage\":\"en-US\"},{\"@type\":\"Organization\",\"@id\":\"https:\/\/librairie7l.com\/en\/#organization\",\"name\":\"Librairie 7L\",\"url\":\"https:\/\/librairie7l.com\/en\/\",\"logo\":{\"@type\":\"ImageObject\",\"inLanguage\":\"en-US\",\"@id\":\"https:\/\/librairie7l.com\/en\/#\/schema\/logo\/image\/\",\"url\":\"https:\/\/librairie7l.com\/wp-content\/uploads\/2022\/08\/logo-1.png\",\"contentUrl\":\"https:\/\/librairie7l.com\/wp-content\/uploads\/2022\/08\/logo-1.png\",\"width\":227,\"height\":301,\"caption\":\"Librairie 7L\"},\"image\":{\"@id\":\"https:\/\/librairie7l.com\/en\/#\/schema\/logo\/image\/\"}}]}<\/script>\n<!-- \/ Yoast SEO plugin. -->","yoast_head_json":{"title":"Renzo Piano - Librairie 7L","robots":{"index":"index","follow":"follow","max-snippet":"max-snippet:-1","max-image-preview":"max-image-preview:large","max-video-preview":"max-video-preview:-1"},"canonical":"https:\/\/librairie7l.com\/en\/produit\/renzo-piano\/","og_locale":"en_US","og_type":"article","og_title":"Renzo Piano - Librairie 7L","og_description":"\u00c9crit et \u00e9dit\u00e9 en collaboration avec la Piano Foundation de G\u00eanes, ce volume richement illustr\u00e9 pr\u00e9sente les premiers travaux ainsi que les cr\u00e9ations les plus r\u00e9centes, dressant un aper\u00e7u complet de sa carri\u00e8re jusqu&#8217;\u00e0 pr\u00e9sent. Depuis ses d\u00e9buts au Centre Pompidou dans les ann\u00e9es 1970 (en collaboration avec Richard Rogers), l&#8217;histoire se poursuit jusqu&#8217;\u00e0 la [&hellip;]","og_url":"https:\/\/librairie7l.com\/en\/produit\/renzo-piano\/","og_site_name":"Librairie 7L","article_modified_time":"2026-04-10T21:39:36+00:00","og_image":[{"width":600,"height":640,"url":"https:\/\/librairie7l.com\/wp-content\/uploads\/2023\/06\/9780711288966_1_75.jpg","type":"image\/jpeg"}],"twitter_card":"summary_large_image","twitter_misc":{"Est. reading time":"1 minute"},"schema":{"@context":"https:\/\/schema.org","@graph":[{"@type":"WebPage","@id":"https:\/\/librairie7l.com\/en\/produit\/renzo-piano\/","url":"https:\/\/librairie7l.com\/en\/produit\/renzo-piano\/","name":"Renzo Piano - Librairie 7L","isPartOf":{"@id":"https:\/\/librairie7l.com\/en\/#website"},"datePublished":"2024-02-09T08:45:14+00:00","dateModified":"2026-04-10T21:39:36+00:00","breadcrumb":{"@id":"https:\/\/librairie7l.com\/en\/produit\/renzo-piano\/#breadcrumb"},"inLanguage":"en-US","potentialAction":[{"@type":"ReadAction","target":["https:\/\/librairie7l.com\/en\/produit\/renzo-piano\/"]}]},{"@type":"BreadcrumbList","@id":"https:\/\/librairie7l.com\/en\/produit\/renzo-piano\/#breadcrumb","itemListElement":[{"@type":"ListItem","position":1,"name":"Accueil","item":"https:\/\/librairie7l.com\/en\/"},{"@type":"ListItem","position":2,"name":"Shop","item":"https:\/\/librairie7l.com\/en\/shop\/"},{"@type":"ListItem","position":3,"name":"RENZO PIANO"}]},{"@type":"WebSite","@id":"https:\/\/librairie7l.com\/en\/#website","url":"https:\/\/librairie7l.com\/en\/","name":"Librairie 7L","description":"Librairie fond\u00e9e en 1999 par Karl Lagerfeld \u00e0 Paris","publisher":{"@id":"https:\/\/librairie7l.com\/en\/#organization"},"potentialAction":[{"@type":"SearchAction","target":{"@type":"EntryPoint","urlTemplate":"https:\/\/librairie7l.com\/en\/?s={search_term_string}"},"query-input":"required name=search_term_string"}],"inLanguage":"en-US"},{"@type":"Organization","@id":"https:\/\/librairie7l.com\/en\/#organization","name":"Librairie 7L","url":"https:\/\/librairie7l.com\/en\/","logo":{"@type":"ImageObject","inLanguage":"en-US","@id":"https:\/\/librairie7l.com\/en\/#\/schema\/logo\/image\/","url":"https:\/\/librairie7l.com\/wp-content\/uploads\/2022\/08\/logo-1.png","contentUrl":"https:\/\/librairie7l.com\/wp-content\/uploads\/2022\/08\/logo-1.png","width":227,"height":301,"caption":"Librairie 7L"},"image":{"@id":"https:\/\/librairie7l.com\/en\/#\/schema\/logo\/image\/"}}]}},"_links":{"self":[{"href":"https:\/\/librairie7l.com\/en\/wp-json\/wp\/v2\/product\/38713"}],"collection":[{"href":"https:\/\/librairie7l.com\/en\/wp-json\/wp\/v2\/product"}],"about":[{"href":"https:\/\/librairie7l.com\/en\/wp-json\/wp\/v2\/types\/product"}],"wp:featuredmedia":[{"embeddable":true,"href":"https:\/\/librairie7l.com\/en\/wp-json\/wp\/v2\/media\/38711"}],"wp:attachment":[{"href":"https:\/\/librairie7l.com\/en\/wp-json\/wp\/v2\/media?parent=38713"}],"wp:term":[{"taxonomy":"product_cat","embeddable":true,"href":"https:\/\/librairie7l.com\/en\/wp-json\/wp\/v2\/product_cat?post=38713"},{"taxonomy":"product_tag","embeddable":true,"href":"https:\/\/librairie7l.com\/en\/wp-json\/wp\/v2\/product_tag?post=38713"}],"curies":[{"name":"wp","href":"https:\/\/api.w.org\/{rel}","templated":true}]}}