{"id":38727,"date":"2024-02-09T09:45:49","date_gmt":"2024-02-09T08:45:49","guid":{"rendered":"https:\/\/librairie7l.com\/?post_type=product&#038;p=38727"},"modified":"2026-04-08T23:18:12","modified_gmt":"2026-04-08T21:18:12","slug":"yves-klein-japon","status":"publish","type":"product","link":"https:\/\/librairie7l.com\/en\/produit\/yves-klein-japon\/","title":{"rendered":"YVES KLEIN JAPON"},"content":{"rendered":"<p>\u00ab N\u00e9 le 28 avril 1928 \u00e0 Nice, dans un milieu d&#8217;artistes, Yves Klein a \u00abpris le go\u00fbt de la peinture au biberon\u00bb : \u00abTant\u00f4t je peignais ou dessinais sous l&#8217;influence de mon p\u00e8re, alors c&#8217;\u00e9tait des petits chevaux dans un paysage ou la mer, et mon p\u00e8re me disait &#8216;formidable, tr\u00e8s beau, continue&#8230;&#8217;, tant\u00f4t sous l&#8217;influence de ma m\u00e8re j&#8217;ex\u00e9cutais une composition abstraite, et alors ma m\u00e8re s&#8217;\u00e9criait &#8216;c&#8217;est merveilleux, quel talent continue&#8230;&#8217; [&#8230;] Le fait que mon p\u00e8re et ma m\u00e8re soient peintres m&#8217;aga\u00e7ait et m&#8217;\u00e9loignait de la peinture. Cependant, c&#8217;est \u00e0 cause de cela aussi, j&#8217;\u00e9tais tenu au courant gr\u00e2ce \u00e0 eux des plus extr\u00eames id\u00e9es d&#8217;avant-garde en peinture. Je cherchais, d&#8217;ailleurs un peu \u00e0 cause de cela, \u00e0 aller toujours plus loin.\u00bb Avant de devenir \u00abYves le Monochrome\u00bb, ce qui passionne Yves Klein, l&#8217;homme du bleu aujourd&#8217;hui devenu un mythe, c&#8217;est le judo, alors peu connu en France. Cette passion le poussera \u00e0 aller jusqu&#8217;au Japon o\u00f9 il obtiendra sa ceinture noire 4e dan.<br \/>\nPendant sept ans, de 1947 \u00e0 1954, il va se consacrer au judo au point de penser en faire, dans un premier temps, son m\u00e9tier. Le judo, \u00e0 peu pr\u00e8s inconnu en France au lendemain de la premi\u00e8re guerre mondiale, s&#8217;est d\u00e9velopp\u00e9 dans les ann\u00e9es 1930.<br \/>\nArman, Claude et Yves Klein, le \u00abtrio infernal\u00bb, r\u00eavent du Japon et envisagent m\u00eame de s&#8217;y rendre \u00e0 cheval&#8230; Mais le 22 ao\u00fbt 1952, Yves KLEIN sera seul \u00e0 partir et ce ne sera pas \u00e0 cheval. \u00bb<\/p>\n","protected":false},"excerpt":{"rendered":"<p>\u00ab N\u00e9 le 28 avril 1928 \u00e0 Nice, dans un milieu d&#8217;artistes, Yves Klein a \u00abpris le go\u00fbt de la peinture au biberon\u00bb : \u00abTant\u00f4t je peignais ou dessinais sous l&#8217;influence de mon p\u00e8re, alors c&#8217;\u00e9tait des petits chevaux dans un paysage ou la mer, et mon p\u00e8re me disait &#8216;formidable, tr\u00e8s beau, continue&#8230;&#8217;, tant\u00f4t [&hellip;]<\/p>\n","protected":false},"featured_media":38725,"template":"","meta":[],"product_cat":[2948,2953],"product_tag":[],"acf":[],"yoast_head":"<!-- This site is optimized with the Yoast SEO plugin v20.11 - https:\/\/yoast.com\/wordpress\/plugins\/seo\/ -->\n<title>Yves Klein Japon - Librairie 7L<\/title>\n<meta name=\"robots\" content=\"index, follow, max-snippet:-1, max-image-preview:large, max-video-preview:-1\" \/>\n<link rel=\"canonical\" href=\"https:\/\/librairie7l.com\/en\/produit\/yves-klein-japon\/\" \/>\n<meta property=\"og:locale\" content=\"en_US\" \/>\n<meta property=\"og:type\" content=\"article\" \/>\n<meta property=\"og:title\" content=\"Yves Klein Japon - Librairie 7L\" \/>\n<meta property=\"og:description\" content=\"\u00ab N\u00e9 le 28 avril 1928 \u00e0 Nice, dans un milieu d&#8217;artistes, Yves Klein a \u00abpris le go\u00fbt de la peinture au biberon\u00bb : \u00abTant\u00f4t je peignais ou dessinais sous l&#8217;influence de mon p\u00e8re, alors c&#8217;\u00e9tait des petits chevaux dans un paysage ou la mer, et mon p\u00e8re me disait &#8216;formidable, tr\u00e8s beau, continue&#8230;&#8217;, tant\u00f4t [&hellip;]\" \/>\n<meta property=\"og:url\" content=\"https:\/\/librairie7l.com\/en\/produit\/yves-klein-japon\/\" \/>\n<meta property=\"og:site_name\" content=\"Librairie 7L\" \/>\n<meta property=\"article:modified_time\" content=\"2026-04-08T21:18:12+00:00\" \/>\n<meta property=\"og:image\" content=\"https:\/\/librairie7l.com\/wp-content\/uploads\/2019\/02\/9782373720853_1_75.jpg\" \/>\n\t<meta property=\"og:image:width\" content=\"600\" \/>\n\t<meta property=\"og:image:height\" content=\"828\" \/>\n\t<meta property=\"og:image:type\" content=\"image\/jpeg\" \/>\n<meta name=\"twitter:card\" content=\"summary_large_image\" \/>\n<meta name=\"twitter:label1\" content=\"Est. reading time\" \/>\n\t<meta name=\"twitter:data1\" content=\"1 minute\" \/>\n<script type=\"application\/ld+json\" class=\"yoast-schema-graph\">{\"@context\":\"https:\/\/schema.org\",\"@graph\":[{\"@type\":\"WebPage\",\"@id\":\"https:\/\/librairie7l.com\/en\/produit\/yves-klein-japon\/\",\"url\":\"https:\/\/librairie7l.com\/en\/produit\/yves-klein-japon\/\",\"name\":\"Yves Klein Japon - Librairie 7L\",\"isPartOf\":{\"@id\":\"https:\/\/librairie7l.com\/en\/#website\"},\"datePublished\":\"2024-02-09T08:45:49+00:00\",\"dateModified\":\"2026-04-08T21:18:12+00:00\",\"breadcrumb\":{\"@id\":\"https:\/\/librairie7l.com\/en\/produit\/yves-klein-japon\/#breadcrumb\"},\"inLanguage\":\"en-US\",\"potentialAction\":[{\"@type\":\"ReadAction\",\"target\":[\"https:\/\/librairie7l.com\/en\/produit\/yves-klein-japon\/\"]}]},{\"@type\":\"BreadcrumbList\",\"@id\":\"https:\/\/librairie7l.com\/en\/produit\/yves-klein-japon\/#breadcrumb\",\"itemListElement\":[{\"@type\":\"ListItem\",\"position\":1,\"name\":\"Accueil\",\"item\":\"https:\/\/librairie7l.com\/en\/\"},{\"@type\":\"ListItem\",\"position\":2,\"name\":\"Shop\",\"item\":\"https:\/\/librairie7l.com\/en\/shop\/\"},{\"@type\":\"ListItem\",\"position\":3,\"name\":\"YVES KLEIN JAPON\"}]},{\"@type\":\"WebSite\",\"@id\":\"https:\/\/librairie7l.com\/en\/#website\",\"url\":\"https:\/\/librairie7l.com\/en\/\",\"name\":\"Librairie 7L\",\"description\":\"Librairie fond\u00e9e en 1999 par Karl Lagerfeld \u00e0 Paris\",\"publisher\":{\"@id\":\"https:\/\/librairie7l.com\/en\/#organization\"},\"potentialAction\":[{\"@type\":\"SearchAction\",\"target\":{\"@type\":\"EntryPoint\",\"urlTemplate\":\"https:\/\/librairie7l.com\/en\/?s={search_term_string}\"},\"query-input\":\"required name=search_term_string\"}],\"inLanguage\":\"en-US\"},{\"@type\":\"Organization\",\"@id\":\"https:\/\/librairie7l.com\/en\/#organization\",\"name\":\"Librairie 7L\",\"url\":\"https:\/\/librairie7l.com\/en\/\",\"logo\":{\"@type\":\"ImageObject\",\"inLanguage\":\"en-US\",\"@id\":\"https:\/\/librairie7l.com\/en\/#\/schema\/logo\/image\/\",\"url\":\"https:\/\/librairie7l.com\/wp-content\/uploads\/2022\/08\/logo-1.png\",\"contentUrl\":\"https:\/\/librairie7l.com\/wp-content\/uploads\/2022\/08\/logo-1.png\",\"width\":227,\"height\":301,\"caption\":\"Librairie 7L\"},\"image\":{\"@id\":\"https:\/\/librairie7l.com\/en\/#\/schema\/logo\/image\/\"}}]}<\/script>\n<!-- \/ Yoast SEO plugin. -->","yoast_head_json":{"title":"Yves Klein Japon - Librairie 7L","robots":{"index":"index","follow":"follow","max-snippet":"max-snippet:-1","max-image-preview":"max-image-preview:large","max-video-preview":"max-video-preview:-1"},"canonical":"https:\/\/librairie7l.com\/en\/produit\/yves-klein-japon\/","og_locale":"en_US","og_type":"article","og_title":"Yves Klein Japon - Librairie 7L","og_description":"\u00ab N\u00e9 le 28 avril 1928 \u00e0 Nice, dans un milieu d&#8217;artistes, Yves Klein a \u00abpris le go\u00fbt de la peinture au biberon\u00bb : \u00abTant\u00f4t je peignais ou dessinais sous l&#8217;influence de mon p\u00e8re, alors c&#8217;\u00e9tait des petits chevaux dans un paysage ou la mer, et mon p\u00e8re me disait &#8216;formidable, tr\u00e8s beau, continue&#8230;&#8217;, tant\u00f4t [&hellip;]","og_url":"https:\/\/librairie7l.com\/en\/produit\/yves-klein-japon\/","og_site_name":"Librairie 7L","article_modified_time":"2026-04-08T21:18:12+00:00","og_image":[{"width":600,"height":828,"url":"https:\/\/librairie7l.com\/wp-content\/uploads\/2019\/02\/9782373720853_1_75.jpg","type":"image\/jpeg"}],"twitter_card":"summary_large_image","twitter_misc":{"Est. reading time":"1 minute"},"schema":{"@context":"https:\/\/schema.org","@graph":[{"@type":"WebPage","@id":"https:\/\/librairie7l.com\/en\/produit\/yves-klein-japon\/","url":"https:\/\/librairie7l.com\/en\/produit\/yves-klein-japon\/","name":"Yves Klein Japon - Librairie 7L","isPartOf":{"@id":"https:\/\/librairie7l.com\/en\/#website"},"datePublished":"2024-02-09T08:45:49+00:00","dateModified":"2026-04-08T21:18:12+00:00","breadcrumb":{"@id":"https:\/\/librairie7l.com\/en\/produit\/yves-klein-japon\/#breadcrumb"},"inLanguage":"en-US","potentialAction":[{"@type":"ReadAction","target":["https:\/\/librairie7l.com\/en\/produit\/yves-klein-japon\/"]}]},{"@type":"BreadcrumbList","@id":"https:\/\/librairie7l.com\/en\/produit\/yves-klein-japon\/#breadcrumb","itemListElement":[{"@type":"ListItem","position":1,"name":"Accueil","item":"https:\/\/librairie7l.com\/en\/"},{"@type":"ListItem","position":2,"name":"Shop","item":"https:\/\/librairie7l.com\/en\/shop\/"},{"@type":"ListItem","position":3,"name":"YVES KLEIN JAPON"}]},{"@type":"WebSite","@id":"https:\/\/librairie7l.com\/en\/#website","url":"https:\/\/librairie7l.com\/en\/","name":"Librairie 7L","description":"Librairie fond\u00e9e en 1999 par Karl Lagerfeld \u00e0 Paris","publisher":{"@id":"https:\/\/librairie7l.com\/en\/#organization"},"potentialAction":[{"@type":"SearchAction","target":{"@type":"EntryPoint","urlTemplate":"https:\/\/librairie7l.com\/en\/?s={search_term_string}"},"query-input":"required name=search_term_string"}],"inLanguage":"en-US"},{"@type":"Organization","@id":"https:\/\/librairie7l.com\/en\/#organization","name":"Librairie 7L","url":"https:\/\/librairie7l.com\/en\/","logo":{"@type":"ImageObject","inLanguage":"en-US","@id":"https:\/\/librairie7l.com\/en\/#\/schema\/logo\/image\/","url":"https:\/\/librairie7l.com\/wp-content\/uploads\/2022\/08\/logo-1.png","contentUrl":"https:\/\/librairie7l.com\/wp-content\/uploads\/2022\/08\/logo-1.png","width":227,"height":301,"caption":"Librairie 7L"},"image":{"@id":"https:\/\/librairie7l.com\/en\/#\/schema\/logo\/image\/"}}]}},"_links":{"self":[{"href":"https:\/\/librairie7l.com\/en\/wp-json\/wp\/v2\/product\/38727"}],"collection":[{"href":"https:\/\/librairie7l.com\/en\/wp-json\/wp\/v2\/product"}],"about":[{"href":"https:\/\/librairie7l.com\/en\/wp-json\/wp\/v2\/types\/product"}],"wp:featuredmedia":[{"embeddable":true,"href":"https:\/\/librairie7l.com\/en\/wp-json\/wp\/v2\/media\/38725"}],"wp:attachment":[{"href":"https:\/\/librairie7l.com\/en\/wp-json\/wp\/v2\/media?parent=38727"}],"wp:term":[{"taxonomy":"product_cat","embeddable":true,"href":"https:\/\/librairie7l.com\/en\/wp-json\/wp\/v2\/product_cat?post=38727"},{"taxonomy":"product_tag","embeddable":true,"href":"https:\/\/librairie7l.com\/en\/wp-json\/wp\/v2\/product_tag?post=38727"}],"curies":[{"name":"wp","href":"https:\/\/api.w.org\/{rel}","templated":true}]}}